
























































{"id":9562,"date":"2016-08-23T07:07:48","date_gmt":"2016-08-23T07:07:48","guid":{"rendered":"https:\/\/emquies-holstein.com\/design\/?lang=de"},"modified":"2022-02-23T11:52:14","modified_gmt":"2022-02-23T11:52:14","slug":"design","status":"publish","type":"page","link":"https:\/\/emquies-holstein.com\/de\/design\/","title":{"rendered":"Design"},"content":{"rendered":"<div class=\"wpb-content-wrapper\"><p>[vc_row][vc_column width=&#8220;5\/12&#8243;][vc_custom_heading text=&#8220;CASTELLARIS damaskdecke&#8220; font_container=&#8220;tag:h2|font_size:32px|text_align:left|line_height:35px&#8220; use_theme_fonts=&#8220;yes&#8220; css=&#8220;.vc_custom_1645615084441{margin-top: 30px !important;}&#8220;][vc_column_text css=&#8220;.vc_custom_1645617129596{margin-top: -10px !important;}&#8220;]CASTELLARIS wurde exklusiv von Georg Jensen Damask f\u00fcr Koldinghus entwickelt, um das 750-j\u00e4hrige Jubil\u00e4um des Schlosses zu feiern. Diana Holstein ist die Designerin hinter der Tischdecke und wurde f\u00fcr die Aufgabe ausgew\u00e4hlt, weil ihr Stil&#8230;<\/p>\n<p><a href=\"https:\/\/emquies-holstein.com\/de\/project\/castellaris-damaskdug\/\">&gt;Weiterlesen<\/a>[\/vc_column_text][\/vc_column][vc_column width=&#8220;7\/12&#8243;][vc_single_image image=&#8220;18890&#8243; img_size=&#8220;full&#8220;][\/vc_column][\/vc_row][vc_row][vc_column width=&#8220;7\/12&#8243;][vc_single_image image=&#8220;18887&#8243; img_size=&#8220;full&#8220;][\/vc_column][vc_column width=&#8220;5\/12&#8243;][vc_custom_heading text=&#8220;K\u00f6nigin Silvias Oster Tischdecke&#8220; font_container=&#8220;tag:h2|font_size:32px|text_align:left|line_height:35px&#8220; use_theme_fonts=&#8220;yes&#8220; css=&#8220;.vc_custom_1645615333096{margin-top: 30px !important;}&#8220;][vc_column_text css=&#8220;.vc_custom_1645616447621{margin-top: -10px !important;}&#8220;]Um die Unterst\u00fctzung der World Childhood Foundation zu f\u00f6rdern, hat I.K.H. Silvia von Schweden beschlossen, das Design ihrer pers\u00f6nlichen Ostertischdecke f\u00fcr ein spezielles\u2026<\/p>\n<p><a href=\"https:\/\/emquies-holstein.com\/de\/project\/dronning-silvias-paaskedug\/\">&gt;Weiterlesen<\/a>[\/vc_column_text][\/vc_column][\/vc_row][vc_row][vc_column width=&#8220;5\/12&#8243;][vc_custom_heading text=&#8220;Dronning Silvia von Schweden und die Weltorganisation der Pfadfinder&#8220; font_container=&#8220;tag:h2|font_size:32px|text_align:left|line_height:35px&#8220; use_theme_fonts=&#8220;yes&#8220; css=&#8220;.vc_custom_1482149524871{margin-top: 30px !important;}&#8220;][vc_column_text css=&#8220;.vc_custom_1519059193819{margin-top: -10px !important;}&#8220;]Georg Jensen Damask kontaktierte mich, als sie gebeten wurden ein exklusives Geschenk f\u00fcr ihre k\u00f6nigliche Hoheit K\u00f6nigin Silvia von Schweden zum Anlass ihres 60 Geburtstages zu entwerfen und zu weben. Ich machte unterschiedliche Entw\u00fcrfe f\u00fcr insgesamt 3 Tischdecken&#8230;<\/p>\n<p><a href=\"https:\/\/emquies-holstein.com\/project\/dronning-silvia-og-world-scout-foundation\/?lang=de\">&gt;Weiterlesen<\/a>[\/vc_column_text][\/vc_column][vc_column width=&#8220;7\/12&#8243;][vc_single_image image=&#8220;8798&#8243; img_size=&#8220;full&#8220;][\/vc_column][\/vc_row][vc_row][vc_column width=&#8220;7\/12&#8243;][vc_single_image image=&#8220;14721&#8243; img_size=&#8220;full&#8220;][\/vc_column][vc_column width=&#8220;5\/12&#8243;][vc_custom_heading text=&#8220;Georg Jensen Damask&#8220; font_container=&#8220;tag:h2|font_size:32px|text_align:left|line_height:35px&#8220; use_theme_fonts=&#8220;yes&#8220; css=&#8220;.vc_custom_1478872771598{margin-top: 30px !important;}&#8220;][vc_column_text css=&#8220;.vc_custom_1519059161921{margin-top: -10px !important;}&#8220;]Als Designerin hatte ich schon lange ein Auge auf Georg Jensen Damast geworfen, eine Firma mit qualitativ hochwertigen Produkten und einer feinen Design Tradition. Als die Firma 2003 ein neues Managemet erhielt, war die Zeit reif f\u00fcr die Verwirklichung eines weiteren Traums\u2026<\/p>\n<p><a href=\"https:\/\/emquies-holstein.com\/project\/georg-jensen-damask\/?lang=de\">&gt;Weiterlesen<\/a>[\/vc_column_text][\/vc_column][\/vc_row][vc_row][vc_column width=&#8220;5\/12&#8243;][vc_custom_heading text=&#8220;Georg Jensen&#8220; font_container=&#8220;tag:h2|font_size:32px|text_align:left|line_height:35px&#8220; use_theme_fonts=&#8220;yes&#8220; css=&#8220;.vc_custom_1478872819410{margin-top: 30px !important;}&#8220;][vc_column_text css=&#8220;.vc_custom_1519059123710{margin-top: -10px !important;}&#8220;]1994 pr\u00e4sentierte ich eine Designreihe aus Gold und Perlen bei Georg Jensen und nach meiner R\u00fcckkehr aus New York 1999 begannen wir diese als eine exklusive Perlenkollektion f\u00fcr die Georg Jensen L\u00e4den weiterzuentwickeln. \u2026<\/p>\n<p><a href=\"https:\/\/emquies-holstein.com\/project\/georg-jensen\/?lang=de\">&gt; Weiterlesen<\/a>[\/vc_column_text][\/vc_column][vc_column width=&#8220;7\/12&#8243;][vc_single_image image=&#8220;8792&#8243; img_size=&#8220;full&#8220;][\/vc_column][\/vc_row][vc_row][vc_column width=&#8220;7\/12&#8243;][vc_single_image image=&#8220;8789&#8243; img_size=&#8220;full&#8220;][\/vc_column][vc_column width=&#8220;5\/12&#8243;][vc_custom_heading text=&#8220;Royal Copenhagen&#8220; font_container=&#8220;tag:h2|font_size:32px|text_align:left|line_height:35px&#8220; use_theme_fonts=&#8220;yes&#8220; css=&#8220;.vc_custom_1478872591406{margin-top: 30px !important;}&#8220;][vc_column_text css=&#8220;.vc_custom_1519058994030{margin-top: -10px !important;}&#8220;]Ich begann 1994 f\u00fcr Royal Copenhagen zu arbeiten, als ich gefragt wurde, ob ich nicht ein neues Design f\u00fcr einen bestehenden Klassiker ihrer Geschirrreihe entwerfen wollte. So arbeitete ich mit der Entwicklungsabteilung von Royal Copenhagen um eine Reihe von Farbentw\u00fcrfe zu produzieren. Von den Entw\u00fcrfen wurden dann gew\u00e4hlt: hellblau und dunkelblau&#8230;<\/p>\n<p><a href=\"https:\/\/emquies-holstein.com\/project\/royal-copenhagen\/?lang=de\">&gt; Weiterlesen<\/a>[\/vc_column_text][\/vc_column][\/vc_row][vc_row][vc_column width=&#8220;5\/12&#8243;][vc_custom_heading text=&#8220;Ralph Lauren&#8220; font_container=&#8220;tag:h2|font_size:32px|text_align:left|line_height:35px&#8220; use_theme_fonts=&#8220;yes&#8220; css=&#8220;.vc_custom_1478872549374{margin-top: 30px !important;}&#8220;][vc_column_text css=&#8220;.vc_custom_1519058644410{margin-top: -10px !important;}&#8220;]Ich hatte schon lange ein anderes amerikanisches Idol f\u00fcr seine Art mit klassischen und modernen Stilkonzepten in der Mode zu arbeiten, bewundert- Ralph Lauren. Als eine enge Freundin 1995 begann f\u00fcr ihn zu arbeiten, \u00f6ffnete sie mir die Augen f\u00fcr seine\u00a0 \u201eHome\u201c Kollektion\u2026<\/p>\n<p><a href=\"https:\/\/emquies-holstein.com\/project\/ralph-lauren\/?lang=de\">&gt; Weiterlesen<\/a>[\/vc_column_text][\/vc_column][vc_column width=&#8220;7\/12&#8243;][vc_single_image image=&#8220;8786&#8243; img_size=&#8220;full&#8220;][\/vc_column][\/vc_row][vc_row][vc_column width=&#8220;7\/12&#8243;][vc_single_image image=&#8220;8783&#8243; img_size=&#8220;full&#8220;][\/vc_column][vc_column width=&#8220;5\/12&#8243;][vc_custom_heading text=&#8220;Tiffany &amp; Co&#8220; font_container=&#8220;tag:h2|font_size:32px|text_align:left|line_height:35px&#8220; use_theme_fonts=&#8220;yes&#8220; css=&#8220;.vc_custom_1478872447359{margin-top: 30px !important;}&#8220;][vc_column_text css=&#8220;.vc_custom_1519058611632{margin-top: -10px !important;}&#8220;]Der Traum von Amerika begann 1996, als ich nach New York auf der Suche nach Arbeit (und einer Arbeitserlaubnis) war. Ich kontaktierte die Firmen, von denen ich geh\u00f6rt hatte und ganz oben auf meiner Liste stand Tiffany &amp; Co auf der Fifth Avenue, eine wahre Ikone New Yorks und Amerikas. Durch einen aussergew\u00f6hnlichen Gl\u00fccksfall, kam ich an der Sekret\u00e4rin vorbei\u2026<\/p>\n<p><a href=\"https:\/\/emquies-holstein.com\/project\/tiffany-co\/?lang=de\">&gt; Weiterlesen<\/a>[\/vc_column_text][\/vc_column][\/vc_row]<\/p>\n<\/div>","protected":false},"excerpt":{"rendered":"<p>[vc_row][vc_column width=&#8220;5\/12&#8243;][vc_custom_heading text=&#8220;CASTELLARIS damaskdecke&#8220; font_container=&#8220;tag:h2|font_size:32px|text_align:left|line_height:35px&#8220; use_theme_fonts=&#8220;yes&#8220; css=&#8220;.vc_custom_1645615084441{margin-top: 30px !important;}&#8220;][vc_column_text css=&#8220;.vc_custom_1645617129596{margin-top: -10px !important;}&#8220;]CASTELLARIS wurde exklusiv von Georg Jensen Damask f\u00fcr Koldinghus entwickelt, um das 750-j\u00e4hrige Jubil\u00e4um des Schlosses zu feiern. Diana Holstein ist die Designerin hinter der Tischdecke und wurde f\u00fcr die Aufgabe ausgew\u00e4hlt, weil ihr Stil&#8230; &gt;Weiterlesen[\/vc_column_text][\/vc_column][vc_column width=&#8220;7\/12&#8243;][vc_single_image image=&#8220;18890&#8243; img_size=&#8220;full&#8220;][\/vc_column][\/vc_row][vc_row][vc_column&#8230;<\/p>\n","protected":false},"author":1,"featured_media":0,"parent":0,"menu_order":0,"comment_status":"closed","ping_status":"closed","template":"","meta":{"_acf_changed":false,"footnotes":""},"class_list":["post-9562","page","type-page","status-publish","hentry"],"acf":[],"yoast_head":"<!-- This site is optimized with the Yoast SEO plugin v27.3 - https:\/\/yoast.com\/product\/yoast-seo-wordpress\/ -->\n<title>Design - emquies-holstein<\/title>\n<meta name=\"robots\" content=\"index, follow, max-snippet:-1, max-image-preview:large, max-video-preview:-1\" \/>\n<link rel=\"canonical\" href=\"https:\/\/emquies-holstein.com\/de\/design\/\" \/>\n<meta property=\"og:locale\" content=\"de_DE\" \/>\n<meta property=\"og:type\" content=\"article\" \/>\n<meta property=\"og:title\" content=\"Design - emquies-holstein\" \/>\n<meta property=\"og:description\" content=\"[vc_row][vc_column width=&#8220;5\/12&#8243;][vc_custom_heading text=&#8220;CASTELLARIS damaskdecke&#8220; font_container=&#8220;tag:h2|font_size:32px|text_align:left|line_height:35px&#8220; use_theme_fonts=&#8220;yes&#8220; css=&#8220;.vc_custom_1645615084441{margin-top: 30px !important;}&#8220;][vc_column_text css=&#8220;.vc_custom_1645617129596{margin-top: -10px !important;}&#8220;]CASTELLARIS wurde exklusiv von Georg Jensen Damask f\u00fcr Koldinghus entwickelt, um das 750-j\u00e4hrige Jubil\u00e4um des Schlosses zu feiern. Diana Holstein ist die Designerin hinter der Tischdecke und wurde f\u00fcr die Aufgabe ausgew\u00e4hlt, weil ihr Stil&#8230; &gt;Weiterlesen[\/vc_column_text][\/vc_column][vc_column width=&#8220;7\/12&#8243;][vc_single_image image=&#8220;18890&#8243; img_size=&#8220;full&#8220;][\/vc_column][\/vc_row][vc_row][vc_column...\" \/>\n<meta property=\"og:url\" content=\"https:\/\/emquies-holstein.com\/de\/design\/\" \/>\n<meta property=\"og:site_name\" content=\"emquies-holstein\" \/>\n<meta property=\"article:publisher\" content=\"https:\/\/da-dk.facebook.com\/emquiesholstein\/\" \/>\n<meta property=\"article:modified_time\" content=\"2022-02-23T11:52:14+00:00\" \/>\n<meta name=\"twitter:card\" content=\"summary_large_image\" \/>\n<meta name=\"twitter:label1\" content=\"Gesch\u00e4tzte Lesezeit\" \/>\n\t<meta name=\"twitter:data1\" content=\"3\u00a0Minuten\" \/>\n<script type=\"application\/ld+json\" class=\"yoast-schema-graph\">{\"@context\":\"https:\\\/\\\/schema.org\",\"@graph\":[{\"@type\":\"WebPage\",\"@id\":\"https:\\\/\\\/emquies-holstein.com\\\/de\\\/design\\\/\",\"url\":\"https:\\\/\\\/emquies-holstein.com\\\/de\\\/design\\\/\",\"name\":\"Design - emquies-holstein\",\"isPartOf\":{\"@id\":\"https:\\\/\\\/emquies-holstein.com\\\/#website\"},\"datePublished\":\"2016-08-23T07:07:48+00:00\",\"dateModified\":\"2022-02-23T11:52:14+00:00\",\"breadcrumb\":{\"@id\":\"https:\\\/\\\/emquies-holstein.com\\\/de\\\/design\\\/#breadcrumb\"},\"inLanguage\":\"de\",\"potentialAction\":[{\"@type\":\"ReadAction\",\"target\":[\"https:\\\/\\\/emquies-holstein.com\\\/de\\\/design\\\/\"]}]},{\"@type\":\"BreadcrumbList\",\"@id\":\"https:\\\/\\\/emquies-holstein.com\\\/de\\\/design\\\/#breadcrumb\",\"itemListElement\":[{\"@type\":\"ListItem\",\"position\":1,\"name\":\"Hjem\",\"item\":\"https:\\\/\\\/emquies-holstein.com\\\/de\\\/\"},{\"@type\":\"ListItem\",\"position\":2,\"name\":\"Design\"}]},{\"@type\":\"WebSite\",\"@id\":\"https:\\\/\\\/emquies-holstein.com\\\/#website\",\"url\":\"https:\\\/\\\/emquies-holstein.com\\\/\",\"name\":\"emquies-holstein\",\"description\":\"Just another WordPress site\",\"publisher\":{\"@id\":\"https:\\\/\\\/emquies-holstein.com\\\/#organization\"},\"potentialAction\":[{\"@type\":\"SearchAction\",\"target\":{\"@type\":\"EntryPoint\",\"urlTemplate\":\"https:\\\/\\\/emquies-holstein.com\\\/?s={search_term_string}\"},\"query-input\":{\"@type\":\"PropertyValueSpecification\",\"valueRequired\":true,\"valueName\":\"search_term_string\"}}],\"inLanguage\":\"de\"},{\"@type\":\"Organization\",\"@id\":\"https:\\\/\\\/emquies-holstein.com\\\/#organization\",\"name\":\"Emquies-Holstein\",\"url\":\"https:\\\/\\\/emquies-holstein.com\\\/\",\"logo\":{\"@type\":\"ImageObject\",\"inLanguage\":\"de\",\"@id\":\"https:\\\/\\\/emquies-holstein.com\\\/#\\\/schema\\\/logo\\\/image\\\/\",\"url\":\"https:\\\/\\\/emquies-holstein.com\\\/wp-content\\\/uploads\\\/2016\\\/07\\\/logo-1.png\",\"contentUrl\":\"https:\\\/\\\/emquies-holstein.com\\\/wp-content\\\/uploads\\\/2016\\\/07\\\/logo-1.png\",\"width\":300,\"height\":53,\"caption\":\"Emquies-Holstein\"},\"image\":{\"@id\":\"https:\\\/\\\/emquies-holstein.com\\\/#\\\/schema\\\/logo\\\/image\\\/\"},\"sameAs\":[\"https:\\\/\\\/da-dk.facebook.com\\\/emquiesholstein\\\/\",\"https:\\\/\\\/www.instagram.com\\\/emquiesholstein\\\/\",\"https:\\\/\\\/www.pinterest.dk\\\/emquiesholstein\\\/\"]}]}<\/script>\n<!-- \/ Yoast SEO plugin. -->","yoast_head_json":{"title":"Design - emquies-holstein","robots":{"index":"index","follow":"follow","max-snippet":"max-snippet:-1","max-image-preview":"max-image-preview:large","max-video-preview":"max-video-preview:-1"},"canonical":"https:\/\/emquies-holstein.com\/de\/design\/","og_locale":"de_DE","og_type":"article","og_title":"Design - emquies-holstein","og_description":"[vc_row][vc_column width=&#8220;5\/12&#8243;][vc_custom_heading text=&#8220;CASTELLARIS damaskdecke&#8220; font_container=&#8220;tag:h2|font_size:32px|text_align:left|line_height:35px&#8220; use_theme_fonts=&#8220;yes&#8220; css=&#8220;.vc_custom_1645615084441{margin-top: 30px !important;}&#8220;][vc_column_text css=&#8220;.vc_custom_1645617129596{margin-top: -10px !important;}&#8220;]CASTELLARIS wurde exklusiv von Georg Jensen Damask f\u00fcr Koldinghus entwickelt, um das 750-j\u00e4hrige Jubil\u00e4um des Schlosses zu feiern. Diana Holstein ist die Designerin hinter der Tischdecke und wurde f\u00fcr die Aufgabe ausgew\u00e4hlt, weil ihr Stil&#8230; &gt;Weiterlesen[\/vc_column_text][\/vc_column][vc_column width=&#8220;7\/12&#8243;][vc_single_image image=&#8220;18890&#8243; img_size=&#8220;full&#8220;][\/vc_column][\/vc_row][vc_row][vc_column...","og_url":"https:\/\/emquies-holstein.com\/de\/design\/","og_site_name":"emquies-holstein","article_publisher":"https:\/\/da-dk.facebook.com\/emquiesholstein\/","article_modified_time":"2022-02-23T11:52:14+00:00","twitter_card":"summary_large_image","twitter_misc":{"Gesch\u00e4tzte Lesezeit":"3\u00a0Minuten"},"schema":{"@context":"https:\/\/schema.org","@graph":[{"@type":"WebPage","@id":"https:\/\/emquies-holstein.com\/de\/design\/","url":"https:\/\/emquies-holstein.com\/de\/design\/","name":"Design - emquies-holstein","isPartOf":{"@id":"https:\/\/emquies-holstein.com\/#website"},"datePublished":"2016-08-23T07:07:48+00:00","dateModified":"2022-02-23T11:52:14+00:00","breadcrumb":{"@id":"https:\/\/emquies-holstein.com\/de\/design\/#breadcrumb"},"inLanguage":"de","potentialAction":[{"@type":"ReadAction","target":["https:\/\/emquies-holstein.com\/de\/design\/"]}]},{"@type":"BreadcrumbList","@id":"https:\/\/emquies-holstein.com\/de\/design\/#breadcrumb","itemListElement":[{"@type":"ListItem","position":1,"name":"Hjem","item":"https:\/\/emquies-holstein.com\/de\/"},{"@type":"ListItem","position":2,"name":"Design"}]},{"@type":"WebSite","@id":"https:\/\/emquies-holstein.com\/#website","url":"https:\/\/emquies-holstein.com\/","name":"emquies-holstein","description":"Just another WordPress site","publisher":{"@id":"https:\/\/emquies-holstein.com\/#organization"},"potentialAction":[{"@type":"SearchAction","target":{"@type":"EntryPoint","urlTemplate":"https:\/\/emquies-holstein.com\/?s={search_term_string}"},"query-input":{"@type":"PropertyValueSpecification","valueRequired":true,"valueName":"search_term_string"}}],"inLanguage":"de"},{"@type":"Organization","@id":"https:\/\/emquies-holstein.com\/#organization","name":"Emquies-Holstein","url":"https:\/\/emquies-holstein.com\/","logo":{"@type":"ImageObject","inLanguage":"de","@id":"https:\/\/emquies-holstein.com\/#\/schema\/logo\/image\/","url":"https:\/\/emquies-holstein.com\/wp-content\/uploads\/2016\/07\/logo-1.png","contentUrl":"https:\/\/emquies-holstein.com\/wp-content\/uploads\/2016\/07\/logo-1.png","width":300,"height":53,"caption":"Emquies-Holstein"},"image":{"@id":"https:\/\/emquies-holstein.com\/#\/schema\/logo\/image\/"},"sameAs":["https:\/\/da-dk.facebook.com\/emquiesholstein\/","https:\/\/www.instagram.com\/emquiesholstein\/","https:\/\/www.pinterest.dk\/emquiesholstein\/"]}]}},"_links":{"self":[{"href":"https:\/\/emquies-holstein.com\/de\/wp-json\/wp\/v2\/pages\/9562","targetHints":{"allow":["GET"]}}],"collection":[{"href":"https:\/\/emquies-holstein.com\/de\/wp-json\/wp\/v2\/pages"}],"about":[{"href":"https:\/\/emquies-holstein.com\/de\/wp-json\/wp\/v2\/types\/page"}],"author":[{"embeddable":true,"href":"https:\/\/emquies-holstein.com\/de\/wp-json\/wp\/v2\/users\/1"}],"replies":[{"embeddable":true,"href":"https:\/\/emquies-holstein.com\/de\/wp-json\/wp\/v2\/comments?post=9562"}],"version-history":[{"count":9,"href":"https:\/\/emquies-holstein.com\/de\/wp-json\/wp\/v2\/pages\/9562\/revisions"}],"predecessor-version":[{"id":18960,"href":"https:\/\/emquies-holstein.com\/de\/wp-json\/wp\/v2\/pages\/9562\/revisions\/18960"}],"wp:attachment":[{"href":"https:\/\/emquies-holstein.com\/de\/wp-json\/wp\/v2\/media?parent=9562"}],"curies":[{"name":"wp","href":"https:\/\/api.w.org\/{rel}","templated":true}]}}