
























































{"id":9578,"date":"2016-10-04T10:30:10","date_gmt":"2016-10-04T10:30:10","guid":{"rendered":"https:\/\/emquies-holstein.com\/forretningsbetingelser\/?lang=de"},"modified":"2018-02-19T18:11:19","modified_gmt":"2018-02-19T18:11:19","slug":"forretningsbetingelser","status":"publish","type":"page","link":"https:\/\/emquies-holstein.com\/de\/forretningsbetingelser\/","title":{"rendered":"Forretningsbetingelser"},"content":{"rendered":"<div class=\"wpb-content-wrapper\"><p>[vc_row][vc_column width=&#8220;2\/12&#8243;][\/vc_column][vc_column width=&#8220;8\/12&#8243;][vc_custom_heading text=&#8220;Allgemeine Gesch\u00e4ftsbedingungen&#8220; use_theme_fonts=&#8220;yes&#8220;][vc_column_text]Die unten beschriebenen Gesch\u00e4ftsbedingungen gelten f\u00fcr alle Eink\u00e4ufe im Emquies-Holstein Web Shop. Alle Informationen auf der Website, die Bestellungen betreffen sind in deutscher \u00a0Sprache. Auch die Einkaufszustimmung wird in deutscher \u00a0Sprache vorgenommen. Die Gesch\u00e4ftsbedingungen des Einkaufs werden durch die Bestellung durch den Kunden akzeptiert und sollten daher aufmerksam gelesen werden.<\/p>\n<p>Letzte Aktualisierung Februar 2018<\/p>\n<p><strong>Gesch\u00e4ftsinformationen<\/strong><\/p>\n<p>Emquies-Holstein<br \/>\nSteuernummer: DK31532485<br \/>\nGegr\u00fcndet: 2007<br \/>\nAddresse: Lille Kirkestr\u00e6de 5<br \/>\n1072 Kopenhagen K, D\u00e4nemark<br \/>\nTelefon: +45 32 12 13 89<br \/>\nE-mail: info@emquies-holstein.com<\/p>\n<p>Gern k\u00f6nnen Sie uns f\u00fcr weitere Informationen, besondere Auftr\u00e4ge und Fragen kontaktieren. Am besten richten Sie Ihre Fragen jederzeit per Email oder von Montag bis Freitag von 11 bis 18 Uhr telefonisch an uns. Bitte halten Sie Ihre Auftragsnummer bereit.<\/p>\n<p><strong>Wie Sie bestellen k\u00f6nnen:\u00a0<\/strong><\/p>\n<p>Um ihren Einkauf bei Emquies- Holstein zu machen, befolgen Sie bitte folgende Schritte:<\/p>\n<p>1.W\u00e4hlen Sie die Produkte aus, die Sie kaufen m\u00f6chten, legen Sie diese bitte in den Warenkorb und gehen zur Zahlung.<\/p>\n<p>2.Geben Sie Ihre pers\u00f6nlichen Daten ein<\/p>\n<p>3.W\u00e4hlen Sie eine Versandmethode aus<\/p>\n<p>4.Akzeptieren Sie die Gesch\u00e4ftsbedingungen<\/p>\n<p>5.\u00dcberpr\u00fcfen Sie dass alle Informationen korrekt sind und best\u00e4tigen Sie den Einkauf<\/p>\n<p>6.Sie haben nun Ihre Bestellung aufgegeben und Sie werden eine Best\u00e4tigung per Email erhalten.<\/p>\n<p>7.Sobald Ihre Bestellung bei uns eingegangen ist und verpackt wurde, erhalten Sie eine Versandbest\u00e4tigung per Email. Diese Best\u00e4tigung gilt als Rechnung. Sobald der Versand veranlasst wurde, wird Ihre Karte belastet werden, und der Einkauf ist abgeschlossen.<\/p>\n<p><strong>Sicherheit und Garantie bei der Bezahlung<\/strong><\/p>\n<p>Alle Zahlungen, die auf Emquies-Holstein.com gemacht werden, laufen \u00fcber eine SSL verschluesselte E\/pay Seite, die von NETS (ehemals PBS) anerkannt ist. Emquies-Holstein hat daher keinen Zugang zu Ihren Bankdaten.<\/p>\n<p>Die Zahlungsweise sch\u00fctzt zudem Ihr Konto vor Missbrauch, denn Betr\u00e4ge sind erstattbar durch Ihre Bank sollten Sie eine Reklamation einreichen. Dies ist gerechtfertigt, wenn die Bestellung nicht eintrifft oder die Karte mit einem falschen Betrag belastet wurde.<\/p>\n<p>Online Shopping in D\u00e4nemark mit Kreditkarte und einer Bezahlung \u00fcber SSL, so wie Emquies-Holstein es nutzen, vermeidet zudem einen Selbstbehalt von 1200 DKK, der \u00fcblich ist. Es ist also sicherer mit Kreditkarte im Onlineshop zu bezahlen, als in einem Laden.<\/p>\n<p><strong>Zahlungsmethoden<\/strong><\/p>\n<p>Alle Preise auf Emquies-Holstein beinhalten Mehrwertsteuer und gelten f\u00fcr den Einkauf. Jedoch machen wir Einschr\u00e4nkungen bez\u00fcglich Schreibfehlern, Fehldrucken und Produkten, die ausverkauft sind. Wenn Sie unter 18 Jahre sind, brauchen wir die Erlaubnis der Eltern oder des Erziehungsberechtigten vor dem Einkauf.<\/p>\n<p>Bei Emquies-Holstein.com k\u00f6nnen sie mit Dankort, Visa, Visa Electron, MasterCard, Maestro, Diners Club, JCB og American Express bezahlen.<\/p>\n<p>Wenn Sie per Bank\u00fcberweisung zahlen, wird die Ware erst versendet, nachdem die Zahlung auf unserem Konto eingegangen ist.<\/p>\n<p><strong>Versand und Zustellung<\/strong><\/p>\n<p>Emquies-Holstein.com \u00fcbernimmt alle Versandkosten f\u00fcr die Bestellungen, die im Webshop vorgenommen werden deren Zustelladresse\u00a0 eine Adresse in D\u00e4nemark (Ausnahme Gr\u00f6nland und die Faroer Inseln) ist. Alle Bestellungen werden \u00fcber die d\u00e4nische Post ausgeliefert, an die auf der Bestellung angegebenen Adresse.<\/p>\n<p>F\u00fcr Bestellungen, die ausserhalb D\u00e4nemarks inklusive Gr\u00f6nland und den Faroer Inseln vorgenommen werden, fallen Versandkosten an. Die Zustellung erfolgt mit der D\u00e4nischen Post, wenn m\u00f6glich.<\/p>\n<p>Alle Produkte im Emquies-Holstein Webshop haben eine vorraussichtliche Lieferzeit. Es kann zu Abweichungen kommen, da Produkte sowohl auf Lager sein k\u00f6nnen als auch f\u00fcr die Bestellung angefertigt werden m\u00fcssen. Nat\u00fcrlich werden wir Sie kontaktieren, wenn sich eine Lieferung verz\u00f6gert.<\/p>\n<p>Sollten Sie Ihren Einkauf in einem bestimmten Zeitraum ben\u00f6tigen, machen Sie bitte eine Bemerkung bei Ihrem Einkauf und teilen Sie uns den gew\u00fcnschten Zustellzeitpunkt mit. Wenn die Bestellung ein Geschenk ist, liefern wir den Einkauf gern an die Empf\u00e4ngeradresse, wenn Sie uns diese mitteilen.<\/p>\n<p>Bestellungen k\u00f6nnen ebenfalls im Laden in der Lille Kirkestr\u00e6de 5, Kopenhagen D\u00e4nemark auf Anfrage abgeholt werden. Wir werden Sie dann kontaktieren, wenn die Bestellung abgeholt werden kann. Ungeachtet der Versandkosten und der Zustellung werden Ihre Bestellungen immer sch\u00f6n und elegant eingepackt.<\/p>\n<p><strong>R\u00fcckgaberecht<\/strong><\/p>\n<p>Sie haben ein Widerrufsrecht von 2 Wochen wenn Sie bei Emquies-Holstein.com einkaufen. Das Recht beginnt ab dem Zeitpunkt, zu dem Sie ihre Bestellung erhalten. Wenn Sie die Bestellung retournieren m\u00f6chten, sollten das Produkt im orginalen Zustand sein, der Verschluss sollte nicht aufgebrochen sein und die Anzahl und der Zustand der Produkte sollte genauso sein, wie zum Zeitpunkt des Empfangs, d.h. unbenutzt, ohne Sch\u00e4den und in Originalverpackung.<\/p>\n<p>Das Widerrufsrecht bedeutet das R\u00fccksendekosten von Ihnen getragen werden m\u00fcssen.<\/p>\n<p>Retouren sollten an folgende Adresse geschickt werden:<\/p>\n<p>Emquies-Holstein<br \/>\nLille Kirkestr\u00e6de 5<br \/>\n1072 Kopenhagen<br \/>\nD\u00e4nemark<\/p>\n<p>Bitte schicken Sie die R\u00fccksendung als versichertes P\u00e4ckchen.<\/p>\n<p><strong>Retouren<\/strong><\/p>\n<p>Wenn Sie das Produkt zur\u00fccksenden m\u00f6chten, f\u00fcllen Sie bitte einen Retourschein aus, um den Erstattungsprozess zu vereinfachen. Emquies-Holstein wird eine volle Erstattung vornehmen, sobald das Produkt wieder bei uns eingegange ist und begutachtet wurde, ob der Zustand mit den Retourbedingungen \u00fcbereinstimmt. Es ist sehr wichtig, dass Sie das Retourformular mit allen wichtigen Informationen beilegen, sowie die Bestellbest\u00e4tigung und alle Korrespondenz, die bez\u00fcglich der Retour gef\u00fchrt wurde. Die R\u00fccksendung sollte an folgende Adresse erfolgen:<\/p>\n<p>Emquies-Holstein<br \/>\nLille Kirkestr\u00e6de 5,<br \/>\n1072 Kopenhagen<br \/>\nD\u00e4nemark<\/p>\n<p>Retouren, die als \u201eBarzahlung bei Zustellung\u201c erfolgen, k\u00f6nnen nicht akzeptiert werden und sind ung\u00fcltig.<\/p>\n<p>Sollten Sie unsere Bestellung nicht annehmen, wird das Paket automatisch an uns zur\u00fcckgesendet und ihrer Gutschrift wird der Betrag von 150 DKK f\u00fcr Versand und R\u00fccksendung abgezogen.<\/p>\n<p><strong>Garantie<\/strong><\/p>\n<p>In \u00dcbereinstimmung mit dem \u201eDanish Sale of Good Act\u201c haben Sie zwei Jahre Garantie auf alle Produkte. Dies bedeutet, dass Sie innerhalb dieser zwei Jahre ein Reklamationsrecht bez\u00fcglich Sch\u00e4den, M\u00e4ngeln an dem Produkt die nicht aus einem Missbrauch des Produkts entstanden sind, geltend machen k\u00f6nnen. Sollten Sie Sch\u00e4den oder M\u00e4ngel bei Erhalt der Ware feststellen, kontaktieren Sie uns bitte schnellstm\u00f6glich,\u00a0 innerhalb von 5 Tagen. Als Kunde haben Sie das Recht auf eine Reparatur ihres Produkts, R\u00fcckerstattung des Geldes oder einen Rabatt in \u00dcbereinstimmung mit den Umst\u00e4nden der Reklamation. Wir werden alle angemessenen Versandkosten tragen im Falle dass die Reklamation berechtigt ist. Bitte beachten Sie, dass alle Schmuckst\u00fccke, die mit einer vergoldeten, oxidierten, polierten oder mattierten Oberfl\u00e4che gestaltet sind, langsam abgenutzt werden.\u00a0 Daher ist dies kein Grund f\u00fcr eine Reklamation. Bitte beachten Sie dazu unsere Beschreibung der Chocolate Kollektion. Hier wird sehr deutlich wie sich das Gold abnutzen wird und das Silber zum Vorschein kommen wird. Wenn Sie eine erneute Vergoldung w\u00fcnschen, k\u00f6nnen Sie uns gern kontaktieren. Gegen ein Entgelt \u00fcbernehmen wir dies gern.<\/p>\n<p>Sollten Sie eine Reklamation haben, f\u00fcllen Sie bitte das Ruecksendeformular aus und senden Sie es zusammen mit dem Produkt an unsere Firmenadresse:<\/p>\n<p>Emquies-Holstein<br \/>\nLille Kirkestr\u00e6de 5,<br \/>\n1072 Kopenhagen<br \/>\nD\u00e4nemark<\/p>\n<p>Gern koennen Sie uns auch jederzeit telefonisch oder per Email kontaktieren: +45 32 12 13 89 \/ <a href=\"mailto:info@emquies-holstein.com\">info@emquies-holstein.com<\/a>.<\/p>\n<p><strong>Politik bez\u00fcglich des Umgangs mit pers\u00f6nlichen Daten<\/strong><\/p>\n<p>Alle Informationen werden mit\u00a0 gr\u00f6sstm\u00f6glicher Diskretion behandelt. Pers\u00f6nliche Informationen, wie Name, Adresse, Telefonnummer und Emailadressen werden nur zum Versand und f\u00fcr Briefe verwendet. Alle Infomationen bez\u00fcglich der Bezahlung und die Kreditkartendaten werden gesch\u00fctzt, d.h. die Informationen sind verschl\u00fcsselt,wenn sie zwischen dem Internet Browser und dem PBS Server ausgetauscht werden. Informationen werden nie an dritte weitergegeben.<\/p>\n<p>Verantwortlich f\u00fcr die Daten sind:<\/p>\n<p>Emquies-Holstein<br \/>\nLille Kirkestr\u00e6de 5,<br \/>\n1072 Kopenhagen<br \/>\nD\u00e4nemark<\/p>\n<p><strong>Cookies<\/strong><\/p>\n<p>Emquies-Holstein benutzt Cookies um die Website zu optimieren und sie in Ihrem Interesse funktionaler zu machen. Ein Cookie ist eine kleine Textdatei, die von Ihrem Browser von Emquies-Holstein.com heruntergeladen wird und von Emquies-Holstein.com gelesen wird, wenn Sie wieder auf die Website zur\u00fcckkehren. Die Cookies enthalten Informationen \u00fcber die Produkte in ihrem Einkaufskorb, die bei Ihrer R\u00fcckkehr auf die Seiter immer noch da sind. D.h. Cookies sind zu Ihrem Nuzten und sollten nicht mit spyware oder einem Virus verglichen werden. Die meisten Browser erm\u00f6glichen Ihnen zu w\u00e4hlen, wie Sie Cookies handhaben m\u00f6chten und oft werden Sie informiert, wenn ein Webseite einen Cookie gespeichert hat. Sie k\u00f6nnen zudem alle Cookies auf ihrem Computer l\u00f6schen.<\/p>\n<p><strong>Statistik Journale<\/strong><\/p>\n<p>Emquies-Holstein.com nutzt statistische Journale. Dies bedeutet, dass ein statistisches System Informationen zum Nutzerverhalten auf der Website sammelt. Auf Emquies-Holstein.com werden diese Daten nur zur Optimierung der Website und ihrer Funktionalit\u00e4t genutzt.<\/p>\n<p><strong>Einschr\u00e4nkungen<\/strong><\/p>\n<p>Emquies-Holstein.com macht bestimmte Einschr\u00e4nkungen bez\u00fcglich Produkten, die nicht mehr auf Langer sind, Druckfehlern, Schreibfehlern und \u00c4nderungen in der Zustellung sowie bei Verz\u00f6gerungen, die nicht zu kontrollieren sind, z.B. force majeure. Emquies-Holstein.com sind nicht verantwortlich f\u00fcr Druckfehler auf der Webseite, wie z.B. bei Preisen etc.[\/vc_column_text][\/vc_column][vc_column width=&#8220;2\/12&#8243;][\/vc_column][\/vc_row]<\/p>\n<\/div>","protected":false},"excerpt":{"rendered":"<p>[vc_row][vc_column width=&#8220;2\/12&#8243;][\/vc_column][vc_column width=&#8220;8\/12&#8243;][vc_custom_heading text=&#8220;Allgemeine Gesch\u00e4ftsbedingungen&#8220; use_theme_fonts=&#8220;yes&#8220;][vc_column_text]Die unten beschriebenen Gesch\u00e4ftsbedingungen gelten f\u00fcr alle Eink\u00e4ufe im Emquies-Holstein Web Shop. Alle Informationen auf der Website, die Bestellungen betreffen sind in deutscher \u00a0Sprache. Auch die Einkaufszustimmung wird in deutscher \u00a0Sprache vorgenommen. Die Gesch\u00e4ftsbedingungen des Einkaufs werden durch die Bestellung durch den Kunden akzeptiert und&#8230;<\/p>\n","protected":false},"author":1,"featured_media":0,"parent":0,"menu_order":0,"comment_status":"closed","ping_status":"closed","template":"","meta":{"_acf_changed":false,"footnotes":""},"class_list":["post-9578","page","type-page","status-publish","hentry"],"acf":[],"yoast_head":"<!-- This site is optimized with the Yoast SEO plugin v27.4 - https:\/\/yoast.com\/product\/yoast-seo-wordpress\/ -->\n<title>Forretningsbetingelser - emquies-holstein<\/title>\n<meta name=\"robots\" content=\"index, follow, max-snippet:-1, max-image-preview:large, max-video-preview:-1\" \/>\n<link rel=\"canonical\" href=\"https:\/\/emquies-holstein.com\/forretningsbetingelser\/?lang=de\" \/>\n<meta property=\"og:locale\" content=\"de_DE\" \/>\n<meta property=\"og:type\" content=\"article\" \/>\n<meta property=\"og:title\" content=\"Forretningsbetingelser - emquies-holstein\" \/>\n<meta property=\"og:description\" content=\"[vc_row][vc_column width=&#8220;2\/12&#8243;][\/vc_column][vc_column width=&#8220;8\/12&#8243;][vc_custom_heading text=&#8220;Allgemeine Gesch\u00e4ftsbedingungen&#8220; use_theme_fonts=&#8220;yes&#8220;][vc_column_text]Die unten beschriebenen Gesch\u00e4ftsbedingungen gelten f\u00fcr alle Eink\u00e4ufe im Emquies-Holstein Web Shop. Alle Informationen auf der Website, die Bestellungen betreffen sind in deutscher \u00a0Sprache. Auch die Einkaufszustimmung wird in deutscher \u00a0Sprache vorgenommen. Die Gesch\u00e4ftsbedingungen des Einkaufs werden durch die Bestellung durch den Kunden akzeptiert und...\" \/>\n<meta property=\"og:url\" content=\"https:\/\/emquies-holstein.com\/forretningsbetingelser\/?lang=de\" \/>\n<meta property=\"og:site_name\" content=\"emquies-holstein\" \/>\n<meta property=\"article:publisher\" content=\"https:\/\/da-dk.facebook.com\/emquiesholstein\/\" \/>\n<meta property=\"article:modified_time\" content=\"2018-02-19T18:11:19+00:00\" \/>\n<meta name=\"twitter:card\" content=\"summary_large_image\" \/>\n<meta name=\"twitter:label1\" content=\"Gesch\u00e4tzte Lesezeit\" \/>\n\t<meta name=\"twitter:data1\" content=\"7\u00a0Minuten\" \/>\n<script type=\"application\/ld+json\" class=\"yoast-schema-graph\">{\"@context\":\"https:\\\/\\\/schema.org\",\"@graph\":[{\"@type\":\"WebPage\",\"@id\":\"https:\\\/\\\/emquies-holstein.com\\\/forretningsbetingelser\\\/?lang=de\",\"url\":\"https:\\\/\\\/emquies-holstein.com\\\/forretningsbetingelser\\\/?lang=de\",\"name\":\"Forretningsbetingelser - emquies-holstein\",\"isPartOf\":{\"@id\":\"https:\\\/\\\/emquies-holstein.com\\\/#website\"},\"datePublished\":\"2016-10-04T10:30:10+00:00\",\"dateModified\":\"2018-02-19T18:11:19+00:00\",\"breadcrumb\":{\"@id\":\"https:\\\/\\\/emquies-holstein.com\\\/forretningsbetingelser\\\/?lang=de#breadcrumb\"},\"inLanguage\":\"de\",\"potentialAction\":[{\"@type\":\"ReadAction\",\"target\":[\"https:\\\/\\\/emquies-holstein.com\\\/forretningsbetingelser\\\/?lang=de\"]}]},{\"@type\":\"BreadcrumbList\",\"@id\":\"https:\\\/\\\/emquies-holstein.com\\\/forretningsbetingelser\\\/?lang=de#breadcrumb\",\"itemListElement\":[{\"@type\":\"ListItem\",\"position\":1,\"name\":\"Hjem\",\"item\":\"https:\\\/\\\/emquies-holstein.com\\\/de\\\/\"},{\"@type\":\"ListItem\",\"position\":2,\"name\":\"Forretningsbetingelser\"}]},{\"@type\":\"WebSite\",\"@id\":\"https:\\\/\\\/emquies-holstein.com\\\/#website\",\"url\":\"https:\\\/\\\/emquies-holstein.com\\\/\",\"name\":\"emquies-holstein\",\"description\":\"Just another WordPress site\",\"publisher\":{\"@id\":\"https:\\\/\\\/emquies-holstein.com\\\/#organization\"},\"potentialAction\":[{\"@type\":\"SearchAction\",\"target\":{\"@type\":\"EntryPoint\",\"urlTemplate\":\"https:\\\/\\\/emquies-holstein.com\\\/?s={search_term_string}\"},\"query-input\":{\"@type\":\"PropertyValueSpecification\",\"valueRequired\":true,\"valueName\":\"search_term_string\"}}],\"inLanguage\":\"de\"},{\"@type\":\"Organization\",\"@id\":\"https:\\\/\\\/emquies-holstein.com\\\/#organization\",\"name\":\"Emquies-Holstein\",\"url\":\"https:\\\/\\\/emquies-holstein.com\\\/\",\"logo\":{\"@type\":\"ImageObject\",\"inLanguage\":\"de\",\"@id\":\"https:\\\/\\\/emquies-holstein.com\\\/#\\\/schema\\\/logo\\\/image\\\/\",\"url\":\"https:\\\/\\\/emquies-holstein.com\\\/wp-content\\\/uploads\\\/2016\\\/07\\\/logo-1.png\",\"contentUrl\":\"https:\\\/\\\/emquies-holstein.com\\\/wp-content\\\/uploads\\\/2016\\\/07\\\/logo-1.png\",\"width\":300,\"height\":53,\"caption\":\"Emquies-Holstein\"},\"image\":{\"@id\":\"https:\\\/\\\/emquies-holstein.com\\\/#\\\/schema\\\/logo\\\/image\\\/\"},\"sameAs\":[\"https:\\\/\\\/da-dk.facebook.com\\\/emquiesholstein\\\/\",\"https:\\\/\\\/www.instagram.com\\\/emquiesholstein\\\/\",\"https:\\\/\\\/www.pinterest.dk\\\/emquiesholstein\\\/\"]}]}<\/script>\n<!-- \/ Yoast SEO plugin. -->","yoast_head_json":{"title":"Forretningsbetingelser - emquies-holstein","robots":{"index":"index","follow":"follow","max-snippet":"max-snippet:-1","max-image-preview":"max-image-preview:large","max-video-preview":"max-video-preview:-1"},"canonical":"https:\/\/emquies-holstein.com\/forretningsbetingelser\/?lang=de","og_locale":"de_DE","og_type":"article","og_title":"Forretningsbetingelser - emquies-holstein","og_description":"[vc_row][vc_column width=&#8220;2\/12&#8243;][\/vc_column][vc_column width=&#8220;8\/12&#8243;][vc_custom_heading text=&#8220;Allgemeine Gesch\u00e4ftsbedingungen&#8220; use_theme_fonts=&#8220;yes&#8220;][vc_column_text]Die unten beschriebenen Gesch\u00e4ftsbedingungen gelten f\u00fcr alle Eink\u00e4ufe im Emquies-Holstein Web Shop. Alle Informationen auf der Website, die Bestellungen betreffen sind in deutscher \u00a0Sprache. Auch die Einkaufszustimmung wird in deutscher \u00a0Sprache vorgenommen. Die Gesch\u00e4ftsbedingungen des Einkaufs werden durch die Bestellung durch den Kunden akzeptiert und...","og_url":"https:\/\/emquies-holstein.com\/forretningsbetingelser\/?lang=de","og_site_name":"emquies-holstein","article_publisher":"https:\/\/da-dk.facebook.com\/emquiesholstein\/","article_modified_time":"2018-02-19T18:11:19+00:00","twitter_card":"summary_large_image","twitter_misc":{"Gesch\u00e4tzte Lesezeit":"7\u00a0Minuten"},"schema":{"@context":"https:\/\/schema.org","@graph":[{"@type":"WebPage","@id":"https:\/\/emquies-holstein.com\/forretningsbetingelser\/?lang=de","url":"https:\/\/emquies-holstein.com\/forretningsbetingelser\/?lang=de","name":"Forretningsbetingelser - emquies-holstein","isPartOf":{"@id":"https:\/\/emquies-holstein.com\/#website"},"datePublished":"2016-10-04T10:30:10+00:00","dateModified":"2018-02-19T18:11:19+00:00","breadcrumb":{"@id":"https:\/\/emquies-holstein.com\/forretningsbetingelser\/?lang=de#breadcrumb"},"inLanguage":"de","potentialAction":[{"@type":"ReadAction","target":["https:\/\/emquies-holstein.com\/forretningsbetingelser\/?lang=de"]}]},{"@type":"BreadcrumbList","@id":"https:\/\/emquies-holstein.com\/forretningsbetingelser\/?lang=de#breadcrumb","itemListElement":[{"@type":"ListItem","position":1,"name":"Hjem","item":"https:\/\/emquies-holstein.com\/de\/"},{"@type":"ListItem","position":2,"name":"Forretningsbetingelser"}]},{"@type":"WebSite","@id":"https:\/\/emquies-holstein.com\/#website","url":"https:\/\/emquies-holstein.com\/","name":"emquies-holstein","description":"Just another WordPress site","publisher":{"@id":"https:\/\/emquies-holstein.com\/#organization"},"potentialAction":[{"@type":"SearchAction","target":{"@type":"EntryPoint","urlTemplate":"https:\/\/emquies-holstein.com\/?s={search_term_string}"},"query-input":{"@type":"PropertyValueSpecification","valueRequired":true,"valueName":"search_term_string"}}],"inLanguage":"de"},{"@type":"Organization","@id":"https:\/\/emquies-holstein.com\/#organization","name":"Emquies-Holstein","url":"https:\/\/emquies-holstein.com\/","logo":{"@type":"ImageObject","inLanguage":"de","@id":"https:\/\/emquies-holstein.com\/#\/schema\/logo\/image\/","url":"https:\/\/emquies-holstein.com\/wp-content\/uploads\/2016\/07\/logo-1.png","contentUrl":"https:\/\/emquies-holstein.com\/wp-content\/uploads\/2016\/07\/logo-1.png","width":300,"height":53,"caption":"Emquies-Holstein"},"image":{"@id":"https:\/\/emquies-holstein.com\/#\/schema\/logo\/image\/"},"sameAs":["https:\/\/da-dk.facebook.com\/emquiesholstein\/","https:\/\/www.instagram.com\/emquiesholstein\/","https:\/\/www.pinterest.dk\/emquiesholstein\/"]}]}},"_links":{"self":[{"href":"https:\/\/emquies-holstein.com\/de\/wp-json\/wp\/v2\/pages\/9578","targetHints":{"allow":["GET"]}}],"collection":[{"href":"https:\/\/emquies-holstein.com\/de\/wp-json\/wp\/v2\/pages"}],"about":[{"href":"https:\/\/emquies-holstein.com\/de\/wp-json\/wp\/v2\/types\/page"}],"author":[{"embeddable":true,"href":"https:\/\/emquies-holstein.com\/de\/wp-json\/wp\/v2\/users\/1"}],"replies":[{"embeddable":true,"href":"https:\/\/emquies-holstein.com\/de\/wp-json\/wp\/v2\/comments?post=9578"}],"version-history":[{"count":3,"href":"https:\/\/emquies-holstein.com\/de\/wp-json\/wp\/v2\/pages\/9578\/revisions"}],"predecessor-version":[{"id":11668,"href":"https:\/\/emquies-holstein.com\/de\/wp-json\/wp\/v2\/pages\/9578\/revisions\/11668"}],"wp:attachment":[{"href":"https:\/\/emquies-holstein.com\/de\/wp-json\/wp\/v2\/media?parent=9578"}],"curies":[{"name":"wp","href":"https:\/\/api.w.org\/{rel}","templated":true}]}}