
























































{"id":9598,"date":"2016-09-09T07:54:40","date_gmt":"2016-09-09T07:54:40","guid":{"rendered":"https:\/\/emquies-holstein.com\/kollektion_3-i-en\/?lang=de"},"modified":"2017-01-24T19:13:19","modified_gmt":"2017-01-24T19:13:19","slug":"kollektion_3-i-en","status":"publish","type":"page","link":"https:\/\/emquies-holstein.com\/de\/kollektion_3-i-en\/","title":{"rendered":"Kollektion_3-i-\u00e9n"},"content":{"rendered":"<div class=\"wpb-content-wrapper\"><p>[vc_row][vc_column width=&#8220;7\/12&#8243;][vc_single_image image=&#8220;7763&#8243; img_size=&#8220;full&#8220;][\/vc_column][vc_column width=&#8220;5\/12&#8243;][vc_custom_heading text=&#8220;3-in-one&#8220; font_container=&#8220;tag:h2|font_size:32px|text_align:left|line_height:35px&#8220; use_theme_fonts=&#8220;yes&#8220; css=&#8220;.vc_custom_1485285187608{margin-top: 30px !important;}&#8220;][vc_column_text css=&#8220;.vc_custom_1485285177681{margin-top: -10px !important;}&#8220;]Das 3-\u00a0in-Einem Design ist klar und plastisch. Den Ring gibt es in drei Varianten. Jeder Ring hat drei unterschiedliche Ringgr\u00f6\u00dfen, abh\u00e4ngig davon, an welchem Finger und in welchen Winkel Sie ihn tragen m\u00f6chten. So passt der organische Ring auf unterschiedliche Finger und kann in zahlreichen Winkeln getragen werden. Dies macht ihn zu einem pers\u00f6nlichen und wandlungsf\u00e4higen Schmuckst\u00fcck.[\/vc_column_text][\/vc_column][\/vc_row][vc_row][vc_column][vc_separator][\/vc_column][\/vc_row][vc_row][vc_column]<div class=\"woocommerce columns-4 \"><div class=\"product-loop products-grid product-count-4\">\r\n<div class=\"first product type-product post-10808 status-publish instock product_cat-3-in-one-de product_cat-ring-de product_cat-silber has-post-thumbnail shipping-taxable purchasable product-type-variable\">\r\n\r\n\t\r\n\t\t\t\t\t\t<div class=\"product-image-wrapper hover-effect-slider\">\r\n\t\t\t\r\n\t        \r\n\t\t\t\t\t\t\t\r\n\t\t\t\t<a id=\"https:\/\/emquies-holstein.com\/wp-content\/uploads\/2014\/04\/Guld02-copy-Custom-500x500.jpg\" href=\"https:\/\/emquies-holstein.com\/de\/product\/3-in-eins-vergoldetes-sterlingsilber-model-3\/\" class=\"product-content-image imageSlider\" data-images-list=\"https:\/\/emquies-holstein.com\/wp-content\/uploads\/2014\/04\/Guld02-copy-Custom-300x300.jpg, https:\/\/emquies-holstein.com\/wp-content\/uploads\/2016\/07\/H\u00e5nd03-kvadrat-Custom-3.jpg, https:\/\/emquies-holstein.com\/wp-content\/uploads\/2014\/04\/Model-3-silver-300x300.jpg, https:\/\/emquies-holstein.com\/wp-content\/uploads\/2014\/04\/Guld03-copy-Custom-300x300.jpg, https:\/\/emquies-holstein.com\/wp-content\/uploads\/2016\/11\/emballage-Medium.jpg\">\r\n\t\t\t\t\t<img loading=\"lazy\" decoding=\"async\" width=\"300\" height=\"300\" src=\"https:\/\/emquies-holstein.com\/wp-content\/uploads\/2014\/04\/Guld02-copy-Custom-300x300.jpg\" class=\"main-image\" alt=\"guld ring \" srcset=\"https:\/\/emquies-holstein.com\/wp-content\/uploads\/2014\/04\/Guld02-copy-Custom-300x300.jpg 300w, https:\/\/emquies-holstein.com\/wp-content\/uploads\/2014\/04\/Guld02-copy-Custom-100x100.jpg 100w, https:\/\/emquies-holstein.com\/wp-content\/uploads\/2014\/04\/Guld02-copy-Custom-150x150.jpg 150w, https:\/\/emquies-holstein.com\/wp-content\/uploads\/2014\/04\/Guld02-copy-Custom-500x500.jpg 500w\" sizes=\"auto, (max-width: 300px) 100vw, 300px\" \/>\r\n\t\t\t\t<\/a>\r\n\t\t\t\r\n\r\n\t\t\t\r\n\t\t\t\t\t\t\t<span class=\"show-quickly\" data-prodid=\"10808\" style=\"font-size:11px; cursor: pointer;\">Quick View<\/span>\r\n\t\t\t\t\t<\/div>\r\n\r\n\t\t\r\n\t\t\t\t\t<h3 class=\"product-name\"><a href=\"https:\/\/emquies-holstein.com\/de\/product\/3-in-eins-vergoldetes-sterlingsilber-model-3\/\">3-in- eins- vergoldetes Sterlingsilber, Model 3<\/a><\/h3>\r\n\t\t\r\n\t\t\r\n\r\n\t\t\r\n\r\n\t\t<div class=\"product-excerpt\">\r\n\t\t\tRing (Model 3) aus vergoldetem Sterlingsilber\r\n\r\nMa\u00dfe: ca. 32 x 46\u00a0mm\r\n\r\nGewicht: ca. 35 g.\r\n\r\nWahlweise Gr\u00f6\u00dfen von 53 (\u00d8 17mm), 56 (\u00d8 18mm) und 64 (\u00d8 20,5mm)\r\n\r\nWahlweise folgende Oberfl\u00e4chen: matt, blank poliert mit 24 Karat Gold.\r\n\r\nLieferung: 15 Arbeitstage\r\n\r\nBitte beachten Sie: Alle Oberfl\u00e4che nutzen bei Gebrauch ab.\t\t<\/div>\r\n\r\n\t\t<div class=\"add-to-container\">\r\n\r\n\t\t\t\n\t<span class=\"price\"><span class=\"woocommerce-Price-amount amount\"><bdi><span class=\"woocommerce-Price-currencySymbol\">&euro;<\/span>730<\/bdi><\/span><\/span>\n\r\n\t        <a href=\"https:\/\/emquies-holstein.com\/de\/product\/3-in-eins-vergoldetes-sterlingsilber-model-3\/\" data-product_id=\"10808\" data-product_sku=\"0803-3fg\" class=\"add_to_cart_button button  product_type_variable\" data-product_id=\"10808\" data-product_sku=\"0803-3fg\" aria-label=\"W\u00e4hle Optionen f\u00fcr \u201e3-in- eins- vergoldetes Sterlingsilber, Model 3\u201c\" rel=\"nofollow\">Ausf\u00fchrung w\u00e4hlen<\/a>        <\/div>\r\n\r\n\r\n\r\n\t\t\t<div class=\"clear\"><\/div>\r\n<\/div><div class=\"product type-product post-10822 status-publish last instock product_cat-3-in-one-de product_cat-ring-de product_cat-silber has-post-thumbnail shipping-taxable purchasable product-type-simple\">\r\n\r\n\t\r\n\t\t\t\t\t\t<div class=\"product-image-wrapper hover-effect-slider\">\r\n\t\t\t\r\n\t        \r\n\t\t\t\t\t\t\t\r\n\t\t\t\t<a id=\"https:\/\/emquies-holstein.com\/wp-content\/uploads\/2016\/07\/Mats\u00f8lv01-copy-Custom-11-600x600.jpg\" href=\"https:\/\/emquies-holstein.com\/de\/product\/3-in-eins-mattes-sterlingsilber-model-1\/\" class=\"product-content-image imageSlider\" data-images-list=\"https:\/\/emquies-holstein.com\/wp-content\/uploads\/2016\/07\/Mats\u00f8lv01-copy-Custom-11.jpg, https:\/\/emquies-holstein.com\/wp-content\/uploads\/2016\/07\/Mats\u00f8lv02-copy-Custom-11.jpg, https:\/\/emquies-holstein.com\/wp-content\/uploads\/2016\/11\/emballage-Medium.jpg\">\r\n\t\t\t\t\t<img loading=\"lazy\" decoding=\"async\" width=\"822\" height=\"822\" src=\"https:\/\/emquies-holstein.com\/wp-content\/uploads\/2016\/07\/Mats\u00f8lv01-copy-Custom-11.jpg\" class=\"main-image\" alt=\"\" srcset=\"https:\/\/emquies-holstein.com\/wp-content\/uploads\/2016\/07\/Mats\u00f8lv01-copy-Custom-11.jpg 822w, https:\/\/emquies-holstein.com\/wp-content\/uploads\/2016\/07\/Mats\u00f8lv01-copy-Custom-11-300x300.jpg 300w, https:\/\/emquies-holstein.com\/wp-content\/uploads\/2016\/07\/Mats\u00f8lv01-copy-Custom-11-100x100.jpg 100w, https:\/\/emquies-holstein.com\/wp-content\/uploads\/2016\/07\/Mats\u00f8lv01-copy-Custom-11-600x600.jpg 600w\" sizes=\"auto, (max-width: 822px) 100vw, 822px\" \/>\r\n\t\t\t\t<\/a>\r\n\t\t\t\r\n\r\n\t\t\t\r\n\t\t\t\t\t\t\t<span class=\"show-quickly\" data-prodid=\"10822\" style=\"font-size:11px; cursor: pointer;\">Quick View<\/span>\r\n\t\t\t\t\t<\/div>\r\n\r\n\t\t\r\n\t\t\t\t\t<h3 class=\"product-name\"><a href=\"https:\/\/emquies-holstein.com\/de\/product\/3-in-eins-mattes-sterlingsilber-model-1\/\">3-in- eins- mattes Sterlingsilber, Model 1<\/a><\/h3>\r\n\t\t\r\n\t\t\r\n\r\n\t\t\r\n\r\n\t\t<div class=\"product-excerpt\">\r\n\t\t\tRing (Model 1) aus mattem Sterlingsilber\r\n\r\nMa\u00dfe: ca. 32 x 46 mm\r\n\r\nGewicht: ca. 35 g.\r\n\r\nWahlweise Gr\u00f6\u00dfen von 53 (\u00d8 17mm), 56 (\u00d8 18mm) und 64 (\u00d8 20,5 mm)\r\n\r\nWahlweise folgende Oberfl\u00e4chen: matt, blank poliert, schwarz oxidiert oder wie auf dem Bild vergoldet mit 24 Karat Gold.\r\n\r\nLieferung: 15 Arbeitstage\r\n\r\nBitte beachten Sie: Alle Oberfl\u00e4che nutzen bei Gebrauch ab.\t\t<\/div>\r\n\r\n\t\t<div class=\"add-to-container\">\r\n\r\n\t\t\t\n\t<span class=\"price\"><span class=\"woocommerce-Price-amount amount\"><bdi><span class=\"woocommerce-Price-currencySymbol\">&euro;<\/span>730<\/bdi><\/span><\/span>\n\r\n\t        <a href=\"\/de\/wp-json\/wp\/v2\/pages\/9598?add-to-cart=10822\" data-product_id=\"10822\" data-product_sku=\"0801-3M\" class=\"add_to_cart_button button etheme_add_to_cart_button ajax_add_to_cart  product_type_simple\" data-product_id=\"10822\" data-product_sku=\"0801-3M\" aria-label=\"In den Warenkorb legen: \u201e3-in- eins- mattes Sterlingsilber, Model 1\u201c\" rel=\"nofollow\" data-success_message=\"\u201e3-in- eins- mattes Sterlingsilber, Model 1\u201c wurde deinem Warenkorb hinzugef\u00fcgt\" role=\"button\">In den Warenkorb<\/a>        <\/div>\r\n\r\n\r\n\r\n\t\t\t<div class=\"clear\"><\/div>\r\n<\/div><div class=\"first product type-product post-10803 status-publish instock product_cat-3-in-one-de product_cat-ring-de product_cat-silber has-post-thumbnail shipping-taxable purchasable product-type-variable\">\r\n\r\n\t\r\n\t\t\t\t\t\t<div class=\"product-image-wrapper hover-effect-slider\">\r\n\t\t\t\r\n\t        \r\n\t\t\t\t\t\t\t\r\n\t\t\t\t<a id=\"https:\/\/emquies-holstein.com\/wp-content\/uploads\/2016\/08\/M\u00f8rks\u00f8lv01-copy-Custom-600x600.jpg\" href=\"https:\/\/emquies-holstein.com\/de\/product\/3-in-eins-schwarz-oxidiertes-sterlingsilber-model-2\/\" class=\"product-content-image imageSlider\" data-images-list=\"https:\/\/emquies-holstein.com\/wp-content\/uploads\/2016\/08\/M\u00f8rks\u00f8lv01-copy-Custom.jpg, https:\/\/emquies-holstein.com\/wp-content\/uploads\/2016\/08\/tre_i_en-copy-Custom.jpg, https:\/\/emquies-holstein.com\/wp-content\/uploads\/2016\/08\/M\u00f8rks\u00f8lv02-copy-Custom.jpg, https:\/\/emquies-holstein.com\/wp-content\/uploads\/2016\/08\/H\u00e5nd04-kvadrat-Custom.jpg, https:\/\/emquies-holstein.com\/wp-content\/uploads\/2016\/11\/emballage-Medium.jpg\">\r\n\t\t\t\t\t<img loading=\"lazy\" decoding=\"async\" width=\"822\" height=\"822\" src=\"https:\/\/emquies-holstein.com\/wp-content\/uploads\/2016\/08\/M\u00f8rks\u00f8lv01-copy-Custom.jpg\" class=\"main-image\" alt=\"\" srcset=\"https:\/\/emquies-holstein.com\/wp-content\/uploads\/2016\/08\/M\u00f8rks\u00f8lv01-copy-Custom.jpg 822w, https:\/\/emquies-holstein.com\/wp-content\/uploads\/2016\/08\/M\u00f8rks\u00f8lv01-copy-Custom-300x300.jpg 300w, https:\/\/emquies-holstein.com\/wp-content\/uploads\/2016\/08\/M\u00f8rks\u00f8lv01-copy-Custom-100x100.jpg 100w, https:\/\/emquies-holstein.com\/wp-content\/uploads\/2016\/08\/M\u00f8rks\u00f8lv01-copy-Custom-600x600.jpg 600w\" sizes=\"auto, (max-width: 822px) 100vw, 822px\" \/>\r\n\t\t\t\t<\/a>\r\n\t\t\t\r\n\r\n\t\t\t\r\n\t\t\t\t\t\t\t<span class=\"show-quickly\" data-prodid=\"10803\" style=\"font-size:11px; cursor: pointer;\">Quick View<\/span>\r\n\t\t\t\t\t<\/div>\r\n\r\n\t\t\r\n\t\t\t\t\t<h3 class=\"product-name\"><a href=\"https:\/\/emquies-holstein.com\/de\/product\/3-in-eins-schwarz-oxidiertes-sterlingsilber-model-2\/\">3-in- eins- schwarz oxidiertes Sterlingsilber, Model 2<\/a><\/h3>\r\n\t\t\r\n\t\t\r\n\r\n\t\t\r\n\r\n\t\t<div class=\"product-excerpt\">\r\n\t\t\tRing (Model 2) aus schwarz oxidiertem Sterlingsilber\r\n\r\nMa\u00dfe: ca. 32 x 46 mm\r\n\r\nGewicht: ca. 35 g.\r\n\r\nWahlweise Gr\u00f6\u00dfen von 53 (\u00d8 17mm), 56 (\u00d8 18mm) und 66 (\u00d8 22 mm)\r\n\r\nWahlweise folgende Oberfl\u00e4chen: matt, blank poliert, schwarz oxidiert oder wie auf dem Bild vergoldet mit 24 Karat Gold.\r\n\r\nLieferung: 15 Arbeitstage\r\n\r\nBitte beachten Sie: Alle Oberfl\u00e4che nutzen bei Gebrauch ab.\t\t<\/div>\r\n\r\n\t\t<div class=\"add-to-container\">\r\n\r\n\t\t\t\n\t<span class=\"price\"><span class=\"woocommerce-Price-amount amount\"><bdi><span class=\"woocommerce-Price-currencySymbol\">&euro;<\/span>730<\/bdi><\/span><\/span>\n\r\n\t        <a href=\"https:\/\/emquies-holstein.com\/de\/product\/3-in-eins-schwarz-oxidiertes-sterlingsilber-model-2\/\" data-product_id=\"10803\" data-product_sku=\"0802-3x\" class=\"add_to_cart_button button  product_type_variable\" data-product_id=\"10803\" data-product_sku=\"0802-3x\" aria-label=\"W\u00e4hle Optionen f\u00fcr \u201e3-in- eins- schwarz oxidiertes Sterlingsilber, Model 2\u201c\" rel=\"nofollow\">Ausf\u00fchrung w\u00e4hlen<\/a>        <\/div>\r\n\r\n\r\n\r\n\t\t\t<div class=\"clear\"><\/div>\r\n<\/div><div class=\"product type-product post-10817 status-publish last instock product_cat-3-in-one-de product_cat-ring-de product_cat-silber has-post-thumbnail featured shipping-taxable purchasable product-type-variable\">\r\n\r\n\t\r\n\t\t\t\t\t\t<div class=\"product-image-wrapper hover-effect-slider\">\r\n\t\t\t\r\n\t        \r\n\t\t\t\t\t\t\t\r\n\t\t\t\t<a id=\"https:\/\/emquies-holstein.com\/wp-content\/uploads\/2016\/07\/Blanks\u00f8lv01-copy-Custom-2-600x600.jpg\" href=\"https:\/\/emquies-holstein.com\/de\/product\/3-in-eins-blank-poliertes-sterlingsilber-model-1\/\" class=\"product-content-image imageSlider\" data-images-list=\"https:\/\/emquies-holstein.com\/wp-content\/uploads\/2016\/07\/Blanks\u00f8lv01-copy-Custom-2.jpg, https:\/\/emquies-holstein.com\/wp-content\/uploads\/2016\/07\/Mats\u00f8lv02-copy-Custom-12.jpg, https:\/\/emquies-holstein.com\/wp-content\/uploads\/2016\/07\/Mats\u00f8lv01-copy-Custom-12.jpg, https:\/\/emquies-holstein.com\/wp-content\/uploads\/2016\/11\/emballage-Medium.jpg\">\r\n\t\t\t\t\t<img loading=\"lazy\" decoding=\"async\" width=\"822\" height=\"822\" src=\"https:\/\/emquies-holstein.com\/wp-content\/uploads\/2016\/07\/Blanks\u00f8lv01-copy-Custom-2.jpg\" class=\"main-image\" alt=\"\" srcset=\"https:\/\/emquies-holstein.com\/wp-content\/uploads\/2016\/07\/Blanks\u00f8lv01-copy-Custom-2.jpg 822w, https:\/\/emquies-holstein.com\/wp-content\/uploads\/2016\/07\/Blanks\u00f8lv01-copy-Custom-2-300x300.jpg 300w, https:\/\/emquies-holstein.com\/wp-content\/uploads\/2016\/07\/Blanks\u00f8lv01-copy-Custom-2-100x100.jpg 100w, https:\/\/emquies-holstein.com\/wp-content\/uploads\/2016\/07\/Blanks\u00f8lv01-copy-Custom-2-600x600.jpg 600w\" sizes=\"auto, (max-width: 822px) 100vw, 822px\" \/>\r\n\t\t\t\t<\/a>\r\n\t\t\t\r\n\r\n\t\t\t\r\n\t\t\t\t\t\t\t<span class=\"show-quickly\" data-prodid=\"10817\" style=\"font-size:11px; cursor: pointer;\">Quick View<\/span>\r\n\t\t\t\t\t<\/div>\r\n\r\n\t\t\r\n\t\t\t\t\t<h3 class=\"product-name\"><a href=\"https:\/\/emquies-holstein.com\/de\/product\/3-in-eins-blank-poliertes-sterlingsilber-model-1\/\">3-in- eins- blank poliertes Sterlingsilber, Model 1<\/a><\/h3>\r\n\t\t\r\n\t\t\r\n\r\n\t\t\r\n\r\n\t\t<div class=\"product-excerpt\">\r\n\t\t\tRing (Model 1) aus blank poliertem Sterlingsilber\r\n\r\nMa\u00dfe: ca. 32 x 46 mm\r\n\r\nGewicht: ca. 35 g.\r\n\r\nWahlweise Gr\u00f6\u00dfen von 53 (\u00d8 17mm), 56 (\u00d8 18mm) und 66 (\u00d8 22 mm)\r\n\r\nWahlweise folgende Oberfl\u00e4chen: matt, blank poliert, schwarz oxidiert oder wie auf dem Bild vergoldet mit 24 Karat Gold.\r\n\r\nLieferung: 15 Arbeitstage\r\n\r\nBitte beachten Sie: Alle Oberfl\u00e4che nutzen bei Gebrauch ab.\t\t<\/div>\r\n\r\n\t\t<div class=\"add-to-container\">\r\n\r\n\t\t\t\n\t<span class=\"price\"><span class=\"woocommerce-Price-amount amount\"><bdi><span class=\"woocommerce-Price-currencySymbol\">&euro;<\/span>730<\/bdi><\/span><\/span>\n\r\n\t        <a href=\"https:\/\/emquies-holstein.com\/de\/product\/3-in-eins-blank-poliertes-sterlingsilber-model-1\/\" data-product_id=\"10817\" data-product_sku=\"0801-3P\" class=\"add_to_cart_button button  product_type_variable\" data-product_id=\"10817\" data-product_sku=\"0801-3P\" aria-label=\"W\u00e4hle Optionen f\u00fcr \u201e3-in- eins- blank poliertes Sterlingsilber, Model 1\u201c\" rel=\"nofollow\">Ausf\u00fchrung w\u00e4hlen<\/a>        <\/div>\r\n\r\n\r\n\r\n\t\t\t<div class=\"clear\"><\/div>\r\n<\/div><\/div><\/div>[\/vc_column][\/vc_row]<\/p>\n<\/div>","protected":false},"excerpt":{"rendered":"<p>[vc_row][vc_column width=&#8220;7\/12&#8243;][vc_single_image image=&#8220;7763&#8243; img_size=&#8220;full&#8220;][\/vc_column][vc_column width=&#8220;5\/12&#8243;][vc_custom_heading text=&#8220;3-in-one&#8220; font_container=&#8220;tag:h2|font_size:32px|text_align:left|line_height:35px&#8220; use_theme_fonts=&#8220;yes&#8220; css=&#8220;.vc_custom_1485285187608{margin-top: 30px !important;}&#8220;][vc_column_text css=&#8220;.vc_custom_1485285177681{margin-top: -10px !important;}&#8220;]Das 3-\u00a0in-Einem Design ist klar und plastisch. Den Ring gibt es in drei Varianten. Jeder Ring hat drei unterschiedliche Ringgr\u00f6\u00dfen, abh\u00e4ngig davon, an welchem Finger und in welchen Winkel Sie ihn tragen m\u00f6chten. So passt der organische&#8230;<\/p>\n","protected":false},"author":1,"featured_media":0,"parent":0,"menu_order":0,"comment_status":"closed","ping_status":"closed","template":"","meta":{"_acf_changed":false,"footnotes":""},"class_list":["post-9598","page","type-page","status-publish","hentry"],"acf":[],"yoast_head":"<!-- This site is optimized with the Yoast SEO plugin v27.5 - https:\/\/yoast.com\/product\/yoast-seo-wordpress\/ -->\n<title>Kollektion_3-i-\u00e9n - emquies-holstein<\/title>\n<meta name=\"robots\" content=\"index, follow, max-snippet:-1, max-image-preview:large, max-video-preview:-1\" \/>\n<link rel=\"canonical\" href=\"https:\/\/emquies-holstein.com\/kollektion_3-i-en\/?lang=de\" \/>\n<meta property=\"og:locale\" content=\"de_DE\" \/>\n<meta property=\"og:type\" content=\"article\" \/>\n<meta property=\"og:title\" content=\"Kollektion_3-i-\u00e9n - emquies-holstein\" \/>\n<meta property=\"og:description\" content=\"[vc_row][vc_column width=&#8220;7\/12&#8243;][vc_single_image image=&#8220;7763&#8243; img_size=&#8220;full&#8220;][\/vc_column][vc_column width=&#8220;5\/12&#8243;][vc_custom_heading text=&#8220;3-in-one&#8220; font_container=&#8220;tag:h2|font_size:32px|text_align:left|line_height:35px&#8220; use_theme_fonts=&#8220;yes&#8220; css=&#8220;.vc_custom_1485285187608{margin-top: 30px !important;}&#8220;][vc_column_text css=&#8220;.vc_custom_1485285177681{margin-top: -10px !important;}&#8220;]Das 3-\u00a0in-Einem Design ist klar und plastisch. Den Ring gibt es in drei Varianten. Jeder Ring hat drei unterschiedliche Ringgr\u00f6\u00dfen, abh\u00e4ngig davon, an welchem Finger und in welchen Winkel Sie ihn tragen m\u00f6chten. So passt der organische...\" \/>\n<meta property=\"og:url\" content=\"https:\/\/emquies-holstein.com\/kollektion_3-i-en\/?lang=de\" \/>\n<meta property=\"og:site_name\" content=\"emquies-holstein\" \/>\n<meta property=\"article:publisher\" content=\"https:\/\/da-dk.facebook.com\/emquiesholstein\/\" \/>\n<meta property=\"article:modified_time\" content=\"2017-01-24T19:13:19+00:00\" \/>\n<meta name=\"twitter:card\" content=\"summary_large_image\" \/>\n<meta name=\"twitter:label1\" content=\"Gesch\u00e4tzte Lesezeit\" \/>\n\t<meta name=\"twitter:data1\" content=\"1\u00a0Minute\" \/>\n<script type=\"application\/ld+json\" class=\"yoast-schema-graph\">{\"@context\":\"https:\\\/\\\/schema.org\",\"@graph\":[{\"@type\":\"WebPage\",\"@id\":\"https:\\\/\\\/emquies-holstein.com\\\/kollektion_3-i-en\\\/?lang=de\",\"url\":\"https:\\\/\\\/emquies-holstein.com\\\/kollektion_3-i-en\\\/?lang=de\",\"name\":\"Kollektion_3-i-\u00e9n - emquies-holstein\",\"isPartOf\":{\"@id\":\"https:\\\/\\\/emquies-holstein.com\\\/#website\"},\"datePublished\":\"2016-09-09T07:54:40+00:00\",\"dateModified\":\"2017-01-24T19:13:19+00:00\",\"breadcrumb\":{\"@id\":\"https:\\\/\\\/emquies-holstein.com\\\/kollektion_3-i-en\\\/?lang=de#breadcrumb\"},\"inLanguage\":\"de\",\"potentialAction\":[{\"@type\":\"ReadAction\",\"target\":[\"https:\\\/\\\/emquies-holstein.com\\\/kollektion_3-i-en\\\/?lang=de\"]}]},{\"@type\":\"BreadcrumbList\",\"@id\":\"https:\\\/\\\/emquies-holstein.com\\\/kollektion_3-i-en\\\/?lang=de#breadcrumb\",\"itemListElement\":[{\"@type\":\"ListItem\",\"position\":1,\"name\":\"Hjem\",\"item\":\"https:\\\/\\\/emquies-holstein.com\\\/de\\\/\"},{\"@type\":\"ListItem\",\"position\":2,\"name\":\"Kollektion_3-i-\u00e9n\"}]},{\"@type\":\"WebSite\",\"@id\":\"https:\\\/\\\/emquies-holstein.com\\\/#website\",\"url\":\"https:\\\/\\\/emquies-holstein.com\\\/\",\"name\":\"emquies-holstein\",\"description\":\"Just another WordPress site\",\"publisher\":{\"@id\":\"https:\\\/\\\/emquies-holstein.com\\\/#organization\"},\"potentialAction\":[{\"@type\":\"SearchAction\",\"target\":{\"@type\":\"EntryPoint\",\"urlTemplate\":\"https:\\\/\\\/emquies-holstein.com\\\/?s={search_term_string}\"},\"query-input\":{\"@type\":\"PropertyValueSpecification\",\"valueRequired\":true,\"valueName\":\"search_term_string\"}}],\"inLanguage\":\"de\"},{\"@type\":\"Organization\",\"@id\":\"https:\\\/\\\/emquies-holstein.com\\\/#organization\",\"name\":\"Emquies-Holstein\",\"url\":\"https:\\\/\\\/emquies-holstein.com\\\/\",\"logo\":{\"@type\":\"ImageObject\",\"inLanguage\":\"de\",\"@id\":\"https:\\\/\\\/emquies-holstein.com\\\/#\\\/schema\\\/logo\\\/image\\\/\",\"url\":\"https:\\\/\\\/emquies-holstein.com\\\/wp-content\\\/uploads\\\/2016\\\/07\\\/logo-1.png\",\"contentUrl\":\"https:\\\/\\\/emquies-holstein.com\\\/wp-content\\\/uploads\\\/2016\\\/07\\\/logo-1.png\",\"width\":300,\"height\":53,\"caption\":\"Emquies-Holstein\"},\"image\":{\"@id\":\"https:\\\/\\\/emquies-holstein.com\\\/#\\\/schema\\\/logo\\\/image\\\/\"},\"sameAs\":[\"https:\\\/\\\/da-dk.facebook.com\\\/emquiesholstein\\\/\",\"https:\\\/\\\/www.instagram.com\\\/emquiesholstein\\\/\",\"https:\\\/\\\/www.pinterest.dk\\\/emquiesholstein\\\/\"]}]}<\/script>\n<!-- \/ Yoast SEO plugin. -->","yoast_head_json":{"title":"Kollektion_3-i-\u00e9n - emquies-holstein","robots":{"index":"index","follow":"follow","max-snippet":"max-snippet:-1","max-image-preview":"max-image-preview:large","max-video-preview":"max-video-preview:-1"},"canonical":"https:\/\/emquies-holstein.com\/kollektion_3-i-en\/?lang=de","og_locale":"de_DE","og_type":"article","og_title":"Kollektion_3-i-\u00e9n - emquies-holstein","og_description":"[vc_row][vc_column width=&#8220;7\/12&#8243;][vc_single_image image=&#8220;7763&#8243; img_size=&#8220;full&#8220;][\/vc_column][vc_column width=&#8220;5\/12&#8243;][vc_custom_heading text=&#8220;3-in-one&#8220; font_container=&#8220;tag:h2|font_size:32px|text_align:left|line_height:35px&#8220; use_theme_fonts=&#8220;yes&#8220; css=&#8220;.vc_custom_1485285187608{margin-top: 30px !important;}&#8220;][vc_column_text css=&#8220;.vc_custom_1485285177681{margin-top: -10px !important;}&#8220;]Das 3-\u00a0in-Einem Design ist klar und plastisch. Den Ring gibt es in drei Varianten. Jeder Ring hat drei unterschiedliche Ringgr\u00f6\u00dfen, abh\u00e4ngig davon, an welchem Finger und in welchen Winkel Sie ihn tragen m\u00f6chten. So passt der organische...","og_url":"https:\/\/emquies-holstein.com\/kollektion_3-i-en\/?lang=de","og_site_name":"emquies-holstein","article_publisher":"https:\/\/da-dk.facebook.com\/emquiesholstein\/","article_modified_time":"2017-01-24T19:13:19+00:00","twitter_card":"summary_large_image","twitter_misc":{"Gesch\u00e4tzte Lesezeit":"1\u00a0Minute"},"schema":{"@context":"https:\/\/schema.org","@graph":[{"@type":"WebPage","@id":"https:\/\/emquies-holstein.com\/kollektion_3-i-en\/?lang=de","url":"https:\/\/emquies-holstein.com\/kollektion_3-i-en\/?lang=de","name":"Kollektion_3-i-\u00e9n - emquies-holstein","isPartOf":{"@id":"https:\/\/emquies-holstein.com\/#website"},"datePublished":"2016-09-09T07:54:40+00:00","dateModified":"2017-01-24T19:13:19+00:00","breadcrumb":{"@id":"https:\/\/emquies-holstein.com\/kollektion_3-i-en\/?lang=de#breadcrumb"},"inLanguage":"de","potentialAction":[{"@type":"ReadAction","target":["https:\/\/emquies-holstein.com\/kollektion_3-i-en\/?lang=de"]}]},{"@type":"BreadcrumbList","@id":"https:\/\/emquies-holstein.com\/kollektion_3-i-en\/?lang=de#breadcrumb","itemListElement":[{"@type":"ListItem","position":1,"name":"Hjem","item":"https:\/\/emquies-holstein.com\/de\/"},{"@type":"ListItem","position":2,"name":"Kollektion_3-i-\u00e9n"}]},{"@type":"WebSite","@id":"https:\/\/emquies-holstein.com\/#website","url":"https:\/\/emquies-holstein.com\/","name":"emquies-holstein","description":"Just another WordPress site","publisher":{"@id":"https:\/\/emquies-holstein.com\/#organization"},"potentialAction":[{"@type":"SearchAction","target":{"@type":"EntryPoint","urlTemplate":"https:\/\/emquies-holstein.com\/?s={search_term_string}"},"query-input":{"@type":"PropertyValueSpecification","valueRequired":true,"valueName":"search_term_string"}}],"inLanguage":"de"},{"@type":"Organization","@id":"https:\/\/emquies-holstein.com\/#organization","name":"Emquies-Holstein","url":"https:\/\/emquies-holstein.com\/","logo":{"@type":"ImageObject","inLanguage":"de","@id":"https:\/\/emquies-holstein.com\/#\/schema\/logo\/image\/","url":"https:\/\/emquies-holstein.com\/wp-content\/uploads\/2016\/07\/logo-1.png","contentUrl":"https:\/\/emquies-holstein.com\/wp-content\/uploads\/2016\/07\/logo-1.png","width":300,"height":53,"caption":"Emquies-Holstein"},"image":{"@id":"https:\/\/emquies-holstein.com\/#\/schema\/logo\/image\/"},"sameAs":["https:\/\/da-dk.facebook.com\/emquiesholstein\/","https:\/\/www.instagram.com\/emquiesholstein\/","https:\/\/www.pinterest.dk\/emquiesholstein\/"]}]}},"_links":{"self":[{"href":"https:\/\/emquies-holstein.com\/de\/wp-json\/wp\/v2\/pages\/9598","targetHints":{"allow":["GET"]}}],"collection":[{"href":"https:\/\/emquies-holstein.com\/de\/wp-json\/wp\/v2\/pages"}],"about":[{"href":"https:\/\/emquies-holstein.com\/de\/wp-json\/wp\/v2\/types\/page"}],"author":[{"embeddable":true,"href":"https:\/\/emquies-holstein.com\/de\/wp-json\/wp\/v2\/users\/1"}],"replies":[{"embeddable":true,"href":"https:\/\/emquies-holstein.com\/de\/wp-json\/wp\/v2\/comments?post=9598"}],"version-history":[{"count":3,"href":"https:\/\/emquies-holstein.com\/de\/wp-json\/wp\/v2\/pages\/9598\/revisions"}],"predecessor-version":[{"id":9803,"href":"https:\/\/emquies-holstein.com\/de\/wp-json\/wp\/v2\/pages\/9598\/revisions\/9803"}],"wp:attachment":[{"href":"https:\/\/emquies-holstein.com\/de\/wp-json\/wp\/v2\/media?parent=9598"}],"curies":[{"name":"wp","href":"https:\/\/api.w.org\/{rel}","templated":true}]}}