
























































{"id":9689,"date":"2016-09-09T07:55:51","date_gmt":"2016-09-09T07:55:51","guid":{"rendered":"https:\/\/emquies-holstein.com\/kollektion_whole\/?lang=de"},"modified":"2017-07-18T15:22:15","modified_gmt":"2017-07-18T15:22:15","slug":"kollektion_whole","status":"publish","type":"page","link":"https:\/\/emquies-holstein.com\/de\/kollektion_whole\/","title":{"rendered":"Kollektion_whole"},"content":{"rendered":"<div class=\"wpb-content-wrapper\"><p>[vc_row][vc_column width=&#8220;7\/12&#8243;][vc_single_image image=&#8220;7766&#8243; img_size=&#8220;full&#8220;][\/vc_column][vc_column width=&#8220;5\/12&#8243;][vc_custom_heading text=&#8220;Whole &#8220; font_container=&#8220;tag:h2|font_size:32px|text_align:left|line_height:35px&#8220; use_theme_fonts=&#8220;yes&#8220; css=&#8220;.vc_custom_1485285283167{margin-top: 30px !important;}&#8220;][vc_column_text css=&#8220;.vc_custom_1500391331045{margin-top: -10px !important;}&#8220;]Die Kollektion Whole ist aus dem Gedanken Albert Einsteins heraus entstanden, nachdem wir alle Teil eines gro\u00dfen Ganzen mit gegenseitiger Verantwortung f\u00fcreinander sind. Die runden Formen eines jeden Schmuckst\u00fccks sind ein Symbol f\u00fcr das einzigartige Vollkommene aller Dinge im Leben. Sie ist eine universelle Botschaft globaler Anteilnahme.<\/p>\n<p><em>\u201cDer Mensch ist ein Teil eines Ganzen, das wir Universum nennen, ein in Zeit und Raum begrenzter Teil. Er erf\u00e4hrt sich selbst, seine Gedanken und seine Gef\u00fchle als etwas Trennendes von dem Rest&#8230;. eine Art optische T\u00e4uschung des Bewussteins. Diese T\u00e4uschung ist eine Art Gef\u00e4ngnis, das uns beschr\u00e4nkt auf unsere pers\u00f6nlichen W\u00fcnsche und die Zuneigung f\u00fcr einige wenige Menschen, die uns nahe stehen. Unsere Aufgabe muss es sein, uns aus diesem Gef\u00e4ngnis zu befreien indem wir den Kreis des Mitegf\u00fchls erweitern und alle lebenden Kreaturen und die Sch\u00f6nheit der ganzen Natur umarmen.&#8220;<\/em><\/p>\n<p>ALBERT EINSTEIN[\/vc_column_text][\/vc_column][\/vc_row][vc_row][vc_column][vc_separator][\/vc_column][\/vc_row][vc_row][vc_column]<div class=\"woocommerce columns-4 \"><div class=\"product-loop products-grid product-count-4\">\r\n<div class=\"first product type-product post-10824 status-publish instock product_cat-vedhaeng-de product_cat-kaede-de product_cat-whole-de has-post-thumbnail featured shipping-taxable purchasable product-type-simple\">\r\n\r\n\t\r\n\t\t\t\t\t\t<div class=\"product-image-wrapper hover-effect-slider\">\r\n\t\t\t\r\n\t        \r\n\t\t\t\t\t\t\t\r\n\t\t\t\t<a id=\"https:\/\/emquies-holstein.com\/wp-content\/uploads\/2016\/07\/Whole-ring-vedh\u00e6ng-i-18kt-i-50cm-s\u00f8lv-k\u00e6de-2275-kr-Medium2-3-600x600.jpg\" href=\"https:\/\/emquies-holstein.com\/de\/product\/whole-anhaenger-18-karat-gold-mit-kette-aus-silber\/\" class=\"product-content-image imageSlider\" data-images-list=\"https:\/\/emquies-holstein.com\/wp-content\/uploads\/2016\/07\/Whole-ring-vedh\u00e6ng-i-18kt-i-50cm-s\u00f8lv-k\u00e6de-2275-kr-Medium2-3.jpg, https:\/\/emquies-holstein.com\/wp-content\/uploads\/2016\/11\/emballage-Medium.jpg\">\r\n\t\t\t\t\t<img loading=\"lazy\" decoding=\"async\" width=\"600\" height=\"600\" src=\"https:\/\/emquies-holstein.com\/wp-content\/uploads\/2016\/07\/Whole-ring-vedh\u00e6ng-i-18kt-i-50cm-s\u00f8lv-k\u00e6de-2275-kr-Medium2-3.jpg\" class=\"main-image\" alt=\"\" srcset=\"https:\/\/emquies-holstein.com\/wp-content\/uploads\/2016\/07\/Whole-ring-vedh\u00e6ng-i-18kt-i-50cm-s\u00f8lv-k\u00e6de-2275-kr-Medium2-3.jpg 600w, https:\/\/emquies-holstein.com\/wp-content\/uploads\/2016\/07\/Whole-ring-vedh\u00e6ng-i-18kt-i-50cm-s\u00f8lv-k\u00e6de-2275-kr-Medium2-3-300x300.jpg 300w, https:\/\/emquies-holstein.com\/wp-content\/uploads\/2016\/07\/Whole-ring-vedh\u00e6ng-i-18kt-i-50cm-s\u00f8lv-k\u00e6de-2275-kr-Medium2-3-100x100.jpg 100w\" sizes=\"auto, (max-width: 600px) 100vw, 600px\" \/>\r\n\t\t\t\t<\/a>\r\n\t\t\t\r\n\r\n\t\t\t\r\n\t\t\t\t\t\t\t<span class=\"show-quickly\" data-prodid=\"10824\" style=\"font-size:11px; cursor: pointer;\">Quick View<\/span>\r\n\t\t\t\t\t<\/div>\r\n\r\n\t\t\r\n\t\t\t\t\t<h3 class=\"product-name\"><a href=\"https:\/\/emquies-holstein.com\/de\/product\/whole-anhaenger-18-karat-gold-mit-kette-aus-silber\/\">Whole Anh\u00e4nger- 18 Karat Gold mit Kette aus Silber<\/a><\/h3>\r\n\t\t\r\n\t\t\r\n\r\n\t\t\r\n\r\n\t\t<div class=\"product-excerpt\">\r\n\t\t\tAnh\u00e4nger aus 18 Karat Gold mit Kette aus Silber\r\n\r\nMa\u00dfe: 14 mm Durchmesser\r\n\r\nL\u00e4nge der Kette: 50 cm\r\n\r\nLieferung: 2-5 Arbeitstage\t\t<\/div>\r\n\r\n\t\t<div class=\"add-to-container\">\r\n\r\n\t\t\t\n\t<span class=\"price\"><span class=\"woocommerce-Price-amount amount\"><bdi><span class=\"woocommerce-Price-currencySymbol\">&euro;<\/span>590<\/bdi><\/span><\/span>\n\r\n\t        <a href=\"\/de\/wp-json\/wp\/v2\/pages\/9689?add-to-cart=10824\" data-product_id=\"10824\" data-product_sku=\"0601-4\" class=\"add_to_cart_button button etheme_add_to_cart_button ajax_add_to_cart  product_type_simple\" data-product_id=\"10824\" data-product_sku=\"0601-4\" aria-label=\"In den Warenkorb legen: \u201eWhole Anh\u00e4nger- 18 Karat Gold mit Kette aus Silber\u201c\" rel=\"nofollow\" data-success_message=\"\u201eWhole Anh\u00e4nger- 18 Karat Gold mit Kette aus Silber\u201c wurde deinem Warenkorb hinzugef\u00fcgt\" role=\"button\">In den Warenkorb<\/a>        <\/div>\r\n\r\n\r\n\r\n\t\t\t<div class=\"clear\"><\/div>\r\n<\/div><div class=\"product type-product post-10823 status-publish last instock product_cat-brosche-de product_cat-whole-de has-post-thumbnail featured shipping-taxable purchasable product-type-simple\">\r\n\r\n\t\r\n\t\t\t\t\t\t<div class=\"product-image-wrapper hover-effect-slider\">\r\n\t\t\t\r\n\t        \r\n\t\t\t\t\t\t\t\r\n\t\t\t\t<a id=\"https:\/\/emquies-holstein.com\/wp-content\/uploads\/2016\/08\/wholebroche-guld-Custom-600x600.jpg\" href=\"https:\/\/emquies-holstein.com\/de\/product\/whole-anstecknadelbrosche-18-karat-gold\/\" class=\"product-content-image imageSlider\" data-images-list=\"https:\/\/emquies-holstein.com\/wp-content\/uploads\/2016\/08\/wholebroche-guld-Custom.jpg, https:\/\/emquies-holstein.com\/wp-content\/uploads\/2016\/11\/emballage-Medium.jpg\">\r\n\t\t\t\t\t<img loading=\"lazy\" decoding=\"async\" width=\"822\" height=\"822\" src=\"https:\/\/emquies-holstein.com\/wp-content\/uploads\/2016\/08\/wholebroche-guld-Custom.jpg\" class=\"main-image\" alt=\"\" srcset=\"https:\/\/emquies-holstein.com\/wp-content\/uploads\/2016\/08\/wholebroche-guld-Custom.jpg 822w, https:\/\/emquies-holstein.com\/wp-content\/uploads\/2016\/08\/wholebroche-guld-Custom-300x300.jpg 300w, https:\/\/emquies-holstein.com\/wp-content\/uploads\/2016\/08\/wholebroche-guld-Custom-100x100.jpg 100w, https:\/\/emquies-holstein.com\/wp-content\/uploads\/2016\/08\/wholebroche-guld-Custom-600x600.jpg 600w\" sizes=\"auto, (max-width: 822px) 100vw, 822px\" \/>\r\n\t\t\t\t<\/a>\r\n\t\t\t\r\n\r\n\t\t\t\r\n\t\t\t\t\t\t\t<span class=\"show-quickly\" data-prodid=\"10823\" style=\"font-size:11px; cursor: pointer;\">Quick View<\/span>\r\n\t\t\t\t\t<\/div>\r\n\r\n\t\t\r\n\t\t\t\t\t<h3 class=\"product-name\"><a href=\"https:\/\/emquies-holstein.com\/de\/product\/whole-anstecknadelbrosche-18-karat-gold\/\">Whole- Anstecknadel\/Brosche- 18 Karat Gold<\/a><\/h3>\r\n\t\t\r\n\t\t\r\n\r\n\t\t\r\n\r\n\t\t<div class=\"product-excerpt\">\r\n\t\t\tAnstecknadel\/Brosche aus 18 Karat Gold\r\n\r\nMa\u00dfe: ca. 14 mm Durchmesser mit Schloss\t\t<\/div>\r\n\r\n\t\t<div class=\"add-to-container\">\r\n\r\n\t\t\t\n\t<span class=\"price\"><span class=\"woocommerce-Price-amount amount\"><bdi><span class=\"woocommerce-Price-currencySymbol\">&euro;<\/span>590<\/bdi><\/span><\/span>\n\r\n\t        <a href=\"\/de\/wp-json\/wp\/v2\/pages\/9689?add-to-cart=10823\" data-product_id=\"10823\" data-product_sku=\"0602-4\" class=\"add_to_cart_button button etheme_add_to_cart_button ajax_add_to_cart  product_type_simple\" data-product_id=\"10823\" data-product_sku=\"0602-4\" aria-label=\"In den Warenkorb legen: \u201eWhole- Anstecknadel\/Brosche- 18 Karat Gold\u201c\" rel=\"nofollow\" data-success_message=\"\u201eWhole- Anstecknadel\/Brosche- 18 Karat Gold\u201c wurde deinem Warenkorb hinzugef\u00fcgt\" role=\"button\">In den Warenkorb<\/a>        <\/div>\r\n\r\n\r\n\r\n\t\t\t<div class=\"clear\"><\/div>\r\n<\/div><div class=\"first product type-product post-10825 status-publish instock product_cat-armring-de product_cat-silber product_cat-whole-de has-post-thumbnail featured shipping-taxable purchasable product-type-variable\">\r\n\r\n\t\r\n\t\t\t\t\t\t<div class=\"product-image-wrapper hover-effect-slider\">\r\n\t\t\t\r\n\t        \r\n\t\t\t\t\t\t\t\r\n\t\t\t\t<a id=\"https:\/\/emquies-holstein.com\/wp-content\/uploads\/2016\/07\/wholearmb\u00e5nd-s\u00f8lv-Custom-2-600x600.jpg\" href=\"https:\/\/emquies-holstein.com\/de\/product\/whole-armreif-sterlingsilber-mit-18-karat-goldring\/\" class=\"product-content-image imageSlider\" data-images-list=\"https:\/\/emquies-holstein.com\/wp-content\/uploads\/2016\/07\/wholearmb\u00e5nd-s\u00f8lv-Custom-2.jpg, https:\/\/emquies-holstein.com\/wp-content\/uploads\/2016\/11\/emballage-Medium.jpg\">\r\n\t\t\t\t\t<img loading=\"lazy\" decoding=\"async\" width=\"822\" height=\"822\" src=\"https:\/\/emquies-holstein.com\/wp-content\/uploads\/2016\/07\/wholearmb\u00e5nd-s\u00f8lv-Custom-2.jpg\" class=\"main-image\" alt=\"\" srcset=\"https:\/\/emquies-holstein.com\/wp-content\/uploads\/2016\/07\/wholearmb\u00e5nd-s\u00f8lv-Custom-2.jpg 822w, https:\/\/emquies-holstein.com\/wp-content\/uploads\/2016\/07\/wholearmb\u00e5nd-s\u00f8lv-Custom-2-300x300.jpg 300w, https:\/\/emquies-holstein.com\/wp-content\/uploads\/2016\/07\/wholearmb\u00e5nd-s\u00f8lv-Custom-2-100x100.jpg 100w, https:\/\/emquies-holstein.com\/wp-content\/uploads\/2016\/07\/wholearmb\u00e5nd-s\u00f8lv-Custom-2-600x600.jpg 600w\" sizes=\"auto, (max-width: 822px) 100vw, 822px\" \/>\r\n\t\t\t\t<\/a>\r\n\t\t\t\r\n\r\n\t\t\t\r\n\t\t\t\t\t\t\t<span class=\"show-quickly\" data-prodid=\"10825\" style=\"font-size:11px; cursor: pointer;\">Quick View<\/span>\r\n\t\t\t\t\t<\/div>\r\n\r\n\t\t\r\n\t\t\t\t\t<h3 class=\"product-name\"><a href=\"https:\/\/emquies-holstein.com\/de\/product\/whole-armreif-sterlingsilber-mit-18-karat-goldring\/\">Whole Armreif- Sterlingsilber mit 18 Karat Goldring<\/a><\/h3>\r\n\t\t\r\n\t\t\r\n\r\n\t\t\r\n\r\n\t\t<div class=\"product-excerpt\">\r\n\t\t\tOvaler Armreif aus Sterlingsilber mit 18 Karat Goldring\r\n\r\nWahlweise Gr\u00f6\u00dfen von:\r\nKlein- ca. 56x66 mm\r\nMittel- ca. 60x70 mm\r\nGro\u00df- ca. 64x74 mm\r\n\r\nLieferung: 2-5 Arbeitstage\t\t<\/div>\r\n\r\n\t\t<div class=\"add-to-container\">\r\n\r\n\t\t\t\n\t<span class=\"price\"><span class=\"woocommerce-Price-amount amount\"><bdi><span class=\"woocommerce-Price-currencySymbol\">&euro;<\/span>630<\/bdi><\/span><\/span>\n\r\n\t        <a href=\"https:\/\/emquies-holstein.com\/de\/product\/whole-armreif-sterlingsilber-mit-18-karat-goldring\/\" data-product_id=\"10825\" data-product_sku=\"0603-3\" class=\"add_to_cart_button button  product_type_variable\" data-product_id=\"10825\" data-product_sku=\"0603-3\" aria-label=\"W\u00e4hle Optionen f\u00fcr \u201eWhole Armreif- Sterlingsilber mit 18 Karat Goldring\u201c\" rel=\"nofollow\">Ausf\u00fchrung w\u00e4hlen<\/a>        <\/div>\r\n\r\n\r\n\r\n\t\t\t<div class=\"clear\"><\/div>\r\n<\/div><\/div><\/div>[\/vc_column][\/vc_row]<\/p>\n<\/div>","protected":false},"excerpt":{"rendered":"<p>[vc_row][vc_column width=&#8220;7\/12&#8243;][vc_single_image image=&#8220;7766&#8243; img_size=&#8220;full&#8220;][\/vc_column][vc_column width=&#8220;5\/12&#8243;][vc_custom_heading text=&#8220;Whole &#8220; font_container=&#8220;tag:h2|font_size:32px|text_align:left|line_height:35px&#8220; use_theme_fonts=&#8220;yes&#8220; css=&#8220;.vc_custom_1485285283167{margin-top: 30px !important;}&#8220;][vc_column_text css=&#8220;.vc_custom_1500391331045{margin-top: -10px !important;}&#8220;]Die Kollektion Whole ist aus dem Gedanken Albert Einsteins heraus entstanden, nachdem wir alle Teil eines gro\u00dfen Ganzen mit gegenseitiger Verantwortung f\u00fcreinander sind. Die runden Formen eines jeden Schmuckst\u00fccks sind ein Symbol f\u00fcr das einzigartige Vollkommene&#8230;<\/p>\n","protected":false},"author":1,"featured_media":0,"parent":0,"menu_order":0,"comment_status":"closed","ping_status":"closed","template":"","meta":{"_acf_changed":false,"footnotes":""},"class_list":["post-9689","page","type-page","status-publish","hentry"],"acf":[],"yoast_head":"<!-- This site is optimized with the Yoast SEO plugin v27.4 - https:\/\/yoast.com\/product\/yoast-seo-wordpress\/ -->\n<title>Kollektion_whole - emquies-holstein<\/title>\n<meta name=\"robots\" content=\"index, follow, max-snippet:-1, max-image-preview:large, max-video-preview:-1\" \/>\n<link rel=\"canonical\" href=\"https:\/\/emquies-holstein.com\/kollektion_whole\/?lang=de\" \/>\n<meta property=\"og:locale\" content=\"de_DE\" \/>\n<meta property=\"og:type\" content=\"article\" \/>\n<meta property=\"og:title\" content=\"Kollektion_whole - emquies-holstein\" \/>\n<meta property=\"og:description\" content=\"[vc_row][vc_column width=&#8220;7\/12&#8243;][vc_single_image image=&#8220;7766&#8243; img_size=&#8220;full&#8220;][\/vc_column][vc_column width=&#8220;5\/12&#8243;][vc_custom_heading text=&#8220;Whole &#8220; font_container=&#8220;tag:h2|font_size:32px|text_align:left|line_height:35px&#8220; use_theme_fonts=&#8220;yes&#8220; css=&#8220;.vc_custom_1485285283167{margin-top: 30px !important;}&#8220;][vc_column_text css=&#8220;.vc_custom_1500391331045{margin-top: -10px !important;}&#8220;]Die Kollektion Whole ist aus dem Gedanken Albert Einsteins heraus entstanden, nachdem wir alle Teil eines gro\u00dfen Ganzen mit gegenseitiger Verantwortung f\u00fcreinander sind. Die runden Formen eines jeden Schmuckst\u00fccks sind ein Symbol f\u00fcr das einzigartige Vollkommene...\" \/>\n<meta property=\"og:url\" content=\"https:\/\/emquies-holstein.com\/kollektion_whole\/?lang=de\" \/>\n<meta property=\"og:site_name\" content=\"emquies-holstein\" \/>\n<meta property=\"article:publisher\" content=\"https:\/\/da-dk.facebook.com\/emquiesholstein\/\" \/>\n<meta property=\"article:modified_time\" content=\"2017-07-18T15:22:15+00:00\" \/>\n<meta name=\"twitter:card\" content=\"summary_large_image\" \/>\n<meta name=\"twitter:label1\" content=\"Gesch\u00e4tzte Lesezeit\" \/>\n\t<meta name=\"twitter:data1\" content=\"1\u00a0Minute\" \/>\n<script type=\"application\/ld+json\" class=\"yoast-schema-graph\">{\"@context\":\"https:\\\/\\\/schema.org\",\"@graph\":[{\"@type\":\"WebPage\",\"@id\":\"https:\\\/\\\/emquies-holstein.com\\\/kollektion_whole\\\/?lang=de\",\"url\":\"https:\\\/\\\/emquies-holstein.com\\\/kollektion_whole\\\/?lang=de\",\"name\":\"Kollektion_whole - emquies-holstein\",\"isPartOf\":{\"@id\":\"https:\\\/\\\/emquies-holstein.com\\\/#website\"},\"datePublished\":\"2016-09-09T07:55:51+00:00\",\"dateModified\":\"2017-07-18T15:22:15+00:00\",\"breadcrumb\":{\"@id\":\"https:\\\/\\\/emquies-holstein.com\\\/kollektion_whole\\\/?lang=de#breadcrumb\"},\"inLanguage\":\"de\",\"potentialAction\":[{\"@type\":\"ReadAction\",\"target\":[\"https:\\\/\\\/emquies-holstein.com\\\/kollektion_whole\\\/?lang=de\"]}]},{\"@type\":\"BreadcrumbList\",\"@id\":\"https:\\\/\\\/emquies-holstein.com\\\/kollektion_whole\\\/?lang=de#breadcrumb\",\"itemListElement\":[{\"@type\":\"ListItem\",\"position\":1,\"name\":\"Hjem\",\"item\":\"https:\\\/\\\/emquies-holstein.com\\\/de\\\/\"},{\"@type\":\"ListItem\",\"position\":2,\"name\":\"Kollektion_whole\"}]},{\"@type\":\"WebSite\",\"@id\":\"https:\\\/\\\/emquies-holstein.com\\\/#website\",\"url\":\"https:\\\/\\\/emquies-holstein.com\\\/\",\"name\":\"emquies-holstein\",\"description\":\"Just another WordPress site\",\"publisher\":{\"@id\":\"https:\\\/\\\/emquies-holstein.com\\\/#organization\"},\"potentialAction\":[{\"@type\":\"SearchAction\",\"target\":{\"@type\":\"EntryPoint\",\"urlTemplate\":\"https:\\\/\\\/emquies-holstein.com\\\/?s={search_term_string}\"},\"query-input\":{\"@type\":\"PropertyValueSpecification\",\"valueRequired\":true,\"valueName\":\"search_term_string\"}}],\"inLanguage\":\"de\"},{\"@type\":\"Organization\",\"@id\":\"https:\\\/\\\/emquies-holstein.com\\\/#organization\",\"name\":\"Emquies-Holstein\",\"url\":\"https:\\\/\\\/emquies-holstein.com\\\/\",\"logo\":{\"@type\":\"ImageObject\",\"inLanguage\":\"de\",\"@id\":\"https:\\\/\\\/emquies-holstein.com\\\/#\\\/schema\\\/logo\\\/image\\\/\",\"url\":\"https:\\\/\\\/emquies-holstein.com\\\/wp-content\\\/uploads\\\/2016\\\/07\\\/logo-1.png\",\"contentUrl\":\"https:\\\/\\\/emquies-holstein.com\\\/wp-content\\\/uploads\\\/2016\\\/07\\\/logo-1.png\",\"width\":300,\"height\":53,\"caption\":\"Emquies-Holstein\"},\"image\":{\"@id\":\"https:\\\/\\\/emquies-holstein.com\\\/#\\\/schema\\\/logo\\\/image\\\/\"},\"sameAs\":[\"https:\\\/\\\/da-dk.facebook.com\\\/emquiesholstein\\\/\",\"https:\\\/\\\/www.instagram.com\\\/emquiesholstein\\\/\",\"https:\\\/\\\/www.pinterest.dk\\\/emquiesholstein\\\/\"]}]}<\/script>\n<!-- \/ Yoast SEO plugin. -->","yoast_head_json":{"title":"Kollektion_whole - emquies-holstein","robots":{"index":"index","follow":"follow","max-snippet":"max-snippet:-1","max-image-preview":"max-image-preview:large","max-video-preview":"max-video-preview:-1"},"canonical":"https:\/\/emquies-holstein.com\/kollektion_whole\/?lang=de","og_locale":"de_DE","og_type":"article","og_title":"Kollektion_whole - emquies-holstein","og_description":"[vc_row][vc_column width=&#8220;7\/12&#8243;][vc_single_image image=&#8220;7766&#8243; img_size=&#8220;full&#8220;][\/vc_column][vc_column width=&#8220;5\/12&#8243;][vc_custom_heading text=&#8220;Whole &#8220; font_container=&#8220;tag:h2|font_size:32px|text_align:left|line_height:35px&#8220; use_theme_fonts=&#8220;yes&#8220; css=&#8220;.vc_custom_1485285283167{margin-top: 30px !important;}&#8220;][vc_column_text css=&#8220;.vc_custom_1500391331045{margin-top: -10px !important;}&#8220;]Die Kollektion Whole ist aus dem Gedanken Albert Einsteins heraus entstanden, nachdem wir alle Teil eines gro\u00dfen Ganzen mit gegenseitiger Verantwortung f\u00fcreinander sind. Die runden Formen eines jeden Schmuckst\u00fccks sind ein Symbol f\u00fcr das einzigartige Vollkommene...","og_url":"https:\/\/emquies-holstein.com\/kollektion_whole\/?lang=de","og_site_name":"emquies-holstein","article_publisher":"https:\/\/da-dk.facebook.com\/emquiesholstein\/","article_modified_time":"2017-07-18T15:22:15+00:00","twitter_card":"summary_large_image","twitter_misc":{"Gesch\u00e4tzte Lesezeit":"1\u00a0Minute"},"schema":{"@context":"https:\/\/schema.org","@graph":[{"@type":"WebPage","@id":"https:\/\/emquies-holstein.com\/kollektion_whole\/?lang=de","url":"https:\/\/emquies-holstein.com\/kollektion_whole\/?lang=de","name":"Kollektion_whole - emquies-holstein","isPartOf":{"@id":"https:\/\/emquies-holstein.com\/#website"},"datePublished":"2016-09-09T07:55:51+00:00","dateModified":"2017-07-18T15:22:15+00:00","breadcrumb":{"@id":"https:\/\/emquies-holstein.com\/kollektion_whole\/?lang=de#breadcrumb"},"inLanguage":"de","potentialAction":[{"@type":"ReadAction","target":["https:\/\/emquies-holstein.com\/kollektion_whole\/?lang=de"]}]},{"@type":"BreadcrumbList","@id":"https:\/\/emquies-holstein.com\/kollektion_whole\/?lang=de#breadcrumb","itemListElement":[{"@type":"ListItem","position":1,"name":"Hjem","item":"https:\/\/emquies-holstein.com\/de\/"},{"@type":"ListItem","position":2,"name":"Kollektion_whole"}]},{"@type":"WebSite","@id":"https:\/\/emquies-holstein.com\/#website","url":"https:\/\/emquies-holstein.com\/","name":"emquies-holstein","description":"Just another WordPress site","publisher":{"@id":"https:\/\/emquies-holstein.com\/#organization"},"potentialAction":[{"@type":"SearchAction","target":{"@type":"EntryPoint","urlTemplate":"https:\/\/emquies-holstein.com\/?s={search_term_string}"},"query-input":{"@type":"PropertyValueSpecification","valueRequired":true,"valueName":"search_term_string"}}],"inLanguage":"de"},{"@type":"Organization","@id":"https:\/\/emquies-holstein.com\/#organization","name":"Emquies-Holstein","url":"https:\/\/emquies-holstein.com\/","logo":{"@type":"ImageObject","inLanguage":"de","@id":"https:\/\/emquies-holstein.com\/#\/schema\/logo\/image\/","url":"https:\/\/emquies-holstein.com\/wp-content\/uploads\/2016\/07\/logo-1.png","contentUrl":"https:\/\/emquies-holstein.com\/wp-content\/uploads\/2016\/07\/logo-1.png","width":300,"height":53,"caption":"Emquies-Holstein"},"image":{"@id":"https:\/\/emquies-holstein.com\/#\/schema\/logo\/image\/"},"sameAs":["https:\/\/da-dk.facebook.com\/emquiesholstein\/","https:\/\/www.instagram.com\/emquiesholstein\/","https:\/\/www.pinterest.dk\/emquiesholstein\/"]}]}},"_links":{"self":[{"href":"https:\/\/emquies-holstein.com\/de\/wp-json\/wp\/v2\/pages\/9689","targetHints":{"allow":["GET"]}}],"collection":[{"href":"https:\/\/emquies-holstein.com\/de\/wp-json\/wp\/v2\/pages"}],"about":[{"href":"https:\/\/emquies-holstein.com\/de\/wp-json\/wp\/v2\/types\/page"}],"author":[{"embeddable":true,"href":"https:\/\/emquies-holstein.com\/de\/wp-json\/wp\/v2\/users\/1"}],"replies":[{"embeddable":true,"href":"https:\/\/emquies-holstein.com\/de\/wp-json\/wp\/v2\/comments?post=9689"}],"version-history":[{"count":3,"href":"https:\/\/emquies-holstein.com\/de\/wp-json\/wp\/v2\/pages\/9689\/revisions"}],"predecessor-version":[{"id":11396,"href":"https:\/\/emquies-holstein.com\/de\/wp-json\/wp\/v2\/pages\/9689\/revisions\/11396"}],"wp:attachment":[{"href":"https:\/\/emquies-holstein.com\/de\/wp-json\/wp\/v2\/media?parent=9689"}],"curies":[{"name":"wp","href":"https:\/\/api.w.org\/{rel}","templated":true}]}}