
























































{"id":9745,"date":"2016-08-23T07:08:26","date_gmt":"2016-08-23T07:08:26","guid":{"rendered":"https:\/\/emquies-holstein.com\/udstillinger\/?lang=de"},"modified":"2022-03-04T14:24:25","modified_gmt":"2022-03-04T14:24:25","slug":"udstillinger","status":"publish","type":"page","link":"https:\/\/emquies-holstein.com\/de\/udstillinger\/","title":{"rendered":"Udstillinger"},"content":{"rendered":"<div class=\"wpb-content-wrapper\"><p>[vc_row][vc_column width=&#8220;5\/12&#8243;][vc_custom_heading text=&#8220;&#8222;A Queen&#8217;s Jewellery Box&#8222;&#8220; font_container=&#8220;tag:h2|font_size:32px|text_align:left|line_height:35px&#8220; use_theme_fonts=&#8220;yes&#8220; css=&#8220;.vc_custom_1646403858854{margin-top: 30px !important;}&#8220;][vc_column_text css=&#8220;.vc_custom_1646395537787{margin-top: -10px !important;}&#8220;]<em>Schloss Amalienborg, Kopenhagen 2022<\/em>[\/vc_column_text][vc_column_text css=&#8220;.vc_custom_1646397121677{margin-top: -10px !important;}&#8220;]2020 wurde Emquies-Holstein vom Handwerkerverband und den Kopenhagener Z\u00fcnften beauftragt, ein Schmuckst\u00fcck f\u00fcr H.M. Die Queen im Zusammenhang mit ihrem 80. Geburtstag.<\/p>\n<p><a href=\"https:\/\/emquies-holstein.com\/de\/project\/a-queens-jewellery-box-2\/\">&gt; Weiterlesen<\/a>[\/vc_column_text][\/vc_column][vc_column width=&#8220;7\/12&#8243;][vc_single_image image=&#8220;19639&#8243; img_size=&#8220;full&#8220;][\/vc_column][\/vc_row][vc_row][vc_column width=&#8220;7\/12&#8243;][vc_single_image image=&#8220;9170&#8243; img_size=&#8220;full&#8220;][\/vc_column][vc_column width=&#8220;5\/12&#8243;][vc_custom_heading text=&#8220;Perlen, Royaler Glanz- Modernes Design&#8220; font_container=&#8220;tag:h2|font_size:32px|text_align:left|line_height:35px&#8220; use_theme_fonts=&#8220;yes&#8220; css=&#8220;.vc_custom_1485276927644{margin-top: 30px !important;}&#8220;][vc_column_text css=&#8220;.vc_custom_1485276971513{margin-top: -10px !important;}&#8220;]<em>Schloss Rosenborg, Kopenhagen 2012<\/em>[\/vc_column_text][vc_column_text css=&#8220;.vc_custom_1519059398333{margin-top: -10px !important;}&#8220;]Diana Holstein entschloss sich f\u00fcr diese Ausstellung die Perlenkette auf eine neue Ebene zu heben, indem sie ein Perlenschmuckst\u00fcck f\u00fcr das moderne Leben entwarf und nicht als konservative Nostalgie. So k\u00f6nnen Diana Holsteins Perlen in ganz unterschiedlicher Weise getragen und f\u00fcr ganz unterschiedliche Anl\u00e4sse des modernen Lebens genutzt werden: im Alltag, bei einer Cocktail Party oder bei einer Gala.<\/p>\n<p><a href=\"https:\/\/emquies-holstein.com\/project\/perler-kongelig-pragt-moderne-design\/?lang=de\">&gt; Weiterlesen<\/a>[\/vc_column_text][\/vc_column][\/vc_row][vc_row][vc_column width=&#8220;5\/12&#8243;][vc_custom_heading text=&#8220;Der Kunstverein des 14. August&#8220; font_container=&#8220;tag:h2|font_size:32px|text_align:left|line_height:35px&#8220; use_theme_fonts=&#8220;yes&#8220; css=&#8220;.vc_custom_1485277057027{margin-top: 30px !important;}&#8220;][vc_column_text css=&#8220;.vc_custom_1485277096797{margin-top: -10px !important;}&#8220;]<em>Design Museum D\u00e4nemark, Kopenhagen\u00a02006 &amp; 2012<\/em>[\/vc_column_text][vc_column_text css=&#8220;.vc_custom_1519059426310{margin-top: -10px !important;}&#8220;]Der Kunstverein des 14. August hat zwei Werke von Hanan Emquies gekauft. Im Jahr 2006 Lady Chocolate Ring aus 18 karat Gold und im Jahr 2012 einen 3-in-1 Ring aus poliertem Silber. Die Schmuckst\u00fccke wurden zusammen mit den anderen Zuk\u00e4ufen des Vereins im Design Museum D\u00e4nemark im Jahr 2006 und 2012 ausgestellt.<\/p>\n<p><a href=\"https:\/\/emquies-holstein.com\/project\/foreningen-af-14-august\/?lang=de\">&gt; Weiterlesen<\/a>[\/vc_column_text][\/vc_column][vc_column width=&#8220;7\/12&#8243;][vc_single_image image=&#8220;9167&#8243; img_size=&#8220;full&#8220;][\/vc_column][\/vc_row][vc_row][vc_column width=&#8220;7\/12&#8243;][vc_single_image image=&#8220;9164&#8243; img_size=&#8220;full&#8220;][\/vc_column][vc_column width=&#8220;5\/12&#8243;][vc_custom_heading text=&#8220;Tiara K\u00f6nigin des Schmucks, Schmuck der K\u00f6niginnen&#8220; font_container=&#8220;tag:h2|font_size:32px|text_align:left|line_height:35px&#8220; use_theme_fonts=&#8220;yes&#8220; css=&#8220;.vc_custom_1485277149697{margin-top: 30px !important;}&#8220;][vc_column_text css=&#8220;.vc_custom_1485277197715{margin-top: -10px !important;}&#8220;]<em>Schloss Amalienborg, Kopenhagen 2009<\/em>[\/vc_column_text][vc_column_text css=&#8220;.vc_custom_1519059460405{margin-top: -10px !important;}&#8220;]Diana Holstein wurde eingeladen, an der Ausstellung \u201eTiara K\u00f6nigin des Schmucks und Schmuck der K\u00f6niginnen\u201c im Amalienborg Museum teilzunehmen. Sie trug eine ihrer drei Kronen bei, die sie f\u00fcr ihre Abschlussarbeit an der Akademie der Edelmetallk\u00fcnste gemacht hatte. Mit dieser Ausstellung sollte die Tiara in ein zeitgen\u00f6ssisches Umfeld gestellt werden. Dazu wurden D\u00e4nemarks beste Goldschmiede und Schmuckdesigner eingeladen, um ihre moderne Interpretation der Tiara zu zeigen.<\/p>\n<p><a href=\"https:\/\/emquies-holstein.com\/project\/tiara-smykkets-dronning-dronningers-smykke\/?lang=de\">&gt; Weiterlesen<\/a>[\/vc_column_text][\/vc_column][\/vc_row][vc_row][vc_column width=&#8220;5\/12&#8243;][vc_custom_heading text=&#8220;Jubil\u00e4umsausstellung&#8220; font_container=&#8220;tag:h2|font_size:32px|text_align:left|line_height:35px&#8220; use_theme_fonts=&#8220;yes&#8220; css=&#8220;.vc_custom_1485277248132{margin-top: 30px !important;}&#8220;][vc_column_text css=&#8220;.vc_custom_1485277261570{margin-top: -10px !important;}&#8220;]<em>\u00a0Galerie Metal, Kopenhagen 2008<\/em>[\/vc_column_text][vc_column_text css=&#8220;.vc_custom_1519059493810{margin-top: -10px !important;}&#8220;]Zum Anlass des 30. Geburtstag der Galerie Metal kamen alle Mitglieder f\u00fcr eine Ausstellung zusammen. Hanan Emquies zeigte einen Ewigkeitsring und wurde von der Rektorin der Design Schule Kolding und der fr\u00fcheren Kultusministerin Elisabeth Gerner Nielsen gelobt: \u201eHanan Emquies Ewigkeitsring symbolisiert die Wahrnehmung von Liebe \u00fcber die Zeit. Beziehungen halten selten ein ganzes Leben. Wir leben in sequentieller Monogamie. Sein Design unterstreicht die Bedeutung der zwischenmenschlichen Beziehungen, die so wichting f\u00fcr den Menschen sind.&#8220;<\/p>\n<p><a href=\"https:\/\/emquies-holstein.com\/project\/jubilaeums-udstilling\/?lang=de\">&gt; Weiterlesen<\/a>[\/vc_column_text][\/vc_column][vc_column width=&#8220;7\/12&#8243;][vc_single_image image=&#8220;9161&#8243; img_size=&#8220;full&#8220;][\/vc_column][\/vc_row][vc_row][vc_column width=&#8220;7\/12&#8243;][vc_single_image image=&#8220;9158&#8243; img_size=&#8220;full&#8220;][\/vc_column][vc_column width=&#8220;5\/12&#8243;][vc_custom_heading text=&#8220;Kill your Darling&#8220; font_container=&#8220;tag:h2|font_size:32px|text_align:left|line_height:35px&#8220; use_theme_fonts=&#8220;yes&#8220; css=&#8220;.vc_custom_1479137878416{margin-top: 30px !important;}&#8220;][vc_column_text css=&#8220;.vc_custom_1485277465776{margin-top: -10px !important;}&#8220;]<em>Galerie Metal, Kopenhagen 2008<\/em>[\/vc_column_text][vc_column_text css=&#8220;.vc_custom_1519059523862{margin-top: -10px !important;}&#8220;]Hanan Emquies trat der Galerie Metal 2008 bei und die erste Ausstellung, an der er teilnahm, war \u201eKill your Darling\u201c. Die Aufgabe war ein Schmuckst\u00fcck auszuw\u00e4hlen- den Liebling-\u00a0 um es dann auseinanderzunehmen. Die L\u00f6sung dieser k\u00fcnstlerischen und \u00e4sthetischen Aufgabe, die diese Ausstellung bestimmte, enthielt viele Herausforderungen.<\/p>\n<p><a href=\"https:\/\/emquies-holstein.com\/project\/kill-your-darling\/?lang=de\">&gt; Weiterlesen<\/a>[\/vc_column_text][\/vc_column][\/vc_row][vc_row][vc_column width=&#8220;5\/12&#8243;][vc_custom_heading text=&#8220;Schulterschmuck&#8220; font_container=&#8220;tag:h2|font_size:32px|text_align:left|line_height:35px&#8220; use_theme_fonts=&#8220;yes&#8220; css=&#8220;.vc_custom_1485277575807{margin-top: 30px !important;}&#8220;][vc_column_text css=&#8220;.vc_custom_1485277588682{margin-top: -10px !important;}&#8220;]<em>Officinet, Kopenhagen 2007<\/em>[\/vc_column_text][vc_column_text css=&#8220;.vc_custom_1519059573811{margin-top: -10px !important;}&#8220;]Goldschmiedin Trine Neerso war eine enge Freundin und Kollegin, aber leider nicht f\u00fcr lange Zeit. Sie starb 2005 sehr jung, und hinterliess ihre Lieben und eine grosse L\u00fccke. Zu ihren Ehren und in ihrem Gedenken veranstaltete\u00a0 die Design Kollektive byUs, der Trine angeh\u00f6rte, eine Ausstellung im Officinet, f\u00fcr die Freunde und Kollegen Schmuckst\u00fccke f\u00fcr die Schulter gestalteten- dies war Trines bervorzugte Art und Weise Schmuck zu tragen.<\/p>\n<p><a href=\"https:\/\/emquies-holstein.com\/project\/skuldersmykke\/?lang=de\">&gt; Weiterlesen<\/a>[\/vc_column_text][\/vc_column][vc_column width=&#8220;7\/12&#8243;][vc_single_image image=&#8220;9155&#8243; img_size=&#8220;full&#8220;][\/vc_column][\/vc_row][vc_row][vc_column width=&#8220;7\/12&#8243;][vc_single_image image=&#8220;9152&#8243; img_size=&#8220;full&#8220;][\/vc_column][vc_column width=&#8220;5\/12&#8243;][vc_custom_heading text=&#8220;Classic Update&#8220; font_container=&#8220;tag:h2|font_size:32px|text_align:left|line_height:35px&#8220; use_theme_fonts=&#8220;yes&#8220; css=&#8220;.vc_custom_1485278157649{margin-top: 30px !important;}&#8220;][vc_column_text css=&#8220;.vc_custom_1485278055962{margin-top: -10px !important;}&#8220;]<em>byUs Ausstellung, 2007<\/em>[\/vc_column_text][vc_column_text css=&#8220;.vc_custom_1519059599450{margin-top: -10px !important;}&#8220;]Die Archetypen und Klassiker der Schmuckssph\u00e4re wurden herausgefordert, neu interpretiert und neu erz\u00e4hlt als byUs die neusten Designs der Design Kollektive in der Ausstellung \u201eClassic Update\u201c zeigte. Die Ausstellung drehte sich um traditionelle und Konservative Wahrnehmungen von Schmuck und dem Wunsch dagegen zu rebellieren. F\u00fcr diese Ausstellung entschied sich Hanan Emquies mit dem Ewigkeitsring zu arbeiten.<\/p>\n<p><a href=\"https:\/\/emquies-holstein.com\/project\/klassisk-update\/?lang=de\">&gt; Weiterlesen<\/a>[\/vc_column_text][\/vc_column][\/vc_row][vc_row][vc_column width=&#8220;5\/12&#8243;][vc_custom_heading text=&#8220;Abschlussausstellung an der Akademie der Edelmetallk\u00fcnste&#8220; font_container=&#8220;tag:h2|font_size:32px|text_align:left|line_height:35px&#8220; use_theme_fonts=&#8220;yes&#8220; css=&#8220;.vc_custom_1485278187930{margin-top: 30px !important;}&#8220;][vc_column_text css=&#8220;.vc_custom_1485278213888{margin-top: -10px !important;}&#8220;]<em>Designmuseum D\u00e4nemark, Kopenhagen 2006<\/em>[\/vc_column_text][vc_column_text css=&#8220;.vc_custom_1519059633811{margin-top: -10px !important;}&#8220;]F\u00fcr ihre Abschlussarbeit entschied sich Diana Holstein mit den Konzepten des Geistigen und des Irdischen auseinanderzusetzen. Sie schrieb zu ihrer Arbeit:<br \/>\nMich haben schon immer existentielle Fragen wie\u201c warum bin ich?\u201c \u201eWie existieren wir?\u201c \u201eWo kommen wir her?\u201c und \u201eWohin gehen wir von hier?\u201c interessiert. Es ist wie die Suche nach dem Sinn des Lebens.<\/p>\n<p><a href=\"https:\/\/emquies-holstein.com\/project\/afgangs-udstilling-fra-institut-for-aedelmetal\/?lang=de\">&gt; Weiterlesen<\/a>[\/vc_column_text][\/vc_column][vc_column width=&#8220;7\/12&#8243;][vc_single_image image=&#8220;9149&#8243; img_size=&#8220;full&#8220;][\/vc_column][\/vc_row][vc_row][vc_column width=&#8220;7\/12&#8243;][vc_single_image image=&#8220;9146&#8243; img_size=&#8220;full&#8220;][\/vc_column][vc_column width=&#8220;5\/12&#8243;][vc_custom_heading text=&#8220;A Girls Best Friend&#8220; font_container=&#8220;tag:h2|font_size:32px|text_align:left|line_height:35px&#8220; use_theme_fonts=&#8220;yes&#8220; css=&#8220;.vc_custom_1479140309200{margin-top: 30px !important;}&#8220;][vc_column_text css=&#8220;.vc_custom_1485278325818{margin-top: -10px !important;}&#8220;]<em>byUs Ausstellung, 2006<\/em>[\/vc_column_text][vc_column_text css=&#8220;.vc_custom_1519059662832{margin-top: -10px !important;}&#8220;]Die Ausstellung A Girl\u2018s Best Friend, organisiert von der Design Kollektive byUs war inspieriert von Marilyn Monroe\u2018s ber\u00fchmten Lied. Hanan Emquies jedoch fand, dass nicht Diamanten sondern Schokolade der beste Freund des M\u00e4dchens sei. Die Erkl\u00e4rung ist einfach:\u00a0Ich nahm an einer Dinner Party im Haus eines Freundes teil, besucht von vielen Menschen, die ich nicht kannte. Nach dem k\u00f6stlichen Essen gingen wir in das Wohnzimmer \u00fcber und nahmen Kaffee zu uns, wobei die Konversation verstummte&#8230;<\/p>\n<p><a href=\"https:\/\/emquies-holstein.com\/project\/a-girls-best-friend\/?lang=de\">&gt; Weiterlesen<\/a>[\/vc_column_text][\/vc_column][\/vc_row][vc_row][vc_column width=&#8220;5\/12&#8243;][vc_custom_heading text=&#8220;Hans Christian Andersen&#8220; font_container=&#8220;tag:h2|font_size:32px|text_align:left|line_height:35px&#8220; use_theme_fonts=&#8220;yes&#8220; css=&#8220;.vc_custom_1485278434748{margin-top: 30px !important;}&#8220;][vc_column_text css=&#8220;.vc_custom_1485278420480{margin-top: -10px !important;}&#8220;]<em>byUs Ausstellung, 2005<\/em>[\/vc_column_text][vc_column_text css=&#8220;.vc_custom_1519059697735{margin-top: -10px !important;}&#8220;]Aus Anlass des 200. Geburtstages von Hans Christian Andersen im Jahre 2005 entwickelte byUs eine Schmuckausstellung rund um den ber\u00fchmten Dichter, sein Leben und seine M\u00e4rchen. F\u00fcr die Ausstellung w\u00e4hlte Hanan Emquies das M\u00e4rchen die Prinzessin auf der Erbse aus und schuf eine Kollektion aus Silber- und Goldschmuck, in der in jedem St\u00fcck eine kleinen goldenen Kugel oder eine Perle in dem Rillen des Metalls versteckt ist.<\/p>\n<p><a href=\"https:\/\/emquies-holstein.com\/project\/h-c-andersen\/?lang=de\">&gt; Weiterlesen<\/a>[\/vc_column_text][\/vc_column][vc_column width=&#8220;7\/12&#8243;][vc_single_image image=&#8220;9143&#8243; img_size=&#8220;full&#8220;][\/vc_column][\/vc_row][vc_row][vc_column width=&#8220;7\/12&#8243;][vc_single_image image=&#8220;9140&#8243; img_size=&#8220;full&#8220;][\/vc_column][vc_column width=&#8220;5\/12&#8243;][vc_custom_heading text=&#8220;Abschlussausstellung der Akademie der Edelmetallk\u00fcnste&#8220; font_container=&#8220;tag:h2|font_size:32px|text_align:left|line_height:35px&#8220; use_theme_fonts=&#8220;yes&#8220; css=&#8220;.vc_custom_1485278540384{margin-top: 30px !important;}&#8220;][vc_column_text css=&#8220;.vc_custom_1485278562746{margin-top: -10px !important;}&#8220;]<em>Designmuseum D\u00e4nemark, Kopenhagen 2004<\/em>[\/vc_column_text][vc_column_text css=&#8220;.vc_custom_1519059725576{margin-top: -10px !important;}&#8220;]Hanan Emquies entschied sich, f\u00fcr diese Ausstellung und seine Abschlussarbeit an der Akademie der Edemetallk\u00fcnste im Jahre 2004, sich mit der Frage auseinanderzusetzen wie wir den Ring herk\u00f6mlicherweise heutzutage wahrnehmen.<\/p>\n<p><a href=\"https:\/\/emquies-holstein.com\/project\/afgangsudstilling\/?lang=de\">&gt; Weiterlesen<\/a>[\/vc_column_text][\/vc_column][\/vc_row]<\/p>\n<\/div>","protected":false},"excerpt":{"rendered":"<p>[vc_row][vc_column width=&#8220;5\/12&#8243;][vc_custom_heading text=&#8220;&#8222;A Queen&#8217;s Jewellery Box&#8222;&#8220; font_container=&#8220;tag:h2|font_size:32px|text_align:left|line_height:35px&#8220; use_theme_fonts=&#8220;yes&#8220; css=&#8220;.vc_custom_1646403858854{margin-top: 30px !important;}&#8220;][vc_column_text css=&#8220;.vc_custom_1646395537787{margin-top: -10px !important;}&#8220;]Schloss Amalienborg, Kopenhagen 2022[\/vc_column_text][vc_column_text css=&#8220;.vc_custom_1646397121677{margin-top: -10px !important;}&#8220;]2020 wurde Emquies-Holstein vom Handwerkerverband und den Kopenhagener Z\u00fcnften beauftragt, ein Schmuckst\u00fcck f\u00fcr H.M. Die Queen im Zusammenhang mit ihrem 80. Geburtstag. &gt; Weiterlesen[\/vc_column_text][\/vc_column][vc_column width=&#8220;7\/12&#8243;][vc_single_image image=&#8220;19639&#8243; img_size=&#8220;full&#8220;][\/vc_column][\/vc_row][vc_row][vc_column width=&#8220;7\/12&#8243;][vc_single_image image=&#8220;9170&#8243; img_size=&#8220;full&#8220;][\/vc_column][vc_column width=&#8220;5\/12&#8243;][vc_custom_heading&#8230;<\/p>\n","protected":false},"author":1,"featured_media":0,"parent":0,"menu_order":0,"comment_status":"closed","ping_status":"closed","template":"","meta":{"_acf_changed":false,"footnotes":""},"class_list":["post-9745","page","type-page","status-publish","hentry"],"acf":[],"yoast_head":"<!-- This site is optimized with the Yoast SEO plugin v27.3 - https:\/\/yoast.com\/product\/yoast-seo-wordpress\/ -->\n<title>Udstillinger - emquies-holstein<\/title>\n<meta name=\"robots\" content=\"index, follow, max-snippet:-1, max-image-preview:large, max-video-preview:-1\" \/>\n<link rel=\"canonical\" href=\"https:\/\/emquies-holstein.com\/de\/udstillinger\/\" \/>\n<meta property=\"og:locale\" content=\"de_DE\" \/>\n<meta property=\"og:type\" content=\"article\" \/>\n<meta property=\"og:title\" content=\"Udstillinger - emquies-holstein\" \/>\n<meta property=\"og:description\" content=\"[vc_row][vc_column width=&#8220;5\/12&#8243;][vc_custom_heading text=&#8220;&#8222;A Queen&#8217;s Jewellery Box&#8222;&#8220; font_container=&#8220;tag:h2|font_size:32px|text_align:left|line_height:35px&#8220; use_theme_fonts=&#8220;yes&#8220; css=&#8220;.vc_custom_1646403858854{margin-top: 30px !important;}&#8220;][vc_column_text css=&#8220;.vc_custom_1646395537787{margin-top: -10px !important;}&#8220;]Schloss Amalienborg, Kopenhagen 2022[\/vc_column_text][vc_column_text css=&#8220;.vc_custom_1646397121677{margin-top: -10px !important;}&#8220;]2020 wurde Emquies-Holstein vom Handwerkerverband und den Kopenhagener Z\u00fcnften beauftragt, ein Schmuckst\u00fcck f\u00fcr H.M. Die Queen im Zusammenhang mit ihrem 80. Geburtstag. &gt; Weiterlesen[\/vc_column_text][\/vc_column][vc_column width=&#8220;7\/12&#8243;][vc_single_image image=&#8220;19639&#8243; img_size=&#8220;full&#8220;][\/vc_column][\/vc_row][vc_row][vc_column width=&#8220;7\/12&#8243;][vc_single_image image=&#8220;9170&#8243; img_size=&#8220;full&#8220;][\/vc_column][vc_column width=&#8220;5\/12&#8243;][vc_custom_heading...\" \/>\n<meta property=\"og:url\" content=\"https:\/\/emquies-holstein.com\/de\/udstillinger\/\" \/>\n<meta property=\"og:site_name\" content=\"emquies-holstein\" \/>\n<meta property=\"article:publisher\" content=\"https:\/\/da-dk.facebook.com\/emquiesholstein\/\" \/>\n<meta property=\"article:modified_time\" content=\"2022-03-04T14:24:25+00:00\" \/>\n<meta name=\"twitter:card\" content=\"summary_large_image\" \/>\n<meta name=\"twitter:label1\" content=\"Gesch\u00e4tzte Lesezeit\" \/>\n\t<meta name=\"twitter:data1\" content=\"6\u00a0Minuten\" \/>\n<script type=\"application\/ld+json\" class=\"yoast-schema-graph\">{\"@context\":\"https:\\\/\\\/schema.org\",\"@graph\":[{\"@type\":\"WebPage\",\"@id\":\"https:\\\/\\\/emquies-holstein.com\\\/de\\\/udstillinger\\\/\",\"url\":\"https:\\\/\\\/emquies-holstein.com\\\/de\\\/udstillinger\\\/\",\"name\":\"Udstillinger - emquies-holstein\",\"isPartOf\":{\"@id\":\"https:\\\/\\\/emquies-holstein.com\\\/#website\"},\"datePublished\":\"2016-08-23T07:08:26+00:00\",\"dateModified\":\"2022-03-04T14:24:25+00:00\",\"breadcrumb\":{\"@id\":\"https:\\\/\\\/emquies-holstein.com\\\/de\\\/udstillinger\\\/#breadcrumb\"},\"inLanguage\":\"de\",\"potentialAction\":[{\"@type\":\"ReadAction\",\"target\":[\"https:\\\/\\\/emquies-holstein.com\\\/de\\\/udstillinger\\\/\"]}]},{\"@type\":\"BreadcrumbList\",\"@id\":\"https:\\\/\\\/emquies-holstein.com\\\/de\\\/udstillinger\\\/#breadcrumb\",\"itemListElement\":[{\"@type\":\"ListItem\",\"position\":1,\"name\":\"Hjem\",\"item\":\"https:\\\/\\\/emquies-holstein.com\\\/de\\\/\"},{\"@type\":\"ListItem\",\"position\":2,\"name\":\"Udstillinger\"}]},{\"@type\":\"WebSite\",\"@id\":\"https:\\\/\\\/emquies-holstein.com\\\/#website\",\"url\":\"https:\\\/\\\/emquies-holstein.com\\\/\",\"name\":\"emquies-holstein\",\"description\":\"Just another WordPress site\",\"publisher\":{\"@id\":\"https:\\\/\\\/emquies-holstein.com\\\/#organization\"},\"potentialAction\":[{\"@type\":\"SearchAction\",\"target\":{\"@type\":\"EntryPoint\",\"urlTemplate\":\"https:\\\/\\\/emquies-holstein.com\\\/?s={search_term_string}\"},\"query-input\":{\"@type\":\"PropertyValueSpecification\",\"valueRequired\":true,\"valueName\":\"search_term_string\"}}],\"inLanguage\":\"de\"},{\"@type\":\"Organization\",\"@id\":\"https:\\\/\\\/emquies-holstein.com\\\/#organization\",\"name\":\"Emquies-Holstein\",\"url\":\"https:\\\/\\\/emquies-holstein.com\\\/\",\"logo\":{\"@type\":\"ImageObject\",\"inLanguage\":\"de\",\"@id\":\"https:\\\/\\\/emquies-holstein.com\\\/#\\\/schema\\\/logo\\\/image\\\/\",\"url\":\"https:\\\/\\\/emquies-holstein.com\\\/wp-content\\\/uploads\\\/2016\\\/07\\\/logo-1.png\",\"contentUrl\":\"https:\\\/\\\/emquies-holstein.com\\\/wp-content\\\/uploads\\\/2016\\\/07\\\/logo-1.png\",\"width\":300,\"height\":53,\"caption\":\"Emquies-Holstein\"},\"image\":{\"@id\":\"https:\\\/\\\/emquies-holstein.com\\\/#\\\/schema\\\/logo\\\/image\\\/\"},\"sameAs\":[\"https:\\\/\\\/da-dk.facebook.com\\\/emquiesholstein\\\/\",\"https:\\\/\\\/www.instagram.com\\\/emquiesholstein\\\/\",\"https:\\\/\\\/www.pinterest.dk\\\/emquiesholstein\\\/\"]}]}<\/script>\n<!-- \/ Yoast SEO plugin. -->","yoast_head_json":{"title":"Udstillinger - emquies-holstein","robots":{"index":"index","follow":"follow","max-snippet":"max-snippet:-1","max-image-preview":"max-image-preview:large","max-video-preview":"max-video-preview:-1"},"canonical":"https:\/\/emquies-holstein.com\/de\/udstillinger\/","og_locale":"de_DE","og_type":"article","og_title":"Udstillinger - emquies-holstein","og_description":"[vc_row][vc_column width=&#8220;5\/12&#8243;][vc_custom_heading text=&#8220;&#8222;A Queen&#8217;s Jewellery Box&#8222;&#8220; font_container=&#8220;tag:h2|font_size:32px|text_align:left|line_height:35px&#8220; use_theme_fonts=&#8220;yes&#8220; css=&#8220;.vc_custom_1646403858854{margin-top: 30px !important;}&#8220;][vc_column_text css=&#8220;.vc_custom_1646395537787{margin-top: -10px !important;}&#8220;]Schloss Amalienborg, Kopenhagen 2022[\/vc_column_text][vc_column_text css=&#8220;.vc_custom_1646397121677{margin-top: -10px !important;}&#8220;]2020 wurde Emquies-Holstein vom Handwerkerverband und den Kopenhagener Z\u00fcnften beauftragt, ein Schmuckst\u00fcck f\u00fcr H.M. Die Queen im Zusammenhang mit ihrem 80. Geburtstag. &gt; Weiterlesen[\/vc_column_text][\/vc_column][vc_column width=&#8220;7\/12&#8243;][vc_single_image image=&#8220;19639&#8243; img_size=&#8220;full&#8220;][\/vc_column][\/vc_row][vc_row][vc_column width=&#8220;7\/12&#8243;][vc_single_image image=&#8220;9170&#8243; img_size=&#8220;full&#8220;][\/vc_column][vc_column width=&#8220;5\/12&#8243;][vc_custom_heading...","og_url":"https:\/\/emquies-holstein.com\/de\/udstillinger\/","og_site_name":"emquies-holstein","article_publisher":"https:\/\/da-dk.facebook.com\/emquiesholstein\/","article_modified_time":"2022-03-04T14:24:25+00:00","twitter_card":"summary_large_image","twitter_misc":{"Gesch\u00e4tzte Lesezeit":"6\u00a0Minuten"},"schema":{"@context":"https:\/\/schema.org","@graph":[{"@type":"WebPage","@id":"https:\/\/emquies-holstein.com\/de\/udstillinger\/","url":"https:\/\/emquies-holstein.com\/de\/udstillinger\/","name":"Udstillinger - emquies-holstein","isPartOf":{"@id":"https:\/\/emquies-holstein.com\/#website"},"datePublished":"2016-08-23T07:08:26+00:00","dateModified":"2022-03-04T14:24:25+00:00","breadcrumb":{"@id":"https:\/\/emquies-holstein.com\/de\/udstillinger\/#breadcrumb"},"inLanguage":"de","potentialAction":[{"@type":"ReadAction","target":["https:\/\/emquies-holstein.com\/de\/udstillinger\/"]}]},{"@type":"BreadcrumbList","@id":"https:\/\/emquies-holstein.com\/de\/udstillinger\/#breadcrumb","itemListElement":[{"@type":"ListItem","position":1,"name":"Hjem","item":"https:\/\/emquies-holstein.com\/de\/"},{"@type":"ListItem","position":2,"name":"Udstillinger"}]},{"@type":"WebSite","@id":"https:\/\/emquies-holstein.com\/#website","url":"https:\/\/emquies-holstein.com\/","name":"emquies-holstein","description":"Just another WordPress site","publisher":{"@id":"https:\/\/emquies-holstein.com\/#organization"},"potentialAction":[{"@type":"SearchAction","target":{"@type":"EntryPoint","urlTemplate":"https:\/\/emquies-holstein.com\/?s={search_term_string}"},"query-input":{"@type":"PropertyValueSpecification","valueRequired":true,"valueName":"search_term_string"}}],"inLanguage":"de"},{"@type":"Organization","@id":"https:\/\/emquies-holstein.com\/#organization","name":"Emquies-Holstein","url":"https:\/\/emquies-holstein.com\/","logo":{"@type":"ImageObject","inLanguage":"de","@id":"https:\/\/emquies-holstein.com\/#\/schema\/logo\/image\/","url":"https:\/\/emquies-holstein.com\/wp-content\/uploads\/2016\/07\/logo-1.png","contentUrl":"https:\/\/emquies-holstein.com\/wp-content\/uploads\/2016\/07\/logo-1.png","width":300,"height":53,"caption":"Emquies-Holstein"},"image":{"@id":"https:\/\/emquies-holstein.com\/#\/schema\/logo\/image\/"},"sameAs":["https:\/\/da-dk.facebook.com\/emquiesholstein\/","https:\/\/www.instagram.com\/emquiesholstein\/","https:\/\/www.pinterest.dk\/emquiesholstein\/"]}]}},"_links":{"self":[{"href":"https:\/\/emquies-holstein.com\/de\/wp-json\/wp\/v2\/pages\/9745","targetHints":{"allow":["GET"]}}],"collection":[{"href":"https:\/\/emquies-holstein.com\/de\/wp-json\/wp\/v2\/pages"}],"about":[{"href":"https:\/\/emquies-holstein.com\/de\/wp-json\/wp\/v2\/types\/page"}],"author":[{"embeddable":true,"href":"https:\/\/emquies-holstein.com\/de\/wp-json\/wp\/v2\/users\/1"}],"replies":[{"embeddable":true,"href":"https:\/\/emquies-holstein.com\/de\/wp-json\/wp\/v2\/comments?post=9745"}],"version-history":[{"count":9,"href":"https:\/\/emquies-holstein.com\/de\/wp-json\/wp\/v2\/pages\/9745\/revisions"}],"predecessor-version":[{"id":19696,"href":"https:\/\/emquies-holstein.com\/de\/wp-json\/wp\/v2\/pages\/9745\/revisions\/19696"}],"wp:attachment":[{"href":"https:\/\/emquies-holstein.com\/de\/wp-json\/wp\/v2\/media?parent=9745"}],"curies":[{"name":"wp","href":"https:\/\/api.w.org\/{rel}","templated":true}]}}