
























































{"id":10172,"date":"2015-02-17T19:11:24","date_gmt":"2015-02-17T19:11:24","guid":{"rendered":"https:\/\/emquies-holstein.com\/product\/treasure-island-oerestikker-sterlingsoelv-3\/"},"modified":"2023-03-31T00:01:08","modified_gmt":"2023-03-31T00:01:08","slug":"treasure-island-ohrstecker-rhodiniertes-sterlingsilber","status":"publish","type":"product","link":"https:\/\/emquies-holstein.com\/de\/product\/treasure-island-ohrstecker-rhodiniertes-sterlingsilber\/","title":{"rendered":"Treasure Island Ohrstecker- rhodiniertes Sterlingsilber"},"content":{"rendered":"<p style=\"text-align: left;\" align=\"center\"><b>Treasure Island<\/b><\/p>\n<p style=\"text-align: left;\" align=\"center\">Treasure Island ist ein Abriss von Grafik und Architektur. Die Kollektion wurzelt in Emquies-Holsteins tiefer Faszination f\u00fcr das Spiel zwischen der Landschaft des Architekten und der Schlichtheit von graphischen Linien. So haben die beiden Designer eine gemeinsame Schmucklinie entworfen, die gef\u00fcllt ist mit Kreativit\u00e4t und Exklusivit\u00e4t.\u00a0\u00a0 Treasure Island hat die Kontur eines einzigartigen und verlockenden Designs, gemacht aus hochwertigen Metallen, Gold und Diamanten. Die topographische Art des Ausdrucks l\u00e4sst jedes einzelne Schmuckst\u00fcck\u00a0 sich \u00fcber den K\u00f6rper winden, als Ringe, als Ohrringe oder als Anh\u00e4nger.<\/p>\n","protected":false},"excerpt":{"rendered":"<p>Ohrstecker- rhodiniertes Sterlingsilber<\/p>\n<p>Ma\u00dfe: Durchmesser ca. 14 mm<\/p>\n<p>Lieferung: 5-8 Arbeitstage<\/p>\n","protected":false},"featured_media":5462,"comment_status":"closed","ping_status":"closed","template":"","meta":{"_acf_changed":false},"product_brand":[],"product_cat":[559,624,560],"product_tag":[],"class_list":{"0":"post-10172","1":"product","2":"type-product","3":"status-publish","4":"has-post-thumbnail","6":"product_cat-oerering-de","7":"product_cat-silber","8":"product_cat-treasure-island-de","9":"pa_kollektion-treasure-island-de","10":"pa_material-silber","11":"pa_produkt-ohrringe","13":"first","14":"instock","15":"shipping-taxable","16":"purchasable","17":"product-type-simple"},"acf":[],"yoast_head":"<!-- This site is optimized with the Yoast SEO plugin v27.4 - https:\/\/yoast.com\/product\/yoast-seo-wordpress\/ -->\n<title>Treasure Island Ohrstecker- rhodiniertes Sterlingsilber - emquies-holstein<\/title>\n<meta name=\"robots\" content=\"index, follow, max-snippet:-1, max-image-preview:large, max-video-preview:-1\" \/>\n<link rel=\"canonical\" href=\"https:\/\/emquies-holstein.com\/product\/treasure-island-ohrstecker-rhodiniertes-sterlingsilber\/?lang=de\" \/>\n<meta property=\"og:locale\" content=\"de_DE\" \/>\n<meta property=\"og:type\" content=\"article\" \/>\n<meta property=\"og:title\" content=\"Treasure Island Ohrstecker- rhodiniertes Sterlingsilber - emquies-holstein\" \/>\n<meta property=\"og:description\" content=\"Ohrstecker- rhodiniertes Sterlingsilber  Ma\u00dfe: Durchmesser ca. 14 mm  Lieferung: 5-8 Arbeitstage\" \/>\n<meta property=\"og:url\" content=\"https:\/\/emquies-holstein.com\/product\/treasure-island-ohrstecker-rhodiniertes-sterlingsilber\/?lang=de\" \/>\n<meta property=\"og:site_name\" content=\"emquies-holstein\" \/>\n<meta property=\"article:publisher\" content=\"https:\/\/da-dk.facebook.com\/emquiesholstein\/\" \/>\n<meta property=\"article:modified_time\" content=\"2023-03-31T00:01:08+00:00\" \/>\n<meta property=\"og:image\" content=\"https:\/\/emquies-holstein.com\/wp-content\/uploads\/2016\/07\/Treasure-Island-_restik-s_lv-1-Custom-6.jpg\" \/>\n\t<meta property=\"og:image:width\" content=\"820\" \/>\n\t<meta property=\"og:image:height\" content=\"822\" \/>\n\t<meta property=\"og:image:type\" content=\"image\/jpeg\" \/>\n<meta name=\"twitter:card\" content=\"summary_large_image\" \/>\n<script type=\"application\/ld+json\" class=\"yoast-schema-graph\">{\"@context\":\"https:\\\/\\\/schema.org\",\"@graph\":[{\"@type\":\"WebPage\",\"@id\":\"https:\\\/\\\/emquies-holstein.com\\\/product\\\/treasure-island-ohrstecker-rhodiniertes-sterlingsilber\\\/?lang=de\",\"url\":\"https:\\\/\\\/emquies-holstein.com\\\/product\\\/treasure-island-ohrstecker-rhodiniertes-sterlingsilber\\\/?lang=de\",\"name\":\"Treasure Island Ohrstecker- rhodiniertes Sterlingsilber - emquies-holstein\",\"isPartOf\":{\"@id\":\"https:\\\/\\\/emquies-holstein.com\\\/#website\"},\"primaryImageOfPage\":{\"@id\":\"https:\\\/\\\/emquies-holstein.com\\\/product\\\/treasure-island-ohrstecker-rhodiniertes-sterlingsilber\\\/?lang=de#primaryimage\"},\"image\":{\"@id\":\"https:\\\/\\\/emquies-holstein.com\\\/product\\\/treasure-island-ohrstecker-rhodiniertes-sterlingsilber\\\/?lang=de#primaryimage\"},\"thumbnailUrl\":\"https:\\\/\\\/emquies-holstein.com\\\/wp-content\\\/uploads\\\/2016\\\/07\\\/Treasure-Island-_restik-s_lv-1-Custom-6.jpg\",\"datePublished\":\"2015-02-17T19:11:24+00:00\",\"dateModified\":\"2023-03-31T00:01:08+00:00\",\"breadcrumb\":{\"@id\":\"https:\\\/\\\/emquies-holstein.com\\\/product\\\/treasure-island-ohrstecker-rhodiniertes-sterlingsilber\\\/?lang=de#breadcrumb\"},\"inLanguage\":\"de\",\"potentialAction\":[{\"@type\":\"ReadAction\",\"target\":[\"https:\\\/\\\/emquies-holstein.com\\\/product\\\/treasure-island-ohrstecker-rhodiniertes-sterlingsilber\\\/?lang=de\"]}]},{\"@type\":\"ImageObject\",\"inLanguage\":\"de\",\"@id\":\"https:\\\/\\\/emquies-holstein.com\\\/product\\\/treasure-island-ohrstecker-rhodiniertes-sterlingsilber\\\/?lang=de#primaryimage\",\"url\":\"https:\\\/\\\/emquies-holstein.com\\\/wp-content\\\/uploads\\\/2016\\\/07\\\/Treasure-Island-_restik-s_lv-1-Custom-6.jpg\",\"contentUrl\":\"https:\\\/\\\/emquies-holstein.com\\\/wp-content\\\/uploads\\\/2016\\\/07\\\/Treasure-Island-_restik-s_lv-1-Custom-6.jpg\",\"width\":820,\"height\":822,\"caption\":\"Treasure Island \u00f8restikker \u2013 sterlings\u00f8lv\"},{\"@type\":\"BreadcrumbList\",\"@id\":\"https:\\\/\\\/emquies-holstein.com\\\/product\\\/treasure-island-ohrstecker-rhodiniertes-sterlingsilber\\\/?lang=de#breadcrumb\",\"itemListElement\":[{\"@type\":\"ListItem\",\"position\":1,\"name\":\"Hjem\",\"item\":\"https:\\\/\\\/emquies-holstein.com\\\/de\\\/\"},{\"@type\":\"ListItem\",\"position\":2,\"name\":\"Shop\",\"item\":\"https:\\\/\\\/emquies-holstein.com\\\/shop-2\\\/?lang=de\"},{\"@type\":\"ListItem\",\"position\":3,\"name\":\"Treasure Island Ohrstecker- rhodiniertes Sterlingsilber\"}]},{\"@type\":\"WebSite\",\"@id\":\"https:\\\/\\\/emquies-holstein.com\\\/#website\",\"url\":\"https:\\\/\\\/emquies-holstein.com\\\/\",\"name\":\"emquies-holstein\",\"description\":\"Just another WordPress site\",\"publisher\":{\"@id\":\"https:\\\/\\\/emquies-holstein.com\\\/#organization\"},\"potentialAction\":[{\"@type\":\"SearchAction\",\"target\":{\"@type\":\"EntryPoint\",\"urlTemplate\":\"https:\\\/\\\/emquies-holstein.com\\\/?s={search_term_string}\"},\"query-input\":{\"@type\":\"PropertyValueSpecification\",\"valueRequired\":true,\"valueName\":\"search_term_string\"}}],\"inLanguage\":\"de\"},{\"@type\":\"Organization\",\"@id\":\"https:\\\/\\\/emquies-holstein.com\\\/#organization\",\"name\":\"Emquies-Holstein\",\"url\":\"https:\\\/\\\/emquies-holstein.com\\\/\",\"logo\":{\"@type\":\"ImageObject\",\"inLanguage\":\"de\",\"@id\":\"https:\\\/\\\/emquies-holstein.com\\\/#\\\/schema\\\/logo\\\/image\\\/\",\"url\":\"https:\\\/\\\/emquies-holstein.com\\\/wp-content\\\/uploads\\\/2016\\\/07\\\/logo-1.png\",\"contentUrl\":\"https:\\\/\\\/emquies-holstein.com\\\/wp-content\\\/uploads\\\/2016\\\/07\\\/logo-1.png\",\"width\":300,\"height\":53,\"caption\":\"Emquies-Holstein\"},\"image\":{\"@id\":\"https:\\\/\\\/emquies-holstein.com\\\/#\\\/schema\\\/logo\\\/image\\\/\"},\"sameAs\":[\"https:\\\/\\\/da-dk.facebook.com\\\/emquiesholstein\\\/\",\"https:\\\/\\\/www.instagram.com\\\/emquiesholstein\\\/\",\"https:\\\/\\\/www.pinterest.dk\\\/emquiesholstein\\\/\"]}]}<\/script>\n<!-- \/ Yoast SEO plugin. -->","yoast_head_json":{"title":"Treasure Island Ohrstecker- rhodiniertes Sterlingsilber - emquies-holstein","robots":{"index":"index","follow":"follow","max-snippet":"max-snippet:-1","max-image-preview":"max-image-preview:large","max-video-preview":"max-video-preview:-1"},"canonical":"https:\/\/emquies-holstein.com\/product\/treasure-island-ohrstecker-rhodiniertes-sterlingsilber\/?lang=de","og_locale":"de_DE","og_type":"article","og_title":"Treasure Island Ohrstecker- rhodiniertes Sterlingsilber - emquies-holstein","og_description":"Ohrstecker- rhodiniertes Sterlingsilber  Ma\u00dfe: Durchmesser ca. 14 mm  Lieferung: 5-8 Arbeitstage","og_url":"https:\/\/emquies-holstein.com\/product\/treasure-island-ohrstecker-rhodiniertes-sterlingsilber\/?lang=de","og_site_name":"emquies-holstein","article_publisher":"https:\/\/da-dk.facebook.com\/emquiesholstein\/","article_modified_time":"2023-03-31T00:01:08+00:00","og_image":[{"width":820,"height":822,"url":"https:\/\/emquies-holstein.com\/wp-content\/uploads\/2016\/07\/Treasure-Island-_restik-s_lv-1-Custom-6.jpg","type":"image\/jpeg"}],"twitter_card":"summary_large_image","schema":{"@context":"https:\/\/schema.org","@graph":[{"@type":"WebPage","@id":"https:\/\/emquies-holstein.com\/product\/treasure-island-ohrstecker-rhodiniertes-sterlingsilber\/?lang=de","url":"https:\/\/emquies-holstein.com\/product\/treasure-island-ohrstecker-rhodiniertes-sterlingsilber\/?lang=de","name":"Treasure Island Ohrstecker- rhodiniertes Sterlingsilber - emquies-holstein","isPartOf":{"@id":"https:\/\/emquies-holstein.com\/#website"},"primaryImageOfPage":{"@id":"https:\/\/emquies-holstein.com\/product\/treasure-island-ohrstecker-rhodiniertes-sterlingsilber\/?lang=de#primaryimage"},"image":{"@id":"https:\/\/emquies-holstein.com\/product\/treasure-island-ohrstecker-rhodiniertes-sterlingsilber\/?lang=de#primaryimage"},"thumbnailUrl":"https:\/\/emquies-holstein.com\/wp-content\/uploads\/2016\/07\/Treasure-Island-_restik-s_lv-1-Custom-6.jpg","datePublished":"2015-02-17T19:11:24+00:00","dateModified":"2023-03-31T00:01:08+00:00","breadcrumb":{"@id":"https:\/\/emquies-holstein.com\/product\/treasure-island-ohrstecker-rhodiniertes-sterlingsilber\/?lang=de#breadcrumb"},"inLanguage":"de","potentialAction":[{"@type":"ReadAction","target":["https:\/\/emquies-holstein.com\/product\/treasure-island-ohrstecker-rhodiniertes-sterlingsilber\/?lang=de"]}]},{"@type":"ImageObject","inLanguage":"de","@id":"https:\/\/emquies-holstein.com\/product\/treasure-island-ohrstecker-rhodiniertes-sterlingsilber\/?lang=de#primaryimage","url":"https:\/\/emquies-holstein.com\/wp-content\/uploads\/2016\/07\/Treasure-Island-_restik-s_lv-1-Custom-6.jpg","contentUrl":"https:\/\/emquies-holstein.com\/wp-content\/uploads\/2016\/07\/Treasure-Island-_restik-s_lv-1-Custom-6.jpg","width":820,"height":822,"caption":"Treasure Island \u00f8restikker \u2013 sterlings\u00f8lv"},{"@type":"BreadcrumbList","@id":"https:\/\/emquies-holstein.com\/product\/treasure-island-ohrstecker-rhodiniertes-sterlingsilber\/?lang=de#breadcrumb","itemListElement":[{"@type":"ListItem","position":1,"name":"Hjem","item":"https:\/\/emquies-holstein.com\/de\/"},{"@type":"ListItem","position":2,"name":"Shop","item":"https:\/\/emquies-holstein.com\/shop-2\/?lang=de"},{"@type":"ListItem","position":3,"name":"Treasure Island Ohrstecker- rhodiniertes Sterlingsilber"}]},{"@type":"WebSite","@id":"https:\/\/emquies-holstein.com\/#website","url":"https:\/\/emquies-holstein.com\/","name":"emquies-holstein","description":"Just another WordPress site","publisher":{"@id":"https:\/\/emquies-holstein.com\/#organization"},"potentialAction":[{"@type":"SearchAction","target":{"@type":"EntryPoint","urlTemplate":"https:\/\/emquies-holstein.com\/?s={search_term_string}"},"query-input":{"@type":"PropertyValueSpecification","valueRequired":true,"valueName":"search_term_string"}}],"inLanguage":"de"},{"@type":"Organization","@id":"https:\/\/emquies-holstein.com\/#organization","name":"Emquies-Holstein","url":"https:\/\/emquies-holstein.com\/","logo":{"@type":"ImageObject","inLanguage":"de","@id":"https:\/\/emquies-holstein.com\/#\/schema\/logo\/image\/","url":"https:\/\/emquies-holstein.com\/wp-content\/uploads\/2016\/07\/logo-1.png","contentUrl":"https:\/\/emquies-holstein.com\/wp-content\/uploads\/2016\/07\/logo-1.png","width":300,"height":53,"caption":"Emquies-Holstein"},"image":{"@id":"https:\/\/emquies-holstein.com\/#\/schema\/logo\/image\/"},"sameAs":["https:\/\/da-dk.facebook.com\/emquiesholstein\/","https:\/\/www.instagram.com\/emquiesholstein\/","https:\/\/www.pinterest.dk\/emquiesholstein\/"]}]}},"_links":{"self":[{"href":"https:\/\/emquies-holstein.com\/de\/wp-json\/wp\/v2\/product\/10172","targetHints":{"allow":["GET"]}}],"collection":[{"href":"https:\/\/emquies-holstein.com\/de\/wp-json\/wp\/v2\/product"}],"about":[{"href":"https:\/\/emquies-holstein.com\/de\/wp-json\/wp\/v2\/types\/product"}],"replies":[{"embeddable":true,"href":"https:\/\/emquies-holstein.com\/de\/wp-json\/wp\/v2\/comments?post=10172"}],"wp:featuredmedia":[{"embeddable":true,"href":"https:\/\/emquies-holstein.com\/de\/wp-json\/wp\/v2\/media\/5462"}],"wp:attachment":[{"href":"https:\/\/emquies-holstein.com\/de\/wp-json\/wp\/v2\/media?parent=10172"}],"wp:term":[{"taxonomy":"product_brand","embeddable":true,"href":"https:\/\/emquies-holstein.com\/de\/wp-json\/wp\/v2\/product_brand?post=10172"},{"taxonomy":"product_cat","embeddable":true,"href":"https:\/\/emquies-holstein.com\/de\/wp-json\/wp\/v2\/product_cat?post=10172"},{"taxonomy":"product_tag","embeddable":true,"href":"https:\/\/emquies-holstein.com\/de\/wp-json\/wp\/v2\/product_tag?post=10172"}],"curies":[{"name":"wp","href":"https:\/\/api.w.org\/{rel}","templated":true}]}}