
























































{"id":10196,"date":"2016-08-19T10:25:39","date_gmt":"2016-08-19T10:25:39","guid":{"rendered":"https:\/\/emquies-holstein.com\/product\/chokolade-vedhaeng-forgyldt-sterlingsoelv-2\/"},"modified":"2023-03-31T00:02:21","modified_gmt":"2023-03-31T00:02:21","slug":"chocolate-anhaenger-vergoldetes-sterlingsilber","status":"publish","type":"product","link":"https:\/\/emquies-holstein.com\/de\/product\/chocolate-anhaenger-vergoldetes-sterlingsilber\/","title":{"rendered":"Chocolate Anh\u00e4nger- vergoldetes Sterlingsilber"},"content":{"rendered":"<p><strong>Chocolate<\/strong><\/p>\n<p style=\"text-align: left;\" align=\"center\">Wie mit dem Namen angedeutet, ist das Besondere der Schokoladen Kollektion ihre sehr sinnliche Ausdrucksweise, die Sie gleichzeitig \u00fcberraschen und verzaubern soll. Die Kollektion ist inspiriert von der Beschaffenheit des Papiers, das Schokolade umh\u00fcllt, sowie der Freude und W\u00e4rme des Schokoladengenusses.<\/p>\n","protected":false},"excerpt":{"rendered":"<p>Anh\u00e4nger &#8211; vergoldetem Sterlingsilber mit Kette aus Silber<\/p>\n<p>Ma\u00dfe: Durchmesser 7 mm<\/p>\n<p>Wahlweise L\u00e4ngen der Silberkette: 40, 42 oder 45 cm<\/p>\n<p>Lieferung: 5- 10 Arbeitstage<\/p>\n<p><em>Bitte beachten Sie: Der Schmuck ist aus 24 Karat vergoldetem Sterlingsilber. Bei Gebrauch wird die Vergoldung abnutzen und das darunterliegende Silber sichtbar werden. Dieser Effekt ist Teil des Designs. Es repr\u00e4sentiert Schokoladenpapier das auf einer Seite Gold und auf der anderen Silberfarben ist.<\/em><\/p>\n","protected":false},"featured_media":6529,"comment_status":"open","ping_status":"closed","template":"","meta":{"_acf_changed":false},"product_brand":[],"product_cat":[540,581,543,624],"product_tag":[],"class_list":{"0":"post-10196","1":"product","2":"type-product","3":"status-publish","4":"has-post-thumbnail","6":"product_cat-vedhaeng-de","7":"product_cat-chokolade-de","8":"product_cat-kaede-de","9":"product_cat-silber","10":"pa_kollektion-chokolade-de","11":"pa_material-silber","12":"pa_material-vergoldetem-silber","13":"pa_produkt-anhaenger","14":"pa_produkt-kette","15":"pa_silver-chain-40cm-de-2","16":"pa_silver-chain-42cm-de-2","17":"pa_silver-chain-45cm-de-2","19":"first","20":"instock","21":"featured","22":"shipping-taxable","23":"purchasable","24":"product-type-variable"},"acf":[],"yoast_head":"<!-- This site is optimized with the Yoast SEO plugin v27.4 - https:\/\/yoast.com\/product\/yoast-seo-wordpress\/ -->\n<title>Chocolate Anh\u00e4nger- vergoldetes Sterlingsilber - emquies-holstein<\/title>\n<meta name=\"robots\" content=\"index, follow, max-snippet:-1, max-image-preview:large, max-video-preview:-1\" \/>\n<link rel=\"canonical\" href=\"https:\/\/emquies-holstein.com\/product\/chocolate-anhaenger-vergoldetes-sterlingsilber\/?lang=de\" \/>\n<meta property=\"og:locale\" content=\"de_DE\" \/>\n<meta property=\"og:type\" content=\"article\" \/>\n<meta property=\"og:title\" content=\"Chocolate Anh\u00e4nger- vergoldetes Sterlingsilber - emquies-holstein\" \/>\n<meta property=\"og:description\" content=\"Anh\u00e4nger - vergoldetem Sterlingsilber mit Kette aus Silber  Ma\u00dfe: Durchmesser 7 mm  Wahlweise L\u00e4ngen der Silberkette: 40, 42 oder 45 cm  Lieferung: 5- 10 Arbeitstage  Bitte beachten Sie: Der Schmuck ist aus 24 Karat vergoldetem Sterlingsilber. Bei Gebrauch wird die Vergoldung abnutzen und das darunterliegende Silber sichtbar werden. Dieser Effekt ist Teil des Designs. Es repr\u00e4sentiert Schokoladenpapier das auf einer Seite Gold und auf der anderen Silberfarben ist.\" \/>\n<meta property=\"og:url\" content=\"https:\/\/emquies-holstein.com\/product\/chocolate-anhaenger-vergoldetes-sterlingsilber\/?lang=de\" \/>\n<meta property=\"og:site_name\" content=\"emquies-holstein\" \/>\n<meta property=\"article:publisher\" content=\"https:\/\/da-dk.facebook.com\/emquiesholstein\/\" \/>\n<meta property=\"article:modified_time\" content=\"2023-03-31T00:02:21+00:00\" \/>\n<meta property=\"og:image\" content=\"https:\/\/emquies-holstein.com\/wp-content\/uploads\/2016\/08\/chokoladek\u00e6de-besk\u00e5ret2-guld-Custom.jpg\" \/>\n\t<meta property=\"og:image:width\" content=\"822\" \/>\n\t<meta property=\"og:image:height\" content=\"822\" \/>\n\t<meta property=\"og:image:type\" content=\"image\/jpeg\" \/>\n<meta name=\"twitter:card\" content=\"summary_large_image\" \/>\n<script type=\"application\/ld+json\" class=\"yoast-schema-graph\">{\"@context\":\"https:\\\/\\\/schema.org\",\"@graph\":[{\"@type\":\"WebPage\",\"@id\":\"https:\\\/\\\/emquies-holstein.com\\\/product\\\/chocolate-anhaenger-vergoldetes-sterlingsilber\\\/?lang=de\",\"url\":\"https:\\\/\\\/emquies-holstein.com\\\/product\\\/chocolate-anhaenger-vergoldetes-sterlingsilber\\\/?lang=de\",\"name\":\"Chocolate Anh\u00e4nger- vergoldetes Sterlingsilber - emquies-holstein\",\"isPartOf\":{\"@id\":\"https:\\\/\\\/emquies-holstein.com\\\/#website\"},\"primaryImageOfPage\":{\"@id\":\"https:\\\/\\\/emquies-holstein.com\\\/product\\\/chocolate-anhaenger-vergoldetes-sterlingsilber\\\/?lang=de#primaryimage\"},\"image\":{\"@id\":\"https:\\\/\\\/emquies-holstein.com\\\/product\\\/chocolate-anhaenger-vergoldetes-sterlingsilber\\\/?lang=de#primaryimage\"},\"thumbnailUrl\":\"https:\\\/\\\/emquies-holstein.com\\\/wp-content\\\/uploads\\\/2016\\\/08\\\/chokoladek\u00e6de-besk\u00e5ret2-guld-Custom.jpg\",\"datePublished\":\"2016-08-19T10:25:39+00:00\",\"dateModified\":\"2023-03-31T00:02:21+00:00\",\"breadcrumb\":{\"@id\":\"https:\\\/\\\/emquies-holstein.com\\\/product\\\/chocolate-anhaenger-vergoldetes-sterlingsilber\\\/?lang=de#breadcrumb\"},\"inLanguage\":\"de\",\"potentialAction\":[{\"@type\":\"ReadAction\",\"target\":[\"https:\\\/\\\/emquies-holstein.com\\\/product\\\/chocolate-anhaenger-vergoldetes-sterlingsilber\\\/?lang=de\"]}]},{\"@type\":\"ImageObject\",\"inLanguage\":\"de\",\"@id\":\"https:\\\/\\\/emquies-holstein.com\\\/product\\\/chocolate-anhaenger-vergoldetes-sterlingsilber\\\/?lang=de#primaryimage\",\"url\":\"https:\\\/\\\/emquies-holstein.com\\\/wp-content\\\/uploads\\\/2016\\\/08\\\/chokoladek\u00e6de-besk\u00e5ret2-guld-Custom.jpg\",\"contentUrl\":\"https:\\\/\\\/emquies-holstein.com\\\/wp-content\\\/uploads\\\/2016\\\/08\\\/chokoladek\u00e6de-besk\u00e5ret2-guld-Custom.jpg\",\"width\":822,\"height\":822},{\"@type\":\"BreadcrumbList\",\"@id\":\"https:\\\/\\\/emquies-holstein.com\\\/product\\\/chocolate-anhaenger-vergoldetes-sterlingsilber\\\/?lang=de#breadcrumb\",\"itemListElement\":[{\"@type\":\"ListItem\",\"position\":1,\"name\":\"Hjem\",\"item\":\"https:\\\/\\\/emquies-holstein.com\\\/de\\\/\"},{\"@type\":\"ListItem\",\"position\":2,\"name\":\"Shop\",\"item\":\"https:\\\/\\\/emquies-holstein.com\\\/shop-2\\\/?lang=de\"},{\"@type\":\"ListItem\",\"position\":3,\"name\":\"Chocolate Anh\u00e4nger- vergoldetes Sterlingsilber\"}]},{\"@type\":\"WebSite\",\"@id\":\"https:\\\/\\\/emquies-holstein.com\\\/#website\",\"url\":\"https:\\\/\\\/emquies-holstein.com\\\/\",\"name\":\"emquies-holstein\",\"description\":\"Just another WordPress site\",\"publisher\":{\"@id\":\"https:\\\/\\\/emquies-holstein.com\\\/#organization\"},\"potentialAction\":[{\"@type\":\"SearchAction\",\"target\":{\"@type\":\"EntryPoint\",\"urlTemplate\":\"https:\\\/\\\/emquies-holstein.com\\\/?s={search_term_string}\"},\"query-input\":{\"@type\":\"PropertyValueSpecification\",\"valueRequired\":true,\"valueName\":\"search_term_string\"}}],\"inLanguage\":\"de\"},{\"@type\":\"Organization\",\"@id\":\"https:\\\/\\\/emquies-holstein.com\\\/#organization\",\"name\":\"Emquies-Holstein\",\"url\":\"https:\\\/\\\/emquies-holstein.com\\\/\",\"logo\":{\"@type\":\"ImageObject\",\"inLanguage\":\"de\",\"@id\":\"https:\\\/\\\/emquies-holstein.com\\\/#\\\/schema\\\/logo\\\/image\\\/\",\"url\":\"https:\\\/\\\/emquies-holstein.com\\\/wp-content\\\/uploads\\\/2016\\\/07\\\/logo-1.png\",\"contentUrl\":\"https:\\\/\\\/emquies-holstein.com\\\/wp-content\\\/uploads\\\/2016\\\/07\\\/logo-1.png\",\"width\":300,\"height\":53,\"caption\":\"Emquies-Holstein\"},\"image\":{\"@id\":\"https:\\\/\\\/emquies-holstein.com\\\/#\\\/schema\\\/logo\\\/image\\\/\"},\"sameAs\":[\"https:\\\/\\\/da-dk.facebook.com\\\/emquiesholstein\\\/\",\"https:\\\/\\\/www.instagram.com\\\/emquiesholstein\\\/\",\"https:\\\/\\\/www.pinterest.dk\\\/emquiesholstein\\\/\"]}]}<\/script>\n<!-- \/ Yoast SEO plugin. -->","yoast_head_json":{"title":"Chocolate Anh\u00e4nger- vergoldetes Sterlingsilber - emquies-holstein","robots":{"index":"index","follow":"follow","max-snippet":"max-snippet:-1","max-image-preview":"max-image-preview:large","max-video-preview":"max-video-preview:-1"},"canonical":"https:\/\/emquies-holstein.com\/product\/chocolate-anhaenger-vergoldetes-sterlingsilber\/?lang=de","og_locale":"de_DE","og_type":"article","og_title":"Chocolate Anh\u00e4nger- vergoldetes Sterlingsilber - emquies-holstein","og_description":"Anh\u00e4nger - vergoldetem Sterlingsilber mit Kette aus Silber  Ma\u00dfe: Durchmesser 7 mm  Wahlweise L\u00e4ngen der Silberkette: 40, 42 oder 45 cm  Lieferung: 5- 10 Arbeitstage  Bitte beachten Sie: Der Schmuck ist aus 24 Karat vergoldetem Sterlingsilber. Bei Gebrauch wird die Vergoldung abnutzen und das darunterliegende Silber sichtbar werden. Dieser Effekt ist Teil des Designs. Es repr\u00e4sentiert Schokoladenpapier das auf einer Seite Gold und auf der anderen Silberfarben ist.","og_url":"https:\/\/emquies-holstein.com\/product\/chocolate-anhaenger-vergoldetes-sterlingsilber\/?lang=de","og_site_name":"emquies-holstein","article_publisher":"https:\/\/da-dk.facebook.com\/emquiesholstein\/","article_modified_time":"2023-03-31T00:02:21+00:00","og_image":[{"width":822,"height":822,"url":"https:\/\/emquies-holstein.com\/wp-content\/uploads\/2016\/08\/chokoladek\u00e6de-besk\u00e5ret2-guld-Custom.jpg","type":"image\/jpeg"}],"twitter_card":"summary_large_image","schema":{"@context":"https:\/\/schema.org","@graph":[{"@type":"WebPage","@id":"https:\/\/emquies-holstein.com\/product\/chocolate-anhaenger-vergoldetes-sterlingsilber\/?lang=de","url":"https:\/\/emquies-holstein.com\/product\/chocolate-anhaenger-vergoldetes-sterlingsilber\/?lang=de","name":"Chocolate Anh\u00e4nger- vergoldetes Sterlingsilber - emquies-holstein","isPartOf":{"@id":"https:\/\/emquies-holstein.com\/#website"},"primaryImageOfPage":{"@id":"https:\/\/emquies-holstein.com\/product\/chocolate-anhaenger-vergoldetes-sterlingsilber\/?lang=de#primaryimage"},"image":{"@id":"https:\/\/emquies-holstein.com\/product\/chocolate-anhaenger-vergoldetes-sterlingsilber\/?lang=de#primaryimage"},"thumbnailUrl":"https:\/\/emquies-holstein.com\/wp-content\/uploads\/2016\/08\/chokoladek\u00e6de-besk\u00e5ret2-guld-Custom.jpg","datePublished":"2016-08-19T10:25:39+00:00","dateModified":"2023-03-31T00:02:21+00:00","breadcrumb":{"@id":"https:\/\/emquies-holstein.com\/product\/chocolate-anhaenger-vergoldetes-sterlingsilber\/?lang=de#breadcrumb"},"inLanguage":"de","potentialAction":[{"@type":"ReadAction","target":["https:\/\/emquies-holstein.com\/product\/chocolate-anhaenger-vergoldetes-sterlingsilber\/?lang=de"]}]},{"@type":"ImageObject","inLanguage":"de","@id":"https:\/\/emquies-holstein.com\/product\/chocolate-anhaenger-vergoldetes-sterlingsilber\/?lang=de#primaryimage","url":"https:\/\/emquies-holstein.com\/wp-content\/uploads\/2016\/08\/chokoladek\u00e6de-besk\u00e5ret2-guld-Custom.jpg","contentUrl":"https:\/\/emquies-holstein.com\/wp-content\/uploads\/2016\/08\/chokoladek\u00e6de-besk\u00e5ret2-guld-Custom.jpg","width":822,"height":822},{"@type":"BreadcrumbList","@id":"https:\/\/emquies-holstein.com\/product\/chocolate-anhaenger-vergoldetes-sterlingsilber\/?lang=de#breadcrumb","itemListElement":[{"@type":"ListItem","position":1,"name":"Hjem","item":"https:\/\/emquies-holstein.com\/de\/"},{"@type":"ListItem","position":2,"name":"Shop","item":"https:\/\/emquies-holstein.com\/shop-2\/?lang=de"},{"@type":"ListItem","position":3,"name":"Chocolate Anh\u00e4nger- vergoldetes Sterlingsilber"}]},{"@type":"WebSite","@id":"https:\/\/emquies-holstein.com\/#website","url":"https:\/\/emquies-holstein.com\/","name":"emquies-holstein","description":"Just another WordPress site","publisher":{"@id":"https:\/\/emquies-holstein.com\/#organization"},"potentialAction":[{"@type":"SearchAction","target":{"@type":"EntryPoint","urlTemplate":"https:\/\/emquies-holstein.com\/?s={search_term_string}"},"query-input":{"@type":"PropertyValueSpecification","valueRequired":true,"valueName":"search_term_string"}}],"inLanguage":"de"},{"@type":"Organization","@id":"https:\/\/emquies-holstein.com\/#organization","name":"Emquies-Holstein","url":"https:\/\/emquies-holstein.com\/","logo":{"@type":"ImageObject","inLanguage":"de","@id":"https:\/\/emquies-holstein.com\/#\/schema\/logo\/image\/","url":"https:\/\/emquies-holstein.com\/wp-content\/uploads\/2016\/07\/logo-1.png","contentUrl":"https:\/\/emquies-holstein.com\/wp-content\/uploads\/2016\/07\/logo-1.png","width":300,"height":53,"caption":"Emquies-Holstein"},"image":{"@id":"https:\/\/emquies-holstein.com\/#\/schema\/logo\/image\/"},"sameAs":["https:\/\/da-dk.facebook.com\/emquiesholstein\/","https:\/\/www.instagram.com\/emquiesholstein\/","https:\/\/www.pinterest.dk\/emquiesholstein\/"]}]}},"_links":{"self":[{"href":"https:\/\/emquies-holstein.com\/de\/wp-json\/wp\/v2\/product\/10196","targetHints":{"allow":["GET"]}}],"collection":[{"href":"https:\/\/emquies-holstein.com\/de\/wp-json\/wp\/v2\/product"}],"about":[{"href":"https:\/\/emquies-holstein.com\/de\/wp-json\/wp\/v2\/types\/product"}],"replies":[{"embeddable":true,"href":"https:\/\/emquies-holstein.com\/de\/wp-json\/wp\/v2\/comments?post=10196"}],"wp:featuredmedia":[{"embeddable":true,"href":"https:\/\/emquies-holstein.com\/de\/wp-json\/wp\/v2\/media\/6529"}],"wp:attachment":[{"href":"https:\/\/emquies-holstein.com\/de\/wp-json\/wp\/v2\/media?parent=10196"}],"wp:term":[{"taxonomy":"product_brand","embeddable":true,"href":"https:\/\/emquies-holstein.com\/de\/wp-json\/wp\/v2\/product_brand?post=10196"},{"taxonomy":"product_cat","embeddable":true,"href":"https:\/\/emquies-holstein.com\/de\/wp-json\/wp\/v2\/product_cat?post=10196"},{"taxonomy":"product_tag","embeddable":true,"href":"https:\/\/emquies-holstein.com\/de\/wp-json\/wp\/v2\/product_tag?post=10196"}],"curies":[{"name":"wp","href":"https:\/\/api.w.org\/{rel}","templated":true}]}}