
























































{"id":10238,"date":"2016-08-24T07:02:48","date_gmt":"2016-08-24T07:02:48","guid":{"rendered":"https:\/\/emquies-holstein.com\/product\/10238\/"},"modified":"2017-09-19T12:25:21","modified_gmt":"2017-09-19T12:25:21","slug":"facet-anhaenger-18-karat-gold-an-einer-silberkette","status":"publish","type":"product","link":"https:\/\/emquies-holstein.com\/de\/product\/facet-anhaenger-18-karat-gold-an-einer-silberkette\/","title":{"rendered":"Facet Anh\u00e4nger- 18 Karat Gold an einer Silberkette"},"content":{"rendered":"<p><strong>Facet<\/strong><\/p>\n<p>Die Kollektion \u201e Facet\u201c bringt durch ihre asymmetrischen Facetten nicht nur Form, Glanz und Licht in jedes einzelne hochwertige Schmuckst\u00fcck, sondern auch Charme und Sinn f\u00fcr Humor in die Schmuckgestaltung. Wenn Sie, ganz wie Marilyn Monroe, nicht ohne Diamanten leben k\u00f6nnen, so k\u00f6nnen hochwertige Edelsteine in einzelne oder jede Facette eingelassen werden.<\/p>\n","protected":false},"excerpt":{"rendered":"<p>Anh\u00e4nger &#8211; 18 Karat Gold<\/p>\n<p>Ma\u00dfe: ca. 7 mm im Durchmesser<\/p>\n<p>Wahlweise L\u00e4nge der Kette: 40, 42 oder 45 cm<\/p>\n<p>Lieferung: 15 Arbeitstage<\/p>\n","protected":false},"featured_media":6680,"comment_status":"open","ping_status":"closed","template":"","meta":{"_acf_changed":false},"product_brand":[],"product_cat":[540,580,543],"product_tag":[],"class_list":{"0":"post-10238","1":"product","2":"type-product","3":"status-publish","4":"has-post-thumbnail","6":"product_cat-vedhaeng-de","7":"product_cat-facet-de","8":"product_cat-kaede-de","9":"pa_kollektion-facet-de","10":"pa_material-gold-de","11":"pa_produkt-anhaenger","12":"pa_produkt-kette","13":"pa_silver-chain-40cm-de-2","14":"pa_silver-chain-42cm-de-2","15":"pa_silver-chain-45cm-de-2","17":"first","18":"instock","19":"shipping-taxable","20":"purchasable","21":"product-type-variable"},"acf":[],"yoast_head":"<!-- This site is optimized with the Yoast SEO plugin v27.4 - https:\/\/yoast.com\/product\/yoast-seo-wordpress\/ -->\n<title>Facet Anh\u00e4nger- 18 Karat Gold an einer Silberkette - emquies-holstein<\/title>\n<meta name=\"robots\" content=\"index, follow, max-snippet:-1, max-image-preview:large, max-video-preview:-1\" \/>\n<link rel=\"canonical\" href=\"https:\/\/emquies-holstein.com\/product\/facet-anhaenger-18-karat-gold-an-einer-silberkette\/?lang=de\" \/>\n<meta property=\"og:locale\" content=\"de_DE\" \/>\n<meta property=\"og:type\" content=\"article\" \/>\n<meta property=\"og:title\" content=\"Facet Anh\u00e4nger- 18 Karat Gold an einer Silberkette - emquies-holstein\" \/>\n<meta property=\"og:description\" content=\"Anh\u00e4nger - 18 Karat Gold  Ma\u00dfe: ca. 7 mm im Durchmesser  Wahlweise L\u00e4nge der Kette: 40, 42 oder 45 cm  Lieferung: 15 Arbeitstage\" \/>\n<meta property=\"og:url\" content=\"https:\/\/emquies-holstein.com\/product\/facet-anhaenger-18-karat-gold-an-einer-silberkette\/?lang=de\" \/>\n<meta property=\"og:site_name\" content=\"emquies-holstein\" \/>\n<meta property=\"article:publisher\" content=\"https:\/\/da-dk.facebook.com\/emquiesholstein\/\" \/>\n<meta property=\"article:modified_time\" content=\"2017-09-19T12:25:21+00:00\" \/>\n<meta property=\"og:image\" content=\"https:\/\/emquies-holstein.com\/wp-content\/uploads\/2016\/08\/Facet-vedh\u00e6ng-i-18kt-Custom.jpg\" \/>\n\t<meta property=\"og:image:width\" content=\"822\" \/>\n\t<meta property=\"og:image:height\" content=\"822\" \/>\n\t<meta property=\"og:image:type\" content=\"image\/jpeg\" \/>\n<meta name=\"twitter:card\" content=\"summary_large_image\" \/>\n<script type=\"application\/ld+json\" class=\"yoast-schema-graph\">{\"@context\":\"https:\\\/\\\/schema.org\",\"@graph\":[{\"@type\":\"WebPage\",\"@id\":\"https:\\\/\\\/emquies-holstein.com\\\/product\\\/facet-anhaenger-18-karat-gold-an-einer-silberkette\\\/?lang=de\",\"url\":\"https:\\\/\\\/emquies-holstein.com\\\/product\\\/facet-anhaenger-18-karat-gold-an-einer-silberkette\\\/?lang=de\",\"name\":\"Facet Anh\u00e4nger- 18 Karat Gold an einer Silberkette - emquies-holstein\",\"isPartOf\":{\"@id\":\"https:\\\/\\\/emquies-holstein.com\\\/#website\"},\"primaryImageOfPage\":{\"@id\":\"https:\\\/\\\/emquies-holstein.com\\\/product\\\/facet-anhaenger-18-karat-gold-an-einer-silberkette\\\/?lang=de#primaryimage\"},\"image\":{\"@id\":\"https:\\\/\\\/emquies-holstein.com\\\/product\\\/facet-anhaenger-18-karat-gold-an-einer-silberkette\\\/?lang=de#primaryimage\"},\"thumbnailUrl\":\"https:\\\/\\\/emquies-holstein.com\\\/wp-content\\\/uploads\\\/2016\\\/08\\\/Facet-vedh\u00e6ng-i-18kt-Custom.jpg\",\"datePublished\":\"2016-08-24T07:02:48+00:00\",\"dateModified\":\"2017-09-19T12:25:21+00:00\",\"breadcrumb\":{\"@id\":\"https:\\\/\\\/emquies-holstein.com\\\/product\\\/facet-anhaenger-18-karat-gold-an-einer-silberkette\\\/?lang=de#breadcrumb\"},\"inLanguage\":\"de\",\"potentialAction\":[{\"@type\":\"ReadAction\",\"target\":[\"https:\\\/\\\/emquies-holstein.com\\\/product\\\/facet-anhaenger-18-karat-gold-an-einer-silberkette\\\/?lang=de\"]}]},{\"@type\":\"ImageObject\",\"inLanguage\":\"de\",\"@id\":\"https:\\\/\\\/emquies-holstein.com\\\/product\\\/facet-anhaenger-18-karat-gold-an-einer-silberkette\\\/?lang=de#primaryimage\",\"url\":\"https:\\\/\\\/emquies-holstein.com\\\/wp-content\\\/uploads\\\/2016\\\/08\\\/Facet-vedh\u00e6ng-i-18kt-Custom.jpg\",\"contentUrl\":\"https:\\\/\\\/emquies-holstein.com\\\/wp-content\\\/uploads\\\/2016\\\/08\\\/Facet-vedh\u00e6ng-i-18kt-Custom.jpg\",\"width\":822,\"height\":822},{\"@type\":\"BreadcrumbList\",\"@id\":\"https:\\\/\\\/emquies-holstein.com\\\/product\\\/facet-anhaenger-18-karat-gold-an-einer-silberkette\\\/?lang=de#breadcrumb\",\"itemListElement\":[{\"@type\":\"ListItem\",\"position\":1,\"name\":\"Hjem\",\"item\":\"https:\\\/\\\/emquies-holstein.com\\\/de\\\/\"},{\"@type\":\"ListItem\",\"position\":2,\"name\":\"Shop\",\"item\":\"https:\\\/\\\/emquies-holstein.com\\\/shop-2\\\/?lang=de\"},{\"@type\":\"ListItem\",\"position\":3,\"name\":\"Facet Anh\u00e4nger- 18 Karat Gold an einer Silberkette\"}]},{\"@type\":\"WebSite\",\"@id\":\"https:\\\/\\\/emquies-holstein.com\\\/#website\",\"url\":\"https:\\\/\\\/emquies-holstein.com\\\/\",\"name\":\"emquies-holstein\",\"description\":\"Just another WordPress site\",\"publisher\":{\"@id\":\"https:\\\/\\\/emquies-holstein.com\\\/#organization\"},\"potentialAction\":[{\"@type\":\"SearchAction\",\"target\":{\"@type\":\"EntryPoint\",\"urlTemplate\":\"https:\\\/\\\/emquies-holstein.com\\\/?s={search_term_string}\"},\"query-input\":{\"@type\":\"PropertyValueSpecification\",\"valueRequired\":true,\"valueName\":\"search_term_string\"}}],\"inLanguage\":\"de\"},{\"@type\":\"Organization\",\"@id\":\"https:\\\/\\\/emquies-holstein.com\\\/#organization\",\"name\":\"Emquies-Holstein\",\"url\":\"https:\\\/\\\/emquies-holstein.com\\\/\",\"logo\":{\"@type\":\"ImageObject\",\"inLanguage\":\"de\",\"@id\":\"https:\\\/\\\/emquies-holstein.com\\\/#\\\/schema\\\/logo\\\/image\\\/\",\"url\":\"https:\\\/\\\/emquies-holstein.com\\\/wp-content\\\/uploads\\\/2016\\\/07\\\/logo-1.png\",\"contentUrl\":\"https:\\\/\\\/emquies-holstein.com\\\/wp-content\\\/uploads\\\/2016\\\/07\\\/logo-1.png\",\"width\":300,\"height\":53,\"caption\":\"Emquies-Holstein\"},\"image\":{\"@id\":\"https:\\\/\\\/emquies-holstein.com\\\/#\\\/schema\\\/logo\\\/image\\\/\"},\"sameAs\":[\"https:\\\/\\\/da-dk.facebook.com\\\/emquiesholstein\\\/\",\"https:\\\/\\\/www.instagram.com\\\/emquiesholstein\\\/\",\"https:\\\/\\\/www.pinterest.dk\\\/emquiesholstein\\\/\"]}]}<\/script>\n<!-- \/ Yoast SEO plugin. -->","yoast_head_json":{"title":"Facet Anh\u00e4nger- 18 Karat Gold an einer Silberkette - emquies-holstein","robots":{"index":"index","follow":"follow","max-snippet":"max-snippet:-1","max-image-preview":"max-image-preview:large","max-video-preview":"max-video-preview:-1"},"canonical":"https:\/\/emquies-holstein.com\/product\/facet-anhaenger-18-karat-gold-an-einer-silberkette\/?lang=de","og_locale":"de_DE","og_type":"article","og_title":"Facet Anh\u00e4nger- 18 Karat Gold an einer Silberkette - emquies-holstein","og_description":"Anh\u00e4nger - 18 Karat Gold  Ma\u00dfe: ca. 7 mm im Durchmesser  Wahlweise L\u00e4nge der Kette: 40, 42 oder 45 cm  Lieferung: 15 Arbeitstage","og_url":"https:\/\/emquies-holstein.com\/product\/facet-anhaenger-18-karat-gold-an-einer-silberkette\/?lang=de","og_site_name":"emquies-holstein","article_publisher":"https:\/\/da-dk.facebook.com\/emquiesholstein\/","article_modified_time":"2017-09-19T12:25:21+00:00","og_image":[{"width":822,"height":822,"url":"https:\/\/emquies-holstein.com\/wp-content\/uploads\/2016\/08\/Facet-vedh\u00e6ng-i-18kt-Custom.jpg","type":"image\/jpeg"}],"twitter_card":"summary_large_image","schema":{"@context":"https:\/\/schema.org","@graph":[{"@type":"WebPage","@id":"https:\/\/emquies-holstein.com\/product\/facet-anhaenger-18-karat-gold-an-einer-silberkette\/?lang=de","url":"https:\/\/emquies-holstein.com\/product\/facet-anhaenger-18-karat-gold-an-einer-silberkette\/?lang=de","name":"Facet Anh\u00e4nger- 18 Karat Gold an einer Silberkette - emquies-holstein","isPartOf":{"@id":"https:\/\/emquies-holstein.com\/#website"},"primaryImageOfPage":{"@id":"https:\/\/emquies-holstein.com\/product\/facet-anhaenger-18-karat-gold-an-einer-silberkette\/?lang=de#primaryimage"},"image":{"@id":"https:\/\/emquies-holstein.com\/product\/facet-anhaenger-18-karat-gold-an-einer-silberkette\/?lang=de#primaryimage"},"thumbnailUrl":"https:\/\/emquies-holstein.com\/wp-content\/uploads\/2016\/08\/Facet-vedh\u00e6ng-i-18kt-Custom.jpg","datePublished":"2016-08-24T07:02:48+00:00","dateModified":"2017-09-19T12:25:21+00:00","breadcrumb":{"@id":"https:\/\/emquies-holstein.com\/product\/facet-anhaenger-18-karat-gold-an-einer-silberkette\/?lang=de#breadcrumb"},"inLanguage":"de","potentialAction":[{"@type":"ReadAction","target":["https:\/\/emquies-holstein.com\/product\/facet-anhaenger-18-karat-gold-an-einer-silberkette\/?lang=de"]}]},{"@type":"ImageObject","inLanguage":"de","@id":"https:\/\/emquies-holstein.com\/product\/facet-anhaenger-18-karat-gold-an-einer-silberkette\/?lang=de#primaryimage","url":"https:\/\/emquies-holstein.com\/wp-content\/uploads\/2016\/08\/Facet-vedh\u00e6ng-i-18kt-Custom.jpg","contentUrl":"https:\/\/emquies-holstein.com\/wp-content\/uploads\/2016\/08\/Facet-vedh\u00e6ng-i-18kt-Custom.jpg","width":822,"height":822},{"@type":"BreadcrumbList","@id":"https:\/\/emquies-holstein.com\/product\/facet-anhaenger-18-karat-gold-an-einer-silberkette\/?lang=de#breadcrumb","itemListElement":[{"@type":"ListItem","position":1,"name":"Hjem","item":"https:\/\/emquies-holstein.com\/de\/"},{"@type":"ListItem","position":2,"name":"Shop","item":"https:\/\/emquies-holstein.com\/shop-2\/?lang=de"},{"@type":"ListItem","position":3,"name":"Facet Anh\u00e4nger- 18 Karat Gold an einer Silberkette"}]},{"@type":"WebSite","@id":"https:\/\/emquies-holstein.com\/#website","url":"https:\/\/emquies-holstein.com\/","name":"emquies-holstein","description":"Just another WordPress site","publisher":{"@id":"https:\/\/emquies-holstein.com\/#organization"},"potentialAction":[{"@type":"SearchAction","target":{"@type":"EntryPoint","urlTemplate":"https:\/\/emquies-holstein.com\/?s={search_term_string}"},"query-input":{"@type":"PropertyValueSpecification","valueRequired":true,"valueName":"search_term_string"}}],"inLanguage":"de"},{"@type":"Organization","@id":"https:\/\/emquies-holstein.com\/#organization","name":"Emquies-Holstein","url":"https:\/\/emquies-holstein.com\/","logo":{"@type":"ImageObject","inLanguage":"de","@id":"https:\/\/emquies-holstein.com\/#\/schema\/logo\/image\/","url":"https:\/\/emquies-holstein.com\/wp-content\/uploads\/2016\/07\/logo-1.png","contentUrl":"https:\/\/emquies-holstein.com\/wp-content\/uploads\/2016\/07\/logo-1.png","width":300,"height":53,"caption":"Emquies-Holstein"},"image":{"@id":"https:\/\/emquies-holstein.com\/#\/schema\/logo\/image\/"},"sameAs":["https:\/\/da-dk.facebook.com\/emquiesholstein\/","https:\/\/www.instagram.com\/emquiesholstein\/","https:\/\/www.pinterest.dk\/emquiesholstein\/"]}]}},"_links":{"self":[{"href":"https:\/\/emquies-holstein.com\/de\/wp-json\/wp\/v2\/product\/10238","targetHints":{"allow":["GET"]}}],"collection":[{"href":"https:\/\/emquies-holstein.com\/de\/wp-json\/wp\/v2\/product"}],"about":[{"href":"https:\/\/emquies-holstein.com\/de\/wp-json\/wp\/v2\/types\/product"}],"replies":[{"embeddable":true,"href":"https:\/\/emquies-holstein.com\/de\/wp-json\/wp\/v2\/comments?post=10238"}],"wp:featuredmedia":[{"embeddable":true,"href":"https:\/\/emquies-holstein.com\/de\/wp-json\/wp\/v2\/media\/6680"}],"wp:attachment":[{"href":"https:\/\/emquies-holstein.com\/de\/wp-json\/wp\/v2\/media?parent=10238"}],"wp:term":[{"taxonomy":"product_brand","embeddable":true,"href":"https:\/\/emquies-holstein.com\/de\/wp-json\/wp\/v2\/product_brand?post=10238"},{"taxonomy":"product_cat","embeddable":true,"href":"https:\/\/emquies-holstein.com\/de\/wp-json\/wp\/v2\/product_cat?post=10238"},{"taxonomy":"product_tag","embeddable":true,"href":"https:\/\/emquies-holstein.com\/de\/wp-json\/wp\/v2\/product_tag?post=10238"}],"curies":[{"name":"wp","href":"https:\/\/api.w.org\/{rel}","templated":true}]}}