
























































{"id":10697,"date":"2016-08-24T07:02:52","date_gmt":"2016-08-24T07:02:52","guid":{"rendered":"https:\/\/emquies-holstein.com\/produkt\/10697\/"},"modified":"2025-09-24T09:06:32","modified_gmt":"2025-09-24T09:06:32","slug":"heart-ring-18-karat-weissgold","status":"publish","type":"product","link":"https:\/\/emquies-holstein.com\/de\/product\/heart-ring-18-karat-weissgold\/","title":{"rendered":"Heart Ring- 18 Karat Wei\u00dfgold"},"content":{"rendered":"<p><strong>Love Ring<\/strong><\/p>\n<p>Der Ring der Liebe symbolisiert den ganz besonderen Raum der Liebe zwischen zwei Menschen. Der Ring, der in einer Linie mit dem Herzen an der linken Hand getragen werden sollte, hat die Form einer verbogenen 8, dem Symbol f\u00fcr Ewigkeit.<\/p>\n","protected":false},"excerpt":{"rendered":"<p>Ring &#8211; 18 Karat Wei\u00dfgold<\/p>\n<p>Ma\u00dfe: ca. 30 mm im Durchmesser \u00fcber den Handr\u00fccken<\/p>\n<p>Wahlweise Gr\u00f6\u00dfen von 48-60<\/p>\n<p>Lieferung: 5- 10 Arbeitstage<\/p>\n","protected":false},"featured_media":6701,"comment_status":"open","ping_status":"closed","template":"","meta":{"_acf_changed":false},"product_brand":[],"product_cat":[557,574],"product_tag":[],"class_list":{"0":"post-10697","1":"product","2":"type-product","3":"status-publish","4":"has-post-thumbnail","6":"product_cat-kaerlighed-de","7":"product_cat-ring-de","8":"pa_kollektion-love-de","9":"pa_material-weissgold","10":"pa_produkt-ring-de","11":"pa_ring-size-53-de-2","12":"pa_ring-size-54-de-3","13":"pa_ring-size-55-de-3","14":"pa_ring-size-56-de-2","15":"pa_ring-size-57-de-3","16":"pa_ring-size-58-de-2","17":"pa_ring-size-59-de-2","18":"pa_ring-size-60-de-2","20":"first","21":"instock","22":"shipping-taxable","23":"purchasable","24":"product-type-variable"},"acf":[],"yoast_head":"<!-- This site is optimized with the Yoast SEO plugin v27.4 - https:\/\/yoast.com\/product\/yoast-seo-wordpress\/ -->\n<title>Heart Ring- 18 Karat Wei\u00dfgold - emquies-holstein<\/title>\n<meta name=\"robots\" content=\"index, follow, max-snippet:-1, max-image-preview:large, max-video-preview:-1\" \/>\n<link rel=\"canonical\" href=\"https:\/\/emquies-holstein.com\/de\/product\/heart-ring-18-karat-weissgold\/\" \/>\n<meta property=\"og:locale\" content=\"de_DE\" \/>\n<meta property=\"og:type\" content=\"article\" \/>\n<meta property=\"og:title\" content=\"Heart Ring- 18 Karat Wei\u00dfgold - emquies-holstein\" \/>\n<meta property=\"og:description\" content=\"Ring - 18 Karat Wei\u00dfgold  Ma\u00dfe: ca. 30 mm im Durchmesser \u00fcber den Handr\u00fccken  Wahlweise Gr\u00f6\u00dfen von 48-60  Lieferung: 5- 10 Arbeitstage\" \/>\n<meta property=\"og:url\" content=\"https:\/\/emquies-holstein.com\/de\/product\/heart-ring-18-karat-weissgold\/\" \/>\n<meta property=\"og:site_name\" content=\"emquies-holstein\" \/>\n<meta property=\"article:publisher\" content=\"https:\/\/da-dk.facebook.com\/emquiesholstein\/\" \/>\n<meta property=\"article:modified_time\" content=\"2025-09-24T09:06:32+00:00\" \/>\n<meta property=\"og:image\" content=\"https:\/\/emquies-holstein.com\/wp-content\/uploads\/2016\/08\/Hjertering_s\u00f8lv-Custom.jpg\" \/>\n\t<meta property=\"og:image:width\" content=\"822\" \/>\n\t<meta property=\"og:image:height\" content=\"822\" \/>\n\t<meta property=\"og:image:type\" content=\"image\/jpeg\" \/>\n<meta name=\"twitter:card\" content=\"summary_large_image\" \/>\n<meta name=\"twitter:label1\" content=\"Gesch\u00e4tzte Lesezeit\" \/>\n\t<meta name=\"twitter:data1\" content=\"1\u00a0Minute\" \/>\n<script type=\"application\/ld+json\" class=\"yoast-schema-graph\">{\"@context\":\"https:\\\/\\\/schema.org\",\"@graph\":[{\"@type\":\"WebPage\",\"@id\":\"https:\\\/\\\/emquies-holstein.com\\\/de\\\/product\\\/heart-ring-18-karat-weissgold\\\/\",\"url\":\"https:\\\/\\\/emquies-holstein.com\\\/de\\\/product\\\/heart-ring-18-karat-weissgold\\\/\",\"name\":\"Heart Ring- 18 Karat Wei\u00dfgold - emquies-holstein\",\"isPartOf\":{\"@id\":\"https:\\\/\\\/emquies-holstein.com\\\/#website\"},\"primaryImageOfPage\":{\"@id\":\"https:\\\/\\\/emquies-holstein.com\\\/de\\\/product\\\/heart-ring-18-karat-weissgold\\\/#primaryimage\"},\"image\":{\"@id\":\"https:\\\/\\\/emquies-holstein.com\\\/de\\\/product\\\/heart-ring-18-karat-weissgold\\\/#primaryimage\"},\"thumbnailUrl\":\"https:\\\/\\\/emquies-holstein.com\\\/wp-content\\\/uploads\\\/2016\\\/08\\\/Hjertering_s\u00f8lv-Custom.jpg\",\"datePublished\":\"2016-08-24T07:02:52+00:00\",\"dateModified\":\"2025-09-24T09:06:32+00:00\",\"breadcrumb\":{\"@id\":\"https:\\\/\\\/emquies-holstein.com\\\/de\\\/product\\\/heart-ring-18-karat-weissgold\\\/#breadcrumb\"},\"inLanguage\":\"de\",\"potentialAction\":[{\"@type\":\"ReadAction\",\"target\":[\"https:\\\/\\\/emquies-holstein.com\\\/de\\\/product\\\/heart-ring-18-karat-weissgold\\\/\"]}]},{\"@type\":\"ImageObject\",\"inLanguage\":\"de\",\"@id\":\"https:\\\/\\\/emquies-holstein.com\\\/de\\\/product\\\/heart-ring-18-karat-weissgold\\\/#primaryimage\",\"url\":\"https:\\\/\\\/emquies-holstein.com\\\/wp-content\\\/uploads\\\/2016\\\/08\\\/Hjertering_s\u00f8lv-Custom.jpg\",\"contentUrl\":\"https:\\\/\\\/emquies-holstein.com\\\/wp-content\\\/uploads\\\/2016\\\/08\\\/Hjertering_s\u00f8lv-Custom.jpg\",\"width\":822,\"height\":822},{\"@type\":\"BreadcrumbList\",\"@id\":\"https:\\\/\\\/emquies-holstein.com\\\/de\\\/product\\\/heart-ring-18-karat-weissgold\\\/#breadcrumb\",\"itemListElement\":[{\"@type\":\"ListItem\",\"position\":1,\"name\":\"Hjem\",\"item\":\"https:\\\/\\\/emquies-holstein.com\\\/de\\\/\"},{\"@type\":\"ListItem\",\"position\":2,\"name\":\"Shop\",\"item\":\"https:\\\/\\\/emquies-holstein.com\\\/shop-2\\\/?lang=de\"},{\"@type\":\"ListItem\",\"position\":3,\"name\":\"Heart Ring- 18 Karat Wei\u00dfgold\"}]},{\"@type\":\"WebSite\",\"@id\":\"https:\\\/\\\/emquies-holstein.com\\\/#website\",\"url\":\"https:\\\/\\\/emquies-holstein.com\\\/\",\"name\":\"emquies-holstein\",\"description\":\"Just another WordPress site\",\"publisher\":{\"@id\":\"https:\\\/\\\/emquies-holstein.com\\\/#organization\"},\"potentialAction\":[{\"@type\":\"SearchAction\",\"target\":{\"@type\":\"EntryPoint\",\"urlTemplate\":\"https:\\\/\\\/emquies-holstein.com\\\/?s={search_term_string}\"},\"query-input\":{\"@type\":\"PropertyValueSpecification\",\"valueRequired\":true,\"valueName\":\"search_term_string\"}}],\"inLanguage\":\"de\"},{\"@type\":\"Organization\",\"@id\":\"https:\\\/\\\/emquies-holstein.com\\\/#organization\",\"name\":\"Emquies-Holstein\",\"url\":\"https:\\\/\\\/emquies-holstein.com\\\/\",\"logo\":{\"@type\":\"ImageObject\",\"inLanguage\":\"de\",\"@id\":\"https:\\\/\\\/emquies-holstein.com\\\/#\\\/schema\\\/logo\\\/image\\\/\",\"url\":\"https:\\\/\\\/emquies-holstein.com\\\/wp-content\\\/uploads\\\/2016\\\/07\\\/logo-1.png\",\"contentUrl\":\"https:\\\/\\\/emquies-holstein.com\\\/wp-content\\\/uploads\\\/2016\\\/07\\\/logo-1.png\",\"width\":300,\"height\":53,\"caption\":\"Emquies-Holstein\"},\"image\":{\"@id\":\"https:\\\/\\\/emquies-holstein.com\\\/#\\\/schema\\\/logo\\\/image\\\/\"},\"sameAs\":[\"https:\\\/\\\/da-dk.facebook.com\\\/emquiesholstein\\\/\",\"https:\\\/\\\/www.instagram.com\\\/emquiesholstein\\\/\",\"https:\\\/\\\/www.pinterest.dk\\\/emquiesholstein\\\/\"]}]}<\/script>\n<!-- \/ Yoast SEO plugin. -->","yoast_head_json":{"title":"Heart Ring- 18 Karat Wei\u00dfgold - emquies-holstein","robots":{"index":"index","follow":"follow","max-snippet":"max-snippet:-1","max-image-preview":"max-image-preview:large","max-video-preview":"max-video-preview:-1"},"canonical":"https:\/\/emquies-holstein.com\/de\/product\/heart-ring-18-karat-weissgold\/","og_locale":"de_DE","og_type":"article","og_title":"Heart Ring- 18 Karat Wei\u00dfgold - emquies-holstein","og_description":"Ring - 18 Karat Wei\u00dfgold  Ma\u00dfe: ca. 30 mm im Durchmesser \u00fcber den Handr\u00fccken  Wahlweise Gr\u00f6\u00dfen von 48-60  Lieferung: 5- 10 Arbeitstage","og_url":"https:\/\/emquies-holstein.com\/de\/product\/heart-ring-18-karat-weissgold\/","og_site_name":"emquies-holstein","article_publisher":"https:\/\/da-dk.facebook.com\/emquiesholstein\/","article_modified_time":"2025-09-24T09:06:32+00:00","og_image":[{"width":822,"height":822,"url":"https:\/\/emquies-holstein.com\/wp-content\/uploads\/2016\/08\/Hjertering_s\u00f8lv-Custom.jpg","type":"image\/jpeg"}],"twitter_card":"summary_large_image","twitter_misc":{"Gesch\u00e4tzte Lesezeit":"1\u00a0Minute"},"schema":{"@context":"https:\/\/schema.org","@graph":[{"@type":"WebPage","@id":"https:\/\/emquies-holstein.com\/de\/product\/heart-ring-18-karat-weissgold\/","url":"https:\/\/emquies-holstein.com\/de\/product\/heart-ring-18-karat-weissgold\/","name":"Heart Ring- 18 Karat Wei\u00dfgold - emquies-holstein","isPartOf":{"@id":"https:\/\/emquies-holstein.com\/#website"},"primaryImageOfPage":{"@id":"https:\/\/emquies-holstein.com\/de\/product\/heart-ring-18-karat-weissgold\/#primaryimage"},"image":{"@id":"https:\/\/emquies-holstein.com\/de\/product\/heart-ring-18-karat-weissgold\/#primaryimage"},"thumbnailUrl":"https:\/\/emquies-holstein.com\/wp-content\/uploads\/2016\/08\/Hjertering_s\u00f8lv-Custom.jpg","datePublished":"2016-08-24T07:02:52+00:00","dateModified":"2025-09-24T09:06:32+00:00","breadcrumb":{"@id":"https:\/\/emquies-holstein.com\/de\/product\/heart-ring-18-karat-weissgold\/#breadcrumb"},"inLanguage":"de","potentialAction":[{"@type":"ReadAction","target":["https:\/\/emquies-holstein.com\/de\/product\/heart-ring-18-karat-weissgold\/"]}]},{"@type":"ImageObject","inLanguage":"de","@id":"https:\/\/emquies-holstein.com\/de\/product\/heart-ring-18-karat-weissgold\/#primaryimage","url":"https:\/\/emquies-holstein.com\/wp-content\/uploads\/2016\/08\/Hjertering_s\u00f8lv-Custom.jpg","contentUrl":"https:\/\/emquies-holstein.com\/wp-content\/uploads\/2016\/08\/Hjertering_s\u00f8lv-Custom.jpg","width":822,"height":822},{"@type":"BreadcrumbList","@id":"https:\/\/emquies-holstein.com\/de\/product\/heart-ring-18-karat-weissgold\/#breadcrumb","itemListElement":[{"@type":"ListItem","position":1,"name":"Hjem","item":"https:\/\/emquies-holstein.com\/de\/"},{"@type":"ListItem","position":2,"name":"Shop","item":"https:\/\/emquies-holstein.com\/shop-2\/?lang=de"},{"@type":"ListItem","position":3,"name":"Heart Ring- 18 Karat Wei\u00dfgold"}]},{"@type":"WebSite","@id":"https:\/\/emquies-holstein.com\/#website","url":"https:\/\/emquies-holstein.com\/","name":"emquies-holstein","description":"Just another WordPress site","publisher":{"@id":"https:\/\/emquies-holstein.com\/#organization"},"potentialAction":[{"@type":"SearchAction","target":{"@type":"EntryPoint","urlTemplate":"https:\/\/emquies-holstein.com\/?s={search_term_string}"},"query-input":{"@type":"PropertyValueSpecification","valueRequired":true,"valueName":"search_term_string"}}],"inLanguage":"de"},{"@type":"Organization","@id":"https:\/\/emquies-holstein.com\/#organization","name":"Emquies-Holstein","url":"https:\/\/emquies-holstein.com\/","logo":{"@type":"ImageObject","inLanguage":"de","@id":"https:\/\/emquies-holstein.com\/#\/schema\/logo\/image\/","url":"https:\/\/emquies-holstein.com\/wp-content\/uploads\/2016\/07\/logo-1.png","contentUrl":"https:\/\/emquies-holstein.com\/wp-content\/uploads\/2016\/07\/logo-1.png","width":300,"height":53,"caption":"Emquies-Holstein"},"image":{"@id":"https:\/\/emquies-holstein.com\/#\/schema\/logo\/image\/"},"sameAs":["https:\/\/da-dk.facebook.com\/emquiesholstein\/","https:\/\/www.instagram.com\/emquiesholstein\/","https:\/\/www.pinterest.dk\/emquiesholstein\/"]}]}},"_links":{"self":[{"href":"https:\/\/emquies-holstein.com\/de\/wp-json\/wp\/v2\/product\/10697","targetHints":{"allow":["GET"]}}],"collection":[{"href":"https:\/\/emquies-holstein.com\/de\/wp-json\/wp\/v2\/product"}],"about":[{"href":"https:\/\/emquies-holstein.com\/de\/wp-json\/wp\/v2\/types\/product"}],"replies":[{"embeddable":true,"href":"https:\/\/emquies-holstein.com\/de\/wp-json\/wp\/v2\/comments?post=10697"}],"wp:featuredmedia":[{"embeddable":true,"href":"https:\/\/emquies-holstein.com\/de\/wp-json\/wp\/v2\/media\/6701"}],"wp:attachment":[{"href":"https:\/\/emquies-holstein.com\/de\/wp-json\/wp\/v2\/media?parent=10697"}],"wp:term":[{"taxonomy":"product_brand","embeddable":true,"href":"https:\/\/emquies-holstein.com\/de\/wp-json\/wp\/v2\/product_brand?post=10697"},{"taxonomy":"product_cat","embeddable":true,"href":"https:\/\/emquies-holstein.com\/de\/wp-json\/wp\/v2\/product_cat?post=10697"},{"taxonomy":"product_tag","embeddable":true,"href":"https:\/\/emquies-holstein.com\/de\/wp-json\/wp\/v2\/product_tag?post=10697"}],"curies":[{"name":"wp","href":"https:\/\/api.w.org\/{rel}","templated":true}]}}