
























































{"id":10802,"date":"2017-05-29T13:06:21","date_gmt":"2017-05-29T13:06:21","guid":{"rendered":"https:\/\/emquies-holstein.com\/produkt\/chocolate-ohrstecker-vergoldetes-sterlingsilber-2\/"},"modified":"2017-06-15T17:57:59","modified_gmt":"2017-06-15T17:57:59","slug":"chocolate-ohrstecker-vergoldetes-sterlingsilber-2","status":"publish","type":"product","link":"https:\/\/emquies-holstein.com\/de\/product\/chocolate-ohrstecker-vergoldetes-sterlingsilber-2\/","title":{"rendered":"Chocolate Ohrstecker- vergoldetes Sterlingsilber"},"content":{"rendered":"<div class=\"wpb-content-wrapper\"><p>[vc_row][vc_column][vc_column_text]<strong>Chocolate<\/strong><\/p>\n<p>As indicated by the name the Chocolate Collection is characterized by a mode of expression loaded with taste and sensuality to surprise and fascinate you all at once. The collection offers rings, earrings and necklaces inspired by the paper enwrapping the chocolate and the pleasure and warmth of chocolate enjoyment. A sensuous and exquisite collection with a highly sophisticated touch.[\/vc_column_text][\/vc_column][\/vc_row]<\/p>\n<\/div>","protected":false},"excerpt":{"rendered":"<p>Ohrstecker &#8211; vergoldetem Sterlingsilber<\/p>\n<p>Ma\u00dfe: Der Durchmesser der Kugeln betr\u00e4gt ca. 7 mm<\/p>\n<p>Lieferung: 5- 10 Arbeitstage<\/p>\n<p>&nbsp;<\/p>\n<p><em>Bitte beachte Sie: Der Schmuck ist aus 24 Karat vergoldetem Sterlingsilber. Bei Gebrauch wird die Vergoldung abnutzen und das darunterliegende Silber sichtbar werden. Dieser Effekt ist Teil des Designs. Es repr\u00e4sentiert Schokoladenpapier das auf einer Seite Gold- und auf der anderen Silberfarben ist.<\/em><\/p>\n","protected":false},"featured_media":1147,"comment_status":"open","ping_status":"closed","template":"","meta":{"_acf_changed":false},"product_brand":[],"product_cat":[593],"product_tag":[],"class_list":{"0":"post-10802","1":"product","2":"type-product","3":"status-publish","4":"has-post-thumbnail","6":"product_cat-ukategoriseret","7":"pa_material-silber","8":"pa_produkt-ohrringe","10":"first","11":"instock","12":"featured","13":"shipping-taxable","14":"purchasable","15":"product-type-simple"},"acf":[],"yoast_head":"<!-- This site is optimized with the Yoast SEO plugin v27.4 - https:\/\/yoast.com\/product\/yoast-seo-wordpress\/ -->\n<title>Chocolate Ohrstecker- vergoldetes Sterlingsilber - emquies-holstein<\/title>\n<meta name=\"robots\" content=\"index, follow, max-snippet:-1, max-image-preview:large, max-video-preview:-1\" \/>\n<link rel=\"canonical\" href=\"https:\/\/emquies-holstein.com\/product\/chocolate-ohrstecker-vergoldetes-sterlingsilber-2\/?lang=de\" \/>\n<meta property=\"og:locale\" content=\"de_DE\" \/>\n<meta property=\"og:type\" content=\"article\" \/>\n<meta property=\"og:title\" content=\"Chocolate Ohrstecker- vergoldetes Sterlingsilber - emquies-holstein\" \/>\n<meta property=\"og:description\" content=\"Ohrstecker - vergoldetem Sterlingsilber  Ma\u00dfe: Der Durchmesser der Kugeln betr\u00e4gt ca. 7 mm  Lieferung: 5- 10 Arbeitstage  &nbsp;  Bitte beachte Sie: Der Schmuck ist aus 24 Karat vergoldetem Sterlingsilber. Bei Gebrauch wird die Vergoldung abnutzen und das darunterliegende Silber sichtbar werden. Dieser Effekt ist Teil des Designs. Es repr\u00e4sentiert Schokoladenpapier das auf einer Seite Gold- und auf der anderen Silberfarben ist.\" \/>\n<meta property=\"og:url\" content=\"https:\/\/emquies-holstein.com\/product\/chocolate-ohrstecker-vergoldetes-sterlingsilber-2\/?lang=de\" \/>\n<meta property=\"og:site_name\" content=\"emquies-holstein\" \/>\n<meta property=\"article:publisher\" content=\"https:\/\/da-dk.facebook.com\/emquiesholstein\/\" \/>\n<meta property=\"article:modified_time\" content=\"2017-06-15T17:57:59+00:00\" \/>\n<meta property=\"og:image\" content=\"https:\/\/emquies-holstein.com\/wp-content\/uploads\/2016\/07\/Chokolade-\u00f8restikker-i-guld-Custom-6.jpg\" \/>\n\t<meta property=\"og:image:width\" content=\"822\" \/>\n\t<meta property=\"og:image:height\" content=\"822\" \/>\n\t<meta property=\"og:image:type\" content=\"image\/jpeg\" \/>\n<meta name=\"twitter:card\" content=\"summary_large_image\" \/>\n<script type=\"application\/ld+json\" class=\"yoast-schema-graph\">{\"@context\":\"https:\\\/\\\/schema.org\",\"@graph\":[{\"@type\":\"WebPage\",\"@id\":\"https:\\\/\\\/emquies-holstein.com\\\/product\\\/chocolate-ohrstecker-vergoldetes-sterlingsilber-2\\\/?lang=de\",\"url\":\"https:\\\/\\\/emquies-holstein.com\\\/product\\\/chocolate-ohrstecker-vergoldetes-sterlingsilber-2\\\/?lang=de\",\"name\":\"Chocolate Ohrstecker- vergoldetes Sterlingsilber - emquies-holstein\",\"isPartOf\":{\"@id\":\"https:\\\/\\\/emquies-holstein.com\\\/#website\"},\"primaryImageOfPage\":{\"@id\":\"https:\\\/\\\/emquies-holstein.com\\\/product\\\/chocolate-ohrstecker-vergoldetes-sterlingsilber-2\\\/?lang=de#primaryimage\"},\"image\":{\"@id\":\"https:\\\/\\\/emquies-holstein.com\\\/product\\\/chocolate-ohrstecker-vergoldetes-sterlingsilber-2\\\/?lang=de#primaryimage\"},\"thumbnailUrl\":\"https:\\\/\\\/emquies-holstein.com\\\/wp-content\\\/uploads\\\/2016\\\/07\\\/Chokolade-\u00f8restikker-i-guld-Custom-6.jpg\",\"datePublished\":\"2017-05-29T13:06:21+00:00\",\"dateModified\":\"2017-06-15T17:57:59+00:00\",\"breadcrumb\":{\"@id\":\"https:\\\/\\\/emquies-holstein.com\\\/product\\\/chocolate-ohrstecker-vergoldetes-sterlingsilber-2\\\/?lang=de#breadcrumb\"},\"inLanguage\":\"de\",\"potentialAction\":[{\"@type\":\"ReadAction\",\"target\":[\"https:\\\/\\\/emquies-holstein.com\\\/product\\\/chocolate-ohrstecker-vergoldetes-sterlingsilber-2\\\/?lang=de\"]}]},{\"@type\":\"ImageObject\",\"inLanguage\":\"de\",\"@id\":\"https:\\\/\\\/emquies-holstein.com\\\/product\\\/chocolate-ohrstecker-vergoldetes-sterlingsilber-2\\\/?lang=de#primaryimage\",\"url\":\"https:\\\/\\\/emquies-holstein.com\\\/wp-content\\\/uploads\\\/2016\\\/07\\\/Chokolade-\u00f8restikker-i-guld-Custom-6.jpg\",\"contentUrl\":\"https:\\\/\\\/emquies-holstein.com\\\/wp-content\\\/uploads\\\/2016\\\/07\\\/Chokolade-\u00f8restikker-i-guld-Custom-6.jpg\",\"width\":822,\"height\":822,\"caption\":\"Chokolade \u00f8restikker - forgyldt sterlings\u00f8lv\"},{\"@type\":\"BreadcrumbList\",\"@id\":\"https:\\\/\\\/emquies-holstein.com\\\/product\\\/chocolate-ohrstecker-vergoldetes-sterlingsilber-2\\\/?lang=de#breadcrumb\",\"itemListElement\":[{\"@type\":\"ListItem\",\"position\":1,\"name\":\"Hjem\",\"item\":\"https:\\\/\\\/emquies-holstein.com\\\/de\\\/\"},{\"@type\":\"ListItem\",\"position\":2,\"name\":\"Shop\",\"item\":\"https:\\\/\\\/emquies-holstein.com\\\/shop-2\\\/?lang=de\"},{\"@type\":\"ListItem\",\"position\":3,\"name\":\"Chocolate Ohrstecker- vergoldetes Sterlingsilber\"}]},{\"@type\":\"WebSite\",\"@id\":\"https:\\\/\\\/emquies-holstein.com\\\/#website\",\"url\":\"https:\\\/\\\/emquies-holstein.com\\\/\",\"name\":\"emquies-holstein\",\"description\":\"Just another WordPress site\",\"publisher\":{\"@id\":\"https:\\\/\\\/emquies-holstein.com\\\/#organization\"},\"potentialAction\":[{\"@type\":\"SearchAction\",\"target\":{\"@type\":\"EntryPoint\",\"urlTemplate\":\"https:\\\/\\\/emquies-holstein.com\\\/?s={search_term_string}\"},\"query-input\":{\"@type\":\"PropertyValueSpecification\",\"valueRequired\":true,\"valueName\":\"search_term_string\"}}],\"inLanguage\":\"de\"},{\"@type\":\"Organization\",\"@id\":\"https:\\\/\\\/emquies-holstein.com\\\/#organization\",\"name\":\"Emquies-Holstein\",\"url\":\"https:\\\/\\\/emquies-holstein.com\\\/\",\"logo\":{\"@type\":\"ImageObject\",\"inLanguage\":\"de\",\"@id\":\"https:\\\/\\\/emquies-holstein.com\\\/#\\\/schema\\\/logo\\\/image\\\/\",\"url\":\"https:\\\/\\\/emquies-holstein.com\\\/wp-content\\\/uploads\\\/2016\\\/07\\\/logo-1.png\",\"contentUrl\":\"https:\\\/\\\/emquies-holstein.com\\\/wp-content\\\/uploads\\\/2016\\\/07\\\/logo-1.png\",\"width\":300,\"height\":53,\"caption\":\"Emquies-Holstein\"},\"image\":{\"@id\":\"https:\\\/\\\/emquies-holstein.com\\\/#\\\/schema\\\/logo\\\/image\\\/\"},\"sameAs\":[\"https:\\\/\\\/da-dk.facebook.com\\\/emquiesholstein\\\/\",\"https:\\\/\\\/www.instagram.com\\\/emquiesholstein\\\/\",\"https:\\\/\\\/www.pinterest.dk\\\/emquiesholstein\\\/\"]}]}<\/script>\n<!-- \/ Yoast SEO plugin. -->","yoast_head_json":{"title":"Chocolate Ohrstecker- vergoldetes Sterlingsilber - emquies-holstein","robots":{"index":"index","follow":"follow","max-snippet":"max-snippet:-1","max-image-preview":"max-image-preview:large","max-video-preview":"max-video-preview:-1"},"canonical":"https:\/\/emquies-holstein.com\/product\/chocolate-ohrstecker-vergoldetes-sterlingsilber-2\/?lang=de","og_locale":"de_DE","og_type":"article","og_title":"Chocolate Ohrstecker- vergoldetes Sterlingsilber - emquies-holstein","og_description":"Ohrstecker - vergoldetem Sterlingsilber  Ma\u00dfe: Der Durchmesser der Kugeln betr\u00e4gt ca. 7 mm  Lieferung: 5- 10 Arbeitstage  &nbsp;  Bitte beachte Sie: Der Schmuck ist aus 24 Karat vergoldetem Sterlingsilber. Bei Gebrauch wird die Vergoldung abnutzen und das darunterliegende Silber sichtbar werden. Dieser Effekt ist Teil des Designs. Es repr\u00e4sentiert Schokoladenpapier das auf einer Seite Gold- und auf der anderen Silberfarben ist.","og_url":"https:\/\/emquies-holstein.com\/product\/chocolate-ohrstecker-vergoldetes-sterlingsilber-2\/?lang=de","og_site_name":"emquies-holstein","article_publisher":"https:\/\/da-dk.facebook.com\/emquiesholstein\/","article_modified_time":"2017-06-15T17:57:59+00:00","og_image":[{"width":822,"height":822,"url":"https:\/\/emquies-holstein.com\/wp-content\/uploads\/2016\/07\/Chokolade-\u00f8restikker-i-guld-Custom-6.jpg","type":"image\/jpeg"}],"twitter_card":"summary_large_image","schema":{"@context":"https:\/\/schema.org","@graph":[{"@type":"WebPage","@id":"https:\/\/emquies-holstein.com\/product\/chocolate-ohrstecker-vergoldetes-sterlingsilber-2\/?lang=de","url":"https:\/\/emquies-holstein.com\/product\/chocolate-ohrstecker-vergoldetes-sterlingsilber-2\/?lang=de","name":"Chocolate Ohrstecker- vergoldetes Sterlingsilber - emquies-holstein","isPartOf":{"@id":"https:\/\/emquies-holstein.com\/#website"},"primaryImageOfPage":{"@id":"https:\/\/emquies-holstein.com\/product\/chocolate-ohrstecker-vergoldetes-sterlingsilber-2\/?lang=de#primaryimage"},"image":{"@id":"https:\/\/emquies-holstein.com\/product\/chocolate-ohrstecker-vergoldetes-sterlingsilber-2\/?lang=de#primaryimage"},"thumbnailUrl":"https:\/\/emquies-holstein.com\/wp-content\/uploads\/2016\/07\/Chokolade-\u00f8restikker-i-guld-Custom-6.jpg","datePublished":"2017-05-29T13:06:21+00:00","dateModified":"2017-06-15T17:57:59+00:00","breadcrumb":{"@id":"https:\/\/emquies-holstein.com\/product\/chocolate-ohrstecker-vergoldetes-sterlingsilber-2\/?lang=de#breadcrumb"},"inLanguage":"de","potentialAction":[{"@type":"ReadAction","target":["https:\/\/emquies-holstein.com\/product\/chocolate-ohrstecker-vergoldetes-sterlingsilber-2\/?lang=de"]}]},{"@type":"ImageObject","inLanguage":"de","@id":"https:\/\/emquies-holstein.com\/product\/chocolate-ohrstecker-vergoldetes-sterlingsilber-2\/?lang=de#primaryimage","url":"https:\/\/emquies-holstein.com\/wp-content\/uploads\/2016\/07\/Chokolade-\u00f8restikker-i-guld-Custom-6.jpg","contentUrl":"https:\/\/emquies-holstein.com\/wp-content\/uploads\/2016\/07\/Chokolade-\u00f8restikker-i-guld-Custom-6.jpg","width":822,"height":822,"caption":"Chokolade \u00f8restikker - forgyldt sterlings\u00f8lv"},{"@type":"BreadcrumbList","@id":"https:\/\/emquies-holstein.com\/product\/chocolate-ohrstecker-vergoldetes-sterlingsilber-2\/?lang=de#breadcrumb","itemListElement":[{"@type":"ListItem","position":1,"name":"Hjem","item":"https:\/\/emquies-holstein.com\/de\/"},{"@type":"ListItem","position":2,"name":"Shop","item":"https:\/\/emquies-holstein.com\/shop-2\/?lang=de"},{"@type":"ListItem","position":3,"name":"Chocolate Ohrstecker- vergoldetes Sterlingsilber"}]},{"@type":"WebSite","@id":"https:\/\/emquies-holstein.com\/#website","url":"https:\/\/emquies-holstein.com\/","name":"emquies-holstein","description":"Just another WordPress site","publisher":{"@id":"https:\/\/emquies-holstein.com\/#organization"},"potentialAction":[{"@type":"SearchAction","target":{"@type":"EntryPoint","urlTemplate":"https:\/\/emquies-holstein.com\/?s={search_term_string}"},"query-input":{"@type":"PropertyValueSpecification","valueRequired":true,"valueName":"search_term_string"}}],"inLanguage":"de"},{"@type":"Organization","@id":"https:\/\/emquies-holstein.com\/#organization","name":"Emquies-Holstein","url":"https:\/\/emquies-holstein.com\/","logo":{"@type":"ImageObject","inLanguage":"de","@id":"https:\/\/emquies-holstein.com\/#\/schema\/logo\/image\/","url":"https:\/\/emquies-holstein.com\/wp-content\/uploads\/2016\/07\/logo-1.png","contentUrl":"https:\/\/emquies-holstein.com\/wp-content\/uploads\/2016\/07\/logo-1.png","width":300,"height":53,"caption":"Emquies-Holstein"},"image":{"@id":"https:\/\/emquies-holstein.com\/#\/schema\/logo\/image\/"},"sameAs":["https:\/\/da-dk.facebook.com\/emquiesholstein\/","https:\/\/www.instagram.com\/emquiesholstein\/","https:\/\/www.pinterest.dk\/emquiesholstein\/"]}]}},"_links":{"self":[{"href":"https:\/\/emquies-holstein.com\/de\/wp-json\/wp\/v2\/product\/10802","targetHints":{"allow":["GET"]}}],"collection":[{"href":"https:\/\/emquies-holstein.com\/de\/wp-json\/wp\/v2\/product"}],"about":[{"href":"https:\/\/emquies-holstein.com\/de\/wp-json\/wp\/v2\/types\/product"}],"replies":[{"embeddable":true,"href":"https:\/\/emquies-holstein.com\/de\/wp-json\/wp\/v2\/comments?post=10802"}],"wp:featuredmedia":[{"embeddable":true,"href":"https:\/\/emquies-holstein.com\/de\/wp-json\/wp\/v2\/media\/1147"}],"wp:attachment":[{"href":"https:\/\/emquies-holstein.com\/de\/wp-json\/wp\/v2\/media?parent=10802"}],"wp:term":[{"taxonomy":"product_brand","embeddable":true,"href":"https:\/\/emquies-holstein.com\/de\/wp-json\/wp\/v2\/product_brand?post=10802"},{"taxonomy":"product_cat","embeddable":true,"href":"https:\/\/emquies-holstein.com\/de\/wp-json\/wp\/v2\/product_cat?post=10802"},{"taxonomy":"product_tag","embeddable":true,"href":"https:\/\/emquies-holstein.com\/de\/wp-json\/wp\/v2\/product_tag?post=10802"}],"curies":[{"name":"wp","href":"https:\/\/api.w.org\/{rel}","templated":true}]}}