
























































{"id":10823,"date":"2016-08-24T07:02:55","date_gmt":"2016-08-24T07:02:55","guid":{"rendered":"https:\/\/emquies-holstein.com\/produkt\/10823\/"},"modified":"2017-09-19T12:37:23","modified_gmt":"2017-09-19T12:37:23","slug":"whole-anstecknadelbrosche-18-karat-gold","status":"publish","type":"product","link":"https:\/\/emquies-holstein.com\/de\/product\/whole-anstecknadelbrosche-18-karat-gold\/","title":{"rendered":"Whole- Anstecknadel\/Brosche- 18 Karat Gold"},"content":{"rendered":"<p><strong>Whole<\/strong><\/p>\n<p>Die Kollektion \u201e Whole\u201c ist aus dem Gedanken Albert Einsteins heraus entstanden, nachdem wir alle Teil eines gro\u00dfen Ganzen mit gegenseitiger Verantwortung f\u00fcreinander sind. Die runden Formen eines jeden Schmuckst\u00fccks sind ein Symbol f\u00fcr das einzigartige Vollkommene aller Dinge im Leben. Sie ist eine universelle Botschaft globaler Anteilnahme.<\/p>\n<p>&nbsp;<\/p>\n<p><em>\u201cDer Mensch ist ein Teil eines Ganzen, das wir Universum nennen, ein in Zeit und Raum begrenzter Teil. Er erf\u00e4hrt sich selbst, seine Gedanken und seine Gef\u00fchle als etwas Trennendes von dem Rest&#8230;. eine Art optische T\u00e4uschung des Bewussteins. Diese T\u00e4uschung ist eine Art Gef\u00e4ngnis, das uns beschr\u00e4nkt auf unsere pers\u00f6nlichen W\u00fcnsche und die Zuneigung f\u00fcr einige wenige Menschen, die uns nahe stehen. Unsere Aufgabe muss es sein, uns aus diesem Gef\u00e4ngnis zu befreien indem wir den Kreis des Mitegf\u00fchls erweitern und alle lebenden Kreaturen und die Sch\u00f6nheit der ganzen Natur umarmen. \u201d<\/em> \u00a0 Albert Einstein<\/p>\n","protected":false},"excerpt":{"rendered":"<p>Anstecknadel\/Brosche aus 18 Karat Gold<\/p>\n<p>Ma\u00dfe: ca. 14 mm Durchmesser mit Schloss<\/p>\n","protected":false},"featured_media":6715,"comment_status":"open","ping_status":"closed","template":"","meta":{"_acf_changed":false},"product_brand":[],"product_cat":[586,589],"product_tag":[],"class_list":{"0":"post-10823","1":"product","2":"type-product","3":"status-publish","4":"has-post-thumbnail","6":"product_cat-brosche-de","7":"product_cat-whole-de","8":"pa_kollektion-whole-de","9":"pa_material-gold-de","10":"pa_produkt-brosche-de","12":"first","13":"instock","14":"featured","15":"shipping-taxable","16":"purchasable","17":"product-type-simple"},"acf":[],"yoast_head":"<!-- This site is optimized with the Yoast SEO plugin v27.3 - https:\/\/yoast.com\/product\/yoast-seo-wordpress\/ -->\n<title>Whole- Anstecknadel\/Brosche- 18 Karat Gold - emquies-holstein<\/title>\n<meta name=\"robots\" content=\"index, follow, max-snippet:-1, max-image-preview:large, max-video-preview:-1\" \/>\n<link rel=\"canonical\" href=\"https:\/\/emquies-holstein.com\/product\/whole-anstecknadelbrosche-18-karat-gold\/?lang=de\" \/>\n<meta property=\"og:locale\" content=\"de_DE\" \/>\n<meta property=\"og:type\" content=\"article\" \/>\n<meta property=\"og:title\" content=\"Whole- Anstecknadel\/Brosche- 18 Karat Gold - emquies-holstein\" \/>\n<meta property=\"og:description\" content=\"Anstecknadel\/Brosche aus 18 Karat Gold  Ma\u00dfe: ca. 14 mm Durchmesser mit Schloss\" \/>\n<meta property=\"og:url\" content=\"https:\/\/emquies-holstein.com\/product\/whole-anstecknadelbrosche-18-karat-gold\/?lang=de\" \/>\n<meta property=\"og:site_name\" content=\"emquies-holstein\" \/>\n<meta property=\"article:publisher\" content=\"https:\/\/da-dk.facebook.com\/emquiesholstein\/\" \/>\n<meta property=\"article:modified_time\" content=\"2017-09-19T12:37:23+00:00\" \/>\n<meta property=\"og:image\" content=\"https:\/\/emquies-holstein.com\/wp-content\/uploads\/2016\/08\/wholebroche-guld-Custom.jpg\" \/>\n\t<meta property=\"og:image:width\" content=\"822\" \/>\n\t<meta property=\"og:image:height\" content=\"822\" \/>\n\t<meta property=\"og:image:type\" content=\"image\/jpeg\" \/>\n<meta name=\"twitter:card\" content=\"summary_large_image\" \/>\n<meta name=\"twitter:label1\" content=\"Gesch\u00e4tzte Lesezeit\" \/>\n\t<meta name=\"twitter:data1\" content=\"1\u00a0Minute\" \/>\n<script type=\"application\/ld+json\" class=\"yoast-schema-graph\">{\"@context\":\"https:\\\/\\\/schema.org\",\"@graph\":[{\"@type\":\"WebPage\",\"@id\":\"https:\\\/\\\/emquies-holstein.com\\\/product\\\/whole-anstecknadelbrosche-18-karat-gold\\\/?lang=de\",\"url\":\"https:\\\/\\\/emquies-holstein.com\\\/product\\\/whole-anstecknadelbrosche-18-karat-gold\\\/?lang=de\",\"name\":\"Whole- Anstecknadel\\\/Brosche- 18 Karat Gold - emquies-holstein\",\"isPartOf\":{\"@id\":\"https:\\\/\\\/emquies-holstein.com\\\/#website\"},\"primaryImageOfPage\":{\"@id\":\"https:\\\/\\\/emquies-holstein.com\\\/product\\\/whole-anstecknadelbrosche-18-karat-gold\\\/?lang=de#primaryimage\"},\"image\":{\"@id\":\"https:\\\/\\\/emquies-holstein.com\\\/product\\\/whole-anstecknadelbrosche-18-karat-gold\\\/?lang=de#primaryimage\"},\"thumbnailUrl\":\"https:\\\/\\\/emquies-holstein.com\\\/wp-content\\\/uploads\\\/2016\\\/08\\\/wholebroche-guld-Custom.jpg\",\"datePublished\":\"2016-08-24T07:02:55+00:00\",\"dateModified\":\"2017-09-19T12:37:23+00:00\",\"breadcrumb\":{\"@id\":\"https:\\\/\\\/emquies-holstein.com\\\/product\\\/whole-anstecknadelbrosche-18-karat-gold\\\/?lang=de#breadcrumb\"},\"inLanguage\":\"de\",\"potentialAction\":[{\"@type\":\"ReadAction\",\"target\":[\"https:\\\/\\\/emquies-holstein.com\\\/product\\\/whole-anstecknadelbrosche-18-karat-gold\\\/?lang=de\"]}]},{\"@type\":\"ImageObject\",\"inLanguage\":\"de\",\"@id\":\"https:\\\/\\\/emquies-holstein.com\\\/product\\\/whole-anstecknadelbrosche-18-karat-gold\\\/?lang=de#primaryimage\",\"url\":\"https:\\\/\\\/emquies-holstein.com\\\/wp-content\\\/uploads\\\/2016\\\/08\\\/wholebroche-guld-Custom.jpg\",\"contentUrl\":\"https:\\\/\\\/emquies-holstein.com\\\/wp-content\\\/uploads\\\/2016\\\/08\\\/wholebroche-guld-Custom.jpg\",\"width\":822,\"height\":822},{\"@type\":\"BreadcrumbList\",\"@id\":\"https:\\\/\\\/emquies-holstein.com\\\/product\\\/whole-anstecknadelbrosche-18-karat-gold\\\/?lang=de#breadcrumb\",\"itemListElement\":[{\"@type\":\"ListItem\",\"position\":1,\"name\":\"Hjem\",\"item\":\"https:\\\/\\\/emquies-holstein.com\\\/de\\\/\"},{\"@type\":\"ListItem\",\"position\":2,\"name\":\"Shop\",\"item\":\"https:\\\/\\\/emquies-holstein.com\\\/shop-2\\\/?lang=de\"},{\"@type\":\"ListItem\",\"position\":3,\"name\":\"Whole- Anstecknadel\\\/Brosche- 18 Karat Gold\"}]},{\"@type\":\"WebSite\",\"@id\":\"https:\\\/\\\/emquies-holstein.com\\\/#website\",\"url\":\"https:\\\/\\\/emquies-holstein.com\\\/\",\"name\":\"emquies-holstein\",\"description\":\"Just another WordPress site\",\"publisher\":{\"@id\":\"https:\\\/\\\/emquies-holstein.com\\\/#organization\"},\"potentialAction\":[{\"@type\":\"SearchAction\",\"target\":{\"@type\":\"EntryPoint\",\"urlTemplate\":\"https:\\\/\\\/emquies-holstein.com\\\/?s={search_term_string}\"},\"query-input\":{\"@type\":\"PropertyValueSpecification\",\"valueRequired\":true,\"valueName\":\"search_term_string\"}}],\"inLanguage\":\"de\"},{\"@type\":\"Organization\",\"@id\":\"https:\\\/\\\/emquies-holstein.com\\\/#organization\",\"name\":\"Emquies-Holstein\",\"url\":\"https:\\\/\\\/emquies-holstein.com\\\/\",\"logo\":{\"@type\":\"ImageObject\",\"inLanguage\":\"de\",\"@id\":\"https:\\\/\\\/emquies-holstein.com\\\/#\\\/schema\\\/logo\\\/image\\\/\",\"url\":\"https:\\\/\\\/emquies-holstein.com\\\/wp-content\\\/uploads\\\/2016\\\/07\\\/logo-1.png\",\"contentUrl\":\"https:\\\/\\\/emquies-holstein.com\\\/wp-content\\\/uploads\\\/2016\\\/07\\\/logo-1.png\",\"width\":300,\"height\":53,\"caption\":\"Emquies-Holstein\"},\"image\":{\"@id\":\"https:\\\/\\\/emquies-holstein.com\\\/#\\\/schema\\\/logo\\\/image\\\/\"},\"sameAs\":[\"https:\\\/\\\/da-dk.facebook.com\\\/emquiesholstein\\\/\",\"https:\\\/\\\/www.instagram.com\\\/emquiesholstein\\\/\",\"https:\\\/\\\/www.pinterest.dk\\\/emquiesholstein\\\/\"]}]}<\/script>\n<!-- \/ Yoast SEO plugin. -->","yoast_head_json":{"title":"Whole- Anstecknadel\/Brosche- 18 Karat Gold - emquies-holstein","robots":{"index":"index","follow":"follow","max-snippet":"max-snippet:-1","max-image-preview":"max-image-preview:large","max-video-preview":"max-video-preview:-1"},"canonical":"https:\/\/emquies-holstein.com\/product\/whole-anstecknadelbrosche-18-karat-gold\/?lang=de","og_locale":"de_DE","og_type":"article","og_title":"Whole- Anstecknadel\/Brosche- 18 Karat Gold - emquies-holstein","og_description":"Anstecknadel\/Brosche aus 18 Karat Gold  Ma\u00dfe: ca. 14 mm Durchmesser mit Schloss","og_url":"https:\/\/emquies-holstein.com\/product\/whole-anstecknadelbrosche-18-karat-gold\/?lang=de","og_site_name":"emquies-holstein","article_publisher":"https:\/\/da-dk.facebook.com\/emquiesholstein\/","article_modified_time":"2017-09-19T12:37:23+00:00","og_image":[{"width":822,"height":822,"url":"https:\/\/emquies-holstein.com\/wp-content\/uploads\/2016\/08\/wholebroche-guld-Custom.jpg","type":"image\/jpeg"}],"twitter_card":"summary_large_image","twitter_misc":{"Gesch\u00e4tzte Lesezeit":"1\u00a0Minute"},"schema":{"@context":"https:\/\/schema.org","@graph":[{"@type":"WebPage","@id":"https:\/\/emquies-holstein.com\/product\/whole-anstecknadelbrosche-18-karat-gold\/?lang=de","url":"https:\/\/emquies-holstein.com\/product\/whole-anstecknadelbrosche-18-karat-gold\/?lang=de","name":"Whole- Anstecknadel\/Brosche- 18 Karat Gold - emquies-holstein","isPartOf":{"@id":"https:\/\/emquies-holstein.com\/#website"},"primaryImageOfPage":{"@id":"https:\/\/emquies-holstein.com\/product\/whole-anstecknadelbrosche-18-karat-gold\/?lang=de#primaryimage"},"image":{"@id":"https:\/\/emquies-holstein.com\/product\/whole-anstecknadelbrosche-18-karat-gold\/?lang=de#primaryimage"},"thumbnailUrl":"https:\/\/emquies-holstein.com\/wp-content\/uploads\/2016\/08\/wholebroche-guld-Custom.jpg","datePublished":"2016-08-24T07:02:55+00:00","dateModified":"2017-09-19T12:37:23+00:00","breadcrumb":{"@id":"https:\/\/emquies-holstein.com\/product\/whole-anstecknadelbrosche-18-karat-gold\/?lang=de#breadcrumb"},"inLanguage":"de","potentialAction":[{"@type":"ReadAction","target":["https:\/\/emquies-holstein.com\/product\/whole-anstecknadelbrosche-18-karat-gold\/?lang=de"]}]},{"@type":"ImageObject","inLanguage":"de","@id":"https:\/\/emquies-holstein.com\/product\/whole-anstecknadelbrosche-18-karat-gold\/?lang=de#primaryimage","url":"https:\/\/emquies-holstein.com\/wp-content\/uploads\/2016\/08\/wholebroche-guld-Custom.jpg","contentUrl":"https:\/\/emquies-holstein.com\/wp-content\/uploads\/2016\/08\/wholebroche-guld-Custom.jpg","width":822,"height":822},{"@type":"BreadcrumbList","@id":"https:\/\/emquies-holstein.com\/product\/whole-anstecknadelbrosche-18-karat-gold\/?lang=de#breadcrumb","itemListElement":[{"@type":"ListItem","position":1,"name":"Hjem","item":"https:\/\/emquies-holstein.com\/de\/"},{"@type":"ListItem","position":2,"name":"Shop","item":"https:\/\/emquies-holstein.com\/shop-2\/?lang=de"},{"@type":"ListItem","position":3,"name":"Whole- Anstecknadel\/Brosche- 18 Karat Gold"}]},{"@type":"WebSite","@id":"https:\/\/emquies-holstein.com\/#website","url":"https:\/\/emquies-holstein.com\/","name":"emquies-holstein","description":"Just another WordPress site","publisher":{"@id":"https:\/\/emquies-holstein.com\/#organization"},"potentialAction":[{"@type":"SearchAction","target":{"@type":"EntryPoint","urlTemplate":"https:\/\/emquies-holstein.com\/?s={search_term_string}"},"query-input":{"@type":"PropertyValueSpecification","valueRequired":true,"valueName":"search_term_string"}}],"inLanguage":"de"},{"@type":"Organization","@id":"https:\/\/emquies-holstein.com\/#organization","name":"Emquies-Holstein","url":"https:\/\/emquies-holstein.com\/","logo":{"@type":"ImageObject","inLanguage":"de","@id":"https:\/\/emquies-holstein.com\/#\/schema\/logo\/image\/","url":"https:\/\/emquies-holstein.com\/wp-content\/uploads\/2016\/07\/logo-1.png","contentUrl":"https:\/\/emquies-holstein.com\/wp-content\/uploads\/2016\/07\/logo-1.png","width":300,"height":53,"caption":"Emquies-Holstein"},"image":{"@id":"https:\/\/emquies-holstein.com\/#\/schema\/logo\/image\/"},"sameAs":["https:\/\/da-dk.facebook.com\/emquiesholstein\/","https:\/\/www.instagram.com\/emquiesholstein\/","https:\/\/www.pinterest.dk\/emquiesholstein\/"]}]}},"_links":{"self":[{"href":"https:\/\/emquies-holstein.com\/de\/wp-json\/wp\/v2\/product\/10823","targetHints":{"allow":["GET"]}}],"collection":[{"href":"https:\/\/emquies-holstein.com\/de\/wp-json\/wp\/v2\/product"}],"about":[{"href":"https:\/\/emquies-holstein.com\/de\/wp-json\/wp\/v2\/types\/product"}],"replies":[{"embeddable":true,"href":"https:\/\/emquies-holstein.com\/de\/wp-json\/wp\/v2\/comments?post=10823"}],"wp:featuredmedia":[{"embeddable":true,"href":"https:\/\/emquies-holstein.com\/de\/wp-json\/wp\/v2\/media\/6715"}],"wp:attachment":[{"href":"https:\/\/emquies-holstein.com\/de\/wp-json\/wp\/v2\/media?parent=10823"}],"wp:term":[{"taxonomy":"product_brand","embeddable":true,"href":"https:\/\/emquies-holstein.com\/de\/wp-json\/wp\/v2\/product_brand?post=10823"},{"taxonomy":"product_cat","embeddable":true,"href":"https:\/\/emquies-holstein.com\/de\/wp-json\/wp\/v2\/product_cat?post=10823"},{"taxonomy":"product_tag","embeddable":true,"href":"https:\/\/emquies-holstein.com\/de\/wp-json\/wp\/v2\/product_tag?post=10823"}],"curies":[{"name":"wp","href":"https:\/\/api.w.org\/{rel}","templated":true}]}}