
























































{"id":10955,"date":"2016-01-13T12:00:33","date_gmt":"2014-01-13T19:46:33","guid":{"rendered":"https:\/\/emquies-holstein.com\/produkt\/10955\/"},"modified":"2017-09-19T12:44:14","modified_gmt":"2017-09-19T12:44:14","slug":"alliance-ring-18-karat-gold-2","status":"publish","type":"product","link":"https:\/\/emquies-holstein.com\/de\/product\/alliance-ring-18-karat-gold-2\/","title":{"rendered":"Alliance Ring- 18 Karat Gold"},"content":{"rendered":"<p><strong>Allianz<\/strong><\/p>\n<p>Die Allianzring Kollektion f\u00fchrt den klassischen und traditionellen Gedanken des Allianzrings weiter. Die wundersch\u00f6nen Ringe werden im Verbund zu neuen Formen und zum Symbol f\u00fcr das sch\u00f6nste Gef\u00fchl \u00fcberhaupt: die Verbindung und Verbundenheit zwischen zwei Menschen. Im Laufe der Zeit k\u00f6nnen immer wieder neue Diamanten hinzugef\u00fcgt werden. Dies macht das Design so einzigartig und lebendig.<\/p>\n","protected":false},"excerpt":{"rendered":"<p>Ring Model A- 18 Karat Gold<\/p>\n<p>Preis und Karat insgesamt h\u00e4ngt von der Ringgr\u00f6\u00dfe ab<\/p>\n<p>Wahlweise Gr\u00f6\u00dfen von 48-60<\/p>\n<p>Wahlweise Oberfl\u00e4che: Matt mit polierten Spitzen wie auf dem Foto oder die ganze Oberfl\u00e4che blank poliert. Bitte beachten Sie dies beim Kauf<\/p>\n<p>Lieferung: 15- 20 Arbeitstage<\/p>\n","protected":false},"featured_media":2813,"comment_status":"open","ping_status":"closed","template":"","meta":{"_acf_changed":false},"product_brand":[],"product_cat":[582,574],"product_tag":[],"class_list":{"0":"post-10955","1":"product","2":"type-product","3":"status-publish","4":"has-post-thumbnail","6":"product_cat-allianz-de","7":"product_cat-ring-de","8":"pa_kollektion-alliance-de","9":"pa_material-gold-de","10":"pa_produkt-ring-de","11":"pa_ringsize-48-de","12":"pa_ringsize-49-de","13":"pa_ringsize-50-de","14":"pa_ringsize-51-de","15":"pa_ringsize-52-de","16":"pa_ringsize-53-de-2","17":"pa_ringsize-54-de","18":"pa_ringsize-55-de","19":"pa_ringsize-56-de","20":"pa_ringsize-57-de","21":"pa_ringsize-58-de","22":"pa_ringsize-59-de","23":"pa_ringsize-60-de","25":"first","26":"instock","27":"featured","28":"shipping-taxable","29":"product-type-variable"},"acf":[],"yoast_head":"<!-- This site is optimized with the Yoast SEO plugin v27.3 - https:\/\/yoast.com\/product\/yoast-seo-wordpress\/ -->\n<title>Alliance Ring- 18 Karat Gold - emquies-holstein<\/title>\n<meta name=\"robots\" content=\"index, follow, max-snippet:-1, max-image-preview:large, max-video-preview:-1\" \/>\n<link rel=\"canonical\" href=\"https:\/\/emquies-holstein.com\/product\/alliance-ring-18-karat-gold-2\/?lang=de\" \/>\n<meta property=\"og:locale\" content=\"de_DE\" \/>\n<meta property=\"og:type\" content=\"article\" \/>\n<meta property=\"og:title\" content=\"Alliance Ring- 18 Karat Gold - emquies-holstein\" \/>\n<meta property=\"og:description\" content=\"Ring Model A- 18 Karat Gold  Preis und Karat insgesamt h\u00e4ngt von der Ringgr\u00f6\u00dfe ab  Wahlweise Gr\u00f6\u00dfen von 48-60  Wahlweise Oberfl\u00e4che: Matt mit polierten Spitzen wie auf dem Foto oder die ganze Oberfl\u00e4che blank poliert. Bitte beachten Sie dies beim Kauf  Lieferung: 15- 20 Arbeitstage\" \/>\n<meta property=\"og:url\" content=\"https:\/\/emquies-holstein.com\/product\/alliance-ring-18-karat-gold-2\/?lang=de\" \/>\n<meta property=\"og:site_name\" content=\"emquies-holstein\" \/>\n<meta property=\"article:publisher\" content=\"https:\/\/da-dk.facebook.com\/emquiesholstein\/\" \/>\n<meta property=\"article:modified_time\" content=\"2017-09-19T12:44:14+00:00\" \/>\n<meta property=\"og:image\" content=\"https:\/\/emquies-holstein.com\/wp-content\/uploads\/2016\/07\/16.-Alliance-0102-4Custom-3.jpg\" \/>\n\t<meta property=\"og:image:width\" content=\"822\" \/>\n\t<meta property=\"og:image:height\" content=\"822\" \/>\n\t<meta property=\"og:image:type\" content=\"image\/jpeg\" \/>\n<meta name=\"twitter:card\" content=\"summary_large_image\" \/>\n<script type=\"application\/ld+json\" class=\"yoast-schema-graph\">{\"@context\":\"https:\\\/\\\/schema.org\",\"@graph\":[{\"@type\":\"WebPage\",\"@id\":\"https:\\\/\\\/emquies-holstein.com\\\/product\\\/alliance-ring-18-karat-gold-2\\\/?lang=de\",\"url\":\"https:\\\/\\\/emquies-holstein.com\\\/product\\\/alliance-ring-18-karat-gold-2\\\/?lang=de\",\"name\":\"Alliance Ring- 18 Karat Gold - emquies-holstein\",\"isPartOf\":{\"@id\":\"https:\\\/\\\/emquies-holstein.com\\\/#website\"},\"primaryImageOfPage\":{\"@id\":\"https:\\\/\\\/emquies-holstein.com\\\/product\\\/alliance-ring-18-karat-gold-2\\\/?lang=de#primaryimage\"},\"image\":{\"@id\":\"https:\\\/\\\/emquies-holstein.com\\\/product\\\/alliance-ring-18-karat-gold-2\\\/?lang=de#primaryimage\"},\"thumbnailUrl\":\"https:\\\/\\\/emquies-holstein.com\\\/wp-content\\\/uploads\\\/2016\\\/07\\\/16.-Alliance-0102-4Custom-3.jpg\",\"datePublished\":\"2014-01-13T19:46:33+00:00\",\"dateModified\":\"2017-09-19T12:44:14+00:00\",\"breadcrumb\":{\"@id\":\"https:\\\/\\\/emquies-holstein.com\\\/product\\\/alliance-ring-18-karat-gold-2\\\/?lang=de#breadcrumb\"},\"inLanguage\":\"de\",\"potentialAction\":[{\"@type\":\"ReadAction\",\"target\":[\"https:\\\/\\\/emquies-holstein.com\\\/product\\\/alliance-ring-18-karat-gold-2\\\/?lang=de\"]}]},{\"@type\":\"ImageObject\",\"inLanguage\":\"de\",\"@id\":\"https:\\\/\\\/emquies-holstein.com\\\/product\\\/alliance-ring-18-karat-gold-2\\\/?lang=de#primaryimage\",\"url\":\"https:\\\/\\\/emquies-holstein.com\\\/wp-content\\\/uploads\\\/2016\\\/07\\\/16.-Alliance-0102-4Custom-3.jpg\",\"contentUrl\":\"https:\\\/\\\/emquies-holstein.com\\\/wp-content\\\/uploads\\\/2016\\\/07\\\/16.-Alliance-0102-4Custom-3.jpg\",\"width\":822,\"height\":822},{\"@type\":\"BreadcrumbList\",\"@id\":\"https:\\\/\\\/emquies-holstein.com\\\/product\\\/alliance-ring-18-karat-gold-2\\\/?lang=de#breadcrumb\",\"itemListElement\":[{\"@type\":\"ListItem\",\"position\":1,\"name\":\"Hjem\",\"item\":\"https:\\\/\\\/emquies-holstein.com\\\/de\\\/\"},{\"@type\":\"ListItem\",\"position\":2,\"name\":\"Shop\",\"item\":\"https:\\\/\\\/emquies-holstein.com\\\/shop-2\\\/?lang=de\"},{\"@type\":\"ListItem\",\"position\":3,\"name\":\"Alliance Ring- 18 Karat Gold\"}]},{\"@type\":\"WebSite\",\"@id\":\"https:\\\/\\\/emquies-holstein.com\\\/#website\",\"url\":\"https:\\\/\\\/emquies-holstein.com\\\/\",\"name\":\"emquies-holstein\",\"description\":\"Just another WordPress site\",\"publisher\":{\"@id\":\"https:\\\/\\\/emquies-holstein.com\\\/#organization\"},\"potentialAction\":[{\"@type\":\"SearchAction\",\"target\":{\"@type\":\"EntryPoint\",\"urlTemplate\":\"https:\\\/\\\/emquies-holstein.com\\\/?s={search_term_string}\"},\"query-input\":{\"@type\":\"PropertyValueSpecification\",\"valueRequired\":true,\"valueName\":\"search_term_string\"}}],\"inLanguage\":\"de\"},{\"@type\":\"Organization\",\"@id\":\"https:\\\/\\\/emquies-holstein.com\\\/#organization\",\"name\":\"Emquies-Holstein\",\"url\":\"https:\\\/\\\/emquies-holstein.com\\\/\",\"logo\":{\"@type\":\"ImageObject\",\"inLanguage\":\"de\",\"@id\":\"https:\\\/\\\/emquies-holstein.com\\\/#\\\/schema\\\/logo\\\/image\\\/\",\"url\":\"https:\\\/\\\/emquies-holstein.com\\\/wp-content\\\/uploads\\\/2016\\\/07\\\/logo-1.png\",\"contentUrl\":\"https:\\\/\\\/emquies-holstein.com\\\/wp-content\\\/uploads\\\/2016\\\/07\\\/logo-1.png\",\"width\":300,\"height\":53,\"caption\":\"Emquies-Holstein\"},\"image\":{\"@id\":\"https:\\\/\\\/emquies-holstein.com\\\/#\\\/schema\\\/logo\\\/image\\\/\"},\"sameAs\":[\"https:\\\/\\\/da-dk.facebook.com\\\/emquiesholstein\\\/\",\"https:\\\/\\\/www.instagram.com\\\/emquiesholstein\\\/\",\"https:\\\/\\\/www.pinterest.dk\\\/emquiesholstein\\\/\"]}]}<\/script>\n<!-- \/ Yoast SEO plugin. -->","yoast_head_json":{"title":"Alliance Ring- 18 Karat Gold - emquies-holstein","robots":{"index":"index","follow":"follow","max-snippet":"max-snippet:-1","max-image-preview":"max-image-preview:large","max-video-preview":"max-video-preview:-1"},"canonical":"https:\/\/emquies-holstein.com\/product\/alliance-ring-18-karat-gold-2\/?lang=de","og_locale":"de_DE","og_type":"article","og_title":"Alliance Ring- 18 Karat Gold - emquies-holstein","og_description":"Ring Model A- 18 Karat Gold  Preis und Karat insgesamt h\u00e4ngt von der Ringgr\u00f6\u00dfe ab  Wahlweise Gr\u00f6\u00dfen von 48-60  Wahlweise Oberfl\u00e4che: Matt mit polierten Spitzen wie auf dem Foto oder die ganze Oberfl\u00e4che blank poliert. Bitte beachten Sie dies beim Kauf  Lieferung: 15- 20 Arbeitstage","og_url":"https:\/\/emquies-holstein.com\/product\/alliance-ring-18-karat-gold-2\/?lang=de","og_site_name":"emquies-holstein","article_publisher":"https:\/\/da-dk.facebook.com\/emquiesholstein\/","article_modified_time":"2017-09-19T12:44:14+00:00","og_image":[{"width":822,"height":822,"url":"https:\/\/emquies-holstein.com\/wp-content\/uploads\/2016\/07\/16.-Alliance-0102-4Custom-3.jpg","type":"image\/jpeg"}],"twitter_card":"summary_large_image","schema":{"@context":"https:\/\/schema.org","@graph":[{"@type":"WebPage","@id":"https:\/\/emquies-holstein.com\/product\/alliance-ring-18-karat-gold-2\/?lang=de","url":"https:\/\/emquies-holstein.com\/product\/alliance-ring-18-karat-gold-2\/?lang=de","name":"Alliance Ring- 18 Karat Gold - emquies-holstein","isPartOf":{"@id":"https:\/\/emquies-holstein.com\/#website"},"primaryImageOfPage":{"@id":"https:\/\/emquies-holstein.com\/product\/alliance-ring-18-karat-gold-2\/?lang=de#primaryimage"},"image":{"@id":"https:\/\/emquies-holstein.com\/product\/alliance-ring-18-karat-gold-2\/?lang=de#primaryimage"},"thumbnailUrl":"https:\/\/emquies-holstein.com\/wp-content\/uploads\/2016\/07\/16.-Alliance-0102-4Custom-3.jpg","datePublished":"2014-01-13T19:46:33+00:00","dateModified":"2017-09-19T12:44:14+00:00","breadcrumb":{"@id":"https:\/\/emquies-holstein.com\/product\/alliance-ring-18-karat-gold-2\/?lang=de#breadcrumb"},"inLanguage":"de","potentialAction":[{"@type":"ReadAction","target":["https:\/\/emquies-holstein.com\/product\/alliance-ring-18-karat-gold-2\/?lang=de"]}]},{"@type":"ImageObject","inLanguage":"de","@id":"https:\/\/emquies-holstein.com\/product\/alliance-ring-18-karat-gold-2\/?lang=de#primaryimage","url":"https:\/\/emquies-holstein.com\/wp-content\/uploads\/2016\/07\/16.-Alliance-0102-4Custom-3.jpg","contentUrl":"https:\/\/emquies-holstein.com\/wp-content\/uploads\/2016\/07\/16.-Alliance-0102-4Custom-3.jpg","width":822,"height":822},{"@type":"BreadcrumbList","@id":"https:\/\/emquies-holstein.com\/product\/alliance-ring-18-karat-gold-2\/?lang=de#breadcrumb","itemListElement":[{"@type":"ListItem","position":1,"name":"Hjem","item":"https:\/\/emquies-holstein.com\/de\/"},{"@type":"ListItem","position":2,"name":"Shop","item":"https:\/\/emquies-holstein.com\/shop-2\/?lang=de"},{"@type":"ListItem","position":3,"name":"Alliance Ring- 18 Karat Gold"}]},{"@type":"WebSite","@id":"https:\/\/emquies-holstein.com\/#website","url":"https:\/\/emquies-holstein.com\/","name":"emquies-holstein","description":"Just another WordPress site","publisher":{"@id":"https:\/\/emquies-holstein.com\/#organization"},"potentialAction":[{"@type":"SearchAction","target":{"@type":"EntryPoint","urlTemplate":"https:\/\/emquies-holstein.com\/?s={search_term_string}"},"query-input":{"@type":"PropertyValueSpecification","valueRequired":true,"valueName":"search_term_string"}}],"inLanguage":"de"},{"@type":"Organization","@id":"https:\/\/emquies-holstein.com\/#organization","name":"Emquies-Holstein","url":"https:\/\/emquies-holstein.com\/","logo":{"@type":"ImageObject","inLanguage":"de","@id":"https:\/\/emquies-holstein.com\/#\/schema\/logo\/image\/","url":"https:\/\/emquies-holstein.com\/wp-content\/uploads\/2016\/07\/logo-1.png","contentUrl":"https:\/\/emquies-holstein.com\/wp-content\/uploads\/2016\/07\/logo-1.png","width":300,"height":53,"caption":"Emquies-Holstein"},"image":{"@id":"https:\/\/emquies-holstein.com\/#\/schema\/logo\/image\/"},"sameAs":["https:\/\/da-dk.facebook.com\/emquiesholstein\/","https:\/\/www.instagram.com\/emquiesholstein\/","https:\/\/www.pinterest.dk\/emquiesholstein\/"]}]}},"_links":{"self":[{"href":"https:\/\/emquies-holstein.com\/de\/wp-json\/wp\/v2\/product\/10955","targetHints":{"allow":["GET"]}}],"collection":[{"href":"https:\/\/emquies-holstein.com\/de\/wp-json\/wp\/v2\/product"}],"about":[{"href":"https:\/\/emquies-holstein.com\/de\/wp-json\/wp\/v2\/types\/product"}],"replies":[{"embeddable":true,"href":"https:\/\/emquies-holstein.com\/de\/wp-json\/wp\/v2\/comments?post=10955"}],"wp:featuredmedia":[{"embeddable":true,"href":"https:\/\/emquies-holstein.com\/de\/wp-json\/wp\/v2\/media\/2813"}],"wp:attachment":[{"href":"https:\/\/emquies-holstein.com\/de\/wp-json\/wp\/v2\/media?parent=10955"}],"wp:term":[{"taxonomy":"product_brand","embeddable":true,"href":"https:\/\/emquies-holstein.com\/de\/wp-json\/wp\/v2\/product_brand?post=10955"},{"taxonomy":"product_cat","embeddable":true,"href":"https:\/\/emquies-holstein.com\/de\/wp-json\/wp\/v2\/product_cat?post=10955"},{"taxonomy":"product_tag","embeddable":true,"href":"https:\/\/emquies-holstein.com\/de\/wp-json\/wp\/v2\/product_tag?post=10955"}],"curies":[{"name":"wp","href":"https:\/\/api.w.org\/{rel}","templated":true}]}}