
























































{"id":12111,"date":"2019-03-21T16:34:27","date_gmt":"2019-03-21T16:34:27","guid":{"rendered":"https:\/\/emquies-holstein.com\/?post_type=product&#038;p=12111"},"modified":"2019-03-29T11:02:23","modified_gmt":"2019-03-29T11:02:23","slug":"bubble-gum-ohrstecker-18-karat-gold","status":"publish","type":"product","link":"https:\/\/emquies-holstein.com\/de\/product\/bubble-gum-ohrstecker-18-karat-gold\/","title":{"rendered":"Bubble Gum Ohrstecker- 18 Karat Gold"},"content":{"rendered":"<p><strong>Die Bubble Gum Kollektion<\/strong><\/p>\n<p>Die Bubble Gum-Kollektion umfasst Schmuck aus Edelmetall, der in skulpturale Kunstwerke umgesetzt wird. Wie im Namen erw\u00e4hnt, hat das Design einen Hauch von Humor, der sich auf das zwischen den Fingern streckende Kaugummi bezieht, das beil\u00e4ufig seinen Eindruck hinterl\u00e4sst.<\/p>\n<p>Als Design bezieht sich Bubble Gum stark auf Verweise auf die amerikanische Diner-Kultur der 1950er Jahre, die den Farbmodus von Milchshake und rosa Pastellfarben f\u00f6rdert, w\u00e4hrend er ikonischen POP-K\u00fcnstlern wie Andy Warhol und Roy Lichtenstein Tribut zollt.<\/p>\n<p>Die Bubble Gum-Ringe haben eine unterschiedliche Breite mit einem individuellen Ausdruck in Gold oder Silber mit zartem Rosa-Lack, wodurch Appetit auf alles S\u00fc\u00dfes und Wertvolles entsteht.<\/p>\n","protected":false},"excerpt":{"rendered":"<p>Ohrstecker- 18 Karat Gold<\/p>\n<p>Ma\u00dfe: ca. 14 mm im Durchmesser<\/p>\n<p>Lieferung: 5-10 Arbeitstage<\/p>\n","protected":false},"featured_media":11984,"comment_status":"closed","ping_status":"closed","template":"","meta":{"_acf_changed":false},"product_brand":[],"product_cat":[611,590],"product_tag":[],"class_list":{"0":"post-12111","1":"product","2":"type-product","3":"status-publish","4":"has-post-thumbnail","6":"product_cat-bubble-gum-de","7":"product_cat-ohrstecker","8":"pa_kollektion-bubble-gum-de","9":"pa_material-gold-de","10":"pa_produkt-ohrstecker","12":"first","13":"instock","14":"shipping-taxable","15":"purchasable","16":"product-type-simple"},"acf":[],"yoast_head":"<!-- This site is optimized with the Yoast SEO plugin v27.4 - https:\/\/yoast.com\/product\/yoast-seo-wordpress\/ -->\n<title>Bubble Gum Ohrstecker- 18 Karat Gold - emquies-holstein<\/title>\n<meta name=\"robots\" content=\"index, follow, max-snippet:-1, max-image-preview:large, max-video-preview:-1\" \/>\n<link rel=\"canonical\" href=\"https:\/\/emquies-holstein.com\/de\/product\/bubble-gum-ohrstecker-18-karat-gold\/\" \/>\n<meta property=\"og:locale\" content=\"de_DE\" \/>\n<meta property=\"og:type\" content=\"article\" \/>\n<meta property=\"og:title\" content=\"Bubble Gum Ohrstecker- 18 Karat Gold - emquies-holstein\" \/>\n<meta property=\"og:description\" content=\"Ohrstecker- 18 Karat Gold  Ma\u00dfe: ca. 14 mm im Durchmesser  Lieferung: 5-10 Arbeitstage\" \/>\n<meta property=\"og:url\" content=\"https:\/\/emquies-holstein.com\/de\/product\/bubble-gum-ohrstecker-18-karat-gold\/\" \/>\n<meta property=\"og:site_name\" content=\"emquies-holstein\" \/>\n<meta property=\"article:publisher\" content=\"https:\/\/da-dk.facebook.com\/emquiesholstein\/\" \/>\n<meta property=\"article:modified_time\" content=\"2019-03-29T11:02:23+00:00\" \/>\n<meta property=\"og:image\" content=\"https:\/\/emquies-holstein.com\/wp-content\/uploads\/2019\/03\/Bubble_gold05a-Custom.jpg\" \/>\n\t<meta property=\"og:image:width\" content=\"822\" \/>\n\t<meta property=\"og:image:height\" content=\"822\" \/>\n\t<meta property=\"og:image:type\" content=\"image\/jpeg\" \/>\n<meta name=\"twitter:card\" content=\"summary_large_image\" \/>\n<meta name=\"twitter:label1\" content=\"Gesch\u00e4tzte Lesezeit\" \/>\n\t<meta name=\"twitter:data1\" content=\"1\u00a0Minute\" \/>\n<script type=\"application\/ld+json\" class=\"yoast-schema-graph\">{\"@context\":\"https:\\\/\\\/schema.org\",\"@graph\":[{\"@type\":\"WebPage\",\"@id\":\"https:\\\/\\\/emquies-holstein.com\\\/de\\\/product\\\/bubble-gum-ohrstecker-18-karat-gold\\\/\",\"url\":\"https:\\\/\\\/emquies-holstein.com\\\/de\\\/product\\\/bubble-gum-ohrstecker-18-karat-gold\\\/\",\"name\":\"Bubble Gum Ohrstecker- 18 Karat Gold - emquies-holstein\",\"isPartOf\":{\"@id\":\"https:\\\/\\\/emquies-holstein.com\\\/#website\"},\"primaryImageOfPage\":{\"@id\":\"https:\\\/\\\/emquies-holstein.com\\\/de\\\/product\\\/bubble-gum-ohrstecker-18-karat-gold\\\/#primaryimage\"},\"image\":{\"@id\":\"https:\\\/\\\/emquies-holstein.com\\\/de\\\/product\\\/bubble-gum-ohrstecker-18-karat-gold\\\/#primaryimage\"},\"thumbnailUrl\":\"https:\\\/\\\/emquies-holstein.com\\\/wp-content\\\/uploads\\\/2019\\\/03\\\/Bubble_gold05a-Custom.jpg\",\"datePublished\":\"2019-03-21T16:34:27+00:00\",\"dateModified\":\"2019-03-29T11:02:23+00:00\",\"breadcrumb\":{\"@id\":\"https:\\\/\\\/emquies-holstein.com\\\/de\\\/product\\\/bubble-gum-ohrstecker-18-karat-gold\\\/#breadcrumb\"},\"inLanguage\":\"de\",\"potentialAction\":[{\"@type\":\"ReadAction\",\"target\":[\"https:\\\/\\\/emquies-holstein.com\\\/de\\\/product\\\/bubble-gum-ohrstecker-18-karat-gold\\\/\"]}]},{\"@type\":\"ImageObject\",\"inLanguage\":\"de\",\"@id\":\"https:\\\/\\\/emquies-holstein.com\\\/de\\\/product\\\/bubble-gum-ohrstecker-18-karat-gold\\\/#primaryimage\",\"url\":\"https:\\\/\\\/emquies-holstein.com\\\/wp-content\\\/uploads\\\/2019\\\/03\\\/Bubble_gold05a-Custom.jpg\",\"contentUrl\":\"https:\\\/\\\/emquies-holstein.com\\\/wp-content\\\/uploads\\\/2019\\\/03\\\/Bubble_gold05a-Custom.jpg\",\"width\":822,\"height\":822,\"caption\":\"Bubble gold\"},{\"@type\":\"BreadcrumbList\",\"@id\":\"https:\\\/\\\/emquies-holstein.com\\\/de\\\/product\\\/bubble-gum-ohrstecker-18-karat-gold\\\/#breadcrumb\",\"itemListElement\":[{\"@type\":\"ListItem\",\"position\":1,\"name\":\"Hjem\",\"item\":\"https:\\\/\\\/emquies-holstein.com\\\/de\\\/\"},{\"@type\":\"ListItem\",\"position\":2,\"name\":\"Shop\",\"item\":\"https:\\\/\\\/emquies-holstein.com\\\/shop-2\\\/?lang=de\"},{\"@type\":\"ListItem\",\"position\":3,\"name\":\"Bubble Gum Ohrstecker- 18 Karat Gold\"}]},{\"@type\":\"WebSite\",\"@id\":\"https:\\\/\\\/emquies-holstein.com\\\/#website\",\"url\":\"https:\\\/\\\/emquies-holstein.com\\\/\",\"name\":\"emquies-holstein\",\"description\":\"Just another WordPress site\",\"publisher\":{\"@id\":\"https:\\\/\\\/emquies-holstein.com\\\/#organization\"},\"potentialAction\":[{\"@type\":\"SearchAction\",\"target\":{\"@type\":\"EntryPoint\",\"urlTemplate\":\"https:\\\/\\\/emquies-holstein.com\\\/?s={search_term_string}\"},\"query-input\":{\"@type\":\"PropertyValueSpecification\",\"valueRequired\":true,\"valueName\":\"search_term_string\"}}],\"inLanguage\":\"de\"},{\"@type\":\"Organization\",\"@id\":\"https:\\\/\\\/emquies-holstein.com\\\/#organization\",\"name\":\"Emquies-Holstein\",\"url\":\"https:\\\/\\\/emquies-holstein.com\\\/\",\"logo\":{\"@type\":\"ImageObject\",\"inLanguage\":\"de\",\"@id\":\"https:\\\/\\\/emquies-holstein.com\\\/#\\\/schema\\\/logo\\\/image\\\/\",\"url\":\"https:\\\/\\\/emquies-holstein.com\\\/wp-content\\\/uploads\\\/2016\\\/07\\\/logo-1.png\",\"contentUrl\":\"https:\\\/\\\/emquies-holstein.com\\\/wp-content\\\/uploads\\\/2016\\\/07\\\/logo-1.png\",\"width\":300,\"height\":53,\"caption\":\"Emquies-Holstein\"},\"image\":{\"@id\":\"https:\\\/\\\/emquies-holstein.com\\\/#\\\/schema\\\/logo\\\/image\\\/\"},\"sameAs\":[\"https:\\\/\\\/da-dk.facebook.com\\\/emquiesholstein\\\/\",\"https:\\\/\\\/www.instagram.com\\\/emquiesholstein\\\/\",\"https:\\\/\\\/www.pinterest.dk\\\/emquiesholstein\\\/\"]}]}<\/script>\n<!-- \/ Yoast SEO plugin. -->","yoast_head_json":{"title":"Bubble Gum Ohrstecker- 18 Karat Gold - emquies-holstein","robots":{"index":"index","follow":"follow","max-snippet":"max-snippet:-1","max-image-preview":"max-image-preview:large","max-video-preview":"max-video-preview:-1"},"canonical":"https:\/\/emquies-holstein.com\/de\/product\/bubble-gum-ohrstecker-18-karat-gold\/","og_locale":"de_DE","og_type":"article","og_title":"Bubble Gum Ohrstecker- 18 Karat Gold - emquies-holstein","og_description":"Ohrstecker- 18 Karat Gold  Ma\u00dfe: ca. 14 mm im Durchmesser  Lieferung: 5-10 Arbeitstage","og_url":"https:\/\/emquies-holstein.com\/de\/product\/bubble-gum-ohrstecker-18-karat-gold\/","og_site_name":"emquies-holstein","article_publisher":"https:\/\/da-dk.facebook.com\/emquiesholstein\/","article_modified_time":"2019-03-29T11:02:23+00:00","og_image":[{"width":822,"height":822,"url":"https:\/\/emquies-holstein.com\/wp-content\/uploads\/2019\/03\/Bubble_gold05a-Custom.jpg","type":"image\/jpeg"}],"twitter_card":"summary_large_image","twitter_misc":{"Gesch\u00e4tzte Lesezeit":"1\u00a0Minute"},"schema":{"@context":"https:\/\/schema.org","@graph":[{"@type":"WebPage","@id":"https:\/\/emquies-holstein.com\/de\/product\/bubble-gum-ohrstecker-18-karat-gold\/","url":"https:\/\/emquies-holstein.com\/de\/product\/bubble-gum-ohrstecker-18-karat-gold\/","name":"Bubble Gum Ohrstecker- 18 Karat Gold - emquies-holstein","isPartOf":{"@id":"https:\/\/emquies-holstein.com\/#website"},"primaryImageOfPage":{"@id":"https:\/\/emquies-holstein.com\/de\/product\/bubble-gum-ohrstecker-18-karat-gold\/#primaryimage"},"image":{"@id":"https:\/\/emquies-holstein.com\/de\/product\/bubble-gum-ohrstecker-18-karat-gold\/#primaryimage"},"thumbnailUrl":"https:\/\/emquies-holstein.com\/wp-content\/uploads\/2019\/03\/Bubble_gold05a-Custom.jpg","datePublished":"2019-03-21T16:34:27+00:00","dateModified":"2019-03-29T11:02:23+00:00","breadcrumb":{"@id":"https:\/\/emquies-holstein.com\/de\/product\/bubble-gum-ohrstecker-18-karat-gold\/#breadcrumb"},"inLanguage":"de","potentialAction":[{"@type":"ReadAction","target":["https:\/\/emquies-holstein.com\/de\/product\/bubble-gum-ohrstecker-18-karat-gold\/"]}]},{"@type":"ImageObject","inLanguage":"de","@id":"https:\/\/emquies-holstein.com\/de\/product\/bubble-gum-ohrstecker-18-karat-gold\/#primaryimage","url":"https:\/\/emquies-holstein.com\/wp-content\/uploads\/2019\/03\/Bubble_gold05a-Custom.jpg","contentUrl":"https:\/\/emquies-holstein.com\/wp-content\/uploads\/2019\/03\/Bubble_gold05a-Custom.jpg","width":822,"height":822,"caption":"Bubble gold"},{"@type":"BreadcrumbList","@id":"https:\/\/emquies-holstein.com\/de\/product\/bubble-gum-ohrstecker-18-karat-gold\/#breadcrumb","itemListElement":[{"@type":"ListItem","position":1,"name":"Hjem","item":"https:\/\/emquies-holstein.com\/de\/"},{"@type":"ListItem","position":2,"name":"Shop","item":"https:\/\/emquies-holstein.com\/shop-2\/?lang=de"},{"@type":"ListItem","position":3,"name":"Bubble Gum Ohrstecker- 18 Karat Gold"}]},{"@type":"WebSite","@id":"https:\/\/emquies-holstein.com\/#website","url":"https:\/\/emquies-holstein.com\/","name":"emquies-holstein","description":"Just another WordPress site","publisher":{"@id":"https:\/\/emquies-holstein.com\/#organization"},"potentialAction":[{"@type":"SearchAction","target":{"@type":"EntryPoint","urlTemplate":"https:\/\/emquies-holstein.com\/?s={search_term_string}"},"query-input":{"@type":"PropertyValueSpecification","valueRequired":true,"valueName":"search_term_string"}}],"inLanguage":"de"},{"@type":"Organization","@id":"https:\/\/emquies-holstein.com\/#organization","name":"Emquies-Holstein","url":"https:\/\/emquies-holstein.com\/","logo":{"@type":"ImageObject","inLanguage":"de","@id":"https:\/\/emquies-holstein.com\/#\/schema\/logo\/image\/","url":"https:\/\/emquies-holstein.com\/wp-content\/uploads\/2016\/07\/logo-1.png","contentUrl":"https:\/\/emquies-holstein.com\/wp-content\/uploads\/2016\/07\/logo-1.png","width":300,"height":53,"caption":"Emquies-Holstein"},"image":{"@id":"https:\/\/emquies-holstein.com\/#\/schema\/logo\/image\/"},"sameAs":["https:\/\/da-dk.facebook.com\/emquiesholstein\/","https:\/\/www.instagram.com\/emquiesholstein\/","https:\/\/www.pinterest.dk\/emquiesholstein\/"]}]}},"_links":{"self":[{"href":"https:\/\/emquies-holstein.com\/de\/wp-json\/wp\/v2\/product\/12111","targetHints":{"allow":["GET"]}}],"collection":[{"href":"https:\/\/emquies-holstein.com\/de\/wp-json\/wp\/v2\/product"}],"about":[{"href":"https:\/\/emquies-holstein.com\/de\/wp-json\/wp\/v2\/types\/product"}],"replies":[{"embeddable":true,"href":"https:\/\/emquies-holstein.com\/de\/wp-json\/wp\/v2\/comments?post=12111"}],"wp:featuredmedia":[{"embeddable":true,"href":"https:\/\/emquies-holstein.com\/de\/wp-json\/wp\/v2\/media\/11984"}],"wp:attachment":[{"href":"https:\/\/emquies-holstein.com\/de\/wp-json\/wp\/v2\/media?parent=12111"}],"wp:term":[{"taxonomy":"product_brand","embeddable":true,"href":"https:\/\/emquies-holstein.com\/de\/wp-json\/wp\/v2\/product_brand?post=12111"},{"taxonomy":"product_cat","embeddable":true,"href":"https:\/\/emquies-holstein.com\/de\/wp-json\/wp\/v2\/product_cat?post=12111"},{"taxonomy":"product_tag","embeddable":true,"href":"https:\/\/emquies-holstein.com\/de\/wp-json\/wp\/v2\/product_tag?post=12111"}],"curies":[{"name":"wp","href":"https:\/\/api.w.org\/{rel}","templated":true}]}}