
























































{"id":13948,"date":"2020-04-27T13:31:53","date_gmt":"2020-04-27T13:31:57","guid":{"rendered":"https:\/\/emquies-holstein.com\/?post_type=product&#038;p=13948"},"modified":"2023-03-31T00:02:08","modified_gmt":"2023-03-31T00:02:08","slug":"anker-sterlingsilber","status":"publish","type":"product","link":"https:\/\/emquies-holstein.com\/de\/product\/anker-sterlingsilber\/","title":{"rendered":"Anker &#8211; Sterlingsilber"},"content":{"rendered":"<p><strong>Journey\u00a0<\/strong><br \/>\nDas Leben ist eine Reise! Die &#8222;Journey&#8220; -Kollektion besteht aus f\u00fcnf verschiedenen Kettenanh\u00e4ngern, die durch maritime Symbole und ihrer leicht erkennbaren spirituellen Qualit\u00e4t,\u00a0 betont, was auf dem Lebensweg wichtig ist.\u00a0 Der leuchtende Nordstern weist ihnen die Richtung, w\u00e4hrend Sie das\u00a0 Ruder in den tosenden Wellen steuern. Und wenn Ihr Schiff in hohe See ger\u00e4t, leuchtet der Leuchtturm ihnen den Weg und der Kompass f\u00fchrt Sie sicher durch die felsige Brandung. Der Anker gibt Ihnen Hoffnung auf eine ruhige See und verbindet sie mit der Erde und dem\u00a0\u00a0 Frieden.\u00a0 Der Fisch ist ein Symbol f\u00fcr Wohlstand auf verschiedenen Ebenen und gleichzeitig eine Erinnerung daran, die Gier abzulegen: Das Leben h\u00e4lt genug f\u00fcr uns alle bereit.<\/p>\n<p>&nbsp;<\/p>\n","protected":false},"excerpt":{"rendered":"<p>Anh\u00e4nger \u2013 Sterlingsilber.<\/p>\n<p>Ma\u00dfe: 16 mm L\u00e4nge mit \u00d6se.<\/p>\n<p>Lieferung: 2-5 Werktage.<\/p>\n<p>Sobald Sie einen Anh\u00e4nger ausgew\u00e4hlt und in den Warenkorb gelegt haben, wird Ihnen eine <a href=\"https:\/\/emquies-holstein.com\/product\/ketten\/?lang=de\">passende Kette angezeigt<\/a>.<\/p>\n","protected":false},"featured_media":13754,"comment_status":"closed","ping_status":"closed","template":"","meta":{"_acf_changed":false},"product_brand":[],"product_cat":[540,630,624],"product_tag":[],"class_list":{"0":"post-13948","1":"product","2":"type-product","3":"status-publish","4":"has-post-thumbnail","6":"product_cat-vedhaeng-de","7":"product_cat-journey-de","8":"product_cat-silber","9":"pa_kollektion-journey-de","10":"pa_material-silber","11":"pa_produkt-anhaenger","13":"first","14":"instock","15":"shipping-taxable","16":"purchasable","17":"product-type-simple"},"acf":[],"yoast_head":"<!-- This site is optimized with the Yoast SEO plugin v27.5 - https:\/\/yoast.com\/product\/yoast-seo-wordpress\/ -->\n<title>Anker - Sterlingsilber - emquies-holstein<\/title>\n<meta name=\"robots\" content=\"index, follow, max-snippet:-1, max-image-preview:large, max-video-preview:-1\" \/>\n<link rel=\"canonical\" href=\"https:\/\/emquies-holstein.com\/product\/anker-sterlingsilber\/?lang=de\" \/>\n<meta property=\"og:locale\" content=\"de_DE\" \/>\n<meta property=\"og:type\" content=\"article\" \/>\n<meta property=\"og:title\" content=\"Anker - Sterlingsilber - emquies-holstein\" \/>\n<meta property=\"og:description\" content=\"Anh\u00e4nger \u2013 Sterlingsilber.  Ma\u00dfe: 16 mm L\u00e4nge mit \u00d6se.  Lieferung: 2-5 Werktage.  Sobald Sie einen Anh\u00e4nger ausgew\u00e4hlt und in den Warenkorb gelegt haben, wird Ihnen eine passende Kette angezeigt.\" \/>\n<meta property=\"og:url\" content=\"https:\/\/emquies-holstein.com\/product\/anker-sterlingsilber\/?lang=de\" \/>\n<meta property=\"og:site_name\" content=\"emquies-holstein\" \/>\n<meta property=\"article:publisher\" content=\"https:\/\/da-dk.facebook.com\/emquiesholstein\/\" \/>\n<meta property=\"article:modified_time\" content=\"2023-03-31T00:02:08+00:00\" \/>\n<meta property=\"og:image\" content=\"https:\/\/emquies-holstein.com\/wp-content\/uploads\/2020\/04\/Anker_s\u00f8lv.jpg\" \/>\n\t<meta property=\"og:image:width\" content=\"822\" \/>\n\t<meta property=\"og:image:height\" content=\"822\" \/>\n\t<meta property=\"og:image:type\" content=\"image\/jpeg\" \/>\n<meta name=\"twitter:card\" content=\"summary_large_image\" \/>\n<meta name=\"twitter:label1\" content=\"Gesch\u00e4tzte Lesezeit\" \/>\n\t<meta name=\"twitter:data1\" content=\"1\u00a0Minute\" \/>\n<script type=\"application\/ld+json\" class=\"yoast-schema-graph\">{\"@context\":\"https:\\\/\\\/schema.org\",\"@graph\":[{\"@type\":\"WebPage\",\"@id\":\"https:\\\/\\\/emquies-holstein.com\\\/product\\\/anker-sterlingsilber\\\/?lang=de\",\"url\":\"https:\\\/\\\/emquies-holstein.com\\\/product\\\/anker-sterlingsilber\\\/?lang=de\",\"name\":\"Anker - Sterlingsilber - emquies-holstein\",\"isPartOf\":{\"@id\":\"https:\\\/\\\/emquies-holstein.com\\\/#website\"},\"primaryImageOfPage\":{\"@id\":\"https:\\\/\\\/emquies-holstein.com\\\/product\\\/anker-sterlingsilber\\\/?lang=de#primaryimage\"},\"image\":{\"@id\":\"https:\\\/\\\/emquies-holstein.com\\\/product\\\/anker-sterlingsilber\\\/?lang=de#primaryimage\"},\"thumbnailUrl\":\"https:\\\/\\\/emquies-holstein.com\\\/wp-content\\\/uploads\\\/2020\\\/04\\\/Anker_s\u00f8lv.jpg\",\"datePublished\":\"2020-04-27T13:31:57+00:00\",\"dateModified\":\"2023-03-31T00:02:08+00:00\",\"breadcrumb\":{\"@id\":\"https:\\\/\\\/emquies-holstein.com\\\/product\\\/anker-sterlingsilber\\\/?lang=de#breadcrumb\"},\"inLanguage\":\"de\",\"potentialAction\":[{\"@type\":\"ReadAction\",\"target\":[\"https:\\\/\\\/emquies-holstein.com\\\/product\\\/anker-sterlingsilber\\\/?lang=de\"]}]},{\"@type\":\"ImageObject\",\"inLanguage\":\"de\",\"@id\":\"https:\\\/\\\/emquies-holstein.com\\\/product\\\/anker-sterlingsilber\\\/?lang=de#primaryimage\",\"url\":\"https:\\\/\\\/emquies-holstein.com\\\/wp-content\\\/uploads\\\/2020\\\/04\\\/Anker_s\u00f8lv.jpg\",\"contentUrl\":\"https:\\\/\\\/emquies-holstein.com\\\/wp-content\\\/uploads\\\/2020\\\/04\\\/Anker_s\u00f8lv.jpg\",\"width\":822,\"height\":822,\"caption\":\"Anker vedh\u00e6ng i sterlings\u00f8lv fra kollektionen \\\"Journey\\\"\"},{\"@type\":\"BreadcrumbList\",\"@id\":\"https:\\\/\\\/emquies-holstein.com\\\/product\\\/anker-sterlingsilber\\\/?lang=de#breadcrumb\",\"itemListElement\":[{\"@type\":\"ListItem\",\"position\":1,\"name\":\"Hjem\",\"item\":\"https:\\\/\\\/emquies-holstein.com\\\/de\\\/\"},{\"@type\":\"ListItem\",\"position\":2,\"name\":\"Shop\",\"item\":\"https:\\\/\\\/emquies-holstein.com\\\/shop-2\\\/?lang=de\"},{\"@type\":\"ListItem\",\"position\":3,\"name\":\"Anker &#8211; Sterlingsilber\"}]},{\"@type\":\"WebSite\",\"@id\":\"https:\\\/\\\/emquies-holstein.com\\\/#website\",\"url\":\"https:\\\/\\\/emquies-holstein.com\\\/\",\"name\":\"emquies-holstein\",\"description\":\"Just another WordPress site\",\"publisher\":{\"@id\":\"https:\\\/\\\/emquies-holstein.com\\\/#organization\"},\"potentialAction\":[{\"@type\":\"SearchAction\",\"target\":{\"@type\":\"EntryPoint\",\"urlTemplate\":\"https:\\\/\\\/emquies-holstein.com\\\/?s={search_term_string}\"},\"query-input\":{\"@type\":\"PropertyValueSpecification\",\"valueRequired\":true,\"valueName\":\"search_term_string\"}}],\"inLanguage\":\"de\"},{\"@type\":\"Organization\",\"@id\":\"https:\\\/\\\/emquies-holstein.com\\\/#organization\",\"name\":\"Emquies-Holstein\",\"url\":\"https:\\\/\\\/emquies-holstein.com\\\/\",\"logo\":{\"@type\":\"ImageObject\",\"inLanguage\":\"de\",\"@id\":\"https:\\\/\\\/emquies-holstein.com\\\/#\\\/schema\\\/logo\\\/image\\\/\",\"url\":\"https:\\\/\\\/emquies-holstein.com\\\/wp-content\\\/uploads\\\/2016\\\/07\\\/logo-1.png\",\"contentUrl\":\"https:\\\/\\\/emquies-holstein.com\\\/wp-content\\\/uploads\\\/2016\\\/07\\\/logo-1.png\",\"width\":300,\"height\":53,\"caption\":\"Emquies-Holstein\"},\"image\":{\"@id\":\"https:\\\/\\\/emquies-holstein.com\\\/#\\\/schema\\\/logo\\\/image\\\/\"},\"sameAs\":[\"https:\\\/\\\/da-dk.facebook.com\\\/emquiesholstein\\\/\",\"https:\\\/\\\/www.instagram.com\\\/emquiesholstein\\\/\",\"https:\\\/\\\/www.pinterest.dk\\\/emquiesholstein\\\/\"]}]}<\/script>\n<!-- \/ Yoast SEO plugin. -->","yoast_head_json":{"title":"Anker - Sterlingsilber - emquies-holstein","robots":{"index":"index","follow":"follow","max-snippet":"max-snippet:-1","max-image-preview":"max-image-preview:large","max-video-preview":"max-video-preview:-1"},"canonical":"https:\/\/emquies-holstein.com\/product\/anker-sterlingsilber\/?lang=de","og_locale":"de_DE","og_type":"article","og_title":"Anker - Sterlingsilber - emquies-holstein","og_description":"Anh\u00e4nger \u2013 Sterlingsilber.  Ma\u00dfe: 16 mm L\u00e4nge mit \u00d6se.  Lieferung: 2-5 Werktage.  Sobald Sie einen Anh\u00e4nger ausgew\u00e4hlt und in den Warenkorb gelegt haben, wird Ihnen eine passende Kette angezeigt.","og_url":"https:\/\/emquies-holstein.com\/product\/anker-sterlingsilber\/?lang=de","og_site_name":"emquies-holstein","article_publisher":"https:\/\/da-dk.facebook.com\/emquiesholstein\/","article_modified_time":"2023-03-31T00:02:08+00:00","og_image":[{"width":822,"height":822,"url":"https:\/\/emquies-holstein.com\/wp-content\/uploads\/2020\/04\/Anker_s\u00f8lv.jpg","type":"image\/jpeg"}],"twitter_card":"summary_large_image","twitter_misc":{"Gesch\u00e4tzte Lesezeit":"1\u00a0Minute"},"schema":{"@context":"https:\/\/schema.org","@graph":[{"@type":"WebPage","@id":"https:\/\/emquies-holstein.com\/product\/anker-sterlingsilber\/?lang=de","url":"https:\/\/emquies-holstein.com\/product\/anker-sterlingsilber\/?lang=de","name":"Anker - Sterlingsilber - emquies-holstein","isPartOf":{"@id":"https:\/\/emquies-holstein.com\/#website"},"primaryImageOfPage":{"@id":"https:\/\/emquies-holstein.com\/product\/anker-sterlingsilber\/?lang=de#primaryimage"},"image":{"@id":"https:\/\/emquies-holstein.com\/product\/anker-sterlingsilber\/?lang=de#primaryimage"},"thumbnailUrl":"https:\/\/emquies-holstein.com\/wp-content\/uploads\/2020\/04\/Anker_s\u00f8lv.jpg","datePublished":"2020-04-27T13:31:57+00:00","dateModified":"2023-03-31T00:02:08+00:00","breadcrumb":{"@id":"https:\/\/emquies-holstein.com\/product\/anker-sterlingsilber\/?lang=de#breadcrumb"},"inLanguage":"de","potentialAction":[{"@type":"ReadAction","target":["https:\/\/emquies-holstein.com\/product\/anker-sterlingsilber\/?lang=de"]}]},{"@type":"ImageObject","inLanguage":"de","@id":"https:\/\/emquies-holstein.com\/product\/anker-sterlingsilber\/?lang=de#primaryimage","url":"https:\/\/emquies-holstein.com\/wp-content\/uploads\/2020\/04\/Anker_s\u00f8lv.jpg","contentUrl":"https:\/\/emquies-holstein.com\/wp-content\/uploads\/2020\/04\/Anker_s\u00f8lv.jpg","width":822,"height":822,"caption":"Anker vedh\u00e6ng i sterlings\u00f8lv fra kollektionen \"Journey\""},{"@type":"BreadcrumbList","@id":"https:\/\/emquies-holstein.com\/product\/anker-sterlingsilber\/?lang=de#breadcrumb","itemListElement":[{"@type":"ListItem","position":1,"name":"Hjem","item":"https:\/\/emquies-holstein.com\/de\/"},{"@type":"ListItem","position":2,"name":"Shop","item":"https:\/\/emquies-holstein.com\/shop-2\/?lang=de"},{"@type":"ListItem","position":3,"name":"Anker &#8211; Sterlingsilber"}]},{"@type":"WebSite","@id":"https:\/\/emquies-holstein.com\/#website","url":"https:\/\/emquies-holstein.com\/","name":"emquies-holstein","description":"Just another WordPress site","publisher":{"@id":"https:\/\/emquies-holstein.com\/#organization"},"potentialAction":[{"@type":"SearchAction","target":{"@type":"EntryPoint","urlTemplate":"https:\/\/emquies-holstein.com\/?s={search_term_string}"},"query-input":{"@type":"PropertyValueSpecification","valueRequired":true,"valueName":"search_term_string"}}],"inLanguage":"de"},{"@type":"Organization","@id":"https:\/\/emquies-holstein.com\/#organization","name":"Emquies-Holstein","url":"https:\/\/emquies-holstein.com\/","logo":{"@type":"ImageObject","inLanguage":"de","@id":"https:\/\/emquies-holstein.com\/#\/schema\/logo\/image\/","url":"https:\/\/emquies-holstein.com\/wp-content\/uploads\/2016\/07\/logo-1.png","contentUrl":"https:\/\/emquies-holstein.com\/wp-content\/uploads\/2016\/07\/logo-1.png","width":300,"height":53,"caption":"Emquies-Holstein"},"image":{"@id":"https:\/\/emquies-holstein.com\/#\/schema\/logo\/image\/"},"sameAs":["https:\/\/da-dk.facebook.com\/emquiesholstein\/","https:\/\/www.instagram.com\/emquiesholstein\/","https:\/\/www.pinterest.dk\/emquiesholstein\/"]}]}},"_links":{"self":[{"href":"https:\/\/emquies-holstein.com\/de\/wp-json\/wp\/v2\/product\/13948","targetHints":{"allow":["GET"]}}],"collection":[{"href":"https:\/\/emquies-holstein.com\/de\/wp-json\/wp\/v2\/product"}],"about":[{"href":"https:\/\/emquies-holstein.com\/de\/wp-json\/wp\/v2\/types\/product"}],"replies":[{"embeddable":true,"href":"https:\/\/emquies-holstein.com\/de\/wp-json\/wp\/v2\/comments?post=13948"}],"wp:featuredmedia":[{"embeddable":true,"href":"https:\/\/emquies-holstein.com\/de\/wp-json\/wp\/v2\/media\/13754"}],"wp:attachment":[{"href":"https:\/\/emquies-holstein.com\/de\/wp-json\/wp\/v2\/media?parent=13948"}],"wp:term":[{"taxonomy":"product_brand","embeddable":true,"href":"https:\/\/emquies-holstein.com\/de\/wp-json\/wp\/v2\/product_brand?post=13948"},{"taxonomy":"product_cat","embeddable":true,"href":"https:\/\/emquies-holstein.com\/de\/wp-json\/wp\/v2\/product_cat?post=13948"},{"taxonomy":"product_tag","embeddable":true,"href":"https:\/\/emquies-holstein.com\/de\/wp-json\/wp\/v2\/product_tag?post=13948"}],"curies":[{"name":"wp","href":"https:\/\/api.w.org\/{rel}","templated":true}]}}