
























































{"id":14187,"date":"2020-05-10T19:59:53","date_gmt":"2020-05-10T19:59:53","guid":{"rendered":"https:\/\/emquies-holstein.com\/?post_type=product&#038;p=14187"},"modified":"2020-05-10T20:07:50","modified_gmt":"2020-05-10T20:07:50","slug":"squeeze-anhaenger-18-karat-gold-mit-diamanten","status":"publish","type":"product","link":"https:\/\/emquies-holstein.com\/de\/product\/squeeze-anhaenger-18-karat-gold-mit-diamanten\/","title":{"rendered":"Squeeze Anh\u00e4nger &#8211; 18 Karat Gold mit einem Diamanten"},"content":{"rendered":"<p><strong>Squeeze<\/strong><\/p>\n<p>Die \u201eSqueeze\u201c Kollektion erz\u00e4hlt von der k\u00fcnstlerischen Freiheit, die die Grenzen der allt\u00e4glichen Beschr\u00e4nkungen hinter sich l\u00e4sst. Mit dieser einzigartigen und bahnbrechenden Kollektion f\u00fchrt Hanan Emquies die Goldschmiedekunst zu neuen H\u00f6hen. Sie ist ausdrucksstark und elegant zugleich mit einem starken Designcharakter und einem Hauch von allt\u00e4glicher Poesie.<\/p>\n","protected":false},"excerpt":{"rendered":"<p>Anh\u00e4nger &#8211; 18 Karat Gold mit einem 0,04 ct TW VVS Diamant in 38 cm Goldkette<\/p>\n<p>Ma\u00dfe: Ca. 12 mm Durchmesser<\/p>\n<p>Lieferung: 5-10 Arbeitstage.<\/p>\n","protected":false},"featured_media":14126,"comment_status":"closed","ping_status":"closed","template":"","meta":{"_acf_changed":false},"product_brand":[],"product_cat":[540,543,587],"product_tag":[],"class_list":{"0":"post-14187","1":"product","2":"type-product","3":"status-publish","4":"has-post-thumbnail","6":"product_cat-vedhaeng-de","7":"product_cat-kaede-de","8":"product_cat-squeeze-de","9":"pa_kollektion-squeeze-de","10":"pa_material-gold-de","11":"pa_produkt-anhaenger","12":"pa_produkt-kette","14":"first","15":"instock","16":"shipping-taxable","17":"purchasable","18":"product-type-simple"},"acf":[],"yoast_head":"<!-- This site is optimized with the Yoast SEO plugin v27.4 - https:\/\/yoast.com\/product\/yoast-seo-wordpress\/ -->\n<title>Squeeze Anh\u00e4nger - 18 Karat Gold mit einem Diamanten - emquies-holstein<\/title>\n<meta name=\"robots\" content=\"index, follow, max-snippet:-1, max-image-preview:large, max-video-preview:-1\" \/>\n<link rel=\"canonical\" href=\"https:\/\/emquies-holstein.com\/de\/product\/squeeze-anhaenger-18-karat-gold-mit-diamanten\/\" \/>\n<meta property=\"og:locale\" content=\"de_DE\" \/>\n<meta property=\"og:type\" content=\"article\" \/>\n<meta property=\"og:title\" content=\"Squeeze Anh\u00e4nger - 18 Karat Gold mit einem Diamanten - emquies-holstein\" \/>\n<meta property=\"og:description\" content=\"Anh\u00e4nger - 18 Karat Gold mit einem 0,04 ct TW VVS Diamant in 38 cm Goldkette  Ma\u00dfe: Ca. 12 mm Durchmesser  Lieferung: 5-10 Arbeitstage.\" \/>\n<meta property=\"og:url\" content=\"https:\/\/emquies-holstein.com\/de\/product\/squeeze-anhaenger-18-karat-gold-mit-diamanten\/\" \/>\n<meta property=\"og:site_name\" content=\"emquies-holstein\" \/>\n<meta property=\"article:publisher\" content=\"https:\/\/da-dk.facebook.com\/emquiesholstein\/\" \/>\n<meta property=\"article:modified_time\" content=\"2020-05-10T20:07:50+00:00\" \/>\n<meta property=\"og:image\" content=\"https:\/\/emquies-holstein.com\/wp-content\/uploads\/2020\/05\/Squeeze15_1-Custom.jpg\" \/>\n\t<meta property=\"og:image:width\" content=\"822\" \/>\n\t<meta property=\"og:image:height\" content=\"822\" \/>\n\t<meta property=\"og:image:type\" content=\"image\/jpeg\" \/>\n<meta name=\"twitter:card\" content=\"summary_large_image\" \/>\n<script type=\"application\/ld+json\" class=\"yoast-schema-graph\">{\"@context\":\"https:\\\/\\\/schema.org\",\"@graph\":[{\"@type\":\"WebPage\",\"@id\":\"https:\\\/\\\/emquies-holstein.com\\\/de\\\/product\\\/squeeze-anhaenger-18-karat-gold-mit-diamanten\\\/\",\"url\":\"https:\\\/\\\/emquies-holstein.com\\\/de\\\/product\\\/squeeze-anhaenger-18-karat-gold-mit-diamanten\\\/\",\"name\":\"Squeeze Anh\u00e4nger - 18 Karat Gold mit einem Diamanten - emquies-holstein\",\"isPartOf\":{\"@id\":\"https:\\\/\\\/emquies-holstein.com\\\/#website\"},\"primaryImageOfPage\":{\"@id\":\"https:\\\/\\\/emquies-holstein.com\\\/de\\\/product\\\/squeeze-anhaenger-18-karat-gold-mit-diamanten\\\/#primaryimage\"},\"image\":{\"@id\":\"https:\\\/\\\/emquies-holstein.com\\\/de\\\/product\\\/squeeze-anhaenger-18-karat-gold-mit-diamanten\\\/#primaryimage\"},\"thumbnailUrl\":\"https:\\\/\\\/emquies-holstein.com\\\/wp-content\\\/uploads\\\/2020\\\/05\\\/Squeeze15_1-Custom.jpg\",\"datePublished\":\"2020-05-10T19:59:53+00:00\",\"dateModified\":\"2020-05-10T20:07:50+00:00\",\"breadcrumb\":{\"@id\":\"https:\\\/\\\/emquies-holstein.com\\\/de\\\/product\\\/squeeze-anhaenger-18-karat-gold-mit-diamanten\\\/#breadcrumb\"},\"inLanguage\":\"de\",\"potentialAction\":[{\"@type\":\"ReadAction\",\"target\":[\"https:\\\/\\\/emquies-holstein.com\\\/de\\\/product\\\/squeeze-anhaenger-18-karat-gold-mit-diamanten\\\/\"]}]},{\"@type\":\"ImageObject\",\"inLanguage\":\"de\",\"@id\":\"https:\\\/\\\/emquies-holstein.com\\\/de\\\/product\\\/squeeze-anhaenger-18-karat-gold-mit-diamanten\\\/#primaryimage\",\"url\":\"https:\\\/\\\/emquies-holstein.com\\\/wp-content\\\/uploads\\\/2020\\\/05\\\/Squeeze15_1-Custom.jpg\",\"contentUrl\":\"https:\\\/\\\/emquies-holstein.com\\\/wp-content\\\/uploads\\\/2020\\\/05\\\/Squeeze15_1-Custom.jpg\",\"width\":822,\"height\":822,\"caption\":\"Squeeze vedh\u00e6ng i 18 karat guld med diamant i guldk\u00e6de\"},{\"@type\":\"BreadcrumbList\",\"@id\":\"https:\\\/\\\/emquies-holstein.com\\\/de\\\/product\\\/squeeze-anhaenger-18-karat-gold-mit-diamanten\\\/#breadcrumb\",\"itemListElement\":[{\"@type\":\"ListItem\",\"position\":1,\"name\":\"Hjem\",\"item\":\"https:\\\/\\\/emquies-holstein.com\\\/de\\\/\"},{\"@type\":\"ListItem\",\"position\":2,\"name\":\"Shop\",\"item\":\"https:\\\/\\\/emquies-holstein.com\\\/shop-2\\\/?lang=de\"},{\"@type\":\"ListItem\",\"position\":3,\"name\":\"Squeeze Anh\u00e4nger &#8211; 18 Karat Gold mit einem Diamanten\"}]},{\"@type\":\"WebSite\",\"@id\":\"https:\\\/\\\/emquies-holstein.com\\\/#website\",\"url\":\"https:\\\/\\\/emquies-holstein.com\\\/\",\"name\":\"emquies-holstein\",\"description\":\"Just another WordPress site\",\"publisher\":{\"@id\":\"https:\\\/\\\/emquies-holstein.com\\\/#organization\"},\"potentialAction\":[{\"@type\":\"SearchAction\",\"target\":{\"@type\":\"EntryPoint\",\"urlTemplate\":\"https:\\\/\\\/emquies-holstein.com\\\/?s={search_term_string}\"},\"query-input\":{\"@type\":\"PropertyValueSpecification\",\"valueRequired\":true,\"valueName\":\"search_term_string\"}}],\"inLanguage\":\"de\"},{\"@type\":\"Organization\",\"@id\":\"https:\\\/\\\/emquies-holstein.com\\\/#organization\",\"name\":\"Emquies-Holstein\",\"url\":\"https:\\\/\\\/emquies-holstein.com\\\/\",\"logo\":{\"@type\":\"ImageObject\",\"inLanguage\":\"de\",\"@id\":\"https:\\\/\\\/emquies-holstein.com\\\/#\\\/schema\\\/logo\\\/image\\\/\",\"url\":\"https:\\\/\\\/emquies-holstein.com\\\/wp-content\\\/uploads\\\/2016\\\/07\\\/logo-1.png\",\"contentUrl\":\"https:\\\/\\\/emquies-holstein.com\\\/wp-content\\\/uploads\\\/2016\\\/07\\\/logo-1.png\",\"width\":300,\"height\":53,\"caption\":\"Emquies-Holstein\"},\"image\":{\"@id\":\"https:\\\/\\\/emquies-holstein.com\\\/#\\\/schema\\\/logo\\\/image\\\/\"},\"sameAs\":[\"https:\\\/\\\/da-dk.facebook.com\\\/emquiesholstein\\\/\",\"https:\\\/\\\/www.instagram.com\\\/emquiesholstein\\\/\",\"https:\\\/\\\/www.pinterest.dk\\\/emquiesholstein\\\/\"]}]}<\/script>\n<!-- \/ Yoast SEO plugin. -->","yoast_head_json":{"title":"Squeeze Anh\u00e4nger - 18 Karat Gold mit einem Diamanten - emquies-holstein","robots":{"index":"index","follow":"follow","max-snippet":"max-snippet:-1","max-image-preview":"max-image-preview:large","max-video-preview":"max-video-preview:-1"},"canonical":"https:\/\/emquies-holstein.com\/de\/product\/squeeze-anhaenger-18-karat-gold-mit-diamanten\/","og_locale":"de_DE","og_type":"article","og_title":"Squeeze Anh\u00e4nger - 18 Karat Gold mit einem Diamanten - emquies-holstein","og_description":"Anh\u00e4nger - 18 Karat Gold mit einem 0,04 ct TW VVS Diamant in 38 cm Goldkette  Ma\u00dfe: Ca. 12 mm Durchmesser  Lieferung: 5-10 Arbeitstage.","og_url":"https:\/\/emquies-holstein.com\/de\/product\/squeeze-anhaenger-18-karat-gold-mit-diamanten\/","og_site_name":"emquies-holstein","article_publisher":"https:\/\/da-dk.facebook.com\/emquiesholstein\/","article_modified_time":"2020-05-10T20:07:50+00:00","og_image":[{"width":822,"height":822,"url":"https:\/\/emquies-holstein.com\/wp-content\/uploads\/2020\/05\/Squeeze15_1-Custom.jpg","type":"image\/jpeg"}],"twitter_card":"summary_large_image","schema":{"@context":"https:\/\/schema.org","@graph":[{"@type":"WebPage","@id":"https:\/\/emquies-holstein.com\/de\/product\/squeeze-anhaenger-18-karat-gold-mit-diamanten\/","url":"https:\/\/emquies-holstein.com\/de\/product\/squeeze-anhaenger-18-karat-gold-mit-diamanten\/","name":"Squeeze Anh\u00e4nger - 18 Karat Gold mit einem Diamanten - emquies-holstein","isPartOf":{"@id":"https:\/\/emquies-holstein.com\/#website"},"primaryImageOfPage":{"@id":"https:\/\/emquies-holstein.com\/de\/product\/squeeze-anhaenger-18-karat-gold-mit-diamanten\/#primaryimage"},"image":{"@id":"https:\/\/emquies-holstein.com\/de\/product\/squeeze-anhaenger-18-karat-gold-mit-diamanten\/#primaryimage"},"thumbnailUrl":"https:\/\/emquies-holstein.com\/wp-content\/uploads\/2020\/05\/Squeeze15_1-Custom.jpg","datePublished":"2020-05-10T19:59:53+00:00","dateModified":"2020-05-10T20:07:50+00:00","breadcrumb":{"@id":"https:\/\/emquies-holstein.com\/de\/product\/squeeze-anhaenger-18-karat-gold-mit-diamanten\/#breadcrumb"},"inLanguage":"de","potentialAction":[{"@type":"ReadAction","target":["https:\/\/emquies-holstein.com\/de\/product\/squeeze-anhaenger-18-karat-gold-mit-diamanten\/"]}]},{"@type":"ImageObject","inLanguage":"de","@id":"https:\/\/emquies-holstein.com\/de\/product\/squeeze-anhaenger-18-karat-gold-mit-diamanten\/#primaryimage","url":"https:\/\/emquies-holstein.com\/wp-content\/uploads\/2020\/05\/Squeeze15_1-Custom.jpg","contentUrl":"https:\/\/emquies-holstein.com\/wp-content\/uploads\/2020\/05\/Squeeze15_1-Custom.jpg","width":822,"height":822,"caption":"Squeeze vedh\u00e6ng i 18 karat guld med diamant i guldk\u00e6de"},{"@type":"BreadcrumbList","@id":"https:\/\/emquies-holstein.com\/de\/product\/squeeze-anhaenger-18-karat-gold-mit-diamanten\/#breadcrumb","itemListElement":[{"@type":"ListItem","position":1,"name":"Hjem","item":"https:\/\/emquies-holstein.com\/de\/"},{"@type":"ListItem","position":2,"name":"Shop","item":"https:\/\/emquies-holstein.com\/shop-2\/?lang=de"},{"@type":"ListItem","position":3,"name":"Squeeze Anh\u00e4nger &#8211; 18 Karat Gold mit einem Diamanten"}]},{"@type":"WebSite","@id":"https:\/\/emquies-holstein.com\/#website","url":"https:\/\/emquies-holstein.com\/","name":"emquies-holstein","description":"Just another WordPress site","publisher":{"@id":"https:\/\/emquies-holstein.com\/#organization"},"potentialAction":[{"@type":"SearchAction","target":{"@type":"EntryPoint","urlTemplate":"https:\/\/emquies-holstein.com\/?s={search_term_string}"},"query-input":{"@type":"PropertyValueSpecification","valueRequired":true,"valueName":"search_term_string"}}],"inLanguage":"de"},{"@type":"Organization","@id":"https:\/\/emquies-holstein.com\/#organization","name":"Emquies-Holstein","url":"https:\/\/emquies-holstein.com\/","logo":{"@type":"ImageObject","inLanguage":"de","@id":"https:\/\/emquies-holstein.com\/#\/schema\/logo\/image\/","url":"https:\/\/emquies-holstein.com\/wp-content\/uploads\/2016\/07\/logo-1.png","contentUrl":"https:\/\/emquies-holstein.com\/wp-content\/uploads\/2016\/07\/logo-1.png","width":300,"height":53,"caption":"Emquies-Holstein"},"image":{"@id":"https:\/\/emquies-holstein.com\/#\/schema\/logo\/image\/"},"sameAs":["https:\/\/da-dk.facebook.com\/emquiesholstein\/","https:\/\/www.instagram.com\/emquiesholstein\/","https:\/\/www.pinterest.dk\/emquiesholstein\/"]}]}},"_links":{"self":[{"href":"https:\/\/emquies-holstein.com\/de\/wp-json\/wp\/v2\/product\/14187","targetHints":{"allow":["GET"]}}],"collection":[{"href":"https:\/\/emquies-holstein.com\/de\/wp-json\/wp\/v2\/product"}],"about":[{"href":"https:\/\/emquies-holstein.com\/de\/wp-json\/wp\/v2\/types\/product"}],"replies":[{"embeddable":true,"href":"https:\/\/emquies-holstein.com\/de\/wp-json\/wp\/v2\/comments?post=14187"}],"wp:featuredmedia":[{"embeddable":true,"href":"https:\/\/emquies-holstein.com\/de\/wp-json\/wp\/v2\/media\/14126"}],"wp:attachment":[{"href":"https:\/\/emquies-holstein.com\/de\/wp-json\/wp\/v2\/media?parent=14187"}],"wp:term":[{"taxonomy":"product_brand","embeddable":true,"href":"https:\/\/emquies-holstein.com\/de\/wp-json\/wp\/v2\/product_brand?post=14187"},{"taxonomy":"product_cat","embeddable":true,"href":"https:\/\/emquies-holstein.com\/de\/wp-json\/wp\/v2\/product_cat?post=14187"},{"taxonomy":"product_tag","embeddable":true,"href":"https:\/\/emquies-holstein.com\/de\/wp-json\/wp\/v2\/product_tag?post=14187"}],"curies":[{"name":"wp","href":"https:\/\/api.w.org\/{rel}","templated":true}]}}