
























































{"id":16524,"date":"2021-07-12T10:37:55","date_gmt":"2021-07-12T10:37:57","guid":{"rendered":"https:\/\/emquies-holstein.com\/?post_type=product&#038;p=16524"},"modified":"2023-03-31T00:02:28","modified_gmt":"2023-03-31T00:02:28","slug":"color-coctail-ring-sterlingsilber-mit-farbigem-glas-stein","status":"publish","type":"product","link":"https:\/\/emquies-holstein.com\/de\/product\/color-coctail-ring-sterlingsilber-mit-farbigem-glas-stein\/","title":{"rendered":"Color Coctail Ring- Sterlingsilber mit farbigem Glas \u2018Stein\u2019"},"content":{"rendered":"<p><strong>Die Colour Cocktail Kollektion<\/strong><\/p>\n<p>Die Cocktailkultur ist der Inbegriff des eleganten und dekadenten. Im Glas \u2013 und am Finger, wo Emquies-Holstein das Geschmackvolle und Bunte in eine Reihe von Statement-Ringen in Sterlingsilber mit facettiertem Glas \u00fcbersetzt. Die Colour Cocktail Kollektion ist eine raffinierte Hommage an die Lebensfreude und die Freude an der Farbe, bei der die Fassung des Ringdesigns die funkelnden und blickdichten Glassteine in einer Palette von mehreren Farben zu einem echten Hingucker erhebt.<\/p>\n","protected":false},"excerpt":{"rendered":"<p>Ring aus Sterlingsilber mit farbigem Glas \u2018Stein\u2019, Opak Aubergine Purple.<\/p>\n<p>Die Gr\u00f6\u00dfe des Steins: 18x13mm.<\/p>\n<p>Wahlweise Gr\u00f6\u00dfen von 50-62.<\/p>\n<p>Lieferung: 5 Arbeitstage.<\/p>\n<p><em>Bitte beachten Sie: Der \u201eStein\u201c besteht aus farbigem Hartglas und ist daher sehr langlebig, jedoch k\u00f6nnen im Laufe der Zeit und nach hartem Gebrauch Kratzer auf der Oberfl\u00e4che entstehen<\/em><\/p>\n","protected":false},"featured_media":16410,"comment_status":"closed","ping_status":"closed","template":"","meta":{"_acf_changed":false},"product_brand":[],"product_cat":[744,574,624],"product_tag":[],"class_list":{"0":"post-16524","1":"product","2":"type-product","3":"status-publish","4":"has-post-thumbnail","6":"product_cat-colour-cocktail-de","7":"product_cat-ring-de","8":"product_cat-silber","9":"pa_kollektion-colour-cocktail-de","10":"pa_material-silber","11":"pa_produkt-ring-de","12":"pa_ring-size-50-de-3","13":"pa_ring-size-51-de-3","14":"pa_ring-size-52-de-3","15":"pa_ring-size-53-de-2","16":"pa_ring-size-54-de-3","17":"pa_ring-size-55-de-3","18":"pa_ring-size-56-de-2","19":"pa_ring-size-57-de-3","20":"pa_ring-size-58-de-2","21":"pa_ring-size-59-de-2","22":"pa_ring-size-60-de-2","23":"pa_ring-size-61-de","24":"pa_ring-size-62-de","26":"first","27":"instock","28":"featured","29":"shipping-taxable","30":"purchasable","31":"product-type-variable"},"acf":[],"yoast_head":"<!-- This site is optimized with the Yoast SEO plugin v27.3 - https:\/\/yoast.com\/product\/yoast-seo-wordpress\/ -->\n<title>Color Coctail Ring- Sterlingsilber mit farbigem Glas \u2018Stein\u2019 - emquies-holstein<\/title>\n<meta name=\"robots\" content=\"index, follow, max-snippet:-1, max-image-preview:large, max-video-preview:-1\" \/>\n<link rel=\"canonical\" href=\"https:\/\/emquies-holstein.com\/product\/color-coctail-ring-sterlingsilber-mit-farbigem-glas-stein\/?lang=de\" \/>\n<meta property=\"og:locale\" content=\"de_DE\" \/>\n<meta property=\"og:type\" content=\"article\" \/>\n<meta property=\"og:title\" content=\"Color Coctail Ring- Sterlingsilber mit farbigem Glas \u2018Stein\u2019 - emquies-holstein\" \/>\n<meta property=\"og:description\" content=\"Ring aus Sterlingsilber mit farbigem Glas \u2018Stein\u2019, Opak Aubergine Purple.  Die Gr\u00f6\u00dfe des Steins: 18x13mm.  Wahlweise Gr\u00f6\u00dfen von 50-62.  Lieferung: 5 Arbeitstage.  Bitte beachten Sie: Der \u201eStein\u201c besteht aus farbigem Hartglas und ist daher sehr langlebig, jedoch k\u00f6nnen im Laufe der Zeit und nach hartem Gebrauch Kratzer auf der Oberfl\u00e4che entstehen\" \/>\n<meta property=\"og:url\" content=\"https:\/\/emquies-holstein.com\/product\/color-coctail-ring-sterlingsilber-mit-farbigem-glas-stein\/?lang=de\" \/>\n<meta property=\"og:site_name\" content=\"emquies-holstein\" \/>\n<meta property=\"article:publisher\" content=\"https:\/\/da-dk.facebook.com\/emquiesholstein\/\" \/>\n<meta property=\"article:modified_time\" content=\"2023-03-31T00:02:28+00:00\" \/>\n<meta property=\"og:image\" content=\"https:\/\/emquies-holstein.com\/wp-content\/uploads\/2021\/07\/19.-opak-purple-Custom.jpg\" \/>\n\t<meta property=\"og:image:width\" content=\"822\" \/>\n\t<meta property=\"og:image:height\" content=\"822\" \/>\n\t<meta property=\"og:image:type\" content=\"image\/jpeg\" \/>\n<meta name=\"twitter:card\" content=\"summary_large_image\" \/>\n<script type=\"application\/ld+json\" class=\"yoast-schema-graph\">{\"@context\":\"https:\\\/\\\/schema.org\",\"@graph\":[{\"@type\":\"WebPage\",\"@id\":\"https:\\\/\\\/emquies-holstein.com\\\/product\\\/color-coctail-ring-sterlingsilber-mit-farbigem-glas-stein\\\/?lang=de\",\"url\":\"https:\\\/\\\/emquies-holstein.com\\\/product\\\/color-coctail-ring-sterlingsilber-mit-farbigem-glas-stein\\\/?lang=de\",\"name\":\"Color Coctail Ring- Sterlingsilber mit farbigem Glas \u2018Stein\u2019 - emquies-holstein\",\"isPartOf\":{\"@id\":\"https:\\\/\\\/emquies-holstein.com\\\/#website\"},\"primaryImageOfPage\":{\"@id\":\"https:\\\/\\\/emquies-holstein.com\\\/product\\\/color-coctail-ring-sterlingsilber-mit-farbigem-glas-stein\\\/?lang=de#primaryimage\"},\"image\":{\"@id\":\"https:\\\/\\\/emquies-holstein.com\\\/product\\\/color-coctail-ring-sterlingsilber-mit-farbigem-glas-stein\\\/?lang=de#primaryimage\"},\"thumbnailUrl\":\"https:\\\/\\\/emquies-holstein.com\\\/wp-content\\\/uploads\\\/2021\\\/07\\\/19.-opak-purple-Custom.jpg\",\"datePublished\":\"2021-07-12T10:37:57+00:00\",\"dateModified\":\"2023-03-31T00:02:28+00:00\",\"breadcrumb\":{\"@id\":\"https:\\\/\\\/emquies-holstein.com\\\/product\\\/color-coctail-ring-sterlingsilber-mit-farbigem-glas-stein\\\/?lang=de#breadcrumb\"},\"inLanguage\":\"de\",\"potentialAction\":[{\"@type\":\"ReadAction\",\"target\":[\"https:\\\/\\\/emquies-holstein.com\\\/product\\\/color-coctail-ring-sterlingsilber-mit-farbigem-glas-stein\\\/?lang=de\"]}]},{\"@type\":\"ImageObject\",\"inLanguage\":\"de\",\"@id\":\"https:\\\/\\\/emquies-holstein.com\\\/product\\\/color-coctail-ring-sterlingsilber-mit-farbigem-glas-stein\\\/?lang=de#primaryimage\",\"url\":\"https:\\\/\\\/emquies-holstein.com\\\/wp-content\\\/uploads\\\/2021\\\/07\\\/19.-opak-purple-Custom.jpg\",\"contentUrl\":\"https:\\\/\\\/emquies-holstein.com\\\/wp-content\\\/uploads\\\/2021\\\/07\\\/19.-opak-purple-Custom.jpg\",\"width\":822,\"height\":822,\"caption\":\"Colour Cocktail ring i sterlingss\u00f8lv\"},{\"@type\":\"BreadcrumbList\",\"@id\":\"https:\\\/\\\/emquies-holstein.com\\\/product\\\/color-coctail-ring-sterlingsilber-mit-farbigem-glas-stein\\\/?lang=de#breadcrumb\",\"itemListElement\":[{\"@type\":\"ListItem\",\"position\":1,\"name\":\"Hjem\",\"item\":\"https:\\\/\\\/emquies-holstein.com\\\/de\\\/\"},{\"@type\":\"ListItem\",\"position\":2,\"name\":\"Shop\",\"item\":\"https:\\\/\\\/emquies-holstein.com\\\/shop-2\\\/?lang=de\"},{\"@type\":\"ListItem\",\"position\":3,\"name\":\"Color Coctail Ring- Sterlingsilber mit farbigem Glas \u2018Stein\u2019\"}]},{\"@type\":\"WebSite\",\"@id\":\"https:\\\/\\\/emquies-holstein.com\\\/#website\",\"url\":\"https:\\\/\\\/emquies-holstein.com\\\/\",\"name\":\"emquies-holstein\",\"description\":\"Just another WordPress site\",\"publisher\":{\"@id\":\"https:\\\/\\\/emquies-holstein.com\\\/#organization\"},\"potentialAction\":[{\"@type\":\"SearchAction\",\"target\":{\"@type\":\"EntryPoint\",\"urlTemplate\":\"https:\\\/\\\/emquies-holstein.com\\\/?s={search_term_string}\"},\"query-input\":{\"@type\":\"PropertyValueSpecification\",\"valueRequired\":true,\"valueName\":\"search_term_string\"}}],\"inLanguage\":\"de\"},{\"@type\":\"Organization\",\"@id\":\"https:\\\/\\\/emquies-holstein.com\\\/#organization\",\"name\":\"Emquies-Holstein\",\"url\":\"https:\\\/\\\/emquies-holstein.com\\\/\",\"logo\":{\"@type\":\"ImageObject\",\"inLanguage\":\"de\",\"@id\":\"https:\\\/\\\/emquies-holstein.com\\\/#\\\/schema\\\/logo\\\/image\\\/\",\"url\":\"https:\\\/\\\/emquies-holstein.com\\\/wp-content\\\/uploads\\\/2016\\\/07\\\/logo-1.png\",\"contentUrl\":\"https:\\\/\\\/emquies-holstein.com\\\/wp-content\\\/uploads\\\/2016\\\/07\\\/logo-1.png\",\"width\":300,\"height\":53,\"caption\":\"Emquies-Holstein\"},\"image\":{\"@id\":\"https:\\\/\\\/emquies-holstein.com\\\/#\\\/schema\\\/logo\\\/image\\\/\"},\"sameAs\":[\"https:\\\/\\\/da-dk.facebook.com\\\/emquiesholstein\\\/\",\"https:\\\/\\\/www.instagram.com\\\/emquiesholstein\\\/\",\"https:\\\/\\\/www.pinterest.dk\\\/emquiesholstein\\\/\"]}]}<\/script>\n<!-- \/ Yoast SEO plugin. -->","yoast_head_json":{"title":"Color Coctail Ring- Sterlingsilber mit farbigem Glas \u2018Stein\u2019 - emquies-holstein","robots":{"index":"index","follow":"follow","max-snippet":"max-snippet:-1","max-image-preview":"max-image-preview:large","max-video-preview":"max-video-preview:-1"},"canonical":"https:\/\/emquies-holstein.com\/product\/color-coctail-ring-sterlingsilber-mit-farbigem-glas-stein\/?lang=de","og_locale":"de_DE","og_type":"article","og_title":"Color Coctail Ring- Sterlingsilber mit farbigem Glas \u2018Stein\u2019 - emquies-holstein","og_description":"Ring aus Sterlingsilber mit farbigem Glas \u2018Stein\u2019, Opak Aubergine Purple.  Die Gr\u00f6\u00dfe des Steins: 18x13mm.  Wahlweise Gr\u00f6\u00dfen von 50-62.  Lieferung: 5 Arbeitstage.  Bitte beachten Sie: Der \u201eStein\u201c besteht aus farbigem Hartglas und ist daher sehr langlebig, jedoch k\u00f6nnen im Laufe der Zeit und nach hartem Gebrauch Kratzer auf der Oberfl\u00e4che entstehen","og_url":"https:\/\/emquies-holstein.com\/product\/color-coctail-ring-sterlingsilber-mit-farbigem-glas-stein\/?lang=de","og_site_name":"emquies-holstein","article_publisher":"https:\/\/da-dk.facebook.com\/emquiesholstein\/","article_modified_time":"2023-03-31T00:02:28+00:00","og_image":[{"width":822,"height":822,"url":"https:\/\/emquies-holstein.com\/wp-content\/uploads\/2021\/07\/19.-opak-purple-Custom.jpg","type":"image\/jpeg"}],"twitter_card":"summary_large_image","schema":{"@context":"https:\/\/schema.org","@graph":[{"@type":"WebPage","@id":"https:\/\/emquies-holstein.com\/product\/color-coctail-ring-sterlingsilber-mit-farbigem-glas-stein\/?lang=de","url":"https:\/\/emquies-holstein.com\/product\/color-coctail-ring-sterlingsilber-mit-farbigem-glas-stein\/?lang=de","name":"Color Coctail Ring- Sterlingsilber mit farbigem Glas \u2018Stein\u2019 - emquies-holstein","isPartOf":{"@id":"https:\/\/emquies-holstein.com\/#website"},"primaryImageOfPage":{"@id":"https:\/\/emquies-holstein.com\/product\/color-coctail-ring-sterlingsilber-mit-farbigem-glas-stein\/?lang=de#primaryimage"},"image":{"@id":"https:\/\/emquies-holstein.com\/product\/color-coctail-ring-sterlingsilber-mit-farbigem-glas-stein\/?lang=de#primaryimage"},"thumbnailUrl":"https:\/\/emquies-holstein.com\/wp-content\/uploads\/2021\/07\/19.-opak-purple-Custom.jpg","datePublished":"2021-07-12T10:37:57+00:00","dateModified":"2023-03-31T00:02:28+00:00","breadcrumb":{"@id":"https:\/\/emquies-holstein.com\/product\/color-coctail-ring-sterlingsilber-mit-farbigem-glas-stein\/?lang=de#breadcrumb"},"inLanguage":"de","potentialAction":[{"@type":"ReadAction","target":["https:\/\/emquies-holstein.com\/product\/color-coctail-ring-sterlingsilber-mit-farbigem-glas-stein\/?lang=de"]}]},{"@type":"ImageObject","inLanguage":"de","@id":"https:\/\/emquies-holstein.com\/product\/color-coctail-ring-sterlingsilber-mit-farbigem-glas-stein\/?lang=de#primaryimage","url":"https:\/\/emquies-holstein.com\/wp-content\/uploads\/2021\/07\/19.-opak-purple-Custom.jpg","contentUrl":"https:\/\/emquies-holstein.com\/wp-content\/uploads\/2021\/07\/19.-opak-purple-Custom.jpg","width":822,"height":822,"caption":"Colour Cocktail ring i sterlingss\u00f8lv"},{"@type":"BreadcrumbList","@id":"https:\/\/emquies-holstein.com\/product\/color-coctail-ring-sterlingsilber-mit-farbigem-glas-stein\/?lang=de#breadcrumb","itemListElement":[{"@type":"ListItem","position":1,"name":"Hjem","item":"https:\/\/emquies-holstein.com\/de\/"},{"@type":"ListItem","position":2,"name":"Shop","item":"https:\/\/emquies-holstein.com\/shop-2\/?lang=de"},{"@type":"ListItem","position":3,"name":"Color Coctail Ring- Sterlingsilber mit farbigem Glas \u2018Stein\u2019"}]},{"@type":"WebSite","@id":"https:\/\/emquies-holstein.com\/#website","url":"https:\/\/emquies-holstein.com\/","name":"emquies-holstein","description":"Just another WordPress site","publisher":{"@id":"https:\/\/emquies-holstein.com\/#organization"},"potentialAction":[{"@type":"SearchAction","target":{"@type":"EntryPoint","urlTemplate":"https:\/\/emquies-holstein.com\/?s={search_term_string}"},"query-input":{"@type":"PropertyValueSpecification","valueRequired":true,"valueName":"search_term_string"}}],"inLanguage":"de"},{"@type":"Organization","@id":"https:\/\/emquies-holstein.com\/#organization","name":"Emquies-Holstein","url":"https:\/\/emquies-holstein.com\/","logo":{"@type":"ImageObject","inLanguage":"de","@id":"https:\/\/emquies-holstein.com\/#\/schema\/logo\/image\/","url":"https:\/\/emquies-holstein.com\/wp-content\/uploads\/2016\/07\/logo-1.png","contentUrl":"https:\/\/emquies-holstein.com\/wp-content\/uploads\/2016\/07\/logo-1.png","width":300,"height":53,"caption":"Emquies-Holstein"},"image":{"@id":"https:\/\/emquies-holstein.com\/#\/schema\/logo\/image\/"},"sameAs":["https:\/\/da-dk.facebook.com\/emquiesholstein\/","https:\/\/www.instagram.com\/emquiesholstein\/","https:\/\/www.pinterest.dk\/emquiesholstein\/"]}]}},"_links":{"self":[{"href":"https:\/\/emquies-holstein.com\/de\/wp-json\/wp\/v2\/product\/16524","targetHints":{"allow":["GET"]}}],"collection":[{"href":"https:\/\/emquies-holstein.com\/de\/wp-json\/wp\/v2\/product"}],"about":[{"href":"https:\/\/emquies-holstein.com\/de\/wp-json\/wp\/v2\/types\/product"}],"replies":[{"embeddable":true,"href":"https:\/\/emquies-holstein.com\/de\/wp-json\/wp\/v2\/comments?post=16524"}],"wp:featuredmedia":[{"embeddable":true,"href":"https:\/\/emquies-holstein.com\/de\/wp-json\/wp\/v2\/media\/16410"}],"wp:attachment":[{"href":"https:\/\/emquies-holstein.com\/de\/wp-json\/wp\/v2\/media?parent=16524"}],"wp:term":[{"taxonomy":"product_brand","embeddable":true,"href":"https:\/\/emquies-holstein.com\/de\/wp-json\/wp\/v2\/product_brand?post=16524"},{"taxonomy":"product_cat","embeddable":true,"href":"https:\/\/emquies-holstein.com\/de\/wp-json\/wp\/v2\/product_cat?post=16524"},{"taxonomy":"product_tag","embeddable":true,"href":"https:\/\/emquies-holstein.com\/de\/wp-json\/wp\/v2\/product_tag?post=16524"}],"curies":[{"name":"wp","href":"https:\/\/api.w.org\/{rel}","templated":true}]}}