
























































{"id":17971,"date":"2019-07-11T11:18:33","date_gmt":"2021-07-15T11:18:33","guid":{"rendered":"https:\/\/emquies-holstein.com\/?post_type=product&#038;p=17971"},"modified":"2021-07-15T11:55:57","modified_gmt":"2021-07-15T11:55:57","slug":"mega-chic","status":"publish","type":"product","link":"https:\/\/emquies-holstein.com\/de\/product\/mega-chic\/","title":{"rendered":"Die Mega Chic Perlenkette"},"content":{"rendered":"<p><strong>Die Mega Chic Perlenkette<\/strong><\/p>\n<p>F\u00fcr die Perlenausstellung in Schloss Rosenborg wollte Diana Holstein die heutige etwas verstaubte Wahrnehmung der Perlenkette neu definieren und sie zu einem wandlungsf\u00e4higen Schmuckst\u00fcck machen, das die modernen W\u00fcnsche ber\u00fccksichtigt. So kann Diana Holstein\u2018s Perlenkette in ganz unterschiedlicher Weise getragen werden- geeignet f\u00fcr alle Gelegenheiten: im Alltag, f\u00fcr eine Cocktailparty oder f\u00fcr eine Gala. Die goldenen Teile des Perlendesigns wurden inspiriert von den Strahlen in der Sternendekoration, die man in der Schatzkammer Schloss Rosenborgs finden kann.<\/p>\n","protected":false},"excerpt":{"rendered":"<p>S\u00fc\u00dfwasser-Zuchtperlen (8,5 mm) mit 14 Karat Goldanteil. Teil mit vier S\u00fc\u00dfwasser-Zuchtperlen und vier S\u00fcdsee-Zuchtperlen (von 8,5\u201317,7 mm Durchmesser). Zwei Broschen aus 14 Karat Gold mit S\u00fc\u00dfwasser-Zuchtperle. Die Kreation hat eine Gesamtl\u00e4nge von 130 cm.<\/p>\n<p>Lieferung: 10 Arbeitstage.<\/p>\n","protected":false},"featured_media":8868,"comment_status":"closed","ping_status":"closed","template":"","meta":{"_acf_changed":false},"product_brand":[],"product_cat":[540,543],"product_tag":[],"class_list":{"0":"post-17971","1":"product","2":"type-product","3":"status-publish","4":"has-post-thumbnail","6":"product_cat-vedhaeng-de","7":"product_cat-kaede-de","8":"pa_kollektion-squeeze","9":"pa_material-gold-de","10":"pa_produkt-anhaenger","11":"pa_produkt-kette","13":"first","14":"outofstock","15":"shipping-taxable","16":"purchasable","17":"product-type-simple"},"acf":[],"yoast_head":"<!-- This site is optimized with the Yoast SEO plugin v27.4 - https:\/\/yoast.com\/product\/yoast-seo-wordpress\/ -->\n<title>Die Mega Chic Perlenkette - emquies-holstein<\/title>\n<meta name=\"robots\" content=\"index, follow, max-snippet:-1, max-image-preview:large, max-video-preview:-1\" \/>\n<link rel=\"canonical\" href=\"https:\/\/emquies-holstein.com\/product\/mega-chic\/?lang=de\" \/>\n<meta property=\"og:locale\" content=\"de_DE\" \/>\n<meta property=\"og:type\" content=\"article\" \/>\n<meta property=\"og:title\" content=\"Die Mega Chic Perlenkette - emquies-holstein\" \/>\n<meta property=\"og:description\" content=\"S\u00fc\u00dfwasser-Zuchtperlen (8,5 mm) mit 14 Karat Goldanteil. Teil mit vier S\u00fc\u00dfwasser-Zuchtperlen und vier S\u00fcdsee-Zuchtperlen (von 8,5\u201317,7 mm Durchmesser). Zwei Broschen aus 14 Karat Gold mit S\u00fc\u00dfwasser-Zuchtperle. Die Kreation hat eine Gesamtl\u00e4nge von 130 cm.  Lieferung: 10 Arbeitstage.\" \/>\n<meta property=\"og:url\" content=\"https:\/\/emquies-holstein.com\/product\/mega-chic\/?lang=de\" \/>\n<meta property=\"og:site_name\" content=\"emquies-holstein\" \/>\n<meta property=\"article:publisher\" content=\"https:\/\/da-dk.facebook.com\/emquiesholstein\/\" \/>\n<meta property=\"article:modified_time\" content=\"2021-07-15T11:55:57+00:00\" \/>\n<meta property=\"og:image\" content=\"https:\/\/emquies-holstein.com\/wp-content\/uploads\/2016\/10\/Megachic\u00e6ske4.jpg\" \/>\n\t<meta property=\"og:image:width\" content=\"500\" \/>\n\t<meta property=\"og:image:height\" content=\"500\" \/>\n\t<meta property=\"og:image:type\" content=\"image\/jpeg\" \/>\n<meta name=\"twitter:card\" content=\"summary_large_image\" \/>\n<meta name=\"twitter:label1\" content=\"Gesch\u00e4tzte Lesezeit\" \/>\n\t<meta name=\"twitter:data1\" content=\"1\u00a0Minute\" \/>\n<script type=\"application\/ld+json\" class=\"yoast-schema-graph\">{\"@context\":\"https:\\\/\\\/schema.org\",\"@graph\":[{\"@type\":\"WebPage\",\"@id\":\"https:\\\/\\\/emquies-holstein.com\\\/product\\\/mega-chic\\\/?lang=de\",\"url\":\"https:\\\/\\\/emquies-holstein.com\\\/product\\\/mega-chic\\\/?lang=de\",\"name\":\"Die Mega Chic Perlenkette - emquies-holstein\",\"isPartOf\":{\"@id\":\"https:\\\/\\\/emquies-holstein.com\\\/#website\"},\"primaryImageOfPage\":{\"@id\":\"https:\\\/\\\/emquies-holstein.com\\\/product\\\/mega-chic\\\/?lang=de#primaryimage\"},\"image\":{\"@id\":\"https:\\\/\\\/emquies-holstein.com\\\/product\\\/mega-chic\\\/?lang=de#primaryimage\"},\"thumbnailUrl\":\"https:\\\/\\\/emquies-holstein.com\\\/wp-content\\\/uploads\\\/2016\\\/10\\\/Megachic\u00e6ske4.jpg\",\"datePublished\":\"2021-07-15T11:18:33+00:00\",\"dateModified\":\"2021-07-15T11:55:57+00:00\",\"breadcrumb\":{\"@id\":\"https:\\\/\\\/emquies-holstein.com\\\/product\\\/mega-chic\\\/?lang=de#breadcrumb\"},\"inLanguage\":\"de\",\"potentialAction\":[{\"@type\":\"ReadAction\",\"target\":[\"https:\\\/\\\/emquies-holstein.com\\\/product\\\/mega-chic\\\/?lang=de\"]}]},{\"@type\":\"ImageObject\",\"inLanguage\":\"de\",\"@id\":\"https:\\\/\\\/emquies-holstein.com\\\/product\\\/mega-chic\\\/?lang=de#primaryimage\",\"url\":\"https:\\\/\\\/emquies-holstein.com\\\/wp-content\\\/uploads\\\/2016\\\/10\\\/Megachic\u00e6ske4.jpg\",\"contentUrl\":\"https:\\\/\\\/emquies-holstein.com\\\/wp-content\\\/uploads\\\/2016\\\/10\\\/Megachic\u00e6ske4.jpg\",\"width\":500,\"height\":500},{\"@type\":\"BreadcrumbList\",\"@id\":\"https:\\\/\\\/emquies-holstein.com\\\/product\\\/mega-chic\\\/?lang=de#breadcrumb\",\"itemListElement\":[{\"@type\":\"ListItem\",\"position\":1,\"name\":\"Hjem\",\"item\":\"https:\\\/\\\/emquies-holstein.com\\\/de\\\/\"},{\"@type\":\"ListItem\",\"position\":2,\"name\":\"Shop\",\"item\":\"https:\\\/\\\/emquies-holstein.com\\\/shop-2\\\/?lang=de\"},{\"@type\":\"ListItem\",\"position\":3,\"name\":\"Die Mega Chic Perlenkette\"}]},{\"@type\":\"WebSite\",\"@id\":\"https:\\\/\\\/emquies-holstein.com\\\/#website\",\"url\":\"https:\\\/\\\/emquies-holstein.com\\\/\",\"name\":\"emquies-holstein\",\"description\":\"Just another WordPress site\",\"publisher\":{\"@id\":\"https:\\\/\\\/emquies-holstein.com\\\/#organization\"},\"potentialAction\":[{\"@type\":\"SearchAction\",\"target\":{\"@type\":\"EntryPoint\",\"urlTemplate\":\"https:\\\/\\\/emquies-holstein.com\\\/?s={search_term_string}\"},\"query-input\":{\"@type\":\"PropertyValueSpecification\",\"valueRequired\":true,\"valueName\":\"search_term_string\"}}],\"inLanguage\":\"de\"},{\"@type\":\"Organization\",\"@id\":\"https:\\\/\\\/emquies-holstein.com\\\/#organization\",\"name\":\"Emquies-Holstein\",\"url\":\"https:\\\/\\\/emquies-holstein.com\\\/\",\"logo\":{\"@type\":\"ImageObject\",\"inLanguage\":\"de\",\"@id\":\"https:\\\/\\\/emquies-holstein.com\\\/#\\\/schema\\\/logo\\\/image\\\/\",\"url\":\"https:\\\/\\\/emquies-holstein.com\\\/wp-content\\\/uploads\\\/2016\\\/07\\\/logo-1.png\",\"contentUrl\":\"https:\\\/\\\/emquies-holstein.com\\\/wp-content\\\/uploads\\\/2016\\\/07\\\/logo-1.png\",\"width\":300,\"height\":53,\"caption\":\"Emquies-Holstein\"},\"image\":{\"@id\":\"https:\\\/\\\/emquies-holstein.com\\\/#\\\/schema\\\/logo\\\/image\\\/\"},\"sameAs\":[\"https:\\\/\\\/da-dk.facebook.com\\\/emquiesholstein\\\/\",\"https:\\\/\\\/www.instagram.com\\\/emquiesholstein\\\/\",\"https:\\\/\\\/www.pinterest.dk\\\/emquiesholstein\\\/\"]}]}<\/script>\n<!-- \/ Yoast SEO plugin. -->","yoast_head_json":{"title":"Die Mega Chic Perlenkette - emquies-holstein","robots":{"index":"index","follow":"follow","max-snippet":"max-snippet:-1","max-image-preview":"max-image-preview:large","max-video-preview":"max-video-preview:-1"},"canonical":"https:\/\/emquies-holstein.com\/product\/mega-chic\/?lang=de","og_locale":"de_DE","og_type":"article","og_title":"Die Mega Chic Perlenkette - emquies-holstein","og_description":"S\u00fc\u00dfwasser-Zuchtperlen (8,5 mm) mit 14 Karat Goldanteil. Teil mit vier S\u00fc\u00dfwasser-Zuchtperlen und vier S\u00fcdsee-Zuchtperlen (von 8,5\u201317,7 mm Durchmesser). Zwei Broschen aus 14 Karat Gold mit S\u00fc\u00dfwasser-Zuchtperle. Die Kreation hat eine Gesamtl\u00e4nge von 130 cm.  Lieferung: 10 Arbeitstage.","og_url":"https:\/\/emquies-holstein.com\/product\/mega-chic\/?lang=de","og_site_name":"emquies-holstein","article_publisher":"https:\/\/da-dk.facebook.com\/emquiesholstein\/","article_modified_time":"2021-07-15T11:55:57+00:00","og_image":[{"width":500,"height":500,"url":"https:\/\/emquies-holstein.com\/wp-content\/uploads\/2016\/10\/Megachic\u00e6ske4.jpg","type":"image\/jpeg"}],"twitter_card":"summary_large_image","twitter_misc":{"Gesch\u00e4tzte Lesezeit":"1\u00a0Minute"},"schema":{"@context":"https:\/\/schema.org","@graph":[{"@type":"WebPage","@id":"https:\/\/emquies-holstein.com\/product\/mega-chic\/?lang=de","url":"https:\/\/emquies-holstein.com\/product\/mega-chic\/?lang=de","name":"Die Mega Chic Perlenkette - emquies-holstein","isPartOf":{"@id":"https:\/\/emquies-holstein.com\/#website"},"primaryImageOfPage":{"@id":"https:\/\/emquies-holstein.com\/product\/mega-chic\/?lang=de#primaryimage"},"image":{"@id":"https:\/\/emquies-holstein.com\/product\/mega-chic\/?lang=de#primaryimage"},"thumbnailUrl":"https:\/\/emquies-holstein.com\/wp-content\/uploads\/2016\/10\/Megachic\u00e6ske4.jpg","datePublished":"2021-07-15T11:18:33+00:00","dateModified":"2021-07-15T11:55:57+00:00","breadcrumb":{"@id":"https:\/\/emquies-holstein.com\/product\/mega-chic\/?lang=de#breadcrumb"},"inLanguage":"de","potentialAction":[{"@type":"ReadAction","target":["https:\/\/emquies-holstein.com\/product\/mega-chic\/?lang=de"]}]},{"@type":"ImageObject","inLanguage":"de","@id":"https:\/\/emquies-holstein.com\/product\/mega-chic\/?lang=de#primaryimage","url":"https:\/\/emquies-holstein.com\/wp-content\/uploads\/2016\/10\/Megachic\u00e6ske4.jpg","contentUrl":"https:\/\/emquies-holstein.com\/wp-content\/uploads\/2016\/10\/Megachic\u00e6ske4.jpg","width":500,"height":500},{"@type":"BreadcrumbList","@id":"https:\/\/emquies-holstein.com\/product\/mega-chic\/?lang=de#breadcrumb","itemListElement":[{"@type":"ListItem","position":1,"name":"Hjem","item":"https:\/\/emquies-holstein.com\/de\/"},{"@type":"ListItem","position":2,"name":"Shop","item":"https:\/\/emquies-holstein.com\/shop-2\/?lang=de"},{"@type":"ListItem","position":3,"name":"Die Mega Chic Perlenkette"}]},{"@type":"WebSite","@id":"https:\/\/emquies-holstein.com\/#website","url":"https:\/\/emquies-holstein.com\/","name":"emquies-holstein","description":"Just another WordPress site","publisher":{"@id":"https:\/\/emquies-holstein.com\/#organization"},"potentialAction":[{"@type":"SearchAction","target":{"@type":"EntryPoint","urlTemplate":"https:\/\/emquies-holstein.com\/?s={search_term_string}"},"query-input":{"@type":"PropertyValueSpecification","valueRequired":true,"valueName":"search_term_string"}}],"inLanguage":"de"},{"@type":"Organization","@id":"https:\/\/emquies-holstein.com\/#organization","name":"Emquies-Holstein","url":"https:\/\/emquies-holstein.com\/","logo":{"@type":"ImageObject","inLanguage":"de","@id":"https:\/\/emquies-holstein.com\/#\/schema\/logo\/image\/","url":"https:\/\/emquies-holstein.com\/wp-content\/uploads\/2016\/07\/logo-1.png","contentUrl":"https:\/\/emquies-holstein.com\/wp-content\/uploads\/2016\/07\/logo-1.png","width":300,"height":53,"caption":"Emquies-Holstein"},"image":{"@id":"https:\/\/emquies-holstein.com\/#\/schema\/logo\/image\/"},"sameAs":["https:\/\/da-dk.facebook.com\/emquiesholstein\/","https:\/\/www.instagram.com\/emquiesholstein\/","https:\/\/www.pinterest.dk\/emquiesholstein\/"]}]}},"_links":{"self":[{"href":"https:\/\/emquies-holstein.com\/de\/wp-json\/wp\/v2\/product\/17971","targetHints":{"allow":["GET"]}}],"collection":[{"href":"https:\/\/emquies-holstein.com\/de\/wp-json\/wp\/v2\/product"}],"about":[{"href":"https:\/\/emquies-holstein.com\/de\/wp-json\/wp\/v2\/types\/product"}],"replies":[{"embeddable":true,"href":"https:\/\/emquies-holstein.com\/de\/wp-json\/wp\/v2\/comments?post=17971"}],"wp:featuredmedia":[{"embeddable":true,"href":"https:\/\/emquies-holstein.com\/de\/wp-json\/wp\/v2\/media\/8868"}],"wp:attachment":[{"href":"https:\/\/emquies-holstein.com\/de\/wp-json\/wp\/v2\/media?parent=17971"}],"wp:term":[{"taxonomy":"product_brand","embeddable":true,"href":"https:\/\/emquies-holstein.com\/de\/wp-json\/wp\/v2\/product_brand?post=17971"},{"taxonomy":"product_cat","embeddable":true,"href":"https:\/\/emquies-holstein.com\/de\/wp-json\/wp\/v2\/product_cat?post=17971"},{"taxonomy":"product_tag","embeddable":true,"href":"https:\/\/emquies-holstein.com\/de\/wp-json\/wp\/v2\/product_tag?post=17971"}],"curies":[{"name":"wp","href":"https:\/\/api.w.org\/{rel}","templated":true}]}}