
























































{"id":18535,"date":"2022-02-17T16:18:35","date_gmt":"2022-02-17T16:18:36","guid":{"rendered":"https:\/\/emquies-holstein.com\/?post_type=product&#038;p=18535"},"modified":"2022-02-17T16:24:26","modified_gmt":"2022-02-17T16:24:26","slug":"flamenco-anhaenger-18-karat-gold-mit-einem-diamanten","status":"publish","type":"product","link":"https:\/\/emquies-holstein.com\/de\/product\/flamenco-anhaenger-18-karat-gold-mit-einem-diamanten\/","title":{"rendered":"Flamenco Anh\u00e4nger \u2013 18 Karat Gold mit einem Diamanten"},"content":{"rendered":"<p><strong>Flamenco<\/strong><\/p>\n<p>Die Flamenco Kollektion ist eine zarte Verbindung des modernen skandinavischen Minimalismus mit der spanischen Kultur. Die gewellten Linien des Rings symbolisieren die unverwechselbaren R\u00fcschen des Flamenco Kleids und erinnern uns an den Rhythmus und die verlockenden Kl\u00e4nge der Flamenco Musik. Der Tanz wird in jedem einzelnen Schmuckst\u00fcck buchst\u00e4blich f\u00fchlbar.<\/p>\n","protected":false},"excerpt":{"rendered":"<p>Anh\u00e4nger \u2013 18 Karat Gold mit einem 0,03 ct TW VVS Diamant in 42 cm Goldkette.<\/p>\n<p>Ma\u00dfe: Ca. 10 mm Durchmesser.<\/p>\n<p>Lieferung: 5 Arbeitstage.<\/p>\n","protected":false},"featured_media":18310,"comment_status":"closed","ping_status":"closed","template":"","meta":{"_acf_changed":false},"product_brand":[],"product_cat":[540,583,543],"product_tag":[],"class_list":{"0":"post-18535","1":"product","2":"type-product","3":"status-publish","4":"has-post-thumbnail","6":"product_cat-vedhaeng-de","7":"product_cat-flamenco-de","8":"product_cat-kaede-de","9":"pa_kollektion-flamenco-de","10":"pa_material-gold-de","11":"pa_produkt-anhaenger","12":"pa_produkt-halsschmuck","14":"first","15":"instock","16":"shipping-taxable","17":"purchasable","18":"product-type-simple"},"acf":[],"yoast_head":"<!-- This site is optimized with the Yoast SEO plugin v27.4 - https:\/\/yoast.com\/product\/yoast-seo-wordpress\/ -->\n<title>Flamenco Anh\u00e4nger \u2013 18 Karat Gold mit einem Diamanten - emquies-holstein<\/title>\n<meta name=\"robots\" content=\"index, follow, max-snippet:-1, max-image-preview:large, max-video-preview:-1\" \/>\n<link rel=\"canonical\" href=\"https:\/\/emquies-holstein.com\/de\/product\/flamenco-anhaenger-18-karat-gold-mit-einem-diamanten\/\" \/>\n<meta property=\"og:locale\" content=\"de_DE\" \/>\n<meta property=\"og:type\" content=\"article\" \/>\n<meta property=\"og:title\" content=\"Flamenco Anh\u00e4nger \u2013 18 Karat Gold mit einem Diamanten - emquies-holstein\" \/>\n<meta property=\"og:description\" content=\"Anh\u00e4nger \u2013 18 Karat Gold mit einem 0,03 ct TW VVS Diamant in 42 cm Goldkette.  Ma\u00dfe: Ca. 10 mm Durchmesser.  Lieferung: 5 Arbeitstage.\" \/>\n<meta property=\"og:url\" content=\"https:\/\/emquies-holstein.com\/de\/product\/flamenco-anhaenger-18-karat-gold-mit-einem-diamanten\/\" \/>\n<meta property=\"og:site_name\" content=\"emquies-holstein\" \/>\n<meta property=\"article:publisher\" content=\"https:\/\/da-dk.facebook.com\/emquiesholstein\/\" \/>\n<meta property=\"article:modified_time\" content=\"2022-02-17T16:24:26+00:00\" \/>\n<meta property=\"og:image\" content=\"https:\/\/emquies-holstein.com\/wp-content\/uploads\/2022\/02\/vedhaeng-guld-m-dia.jpg\" \/>\n\t<meta property=\"og:image:width\" content=\"822\" \/>\n\t<meta property=\"og:image:height\" content=\"822\" \/>\n\t<meta property=\"og:image:type\" content=\"image\/jpeg\" \/>\n<meta name=\"twitter:card\" content=\"summary_large_image\" \/>\n<script type=\"application\/ld+json\" class=\"yoast-schema-graph\">{\"@context\":\"https:\\\/\\\/schema.org\",\"@graph\":[{\"@type\":\"WebPage\",\"@id\":\"https:\\\/\\\/emquies-holstein.com\\\/de\\\/product\\\/flamenco-anhaenger-18-karat-gold-mit-einem-diamanten\\\/\",\"url\":\"https:\\\/\\\/emquies-holstein.com\\\/de\\\/product\\\/flamenco-anhaenger-18-karat-gold-mit-einem-diamanten\\\/\",\"name\":\"Flamenco Anh\u00e4nger \u2013 18 Karat Gold mit einem Diamanten - emquies-holstein\",\"isPartOf\":{\"@id\":\"https:\\\/\\\/emquies-holstein.com\\\/#website\"},\"primaryImageOfPage\":{\"@id\":\"https:\\\/\\\/emquies-holstein.com\\\/de\\\/product\\\/flamenco-anhaenger-18-karat-gold-mit-einem-diamanten\\\/#primaryimage\"},\"image\":{\"@id\":\"https:\\\/\\\/emquies-holstein.com\\\/de\\\/product\\\/flamenco-anhaenger-18-karat-gold-mit-einem-diamanten\\\/#primaryimage\"},\"thumbnailUrl\":\"https:\\\/\\\/emquies-holstein.com\\\/wp-content\\\/uploads\\\/2022\\\/02\\\/vedhaeng-guld-m-dia.jpg\",\"datePublished\":\"2022-02-17T16:18:36+00:00\",\"dateModified\":\"2022-02-17T16:24:26+00:00\",\"breadcrumb\":{\"@id\":\"https:\\\/\\\/emquies-holstein.com\\\/de\\\/product\\\/flamenco-anhaenger-18-karat-gold-mit-einem-diamanten\\\/#breadcrumb\"},\"inLanguage\":\"de\",\"potentialAction\":[{\"@type\":\"ReadAction\",\"target\":[\"https:\\\/\\\/emquies-holstein.com\\\/de\\\/product\\\/flamenco-anhaenger-18-karat-gold-mit-einem-diamanten\\\/\"]}]},{\"@type\":\"ImageObject\",\"inLanguage\":\"de\",\"@id\":\"https:\\\/\\\/emquies-holstein.com\\\/de\\\/product\\\/flamenco-anhaenger-18-karat-gold-mit-einem-diamanten\\\/#primaryimage\",\"url\":\"https:\\\/\\\/emquies-holstein.com\\\/wp-content\\\/uploads\\\/2022\\\/02\\\/vedhaeng-guld-m-dia.jpg\",\"contentUrl\":\"https:\\\/\\\/emquies-holstein.com\\\/wp-content\\\/uploads\\\/2022\\\/02\\\/vedhaeng-guld-m-dia.jpg\",\"width\":822,\"height\":822},{\"@type\":\"BreadcrumbList\",\"@id\":\"https:\\\/\\\/emquies-holstein.com\\\/de\\\/product\\\/flamenco-anhaenger-18-karat-gold-mit-einem-diamanten\\\/#breadcrumb\",\"itemListElement\":[{\"@type\":\"ListItem\",\"position\":1,\"name\":\"Hjem\",\"item\":\"https:\\\/\\\/emquies-holstein.com\\\/de\\\/\"},{\"@type\":\"ListItem\",\"position\":2,\"name\":\"Shop\",\"item\":\"https:\\\/\\\/emquies-holstein.com\\\/shop-2\\\/?lang=de\"},{\"@type\":\"ListItem\",\"position\":3,\"name\":\"Flamenco Anh\u00e4nger \u2013 18 Karat Gold mit einem Diamanten\"}]},{\"@type\":\"WebSite\",\"@id\":\"https:\\\/\\\/emquies-holstein.com\\\/#website\",\"url\":\"https:\\\/\\\/emquies-holstein.com\\\/\",\"name\":\"emquies-holstein\",\"description\":\"Just another WordPress site\",\"publisher\":{\"@id\":\"https:\\\/\\\/emquies-holstein.com\\\/#organization\"},\"potentialAction\":[{\"@type\":\"SearchAction\",\"target\":{\"@type\":\"EntryPoint\",\"urlTemplate\":\"https:\\\/\\\/emquies-holstein.com\\\/?s={search_term_string}\"},\"query-input\":{\"@type\":\"PropertyValueSpecification\",\"valueRequired\":true,\"valueName\":\"search_term_string\"}}],\"inLanguage\":\"de\"},{\"@type\":\"Organization\",\"@id\":\"https:\\\/\\\/emquies-holstein.com\\\/#organization\",\"name\":\"Emquies-Holstein\",\"url\":\"https:\\\/\\\/emquies-holstein.com\\\/\",\"logo\":{\"@type\":\"ImageObject\",\"inLanguage\":\"de\",\"@id\":\"https:\\\/\\\/emquies-holstein.com\\\/#\\\/schema\\\/logo\\\/image\\\/\",\"url\":\"https:\\\/\\\/emquies-holstein.com\\\/wp-content\\\/uploads\\\/2016\\\/07\\\/logo-1.png\",\"contentUrl\":\"https:\\\/\\\/emquies-holstein.com\\\/wp-content\\\/uploads\\\/2016\\\/07\\\/logo-1.png\",\"width\":300,\"height\":53,\"caption\":\"Emquies-Holstein\"},\"image\":{\"@id\":\"https:\\\/\\\/emquies-holstein.com\\\/#\\\/schema\\\/logo\\\/image\\\/\"},\"sameAs\":[\"https:\\\/\\\/da-dk.facebook.com\\\/emquiesholstein\\\/\",\"https:\\\/\\\/www.instagram.com\\\/emquiesholstein\\\/\",\"https:\\\/\\\/www.pinterest.dk\\\/emquiesholstein\\\/\"]}]}<\/script>\n<!-- \/ Yoast SEO plugin. -->","yoast_head_json":{"title":"Flamenco Anh\u00e4nger \u2013 18 Karat Gold mit einem Diamanten - emquies-holstein","robots":{"index":"index","follow":"follow","max-snippet":"max-snippet:-1","max-image-preview":"max-image-preview:large","max-video-preview":"max-video-preview:-1"},"canonical":"https:\/\/emquies-holstein.com\/de\/product\/flamenco-anhaenger-18-karat-gold-mit-einem-diamanten\/","og_locale":"de_DE","og_type":"article","og_title":"Flamenco Anh\u00e4nger \u2013 18 Karat Gold mit einem Diamanten - emquies-holstein","og_description":"Anh\u00e4nger \u2013 18 Karat Gold mit einem 0,03 ct TW VVS Diamant in 42 cm Goldkette.  Ma\u00dfe: Ca. 10 mm Durchmesser.  Lieferung: 5 Arbeitstage.","og_url":"https:\/\/emquies-holstein.com\/de\/product\/flamenco-anhaenger-18-karat-gold-mit-einem-diamanten\/","og_site_name":"emquies-holstein","article_publisher":"https:\/\/da-dk.facebook.com\/emquiesholstein\/","article_modified_time":"2022-02-17T16:24:26+00:00","og_image":[{"width":822,"height":822,"url":"https:\/\/emquies-holstein.com\/wp-content\/uploads\/2022\/02\/vedhaeng-guld-m-dia.jpg","type":"image\/jpeg"}],"twitter_card":"summary_large_image","schema":{"@context":"https:\/\/schema.org","@graph":[{"@type":"WebPage","@id":"https:\/\/emquies-holstein.com\/de\/product\/flamenco-anhaenger-18-karat-gold-mit-einem-diamanten\/","url":"https:\/\/emquies-holstein.com\/de\/product\/flamenco-anhaenger-18-karat-gold-mit-einem-diamanten\/","name":"Flamenco Anh\u00e4nger \u2013 18 Karat Gold mit einem Diamanten - emquies-holstein","isPartOf":{"@id":"https:\/\/emquies-holstein.com\/#website"},"primaryImageOfPage":{"@id":"https:\/\/emquies-holstein.com\/de\/product\/flamenco-anhaenger-18-karat-gold-mit-einem-diamanten\/#primaryimage"},"image":{"@id":"https:\/\/emquies-holstein.com\/de\/product\/flamenco-anhaenger-18-karat-gold-mit-einem-diamanten\/#primaryimage"},"thumbnailUrl":"https:\/\/emquies-holstein.com\/wp-content\/uploads\/2022\/02\/vedhaeng-guld-m-dia.jpg","datePublished":"2022-02-17T16:18:36+00:00","dateModified":"2022-02-17T16:24:26+00:00","breadcrumb":{"@id":"https:\/\/emquies-holstein.com\/de\/product\/flamenco-anhaenger-18-karat-gold-mit-einem-diamanten\/#breadcrumb"},"inLanguage":"de","potentialAction":[{"@type":"ReadAction","target":["https:\/\/emquies-holstein.com\/de\/product\/flamenco-anhaenger-18-karat-gold-mit-einem-diamanten\/"]}]},{"@type":"ImageObject","inLanguage":"de","@id":"https:\/\/emquies-holstein.com\/de\/product\/flamenco-anhaenger-18-karat-gold-mit-einem-diamanten\/#primaryimage","url":"https:\/\/emquies-holstein.com\/wp-content\/uploads\/2022\/02\/vedhaeng-guld-m-dia.jpg","contentUrl":"https:\/\/emquies-holstein.com\/wp-content\/uploads\/2022\/02\/vedhaeng-guld-m-dia.jpg","width":822,"height":822},{"@type":"BreadcrumbList","@id":"https:\/\/emquies-holstein.com\/de\/product\/flamenco-anhaenger-18-karat-gold-mit-einem-diamanten\/#breadcrumb","itemListElement":[{"@type":"ListItem","position":1,"name":"Hjem","item":"https:\/\/emquies-holstein.com\/de\/"},{"@type":"ListItem","position":2,"name":"Shop","item":"https:\/\/emquies-holstein.com\/shop-2\/?lang=de"},{"@type":"ListItem","position":3,"name":"Flamenco Anh\u00e4nger \u2013 18 Karat Gold mit einem Diamanten"}]},{"@type":"WebSite","@id":"https:\/\/emquies-holstein.com\/#website","url":"https:\/\/emquies-holstein.com\/","name":"emquies-holstein","description":"Just another WordPress site","publisher":{"@id":"https:\/\/emquies-holstein.com\/#organization"},"potentialAction":[{"@type":"SearchAction","target":{"@type":"EntryPoint","urlTemplate":"https:\/\/emquies-holstein.com\/?s={search_term_string}"},"query-input":{"@type":"PropertyValueSpecification","valueRequired":true,"valueName":"search_term_string"}}],"inLanguage":"de"},{"@type":"Organization","@id":"https:\/\/emquies-holstein.com\/#organization","name":"Emquies-Holstein","url":"https:\/\/emquies-holstein.com\/","logo":{"@type":"ImageObject","inLanguage":"de","@id":"https:\/\/emquies-holstein.com\/#\/schema\/logo\/image\/","url":"https:\/\/emquies-holstein.com\/wp-content\/uploads\/2016\/07\/logo-1.png","contentUrl":"https:\/\/emquies-holstein.com\/wp-content\/uploads\/2016\/07\/logo-1.png","width":300,"height":53,"caption":"Emquies-Holstein"},"image":{"@id":"https:\/\/emquies-holstein.com\/#\/schema\/logo\/image\/"},"sameAs":["https:\/\/da-dk.facebook.com\/emquiesholstein\/","https:\/\/www.instagram.com\/emquiesholstein\/","https:\/\/www.pinterest.dk\/emquiesholstein\/"]}]}},"_links":{"self":[{"href":"https:\/\/emquies-holstein.com\/de\/wp-json\/wp\/v2\/product\/18535","targetHints":{"allow":["GET"]}}],"collection":[{"href":"https:\/\/emquies-holstein.com\/de\/wp-json\/wp\/v2\/product"}],"about":[{"href":"https:\/\/emquies-holstein.com\/de\/wp-json\/wp\/v2\/types\/product"}],"replies":[{"embeddable":true,"href":"https:\/\/emquies-holstein.com\/de\/wp-json\/wp\/v2\/comments?post=18535"}],"wp:featuredmedia":[{"embeddable":true,"href":"https:\/\/emquies-holstein.com\/de\/wp-json\/wp\/v2\/media\/18310"}],"wp:attachment":[{"href":"https:\/\/emquies-holstein.com\/de\/wp-json\/wp\/v2\/media?parent=18535"}],"wp:term":[{"taxonomy":"product_brand","embeddable":true,"href":"https:\/\/emquies-holstein.com\/de\/wp-json\/wp\/v2\/product_brand?post=18535"},{"taxonomy":"product_cat","embeddable":true,"href":"https:\/\/emquies-holstein.com\/de\/wp-json\/wp\/v2\/product_cat?post=18535"},{"taxonomy":"product_tag","embeddable":true,"href":"https:\/\/emquies-holstein.com\/de\/wp-json\/wp\/v2\/product_tag?post=18535"}],"curies":[{"name":"wp","href":"https:\/\/api.w.org\/{rel}","templated":true}]}}