
























































{"id":9980,"date":"2016-08-24T07:03:00","date_gmt":"2016-08-24T07:03:00","guid":{"rendered":"https:\/\/emquies-holstein.com\/product\/velsignet-af-en-engel-18-karat-guld-med-emalje-og-diamanter-2\/"},"modified":"2017-08-01T09:05:01","modified_gmt":"2017-08-01T09:05:01","slug":"blessed-by-an-angel-18-karat-weissgold-mit-diamanten","status":"publish","type":"product","link":"https:\/\/emquies-holstein.com\/de\/product\/blessed-by-an-angel-18-karat-weissgold-mit-diamanten\/","title":{"rendered":"Blessed by an Angel- 18 Karat Wei\u00dfgold mit Diamanten"},"content":{"rendered":"<p><strong>Blessed by an Angel<\/strong><\/p>\n<p style=\"text-align: left;\" align=\"center\">\u201eBlessed by an Angel\u201c ist ein hoch stilisierter und filigraner Anh\u00e4nger in Form eines Engels. Ein wahrhaft poetisches Design und gleichzeitig ein universelles Symbol, das uns an eine h\u00f6here Macht im Menschen und im Leben erinnert. Der klassische filigrane Engel ist ein perfektes Geschenk zur Taufe oder Konfirmation. Ein Geschenk, das der Tr\u00e4ger f\u00fcr den Rest seines Lebens gesch\u00e4tzt werden wird. Der Engel ist verf\u00fcgbar in zwei Gr\u00f6\u00dfen in Silber, Gold und Wei\u00dfgold, mit oder ohne Emaille in unterschiedlichen Farben. Au\u00dferdem ist ein exquisites und raffiniertes Design mit Diamanten verf\u00fcgbar, um den Heiligenschein zum Leuchten zu bringen.<\/p>\n","protected":false},"excerpt":{"rendered":"<p>Anh\u00e4nger- 18 Karat Gold mit Diamanten,<br \/>\ninsgesamt 0,055 Karat. TW.VVS<\/p>\n<p>Ma\u00dfe: 25 mm L\u00e4nge mit \u00d6se<\/p>\n<p>Lieferung: 5- 10 Werktage<\/p>\n<p>Sobald Sie einen Anh\u00e4nger ausgew\u00e4hlt und in den Warenkorb gelegt haben,\u00a0<a href=\"https:\/\/emquies-holstein.com\/product\/ketten\/?lang=de\">wird Ihnen eine passende Kette angezeigt<\/a>.<\/p>\n","protected":false},"featured_media":6741,"comment_status":"open","ping_status":"closed","template":"","meta":{"_acf_changed":false},"product_brand":[],"product_cat":[541,540,543],"product_tag":[],"class_list":{"0":"post-9980","1":"product","2":"type-product","3":"status-publish","4":"has-post-thumbnail","6":"product_cat-engel-de","7":"product_cat-vedhaeng-de","8":"product_cat-kaede-de","9":"pa_kollektion-angel-de","10":"pa_material-gold-de","11":"pa_produkt-anhaenger","13":"first","14":"instock","15":"featured","16":"shipping-taxable","17":"purchasable","18":"product-type-simple"},"acf":[],"yoast_head":"<!-- This site is optimized with the Yoast SEO plugin v27.3 - https:\/\/yoast.com\/product\/yoast-seo-wordpress\/ -->\n<title>Blessed by an Angel- 18 Karat Wei\u00dfgold mit Diamanten - emquies-holstein<\/title>\n<meta name=\"robots\" content=\"index, follow, max-snippet:-1, max-image-preview:large, max-video-preview:-1\" \/>\n<link rel=\"canonical\" href=\"https:\/\/emquies-holstein.com\/product\/blessed-by-an-angel-18-karat-weissgold-mit-diamanten\/?lang=de\" \/>\n<meta property=\"og:locale\" content=\"de_DE\" \/>\n<meta property=\"og:type\" content=\"article\" \/>\n<meta property=\"og:title\" content=\"Blessed by an Angel- 18 Karat Wei\u00dfgold mit Diamanten - emquies-holstein\" \/>\n<meta property=\"og:description\" content=\"Anh\u00e4nger- 18 Karat Gold mit Diamanten, insgesamt 0,055 Karat. TW.VVS  Ma\u00dfe: 25 mm L\u00e4nge mit \u00d6se  Lieferung: 5- 10 Werktage  Sobald Sie einen Anh\u00e4nger ausgew\u00e4hlt und in den Warenkorb gelegt haben,\u00a0wird Ihnen eine passende Kette angezeigt.\" \/>\n<meta property=\"og:url\" content=\"https:\/\/emquies-holstein.com\/product\/blessed-by-an-angel-18-karat-weissgold-mit-diamanten\/?lang=de\" \/>\n<meta property=\"og:site_name\" content=\"emquies-holstein\" \/>\n<meta property=\"article:publisher\" content=\"https:\/\/da-dk.facebook.com\/emquiesholstein\/\" \/>\n<meta property=\"article:modified_time\" content=\"2017-08-01T09:05:01+00:00\" \/>\n<meta property=\"og:image\" content=\"https:\/\/emquies-holstein.com\/wp-content\/uploads\/2016\/08\/5.engel-18kt-guld-m.hvid-emalje-11300-kr-Medium.jpg\" \/>\n\t<meta property=\"og:image:width\" content=\"591\" \/>\n\t<meta property=\"og:image:height\" content=\"591\" \/>\n\t<meta property=\"og:image:type\" content=\"image\/jpeg\" \/>\n<meta name=\"twitter:card\" content=\"summary_large_image\" \/>\n<meta name=\"twitter:label1\" content=\"Gesch\u00e4tzte Lesezeit\" \/>\n\t<meta name=\"twitter:data1\" content=\"1\u00a0Minute\" \/>\n<script type=\"application\/ld+json\" class=\"yoast-schema-graph\">{\"@context\":\"https:\\\/\\\/schema.org\",\"@graph\":[{\"@type\":\"WebPage\",\"@id\":\"https:\\\/\\\/emquies-holstein.com\\\/product\\\/blessed-by-an-angel-18-karat-weissgold-mit-diamanten\\\/?lang=de\",\"url\":\"https:\\\/\\\/emquies-holstein.com\\\/product\\\/blessed-by-an-angel-18-karat-weissgold-mit-diamanten\\\/?lang=de\",\"name\":\"Blessed by an Angel- 18 Karat Wei\u00dfgold mit Diamanten - emquies-holstein\",\"isPartOf\":{\"@id\":\"https:\\\/\\\/emquies-holstein.com\\\/#website\"},\"primaryImageOfPage\":{\"@id\":\"https:\\\/\\\/emquies-holstein.com\\\/product\\\/blessed-by-an-angel-18-karat-weissgold-mit-diamanten\\\/?lang=de#primaryimage\"},\"image\":{\"@id\":\"https:\\\/\\\/emquies-holstein.com\\\/product\\\/blessed-by-an-angel-18-karat-weissgold-mit-diamanten\\\/?lang=de#primaryimage\"},\"thumbnailUrl\":\"https:\\\/\\\/emquies-holstein.com\\\/wp-content\\\/uploads\\\/2016\\\/08\\\/5.engel-18kt-guld-m.hvid-emalje-11300-kr-Medium.jpg\",\"datePublished\":\"2016-08-24T07:03:00+00:00\",\"dateModified\":\"2017-08-01T09:05:01+00:00\",\"breadcrumb\":{\"@id\":\"https:\\\/\\\/emquies-holstein.com\\\/product\\\/blessed-by-an-angel-18-karat-weissgold-mit-diamanten\\\/?lang=de#breadcrumb\"},\"inLanguage\":\"de\",\"potentialAction\":[{\"@type\":\"ReadAction\",\"target\":[\"https:\\\/\\\/emquies-holstein.com\\\/product\\\/blessed-by-an-angel-18-karat-weissgold-mit-diamanten\\\/?lang=de\"]}]},{\"@type\":\"ImageObject\",\"inLanguage\":\"de\",\"@id\":\"https:\\\/\\\/emquies-holstein.com\\\/product\\\/blessed-by-an-angel-18-karat-weissgold-mit-diamanten\\\/?lang=de#primaryimage\",\"url\":\"https:\\\/\\\/emquies-holstein.com\\\/wp-content\\\/uploads\\\/2016\\\/08\\\/5.engel-18kt-guld-m.hvid-emalje-11300-kr-Medium.jpg\",\"contentUrl\":\"https:\\\/\\\/emquies-holstein.com\\\/wp-content\\\/uploads\\\/2016\\\/08\\\/5.engel-18kt-guld-m.hvid-emalje-11300-kr-Medium.jpg\",\"width\":591,\"height\":591},{\"@type\":\"BreadcrumbList\",\"@id\":\"https:\\\/\\\/emquies-holstein.com\\\/product\\\/blessed-by-an-angel-18-karat-weissgold-mit-diamanten\\\/?lang=de#breadcrumb\",\"itemListElement\":[{\"@type\":\"ListItem\",\"position\":1,\"name\":\"Hjem\",\"item\":\"https:\\\/\\\/emquies-holstein.com\\\/de\\\/\"},{\"@type\":\"ListItem\",\"position\":2,\"name\":\"Shop\",\"item\":\"https:\\\/\\\/emquies-holstein.com\\\/shop-2\\\/?lang=de\"},{\"@type\":\"ListItem\",\"position\":3,\"name\":\"Blessed by an Angel- 18 Karat Wei\u00dfgold mit Diamanten\"}]},{\"@type\":\"WebSite\",\"@id\":\"https:\\\/\\\/emquies-holstein.com\\\/#website\",\"url\":\"https:\\\/\\\/emquies-holstein.com\\\/\",\"name\":\"emquies-holstein\",\"description\":\"Just another WordPress site\",\"publisher\":{\"@id\":\"https:\\\/\\\/emquies-holstein.com\\\/#organization\"},\"potentialAction\":[{\"@type\":\"SearchAction\",\"target\":{\"@type\":\"EntryPoint\",\"urlTemplate\":\"https:\\\/\\\/emquies-holstein.com\\\/?s={search_term_string}\"},\"query-input\":{\"@type\":\"PropertyValueSpecification\",\"valueRequired\":true,\"valueName\":\"search_term_string\"}}],\"inLanguage\":\"de\"},{\"@type\":\"Organization\",\"@id\":\"https:\\\/\\\/emquies-holstein.com\\\/#organization\",\"name\":\"Emquies-Holstein\",\"url\":\"https:\\\/\\\/emquies-holstein.com\\\/\",\"logo\":{\"@type\":\"ImageObject\",\"inLanguage\":\"de\",\"@id\":\"https:\\\/\\\/emquies-holstein.com\\\/#\\\/schema\\\/logo\\\/image\\\/\",\"url\":\"https:\\\/\\\/emquies-holstein.com\\\/wp-content\\\/uploads\\\/2016\\\/07\\\/logo-1.png\",\"contentUrl\":\"https:\\\/\\\/emquies-holstein.com\\\/wp-content\\\/uploads\\\/2016\\\/07\\\/logo-1.png\",\"width\":300,\"height\":53,\"caption\":\"Emquies-Holstein\"},\"image\":{\"@id\":\"https:\\\/\\\/emquies-holstein.com\\\/#\\\/schema\\\/logo\\\/image\\\/\"},\"sameAs\":[\"https:\\\/\\\/da-dk.facebook.com\\\/emquiesholstein\\\/\",\"https:\\\/\\\/www.instagram.com\\\/emquiesholstein\\\/\",\"https:\\\/\\\/www.pinterest.dk\\\/emquiesholstein\\\/\"]}]}<\/script>\n<!-- \/ Yoast SEO plugin. -->","yoast_head_json":{"title":"Blessed by an Angel- 18 Karat Wei\u00dfgold mit Diamanten - emquies-holstein","robots":{"index":"index","follow":"follow","max-snippet":"max-snippet:-1","max-image-preview":"max-image-preview:large","max-video-preview":"max-video-preview:-1"},"canonical":"https:\/\/emquies-holstein.com\/product\/blessed-by-an-angel-18-karat-weissgold-mit-diamanten\/?lang=de","og_locale":"de_DE","og_type":"article","og_title":"Blessed by an Angel- 18 Karat Wei\u00dfgold mit Diamanten - emquies-holstein","og_description":"Anh\u00e4nger- 18 Karat Gold mit Diamanten, insgesamt 0,055 Karat. TW.VVS  Ma\u00dfe: 25 mm L\u00e4nge mit \u00d6se  Lieferung: 5- 10 Werktage  Sobald Sie einen Anh\u00e4nger ausgew\u00e4hlt und in den Warenkorb gelegt haben,\u00a0wird Ihnen eine passende Kette angezeigt.","og_url":"https:\/\/emquies-holstein.com\/product\/blessed-by-an-angel-18-karat-weissgold-mit-diamanten\/?lang=de","og_site_name":"emquies-holstein","article_publisher":"https:\/\/da-dk.facebook.com\/emquiesholstein\/","article_modified_time":"2017-08-01T09:05:01+00:00","og_image":[{"width":591,"height":591,"url":"https:\/\/emquies-holstein.com\/wp-content\/uploads\/2016\/08\/5.engel-18kt-guld-m.hvid-emalje-11300-kr-Medium.jpg","type":"image\/jpeg"}],"twitter_card":"summary_large_image","twitter_misc":{"Gesch\u00e4tzte Lesezeit":"1\u00a0Minute"},"schema":{"@context":"https:\/\/schema.org","@graph":[{"@type":"WebPage","@id":"https:\/\/emquies-holstein.com\/product\/blessed-by-an-angel-18-karat-weissgold-mit-diamanten\/?lang=de","url":"https:\/\/emquies-holstein.com\/product\/blessed-by-an-angel-18-karat-weissgold-mit-diamanten\/?lang=de","name":"Blessed by an Angel- 18 Karat Wei\u00dfgold mit Diamanten - emquies-holstein","isPartOf":{"@id":"https:\/\/emquies-holstein.com\/#website"},"primaryImageOfPage":{"@id":"https:\/\/emquies-holstein.com\/product\/blessed-by-an-angel-18-karat-weissgold-mit-diamanten\/?lang=de#primaryimage"},"image":{"@id":"https:\/\/emquies-holstein.com\/product\/blessed-by-an-angel-18-karat-weissgold-mit-diamanten\/?lang=de#primaryimage"},"thumbnailUrl":"https:\/\/emquies-holstein.com\/wp-content\/uploads\/2016\/08\/5.engel-18kt-guld-m.hvid-emalje-11300-kr-Medium.jpg","datePublished":"2016-08-24T07:03:00+00:00","dateModified":"2017-08-01T09:05:01+00:00","breadcrumb":{"@id":"https:\/\/emquies-holstein.com\/product\/blessed-by-an-angel-18-karat-weissgold-mit-diamanten\/?lang=de#breadcrumb"},"inLanguage":"de","potentialAction":[{"@type":"ReadAction","target":["https:\/\/emquies-holstein.com\/product\/blessed-by-an-angel-18-karat-weissgold-mit-diamanten\/?lang=de"]}]},{"@type":"ImageObject","inLanguage":"de","@id":"https:\/\/emquies-holstein.com\/product\/blessed-by-an-angel-18-karat-weissgold-mit-diamanten\/?lang=de#primaryimage","url":"https:\/\/emquies-holstein.com\/wp-content\/uploads\/2016\/08\/5.engel-18kt-guld-m.hvid-emalje-11300-kr-Medium.jpg","contentUrl":"https:\/\/emquies-holstein.com\/wp-content\/uploads\/2016\/08\/5.engel-18kt-guld-m.hvid-emalje-11300-kr-Medium.jpg","width":591,"height":591},{"@type":"BreadcrumbList","@id":"https:\/\/emquies-holstein.com\/product\/blessed-by-an-angel-18-karat-weissgold-mit-diamanten\/?lang=de#breadcrumb","itemListElement":[{"@type":"ListItem","position":1,"name":"Hjem","item":"https:\/\/emquies-holstein.com\/de\/"},{"@type":"ListItem","position":2,"name":"Shop","item":"https:\/\/emquies-holstein.com\/shop-2\/?lang=de"},{"@type":"ListItem","position":3,"name":"Blessed by an Angel- 18 Karat Wei\u00dfgold mit Diamanten"}]},{"@type":"WebSite","@id":"https:\/\/emquies-holstein.com\/#website","url":"https:\/\/emquies-holstein.com\/","name":"emquies-holstein","description":"Just another WordPress site","publisher":{"@id":"https:\/\/emquies-holstein.com\/#organization"},"potentialAction":[{"@type":"SearchAction","target":{"@type":"EntryPoint","urlTemplate":"https:\/\/emquies-holstein.com\/?s={search_term_string}"},"query-input":{"@type":"PropertyValueSpecification","valueRequired":true,"valueName":"search_term_string"}}],"inLanguage":"de"},{"@type":"Organization","@id":"https:\/\/emquies-holstein.com\/#organization","name":"Emquies-Holstein","url":"https:\/\/emquies-holstein.com\/","logo":{"@type":"ImageObject","inLanguage":"de","@id":"https:\/\/emquies-holstein.com\/#\/schema\/logo\/image\/","url":"https:\/\/emquies-holstein.com\/wp-content\/uploads\/2016\/07\/logo-1.png","contentUrl":"https:\/\/emquies-holstein.com\/wp-content\/uploads\/2016\/07\/logo-1.png","width":300,"height":53,"caption":"Emquies-Holstein"},"image":{"@id":"https:\/\/emquies-holstein.com\/#\/schema\/logo\/image\/"},"sameAs":["https:\/\/da-dk.facebook.com\/emquiesholstein\/","https:\/\/www.instagram.com\/emquiesholstein\/","https:\/\/www.pinterest.dk\/emquiesholstein\/"]}]}},"_links":{"self":[{"href":"https:\/\/emquies-holstein.com\/de\/wp-json\/wp\/v2\/product\/9980","targetHints":{"allow":["GET"]}}],"collection":[{"href":"https:\/\/emquies-holstein.com\/de\/wp-json\/wp\/v2\/product"}],"about":[{"href":"https:\/\/emquies-holstein.com\/de\/wp-json\/wp\/v2\/types\/product"}],"replies":[{"embeddable":true,"href":"https:\/\/emquies-holstein.com\/de\/wp-json\/wp\/v2\/comments?post=9980"}],"wp:featuredmedia":[{"embeddable":true,"href":"https:\/\/emquies-holstein.com\/de\/wp-json\/wp\/v2\/media\/6741"}],"wp:attachment":[{"href":"https:\/\/emquies-holstein.com\/de\/wp-json\/wp\/v2\/media?parent=9980"}],"wp:term":[{"taxonomy":"product_brand","embeddable":true,"href":"https:\/\/emquies-holstein.com\/de\/wp-json\/wp\/v2\/product_brand?post=9980"},{"taxonomy":"product_cat","embeddable":true,"href":"https:\/\/emquies-holstein.com\/de\/wp-json\/wp\/v2\/product_cat?post=9980"},{"taxonomy":"product_tag","embeddable":true,"href":"https:\/\/emquies-holstein.com\/de\/wp-json\/wp\/v2\/product_tag?post=9980"}],"curies":[{"name":"wp","href":"https:\/\/api.w.org\/{rel}","templated":true}]}}