
























































{"id":9597,"date":"2016-09-09T07:54:40","date_gmt":"2016-09-09T07:54:40","guid":{"rendered":"https:\/\/emquies-holstein.com\/kollektion_3-i-en\/?lang=en"},"modified":"2017-01-24T19:12:36","modified_gmt":"2017-01-24T19:12:36","slug":"kollektion_3-i-en","status":"publish","type":"page","link":"https:\/\/emquies-holstein.com\/en\/kollektion_3-i-en\/","title":{"rendered":"Kollektion_3-i-\u00e9n"},"content":{"rendered":"<div class=\"wpb-content-wrapper\"><p>[vc_row][vc_column width=&#8221;7\/12&#8243;][vc_single_image image=&#8221;7763&#8243; img_size=&#8221;full&#8221;][\/vc_column][vc_column width=&#8221;5\/12&#8243;][vc_custom_heading text=&#8221;3-in-one &#8221; font_container=&#8221;tag:h2|font_size:32px|text_align:left|line_height:35px&#8221; use_theme_fonts=&#8221;yes&#8221; css=&#8221;.vc_custom_1485285148230{margin-top: 30px !important;}&#8221;][vc_column_text css=&#8221;.vc_custom_1482323604876{margin-top: -10px !important;}&#8221;]Being a site engineer Hanan Emquies is fascinated by space and what to do with it \u2013 in particular in this collection where each piece of jewellery is designed to communicate the feeling of different compartments. The design is simple and sculptural and comes in 3 different pieces with every ring holding 3 ring sizes depending on which finger to wear it and the angle to put it on. In that way the organic ring design fits several fingers from numerous angles \u2013 highly personal, yet extremely versatile.[\/vc_column_text][\/vc_column][\/vc_row][vc_row][vc_column][vc_separator][\/vc_column][\/vc_row][vc_row][vc_column]<div class=\"woocommerce columns-4 \"><div class=\"product-loop products-grid product-count-4\">\r\n<div class=\"first product type-product post-7863 status-publish instock product_cat-3-in-one product_cat-ring-en product_cat-silver has-post-thumbnail shipping-taxable purchasable product-type-variable\">\r\n\r\n\t\r\n\t\t\t\t\t\t<div class=\"product-image-wrapper hover-effect-slider\">\r\n\t\t\t\r\n\t        \r\n\t\t\t\t\t\t\t\r\n\t\t\t\t<a id=\"https:\/\/emquies-holstein.com\/wp-content\/uploads\/2014\/04\/Guld02-copy-Custom-500x500.jpg\" href=\"https:\/\/emquies-holstein.com\/en\/product\/3-in-one-gold-plated-sterling-silver-model-3\/\" class=\"product-content-image imageSlider\" data-images-list=\"https:\/\/emquies-holstein.com\/wp-content\/uploads\/2014\/04\/Guld02-copy-Custom-300x300.jpg, https:\/\/emquies-holstein.com\/wp-content\/uploads\/2016\/07\/H\u00e5nd03-kvadrat-Custom-3.jpg, https:\/\/emquies-holstein.com\/wp-content\/uploads\/2014\/04\/Model-3-silver-300x300.jpg, https:\/\/emquies-holstein.com\/wp-content\/uploads\/2014\/04\/Guld03-copy-Custom-300x300.jpg, https:\/\/emquies-holstein.com\/wp-content\/uploads\/2016\/11\/emballage-Medium.jpg\">\r\n\t\t\t\t\t<img loading=\"lazy\" decoding=\"async\" width=\"300\" height=\"300\" src=\"https:\/\/emquies-holstein.com\/wp-content\/uploads\/2014\/04\/Guld02-copy-Custom-300x300.jpg\" class=\"main-image\" alt=\"guld ring \" srcset=\"https:\/\/emquies-holstein.com\/wp-content\/uploads\/2014\/04\/Guld02-copy-Custom-300x300.jpg 300w, https:\/\/emquies-holstein.com\/wp-content\/uploads\/2014\/04\/Guld02-copy-Custom-100x100.jpg 100w, https:\/\/emquies-holstein.com\/wp-content\/uploads\/2014\/04\/Guld02-copy-Custom-150x150.jpg 150w, https:\/\/emquies-holstein.com\/wp-content\/uploads\/2014\/04\/Guld02-copy-Custom-500x500.jpg 500w\" sizes=\"auto, (max-width: 300px) 100vw, 300px\" \/>\r\n\t\t\t\t<\/a>\r\n\t\t\t\r\n\r\n\t\t\t\r\n\t\t\t\t\t\t\t<span class=\"show-quickly\" data-prodid=\"7863\" style=\"font-size:11px; cursor: pointer;\">Quick View<\/span>\r\n\t\t\t\t\t<\/div>\r\n\r\n\t\t\r\n\t\t\t\t\t<h3 class=\"product-name\"><a href=\"https:\/\/emquies-holstein.com\/en\/product\/3-in-one-gold-plated-sterling-silver-model-3\/\">3-in-one \u2013 Gold-plated sterling silver, model 3<\/a><\/h3>\r\n\t\t\r\n\t\t\r\n\r\n\t\t\r\n\r\n\t\t<div class=\"product-excerpt\">\r\n\t\t\tRing (model 3) in gold-plated sterling silver\r\n\r\nMeasurements: Approx. 32 x 46 mm\r\n\r\nWeight: approx. 35 g\r\n\r\nChoose size from: 53 (\u00d8 17mm), 56 (\u00d8 18mm) and 64 (\u00d8 20,5mm)\r\n\r\nChoose surface below: matt, blank polished, black oxidized or as shown in the picture gold plated with 24 carat gold\r\n\r\nDelivery: 15 working days\r\n\r\n<em>NB! All surface treatments are worn by use <\/em>\t\t<\/div>\r\n\r\n\t\t<div class=\"add-to-container\">\r\n\r\n\t\t\t\n\t<span class=\"price\"><span class=\"woocommerce-Price-amount amount\"><bdi><span class=\"woocommerce-Price-currencySymbol\">&euro;<\/span>730<\/bdi><\/span><\/span>\n\r\n\t        <a href=\"https:\/\/emquies-holstein.com\/en\/product\/3-in-one-gold-plated-sterling-silver-model-3\/\" data-product_id=\"7863\" data-product_sku=\"0803-3fg\" class=\"add_to_cart_button button  product_type_variable\" data-product_id=\"7863\" data-product_sku=\"0803-3fg\" aria-label=\"Select options for &ldquo;3-in-one \u2013 Gold-plated sterling silver, model 3&rdquo;\" rel=\"nofollow\">Select options<\/a>        <\/div>\r\n\r\n\r\n\r\n\t\t\t<div class=\"clear\"><\/div>\r\n<\/div><div class=\"product type-product post-7877 status-publish last instock product_cat-3-in-one product_cat-ring-en product_cat-silver has-post-thumbnail featured shipping-taxable purchasable product-type-simple\">\r\n\r\n\t\r\n\t\t\t\t\t\t<div class=\"product-image-wrapper hover-effect-slider\">\r\n\t\t\t\r\n\t        \r\n\t\t\t\t\t\t\t\r\n\t\t\t\t<a id=\"https:\/\/emquies-holstein.com\/wp-content\/uploads\/2016\/07\/Mats\u00f8lv01-copy-Custom-11-600x600.jpg\" href=\"https:\/\/emquies-holstein.com\/en\/product\/3-in-one-matt-sterling-silver-model-1\/\" class=\"product-content-image imageSlider\" data-images-list=\"https:\/\/emquies-holstein.com\/wp-content\/uploads\/2016\/07\/Mats\u00f8lv01-copy-Custom-11.jpg, https:\/\/emquies-holstein.com\/wp-content\/uploads\/2016\/07\/Mats\u00f8lv02-copy-Custom-11.jpg, https:\/\/emquies-holstein.com\/wp-content\/uploads\/2016\/11\/emballage-Medium.jpg\">\r\n\t\t\t\t\t<img loading=\"lazy\" decoding=\"async\" width=\"822\" height=\"822\" src=\"https:\/\/emquies-holstein.com\/wp-content\/uploads\/2016\/07\/Mats\u00f8lv01-copy-Custom-11.jpg\" class=\"main-image\" alt=\"\" srcset=\"https:\/\/emquies-holstein.com\/wp-content\/uploads\/2016\/07\/Mats\u00f8lv01-copy-Custom-11.jpg 822w, https:\/\/emquies-holstein.com\/wp-content\/uploads\/2016\/07\/Mats\u00f8lv01-copy-Custom-11-300x300.jpg 300w, https:\/\/emquies-holstein.com\/wp-content\/uploads\/2016\/07\/Mats\u00f8lv01-copy-Custom-11-100x100.jpg 100w, https:\/\/emquies-holstein.com\/wp-content\/uploads\/2016\/07\/Mats\u00f8lv01-copy-Custom-11-600x600.jpg 600w\" sizes=\"auto, (max-width: 822px) 100vw, 822px\" \/>\r\n\t\t\t\t<\/a>\r\n\t\t\t\r\n\r\n\t\t\t\r\n\t\t\t\t\t\t\t<span class=\"show-quickly\" data-prodid=\"7877\" style=\"font-size:11px; cursor: pointer;\">Quick View<\/span>\r\n\t\t\t\t\t<\/div>\r\n\r\n\t\t\r\n\t\t\t\t\t<h3 class=\"product-name\"><a href=\"https:\/\/emquies-holstein.com\/en\/product\/3-in-one-matt-sterling-silver-model-1\/\">3-in-one \u2013 matt sterling silver, model 1<\/a><\/h3>\r\n\t\t\r\n\t\t\r\n\r\n\t\t\r\n\r\n\t\t<div class=\"product-excerpt\">\r\n\t\t\thttps:\/\/vimeo.com\/408949811\r\n\r\nRing (model 1) in matt sterling silver\r\n\r\nMeasurements: Approx. 32 x 46 mm\r\n\r\nWeight: approx. 35 g\r\n\r\nChoose size from: 53 (\u00d8 17mm), 56 (\u00d8 18mm) and 64 (\u00d8 20,5mm)\r\n\r\nChoose surface below: matt, blank polished, black oxidized or as shown in the picture gold plated with 24 carat gold\r\n\r\nDelivery: 15 working days\r\n\r\n<em>NB! All surface treatments are worn by use<\/em>\t\t<\/div>\r\n\r\n\t\t<div class=\"add-to-container\">\r\n\r\n\t\t\t\n\t<span class=\"price\"><span class=\"woocommerce-Price-amount amount\"><bdi><span class=\"woocommerce-Price-currencySymbol\">&euro;<\/span>730<\/bdi><\/span><\/span>\n\r\n\t        <a href=\"\/en\/wp-json\/wp\/v2\/pages\/9597?add-to-cart=7877\" data-product_id=\"7877\" data-product_sku=\"0801-3M\" class=\"add_to_cart_button button etheme_add_to_cart_button ajax_add_to_cart  product_type_simple\" data-product_id=\"7877\" data-product_sku=\"0801-3M\" aria-label=\"Add to cart: &ldquo;3-in-one \u2013 matt sterling silver, model 1&rdquo;\" rel=\"nofollow\" data-success_message=\"&ldquo;3-in-one \u2013 matt sterling silver, model 1&rdquo; has been added to your cart\" role=\"button\">Add to cart<\/a>        <\/div>\r\n\r\n\r\n\r\n\t\t\t<div class=\"clear\"><\/div>\r\n<\/div><div class=\"first product type-product post-7858 status-publish instock product_cat-3-in-one product_cat-ring-en product_cat-silver has-post-thumbnail shipping-taxable purchasable product-type-variable\">\r\n\r\n\t\r\n\t\t\t\t\t\t<div class=\"product-image-wrapper hover-effect-slider\">\r\n\t\t\t\r\n\t        \r\n\t\t\t\t\t\t\t\r\n\t\t\t\t<a id=\"https:\/\/emquies-holstein.com\/wp-content\/uploads\/2016\/08\/M\u00f8rks\u00f8lv01-copy-Custom-600x600.jpg\" href=\"https:\/\/emquies-holstein.com\/en\/product\/3-in-one-black-oxidized-sterling-silver-model-2\/\" class=\"product-content-image imageSlider\" data-images-list=\"https:\/\/emquies-holstein.com\/wp-content\/uploads\/2016\/08\/M\u00f8rks\u00f8lv01-copy-Custom.jpg, https:\/\/emquies-holstein.com\/wp-content\/uploads\/2016\/08\/tre_i_en-copy-Custom.jpg, https:\/\/emquies-holstein.com\/wp-content\/uploads\/2016\/08\/M\u00f8rks\u00f8lv02-copy-Custom.jpg, https:\/\/emquies-holstein.com\/wp-content\/uploads\/2016\/08\/H\u00e5nd04-kvadrat-Custom.jpg, https:\/\/emquies-holstein.com\/wp-content\/uploads\/2016\/11\/emballage-Medium.jpg\">\r\n\t\t\t\t\t<img loading=\"lazy\" decoding=\"async\" width=\"822\" height=\"822\" src=\"https:\/\/emquies-holstein.com\/wp-content\/uploads\/2016\/08\/M\u00f8rks\u00f8lv01-copy-Custom.jpg\" class=\"main-image\" alt=\"\" srcset=\"https:\/\/emquies-holstein.com\/wp-content\/uploads\/2016\/08\/M\u00f8rks\u00f8lv01-copy-Custom.jpg 822w, https:\/\/emquies-holstein.com\/wp-content\/uploads\/2016\/08\/M\u00f8rks\u00f8lv01-copy-Custom-300x300.jpg 300w, https:\/\/emquies-holstein.com\/wp-content\/uploads\/2016\/08\/M\u00f8rks\u00f8lv01-copy-Custom-100x100.jpg 100w, https:\/\/emquies-holstein.com\/wp-content\/uploads\/2016\/08\/M\u00f8rks\u00f8lv01-copy-Custom-600x600.jpg 600w\" sizes=\"auto, (max-width: 822px) 100vw, 822px\" \/>\r\n\t\t\t\t<\/a>\r\n\t\t\t\r\n\r\n\t\t\t\r\n\t\t\t\t\t\t\t<span class=\"show-quickly\" data-prodid=\"7858\" style=\"font-size:11px; cursor: pointer;\">Quick View<\/span>\r\n\t\t\t\t\t<\/div>\r\n\r\n\t\t\r\n\t\t\t\t\t<h3 class=\"product-name\"><a href=\"https:\/\/emquies-holstein.com\/en\/product\/3-in-one-black-oxidized-sterling-silver-model-2\/\">3-in-one \u2013 Black oxidized sterling silver, model 2<\/a><\/h3>\r\n\t\t\r\n\t\t\r\n\r\n\t\t\r\n\r\n\t\t<div class=\"product-excerpt\">\r\n\t\t\tRing (model 2) in black oxidized sterling silver\r\n\r\nMeasurements: Approx. 32 x 46 mm\r\n\r\nWeight: approx. 35 g\r\n\r\nChoose size from: 53 (\u00d8 17mm), 56 (\u00d8 18mm) and 66 (\u00d8 20,5mm)\r\n\r\nChoose surface below: matt, blank polished, black oxidized or as shown in the picture gold plated with 24 carat gold\r\n\r\nDelivery: 15 working days\r\n\r\n<em>NB! All surface treatments are worn by use <\/em>\t\t<\/div>\r\n\r\n\t\t<div class=\"add-to-container\">\r\n\r\n\t\t\t\n\t<span class=\"price\"><span class=\"woocommerce-Price-amount amount\"><bdi><span class=\"woocommerce-Price-currencySymbol\">&euro;<\/span>730<\/bdi><\/span><\/span>\n\r\n\t        <a href=\"https:\/\/emquies-holstein.com\/en\/product\/3-in-one-black-oxidized-sterling-silver-model-2\/\" data-product_id=\"7858\" data-product_sku=\"0802-3x\" class=\"add_to_cart_button button  product_type_variable\" data-product_id=\"7858\" data-product_sku=\"0802-3x\" aria-label=\"Select options for &ldquo;3-in-one \u2013 Black oxidized sterling silver, model 2&rdquo;\" rel=\"nofollow\">Select options<\/a>        <\/div>\r\n\r\n\r\n\r\n\t\t\t<div class=\"clear\"><\/div>\r\n<\/div><div class=\"product type-product post-7872 status-publish last instock product_cat-3-in-one product_cat-ring-en product_cat-silver has-post-thumbnail featured shipping-taxable purchasable product-type-variable\">\r\n\r\n\t\r\n\t\t\t\t\t\t<div class=\"product-image-wrapper hover-effect-slider\">\r\n\t\t\t\r\n\t        \r\n\t\t\t\t\t\t\t\r\n\t\t\t\t<a id=\"https:\/\/emquies-holstein.com\/wp-content\/uploads\/2016\/07\/Blanks\u00f8lv01-copy-Custom-2-600x600.jpg\" href=\"https:\/\/emquies-holstein.com\/en\/product\/3-in-one-blank-polished-sterling-silver-model-1\/\" class=\"product-content-image imageSlider\" data-images-list=\"https:\/\/emquies-holstein.com\/wp-content\/uploads\/2016\/07\/Blanks\u00f8lv01-copy-Custom-2.jpg, https:\/\/emquies-holstein.com\/wp-content\/uploads\/2016\/07\/Mats\u00f8lv02-copy-Custom-12.jpg, https:\/\/emquies-holstein.com\/wp-content\/uploads\/2016\/07\/Mats\u00f8lv01-copy-Custom-12.jpg, https:\/\/emquies-holstein.com\/wp-content\/uploads\/2016\/11\/emballage-Medium.jpg\">\r\n\t\t\t\t\t<img loading=\"lazy\" decoding=\"async\" width=\"822\" height=\"822\" src=\"https:\/\/emquies-holstein.com\/wp-content\/uploads\/2016\/07\/Blanks\u00f8lv01-copy-Custom-2.jpg\" class=\"main-image\" alt=\"3-i-\u00e9n ring - poleret sterlings\u00f8lv, model 1\" srcset=\"https:\/\/emquies-holstein.com\/wp-content\/uploads\/2016\/07\/Blanks\u00f8lv01-copy-Custom-2.jpg 822w, https:\/\/emquies-holstein.com\/wp-content\/uploads\/2016\/07\/Blanks\u00f8lv01-copy-Custom-2-300x300.jpg 300w, https:\/\/emquies-holstein.com\/wp-content\/uploads\/2016\/07\/Blanks\u00f8lv01-copy-Custom-2-100x100.jpg 100w, https:\/\/emquies-holstein.com\/wp-content\/uploads\/2016\/07\/Blanks\u00f8lv01-copy-Custom-2-600x600.jpg 600w\" sizes=\"auto, (max-width: 822px) 100vw, 822px\" \/>\r\n\t\t\t\t<\/a>\r\n\t\t\t\r\n\r\n\t\t\t\r\n\t\t\t\t\t\t\t<span class=\"show-quickly\" data-prodid=\"7872\" style=\"font-size:11px; cursor: pointer;\">Quick View<\/span>\r\n\t\t\t\t\t<\/div>\r\n\r\n\t\t\r\n\t\t\t\t\t<h3 class=\"product-name\"><a href=\"https:\/\/emquies-holstein.com\/en\/product\/3-in-one-blank-polished-sterling-silver-model-1\/\">3-in-one \u2013 blank polished sterling silver, model 1<\/a><\/h3>\r\n\t\t\r\n\t\t\r\n\r\n\t\t\r\n\r\n\t\t<div class=\"product-excerpt\">\r\n\t\t\tRing (model 1) in blank polished sterling silver\r\n\r\nMeasurements: Approx. 32 x 46 mm\r\n\r\nWeight: approx. 35 g\r\n\r\nChoose size from: 53 (\u00d8 17mm), 56 (\u00d8 18mm) and 66 (\u00d8 20,5mm)\r\n\r\nChoose surface below: matt, blank polished, black oxidized or as shown in the picture gold plated with 24 carat gold\r\n\r\nDelivery: 15 working days\r\n\r\n<em>NB! All surface treatments are worn by use <\/em>\t\t<\/div>\r\n\r\n\t\t<div class=\"add-to-container\">\r\n\r\n\t\t\t\n\t<span class=\"price\"><span class=\"woocommerce-Price-amount amount\"><bdi><span class=\"woocommerce-Price-currencySymbol\">&euro;<\/span>730<\/bdi><\/span><\/span>\n\r\n\t        <a href=\"https:\/\/emquies-holstein.com\/en\/product\/3-in-one-blank-polished-sterling-silver-model-1\/\" data-product_id=\"7872\" data-product_sku=\"0801-3P\" class=\"add_to_cart_button button  product_type_variable\" data-product_id=\"7872\" data-product_sku=\"0801-3P\" aria-label=\"Select options for &ldquo;3-in-one \u2013 blank polished sterling silver, model 1&rdquo;\" rel=\"nofollow\">Select options<\/a>        <\/div>\r\n\r\n\r\n\r\n\t\t\t<div class=\"clear\"><\/div>\r\n<\/div><\/div><\/div>[\/vc_column][\/vc_row]<\/p>\n<\/div>","protected":false},"excerpt":{"rendered":"<p>[vc_row][vc_column width=&#8221;7\/12&#8243;][vc_single_image image=&#8221;7763&#8243; img_size=&#8221;full&#8221;][\/vc_column][vc_column width=&#8221;5\/12&#8243;][vc_custom_heading text=&#8221;3-in-one &#8221; font_container=&#8221;tag:h2|font_size:32px|text_align:left|line_height:35px&#8221; use_theme_fonts=&#8221;yes&#8221; css=&#8221;.vc_custom_1485285148230{margin-top: 30px !important;}&#8221;][vc_column_text css=&#8221;.vc_custom_1482323604876{margin-top: -10px !important;}&#8221;]Being a site engineer Hanan Emquies is fascinated by space and what to do with it \u2013 in particular in this collection where each piece of jewellery is designed to communicate the feeling of different compartments&#8230;.<\/p>\n","protected":false},"author":1,"featured_media":0,"parent":0,"menu_order":0,"comment_status":"closed","ping_status":"closed","template":"","meta":{"_acf_changed":false,"footnotes":""},"class_list":["post-9597","page","type-page","status-publish","hentry"],"acf":[],"yoast_head":"<!-- This site is optimized with the Yoast SEO plugin v27.4 - https:\/\/yoast.com\/product\/yoast-seo-wordpress\/ -->\n<title>Kollektion_3-i-\u00e9n - emquies-holstein<\/title>\n<meta name=\"robots\" content=\"index, follow, max-snippet:-1, max-image-preview:large, max-video-preview:-1\" \/>\n<link rel=\"canonical\" href=\"https:\/\/emquies-holstein.com\/kollektion_3-i-en\/?lang=en\" \/>\n<meta property=\"og:locale\" content=\"en_US\" \/>\n<meta property=\"og:type\" content=\"article\" \/>\n<meta property=\"og:title\" content=\"Kollektion_3-i-\u00e9n - emquies-holstein\" \/>\n<meta property=\"og:description\" content=\"[vc_row][vc_column width=&#8221;7\/12&#8243;][vc_single_image image=&#8221;7763&#8243; img_size=&#8221;full&#8221;][\/vc_column][vc_column width=&#8221;5\/12&#8243;][vc_custom_heading text=&#8221;3-in-one &#8221; font_container=&#8221;tag:h2|font_size:32px|text_align:left|line_height:35px&#8221; use_theme_fonts=&#8221;yes&#8221; css=&#8221;.vc_custom_1485285148230{margin-top: 30px !important;}&#8221;][vc_column_text css=&#8221;.vc_custom_1482323604876{margin-top: -10px !important;}&#8221;]Being a site engineer Hanan Emquies is fascinated by space and what to do with it \u2013 in particular in this collection where each piece of jewellery is designed to communicate the feeling of different compartments....\" \/>\n<meta property=\"og:url\" content=\"https:\/\/emquies-holstein.com\/kollektion_3-i-en\/?lang=en\" \/>\n<meta property=\"og:site_name\" content=\"emquies-holstein\" \/>\n<meta property=\"article:publisher\" content=\"https:\/\/da-dk.facebook.com\/emquiesholstein\/\" \/>\n<meta property=\"article:modified_time\" content=\"2017-01-24T19:12:36+00:00\" \/>\n<meta name=\"twitter:card\" content=\"summary_large_image\" \/>\n<meta name=\"twitter:label1\" content=\"Est. reading time\" \/>\n\t<meta name=\"twitter:data1\" content=\"1 minute\" \/>\n<script type=\"application\/ld+json\" class=\"yoast-schema-graph\">{\"@context\":\"https:\\\/\\\/schema.org\",\"@graph\":[{\"@type\":\"WebPage\",\"@id\":\"https:\\\/\\\/emquies-holstein.com\\\/kollektion_3-i-en\\\/?lang=en\",\"url\":\"https:\\\/\\\/emquies-holstein.com\\\/kollektion_3-i-en\\\/?lang=en\",\"name\":\"Kollektion_3-i-\u00e9n - emquies-holstein\",\"isPartOf\":{\"@id\":\"https:\\\/\\\/emquies-holstein.com\\\/#website\"},\"datePublished\":\"2016-09-09T07:54:40+00:00\",\"dateModified\":\"2017-01-24T19:12:36+00:00\",\"breadcrumb\":{\"@id\":\"https:\\\/\\\/emquies-holstein.com\\\/kollektion_3-i-en\\\/?lang=en#breadcrumb\"},\"inLanguage\":\"en-US\",\"potentialAction\":[{\"@type\":\"ReadAction\",\"target\":[\"https:\\\/\\\/emquies-holstein.com\\\/kollektion_3-i-en\\\/?lang=en\"]}]},{\"@type\":\"BreadcrumbList\",\"@id\":\"https:\\\/\\\/emquies-holstein.com\\\/kollektion_3-i-en\\\/?lang=en#breadcrumb\",\"itemListElement\":[{\"@type\":\"ListItem\",\"position\":1,\"name\":\"Hjem\",\"item\":\"https:\\\/\\\/emquies-holstein.com\\\/en\\\/\"},{\"@type\":\"ListItem\",\"position\":2,\"name\":\"Kollektion_3-i-\u00e9n\"}]},{\"@type\":\"WebSite\",\"@id\":\"https:\\\/\\\/emquies-holstein.com\\\/#website\",\"url\":\"https:\\\/\\\/emquies-holstein.com\\\/\",\"name\":\"emquies-holstein\",\"description\":\"Just another WordPress site\",\"publisher\":{\"@id\":\"https:\\\/\\\/emquies-holstein.com\\\/#organization\"},\"potentialAction\":[{\"@type\":\"SearchAction\",\"target\":{\"@type\":\"EntryPoint\",\"urlTemplate\":\"https:\\\/\\\/emquies-holstein.com\\\/?s={search_term_string}\"},\"query-input\":{\"@type\":\"PropertyValueSpecification\",\"valueRequired\":true,\"valueName\":\"search_term_string\"}}],\"inLanguage\":\"en-US\"},{\"@type\":\"Organization\",\"@id\":\"https:\\\/\\\/emquies-holstein.com\\\/#organization\",\"name\":\"Emquies-Holstein\",\"url\":\"https:\\\/\\\/emquies-holstein.com\\\/\",\"logo\":{\"@type\":\"ImageObject\",\"inLanguage\":\"en-US\",\"@id\":\"https:\\\/\\\/emquies-holstein.com\\\/#\\\/schema\\\/logo\\\/image\\\/\",\"url\":\"https:\\\/\\\/emquies-holstein.com\\\/wp-content\\\/uploads\\\/2016\\\/07\\\/logo-1.png\",\"contentUrl\":\"https:\\\/\\\/emquies-holstein.com\\\/wp-content\\\/uploads\\\/2016\\\/07\\\/logo-1.png\",\"width\":300,\"height\":53,\"caption\":\"Emquies-Holstein\"},\"image\":{\"@id\":\"https:\\\/\\\/emquies-holstein.com\\\/#\\\/schema\\\/logo\\\/image\\\/\"},\"sameAs\":[\"https:\\\/\\\/da-dk.facebook.com\\\/emquiesholstein\\\/\",\"https:\\\/\\\/www.instagram.com\\\/emquiesholstein\\\/\",\"https:\\\/\\\/www.pinterest.dk\\\/emquiesholstein\\\/\"]}]}<\/script>\n<!-- \/ Yoast SEO plugin. -->","yoast_head_json":{"title":"Kollektion_3-i-\u00e9n - emquies-holstein","robots":{"index":"index","follow":"follow","max-snippet":"max-snippet:-1","max-image-preview":"max-image-preview:large","max-video-preview":"max-video-preview:-1"},"canonical":"https:\/\/emquies-holstein.com\/kollektion_3-i-en\/?lang=en","og_locale":"en_US","og_type":"article","og_title":"Kollektion_3-i-\u00e9n - emquies-holstein","og_description":"[vc_row][vc_column width=&#8221;7\/12&#8243;][vc_single_image image=&#8221;7763&#8243; img_size=&#8221;full&#8221;][\/vc_column][vc_column width=&#8221;5\/12&#8243;][vc_custom_heading text=&#8221;3-in-one &#8221; font_container=&#8221;tag:h2|font_size:32px|text_align:left|line_height:35px&#8221; use_theme_fonts=&#8221;yes&#8221; css=&#8221;.vc_custom_1485285148230{margin-top: 30px !important;}&#8221;][vc_column_text css=&#8221;.vc_custom_1482323604876{margin-top: -10px !important;}&#8221;]Being a site engineer Hanan Emquies is fascinated by space and what to do with it \u2013 in particular in this collection where each piece of jewellery is designed to communicate the feeling of different compartments....","og_url":"https:\/\/emquies-holstein.com\/kollektion_3-i-en\/?lang=en","og_site_name":"emquies-holstein","article_publisher":"https:\/\/da-dk.facebook.com\/emquiesholstein\/","article_modified_time":"2017-01-24T19:12:36+00:00","twitter_card":"summary_large_image","twitter_misc":{"Est. reading time":"1 minute"},"schema":{"@context":"https:\/\/schema.org","@graph":[{"@type":"WebPage","@id":"https:\/\/emquies-holstein.com\/kollektion_3-i-en\/?lang=en","url":"https:\/\/emquies-holstein.com\/kollektion_3-i-en\/?lang=en","name":"Kollektion_3-i-\u00e9n - emquies-holstein","isPartOf":{"@id":"https:\/\/emquies-holstein.com\/#website"},"datePublished":"2016-09-09T07:54:40+00:00","dateModified":"2017-01-24T19:12:36+00:00","breadcrumb":{"@id":"https:\/\/emquies-holstein.com\/kollektion_3-i-en\/?lang=en#breadcrumb"},"inLanguage":"en-US","potentialAction":[{"@type":"ReadAction","target":["https:\/\/emquies-holstein.com\/kollektion_3-i-en\/?lang=en"]}]},{"@type":"BreadcrumbList","@id":"https:\/\/emquies-holstein.com\/kollektion_3-i-en\/?lang=en#breadcrumb","itemListElement":[{"@type":"ListItem","position":1,"name":"Hjem","item":"https:\/\/emquies-holstein.com\/en\/"},{"@type":"ListItem","position":2,"name":"Kollektion_3-i-\u00e9n"}]},{"@type":"WebSite","@id":"https:\/\/emquies-holstein.com\/#website","url":"https:\/\/emquies-holstein.com\/","name":"emquies-holstein","description":"Just another WordPress site","publisher":{"@id":"https:\/\/emquies-holstein.com\/#organization"},"potentialAction":[{"@type":"SearchAction","target":{"@type":"EntryPoint","urlTemplate":"https:\/\/emquies-holstein.com\/?s={search_term_string}"},"query-input":{"@type":"PropertyValueSpecification","valueRequired":true,"valueName":"search_term_string"}}],"inLanguage":"en-US"},{"@type":"Organization","@id":"https:\/\/emquies-holstein.com\/#organization","name":"Emquies-Holstein","url":"https:\/\/emquies-holstein.com\/","logo":{"@type":"ImageObject","inLanguage":"en-US","@id":"https:\/\/emquies-holstein.com\/#\/schema\/logo\/image\/","url":"https:\/\/emquies-holstein.com\/wp-content\/uploads\/2016\/07\/logo-1.png","contentUrl":"https:\/\/emquies-holstein.com\/wp-content\/uploads\/2016\/07\/logo-1.png","width":300,"height":53,"caption":"Emquies-Holstein"},"image":{"@id":"https:\/\/emquies-holstein.com\/#\/schema\/logo\/image\/"},"sameAs":["https:\/\/da-dk.facebook.com\/emquiesholstein\/","https:\/\/www.instagram.com\/emquiesholstein\/","https:\/\/www.pinterest.dk\/emquiesholstein\/"]}]}},"_links":{"self":[{"href":"https:\/\/emquies-holstein.com\/en\/wp-json\/wp\/v2\/pages\/9597","targetHints":{"allow":["GET"]}}],"collection":[{"href":"https:\/\/emquies-holstein.com\/en\/wp-json\/wp\/v2\/pages"}],"about":[{"href":"https:\/\/emquies-holstein.com\/en\/wp-json\/wp\/v2\/types\/page"}],"author":[{"embeddable":true,"href":"https:\/\/emquies-holstein.com\/en\/wp-json\/wp\/v2\/users\/1"}],"replies":[{"embeddable":true,"href":"https:\/\/emquies-holstein.com\/en\/wp-json\/wp\/v2\/comments?post=9597"}],"version-history":[{"count":3,"href":"https:\/\/emquies-holstein.com\/en\/wp-json\/wp\/v2\/pages\/9597\/revisions"}],"predecessor-version":[{"id":9802,"href":"https:\/\/emquies-holstein.com\/en\/wp-json\/wp\/v2\/pages\/9597\/revisions\/9802"}],"wp:attachment":[{"href":"https:\/\/emquies-holstein.com\/en\/wp-json\/wp\/v2\/media?parent=9597"}],"curies":[{"name":"wp","href":"https:\/\/api.w.org\/{rel}","templated":true}]}}