
























































{"id":9688,"date":"2016-09-09T07:55:51","date_gmt":"2016-09-09T07:55:51","guid":{"rendered":"https:\/\/emquies-holstein.com\/kollektion_whole\/?lang=en"},"modified":"2017-01-24T19:15:08","modified_gmt":"2017-01-24T19:15:08","slug":"kollektion_whole","status":"publish","type":"page","link":"https:\/\/emquies-holstein.com\/en\/kollektion_whole\/","title":{"rendered":"Kollektion_whole"},"content":{"rendered":"<div class=\"wpb-content-wrapper\"><p>[vc_row][vc_column width=&#8221;7\/12&#8243;][vc_single_image image=&#8221;7766&#8243; img_size=&#8221;full&#8221;][\/vc_column][vc_column width=&#8221;5\/12&#8243;][vc_custom_heading text=&#8221;Whole&#8221; font_container=&#8221;tag:h2|font_size:32px|text_align:left|line_height:35px&#8221; use_theme_fonts=&#8221;yes&#8221; css=&#8221;.vc_custom_1485285304199{margin-top: 30px !important;}&#8221;][vc_column_text css=&#8221;.vc_custom_1485188654500{margin-top: -10px !important;}&#8221;]The Whole Collection is inspired by the thoughts of Albert Einstein that we are all part of a bigger whole with mutual responsibility towards each other \u2013 and as such a moving and thoughtful piece of jewellery. In a highly poetic, yet very simple and minimalistic design the Whole Collection encourages us to think holistically, since we are all part of the same organism. As the collection\u2019s English name \u201cWhole\u201d suggests, every piece of jewellery is designed with round circular shapes in mind in order to symbolize the unique whole of all things in life. A universal message with global sympathy.<\/p>\n<p>&nbsp;<\/p>\n<p><em>\u201cA human being is a part of a whole, called by us universe, a part limited in time and space. He experiences himself, his thoughts and feelings as something separated from the rest\u2026..a kind of optical delusion of his consciousness. This delusion is a kind of prison for us, restricting us to our personal desires and to affection for a few persons nearest to us. Our task must be to free ourselves from this prison by widening our circle of compassion to embrace all living creatures and the whole of nature in its beauty.\u201d<\/em><\/p>\n<p>ALBERT EINSTEIN[\/vc_column_text][\/vc_column][\/vc_row][vc_row][vc_column][vc_separator][\/vc_column][\/vc_row][vc_row][vc_column]<div class=\"woocommerce columns-4 \"><div class=\"product-loop products-grid product-count-4\">\r\n<div class=\"first product type-product post-7879 status-publish instock product_cat-chain product_cat-pendant product_cat-whole-en has-post-thumbnail featured shipping-taxable purchasable product-type-simple\">\r\n\r\n\t\r\n\t\t\t\t\t\t<div class=\"product-image-wrapper hover-effect-slider\">\r\n\t\t\t\r\n\t        \r\n\t\t\t\t\t\t\t\r\n\t\t\t\t<a id=\"https:\/\/emquies-holstein.com\/wp-content\/uploads\/2016\/07\/Whole-ring-vedh\u00e6ng-i-18kt-i-50cm-s\u00f8lv-k\u00e6de-2275-kr-Medium2-3-600x600.jpg\" href=\"https:\/\/emquies-holstein.com\/en\/product\/whole-pendant-18-carat-gold-with-a-silver-chain\/\" class=\"product-content-image imageSlider\" data-images-list=\"https:\/\/emquies-holstein.com\/wp-content\/uploads\/2016\/07\/Whole-ring-vedh\u00e6ng-i-18kt-i-50cm-s\u00f8lv-k\u00e6de-2275-kr-Medium2-3.jpg, https:\/\/emquies-holstein.com\/wp-content\/uploads\/2016\/11\/emballage-Medium.jpg\">\r\n\t\t\t\t\t<img loading=\"lazy\" decoding=\"async\" width=\"600\" height=\"600\" src=\"https:\/\/emquies-holstein.com\/wp-content\/uploads\/2016\/07\/Whole-ring-vedh\u00e6ng-i-18kt-i-50cm-s\u00f8lv-k\u00e6de-2275-kr-Medium2-3.jpg\" class=\"main-image\" alt=\"\" srcset=\"https:\/\/emquies-holstein.com\/wp-content\/uploads\/2016\/07\/Whole-ring-vedh\u00e6ng-i-18kt-i-50cm-s\u00f8lv-k\u00e6de-2275-kr-Medium2-3.jpg 600w, https:\/\/emquies-holstein.com\/wp-content\/uploads\/2016\/07\/Whole-ring-vedh\u00e6ng-i-18kt-i-50cm-s\u00f8lv-k\u00e6de-2275-kr-Medium2-3-300x300.jpg 300w, https:\/\/emquies-holstein.com\/wp-content\/uploads\/2016\/07\/Whole-ring-vedh\u00e6ng-i-18kt-i-50cm-s\u00f8lv-k\u00e6de-2275-kr-Medium2-3-100x100.jpg 100w\" sizes=\"auto, (max-width: 600px) 100vw, 600px\" \/>\r\n\t\t\t\t<\/a>\r\n\t\t\t\r\n\r\n\t\t\t\r\n\t\t\t\t\t\t\t<span class=\"show-quickly\" data-prodid=\"7879\" style=\"font-size:11px; cursor: pointer;\">Quick View<\/span>\r\n\t\t\t\t\t<\/div>\r\n\r\n\t\t\r\n\t\t\t\t\t<h3 class=\"product-name\"><a href=\"https:\/\/emquies-holstein.com\/en\/product\/whole-pendant-18-carat-gold-with-a-silver-chain\/\">Whole pendant \u2013 18 carat gold with a silver chain<\/a><\/h3>\r\n\t\t\r\n\t\t\r\n\r\n\t\t\r\n\r\n\t\t<div class=\"product-excerpt\">\r\n\t\t\tPendant in 18 ct. gold with a silver chain\r\n\r\nMeasurements: Approx. 14 mm in diameter\r\n\r\nLength of chain: 50 cm\r\n\r\nDelivery: 2-5 working days\t\t<\/div>\r\n\r\n\t\t<div class=\"add-to-container\">\r\n\r\n\t\t\t\n\t<span class=\"price\"><span class=\"woocommerce-Price-amount amount\"><bdi><span class=\"woocommerce-Price-currencySymbol\">&euro;<\/span>590<\/bdi><\/span><\/span>\n\r\n\t        <a href=\"\/en\/wp-json\/wp\/v2\/pages\/9688?add-to-cart=7879\" data-product_id=\"7879\" data-product_sku=\"0601-4\" class=\"add_to_cart_button button etheme_add_to_cart_button ajax_add_to_cart  product_type_simple\" data-product_id=\"7879\" data-product_sku=\"0601-4\" aria-label=\"Add to cart: &ldquo;Whole pendant \u2013 18 carat gold with a silver chain&rdquo;\" rel=\"nofollow\" data-success_message=\"&ldquo;Whole pendant \u2013 18 carat gold with a silver chain&rdquo; has been added to your cart\" role=\"button\">Add to cart<\/a>        <\/div>\r\n\r\n\r\n\r\n\t\t\t<div class=\"clear\"><\/div>\r\n<\/div><div class=\"product type-product post-7878 status-publish last instock product_cat-pinbroche-en product_cat-whole-en has-post-thumbnail featured shipping-taxable purchasable product-type-simple\">\r\n\r\n\t\r\n\t\t\t\t\t\t<div class=\"product-image-wrapper hover-effect-slider\">\r\n\t\t\t\r\n\t        \r\n\t\t\t\t\t\t\t\r\n\t\t\t\t<a id=\"https:\/\/emquies-holstein.com\/wp-content\/uploads\/2016\/08\/wholebroche-guld-Custom-600x600.jpg\" href=\"https:\/\/emquies-holstein.com\/en\/product\/whole-pinbrooch-18-carat-gold\/\" class=\"product-content-image imageSlider\" data-images-list=\"https:\/\/emquies-holstein.com\/wp-content\/uploads\/2016\/08\/wholebroche-guld-Custom.jpg, https:\/\/emquies-holstein.com\/wp-content\/uploads\/2016\/11\/emballage-Medium.jpg\">\r\n\t\t\t\t\t<img loading=\"lazy\" decoding=\"async\" width=\"822\" height=\"822\" src=\"https:\/\/emquies-holstein.com\/wp-content\/uploads\/2016\/08\/wholebroche-guld-Custom.jpg\" class=\"main-image\" alt=\"\" srcset=\"https:\/\/emquies-holstein.com\/wp-content\/uploads\/2016\/08\/wholebroche-guld-Custom.jpg 822w, https:\/\/emquies-holstein.com\/wp-content\/uploads\/2016\/08\/wholebroche-guld-Custom-300x300.jpg 300w, https:\/\/emquies-holstein.com\/wp-content\/uploads\/2016\/08\/wholebroche-guld-Custom-100x100.jpg 100w, https:\/\/emquies-holstein.com\/wp-content\/uploads\/2016\/08\/wholebroche-guld-Custom-600x600.jpg 600w\" sizes=\"auto, (max-width: 822px) 100vw, 822px\" \/>\r\n\t\t\t\t<\/a>\r\n\t\t\t\r\n\r\n\t\t\t\r\n\t\t\t\t\t\t\t<span class=\"show-quickly\" data-prodid=\"7878\" style=\"font-size:11px; cursor: pointer;\">Quick View<\/span>\r\n\t\t\t\t\t<\/div>\r\n\r\n\t\t\r\n\t\t\t\t\t<h3 class=\"product-name\"><a href=\"https:\/\/emquies-holstein.com\/en\/product\/whole-pinbrooch-18-carat-gold\/\">Whole pin\/Brooch \u2013 18 carat gold<\/a><\/h3>\r\n\t\t\r\n\t\t\r\n\r\n\t\t\r\n\r\n\t\t<div class=\"product-excerpt\">\r\n\t\t\tPin\/brooch in 18 ct. gold.\r\n\r\nMeasurements: Approx. 14 mm in diameter with tie tack lock.\r\n\r\nDelivery: 2-5 working days.\t\t<\/div>\r\n\r\n\t\t<div class=\"add-to-container\">\r\n\r\n\t\t\t\n\t<span class=\"price\"><span class=\"woocommerce-Price-amount amount\"><bdi><span class=\"woocommerce-Price-currencySymbol\">&euro;<\/span>590<\/bdi><\/span><\/span>\n\r\n\t        <a href=\"\/en\/wp-json\/wp\/v2\/pages\/9688?add-to-cart=7878\" data-product_id=\"7878\" data-product_sku=\"0602-4\" class=\"add_to_cart_button button etheme_add_to_cart_button ajax_add_to_cart  product_type_simple\" data-product_id=\"7878\" data-product_sku=\"0602-4\" aria-label=\"Add to cart: &ldquo;Whole pin\/Brooch \u2013 18 carat gold&rdquo;\" rel=\"nofollow\" data-success_message=\"&ldquo;Whole pin\/Brooch \u2013 18 carat gold&rdquo; has been added to your cart\" role=\"button\">Add to cart<\/a>        <\/div>\r\n\r\n\r\n\r\n\t\t\t<div class=\"clear\"><\/div>\r\n<\/div><div class=\"first product type-product post-7880 status-publish instock product_cat-bracelet product_cat-silver product_cat-whole-en has-post-thumbnail featured shipping-taxable purchasable product-type-variable\">\r\n\r\n\t\r\n\t\t\t\t\t\t<div class=\"product-image-wrapper hover-effect-slider\">\r\n\t\t\t\r\n\t        \r\n\t\t\t\t\t\t\t\r\n\t\t\t\t<a id=\"https:\/\/emquies-holstein.com\/wp-content\/uploads\/2016\/07\/wholearmb\u00e5nd-s\u00f8lv-Custom-2-600x600.jpg\" href=\"https:\/\/emquies-holstein.com\/en\/product\/whole-bangle-sterling-silver-with-an-18-carat-gold-ring\/\" class=\"product-content-image imageSlider\" data-images-list=\"https:\/\/emquies-holstein.com\/wp-content\/uploads\/2016\/07\/wholearmb\u00e5nd-s\u00f8lv-Custom-2.jpg, https:\/\/emquies-holstein.com\/wp-content\/uploads\/2016\/11\/emballage-Medium.jpg\">\r\n\t\t\t\t\t<img loading=\"lazy\" decoding=\"async\" width=\"822\" height=\"822\" src=\"https:\/\/emquies-holstein.com\/wp-content\/uploads\/2016\/07\/wholearmb\u00e5nd-s\u00f8lv-Custom-2.jpg\" class=\"main-image\" alt=\"\" srcset=\"https:\/\/emquies-holstein.com\/wp-content\/uploads\/2016\/07\/wholearmb\u00e5nd-s\u00f8lv-Custom-2.jpg 822w, https:\/\/emquies-holstein.com\/wp-content\/uploads\/2016\/07\/wholearmb\u00e5nd-s\u00f8lv-Custom-2-300x300.jpg 300w, https:\/\/emquies-holstein.com\/wp-content\/uploads\/2016\/07\/wholearmb\u00e5nd-s\u00f8lv-Custom-2-100x100.jpg 100w, https:\/\/emquies-holstein.com\/wp-content\/uploads\/2016\/07\/wholearmb\u00e5nd-s\u00f8lv-Custom-2-600x600.jpg 600w\" sizes=\"auto, (max-width: 822px) 100vw, 822px\" \/>\r\n\t\t\t\t<\/a>\r\n\t\t\t\r\n\r\n\t\t\t\r\n\t\t\t\t\t\t\t<span class=\"show-quickly\" data-prodid=\"7880\" style=\"font-size:11px; cursor: pointer;\">Quick View<\/span>\r\n\t\t\t\t\t<\/div>\r\n\r\n\t\t\r\n\t\t\t\t\t<h3 class=\"product-name\"><a href=\"https:\/\/emquies-holstein.com\/en\/product\/whole-bangle-sterling-silver-with-an-18-carat-gold-ring\/\">Whole bangle \u2013 sterling silver with an 18 carat gold ring<\/a><\/h3>\r\n\t\t\r\n\t\t\r\n\r\n\t\t\r\n\r\n\t\t<div class=\"product-excerpt\">\r\n\t\t\tOval bangle in sterling silver with an 18 ct. gold ring.\r\n\r\nChoose size from:\r\nSmall \u2013 approx. 56x66 mm.\r\nMedium \u2013 approx. 60x70 mm.\r\nLarge \u2013 approx. 64x74 mm.\r\n\r\nDelivery: 2-5 working days\t\t<\/div>\r\n\r\n\t\t<div class=\"add-to-container\">\r\n\r\n\t\t\t\n\t<span class=\"price\"><span class=\"woocommerce-Price-amount amount\"><bdi><span class=\"woocommerce-Price-currencySymbol\">&euro;<\/span>630<\/bdi><\/span><\/span>\n\r\n\t        <a href=\"https:\/\/emquies-holstein.com\/en\/product\/whole-bangle-sterling-silver-with-an-18-carat-gold-ring\/\" data-product_id=\"7880\" data-product_sku=\"0603-3\" class=\"add_to_cart_button button  product_type_variable\" data-product_id=\"7880\" data-product_sku=\"0603-3\" aria-label=\"Select options for &ldquo;Whole bangle \u2013 sterling silver with an 18 carat gold ring&rdquo;\" rel=\"nofollow\">Select options<\/a>        <\/div>\r\n\r\n\r\n\r\n\t\t\t<div class=\"clear\"><\/div>\r\n<\/div><\/div><\/div>[\/vc_column][\/vc_row]<\/p>\n<\/div>","protected":false},"excerpt":{"rendered":"<p>[vc_row][vc_column width=&#8221;7\/12&#8243;][vc_single_image image=&#8221;7766&#8243; img_size=&#8221;full&#8221;][\/vc_column][vc_column width=&#8221;5\/12&#8243;][vc_custom_heading text=&#8221;Whole&#8221; font_container=&#8221;tag:h2|font_size:32px|text_align:left|line_height:35px&#8221; use_theme_fonts=&#8221;yes&#8221; css=&#8221;.vc_custom_1485285304199{margin-top: 30px !important;}&#8221;][vc_column_text css=&#8221;.vc_custom_1485188654500{margin-top: -10px !important;}&#8221;]The Whole Collection is inspired by the thoughts of Albert Einstein that we are all part of a bigger whole with mutual responsibility towards each other \u2013 and as such a moving and thoughtful piece of jewellery&#8230;.<\/p>\n","protected":false},"author":1,"featured_media":0,"parent":0,"menu_order":0,"comment_status":"closed","ping_status":"closed","template":"","meta":{"_acf_changed":false,"footnotes":""},"class_list":["post-9688","page","type-page","status-publish","hentry"],"acf":[],"yoast_head":"<!-- This site is optimized with the Yoast SEO plugin v27.5 - https:\/\/yoast.com\/product\/yoast-seo-wordpress\/ -->\n<title>Kollektion_whole - emquies-holstein<\/title>\n<meta name=\"robots\" content=\"index, follow, max-snippet:-1, max-image-preview:large, max-video-preview:-1\" \/>\n<link rel=\"canonical\" href=\"https:\/\/emquies-holstein.com\/kollektion_whole\/?lang=en\" \/>\n<meta property=\"og:locale\" content=\"en_US\" \/>\n<meta property=\"og:type\" content=\"article\" \/>\n<meta property=\"og:title\" content=\"Kollektion_whole - emquies-holstein\" \/>\n<meta property=\"og:description\" content=\"[vc_row][vc_column width=&#8221;7\/12&#8243;][vc_single_image image=&#8221;7766&#8243; img_size=&#8221;full&#8221;][\/vc_column][vc_column width=&#8221;5\/12&#8243;][vc_custom_heading text=&#8221;Whole&#8221; font_container=&#8221;tag:h2|font_size:32px|text_align:left|line_height:35px&#8221; use_theme_fonts=&#8221;yes&#8221; css=&#8221;.vc_custom_1485285304199{margin-top: 30px !important;}&#8221;][vc_column_text css=&#8221;.vc_custom_1485188654500{margin-top: -10px !important;}&#8221;]The Whole Collection is inspired by the thoughts of Albert Einstein that we are all part of a bigger whole with mutual responsibility towards each other \u2013 and as such a moving and thoughtful piece of jewellery....\" \/>\n<meta property=\"og:url\" content=\"https:\/\/emquies-holstein.com\/kollektion_whole\/?lang=en\" \/>\n<meta property=\"og:site_name\" content=\"emquies-holstein\" \/>\n<meta property=\"article:publisher\" content=\"https:\/\/da-dk.facebook.com\/emquiesholstein\/\" \/>\n<meta property=\"article:modified_time\" content=\"2017-01-24T19:15:08+00:00\" \/>\n<meta name=\"twitter:card\" content=\"summary_large_image\" \/>\n<meta name=\"twitter:label1\" content=\"Est. reading time\" \/>\n\t<meta name=\"twitter:data1\" content=\"1 minute\" \/>\n<script type=\"application\/ld+json\" class=\"yoast-schema-graph\">{\"@context\":\"https:\\\/\\\/schema.org\",\"@graph\":[{\"@type\":\"WebPage\",\"@id\":\"https:\\\/\\\/emquies-holstein.com\\\/kollektion_whole\\\/?lang=en\",\"url\":\"https:\\\/\\\/emquies-holstein.com\\\/kollektion_whole\\\/?lang=en\",\"name\":\"Kollektion_whole - emquies-holstein\",\"isPartOf\":{\"@id\":\"https:\\\/\\\/emquies-holstein.com\\\/#website\"},\"datePublished\":\"2016-09-09T07:55:51+00:00\",\"dateModified\":\"2017-01-24T19:15:08+00:00\",\"breadcrumb\":{\"@id\":\"https:\\\/\\\/emquies-holstein.com\\\/kollektion_whole\\\/?lang=en#breadcrumb\"},\"inLanguage\":\"en-US\",\"potentialAction\":[{\"@type\":\"ReadAction\",\"target\":[\"https:\\\/\\\/emquies-holstein.com\\\/kollektion_whole\\\/?lang=en\"]}]},{\"@type\":\"BreadcrumbList\",\"@id\":\"https:\\\/\\\/emquies-holstein.com\\\/kollektion_whole\\\/?lang=en#breadcrumb\",\"itemListElement\":[{\"@type\":\"ListItem\",\"position\":1,\"name\":\"Hjem\",\"item\":\"https:\\\/\\\/emquies-holstein.com\\\/en\\\/\"},{\"@type\":\"ListItem\",\"position\":2,\"name\":\"Kollektion_whole\"}]},{\"@type\":\"WebSite\",\"@id\":\"https:\\\/\\\/emquies-holstein.com\\\/#website\",\"url\":\"https:\\\/\\\/emquies-holstein.com\\\/\",\"name\":\"emquies-holstein\",\"description\":\"Just another WordPress site\",\"publisher\":{\"@id\":\"https:\\\/\\\/emquies-holstein.com\\\/#organization\"},\"potentialAction\":[{\"@type\":\"SearchAction\",\"target\":{\"@type\":\"EntryPoint\",\"urlTemplate\":\"https:\\\/\\\/emquies-holstein.com\\\/?s={search_term_string}\"},\"query-input\":{\"@type\":\"PropertyValueSpecification\",\"valueRequired\":true,\"valueName\":\"search_term_string\"}}],\"inLanguage\":\"en-US\"},{\"@type\":\"Organization\",\"@id\":\"https:\\\/\\\/emquies-holstein.com\\\/#organization\",\"name\":\"Emquies-Holstein\",\"url\":\"https:\\\/\\\/emquies-holstein.com\\\/\",\"logo\":{\"@type\":\"ImageObject\",\"inLanguage\":\"en-US\",\"@id\":\"https:\\\/\\\/emquies-holstein.com\\\/#\\\/schema\\\/logo\\\/image\\\/\",\"url\":\"https:\\\/\\\/emquies-holstein.com\\\/wp-content\\\/uploads\\\/2016\\\/07\\\/logo-1.png\",\"contentUrl\":\"https:\\\/\\\/emquies-holstein.com\\\/wp-content\\\/uploads\\\/2016\\\/07\\\/logo-1.png\",\"width\":300,\"height\":53,\"caption\":\"Emquies-Holstein\"},\"image\":{\"@id\":\"https:\\\/\\\/emquies-holstein.com\\\/#\\\/schema\\\/logo\\\/image\\\/\"},\"sameAs\":[\"https:\\\/\\\/da-dk.facebook.com\\\/emquiesholstein\\\/\",\"https:\\\/\\\/www.instagram.com\\\/emquiesholstein\\\/\",\"https:\\\/\\\/www.pinterest.dk\\\/emquiesholstein\\\/\"]}]}<\/script>\n<!-- \/ Yoast SEO plugin. -->","yoast_head_json":{"title":"Kollektion_whole - emquies-holstein","robots":{"index":"index","follow":"follow","max-snippet":"max-snippet:-1","max-image-preview":"max-image-preview:large","max-video-preview":"max-video-preview:-1"},"canonical":"https:\/\/emquies-holstein.com\/kollektion_whole\/?lang=en","og_locale":"en_US","og_type":"article","og_title":"Kollektion_whole - emquies-holstein","og_description":"[vc_row][vc_column width=&#8221;7\/12&#8243;][vc_single_image image=&#8221;7766&#8243; img_size=&#8221;full&#8221;][\/vc_column][vc_column width=&#8221;5\/12&#8243;][vc_custom_heading text=&#8221;Whole&#8221; font_container=&#8221;tag:h2|font_size:32px|text_align:left|line_height:35px&#8221; use_theme_fonts=&#8221;yes&#8221; css=&#8221;.vc_custom_1485285304199{margin-top: 30px !important;}&#8221;][vc_column_text css=&#8221;.vc_custom_1485188654500{margin-top: -10px !important;}&#8221;]The Whole Collection is inspired by the thoughts of Albert Einstein that we are all part of a bigger whole with mutual responsibility towards each other \u2013 and as such a moving and thoughtful piece of jewellery....","og_url":"https:\/\/emquies-holstein.com\/kollektion_whole\/?lang=en","og_site_name":"emquies-holstein","article_publisher":"https:\/\/da-dk.facebook.com\/emquiesholstein\/","article_modified_time":"2017-01-24T19:15:08+00:00","twitter_card":"summary_large_image","twitter_misc":{"Est. reading time":"1 minute"},"schema":{"@context":"https:\/\/schema.org","@graph":[{"@type":"WebPage","@id":"https:\/\/emquies-holstein.com\/kollektion_whole\/?lang=en","url":"https:\/\/emquies-holstein.com\/kollektion_whole\/?lang=en","name":"Kollektion_whole - emquies-holstein","isPartOf":{"@id":"https:\/\/emquies-holstein.com\/#website"},"datePublished":"2016-09-09T07:55:51+00:00","dateModified":"2017-01-24T19:15:08+00:00","breadcrumb":{"@id":"https:\/\/emquies-holstein.com\/kollektion_whole\/?lang=en#breadcrumb"},"inLanguage":"en-US","potentialAction":[{"@type":"ReadAction","target":["https:\/\/emquies-holstein.com\/kollektion_whole\/?lang=en"]}]},{"@type":"BreadcrumbList","@id":"https:\/\/emquies-holstein.com\/kollektion_whole\/?lang=en#breadcrumb","itemListElement":[{"@type":"ListItem","position":1,"name":"Hjem","item":"https:\/\/emquies-holstein.com\/en\/"},{"@type":"ListItem","position":2,"name":"Kollektion_whole"}]},{"@type":"WebSite","@id":"https:\/\/emquies-holstein.com\/#website","url":"https:\/\/emquies-holstein.com\/","name":"emquies-holstein","description":"Just another WordPress site","publisher":{"@id":"https:\/\/emquies-holstein.com\/#organization"},"potentialAction":[{"@type":"SearchAction","target":{"@type":"EntryPoint","urlTemplate":"https:\/\/emquies-holstein.com\/?s={search_term_string}"},"query-input":{"@type":"PropertyValueSpecification","valueRequired":true,"valueName":"search_term_string"}}],"inLanguage":"en-US"},{"@type":"Organization","@id":"https:\/\/emquies-holstein.com\/#organization","name":"Emquies-Holstein","url":"https:\/\/emquies-holstein.com\/","logo":{"@type":"ImageObject","inLanguage":"en-US","@id":"https:\/\/emquies-holstein.com\/#\/schema\/logo\/image\/","url":"https:\/\/emquies-holstein.com\/wp-content\/uploads\/2016\/07\/logo-1.png","contentUrl":"https:\/\/emquies-holstein.com\/wp-content\/uploads\/2016\/07\/logo-1.png","width":300,"height":53,"caption":"Emquies-Holstein"},"image":{"@id":"https:\/\/emquies-holstein.com\/#\/schema\/logo\/image\/"},"sameAs":["https:\/\/da-dk.facebook.com\/emquiesholstein\/","https:\/\/www.instagram.com\/emquiesholstein\/","https:\/\/www.pinterest.dk\/emquiesholstein\/"]}]}},"_links":{"self":[{"href":"https:\/\/emquies-holstein.com\/en\/wp-json\/wp\/v2\/pages\/9688","targetHints":{"allow":["GET"]}}],"collection":[{"href":"https:\/\/emquies-holstein.com\/en\/wp-json\/wp\/v2\/pages"}],"about":[{"href":"https:\/\/emquies-holstein.com\/en\/wp-json\/wp\/v2\/types\/page"}],"author":[{"embeddable":true,"href":"https:\/\/emquies-holstein.com\/en\/wp-json\/wp\/v2\/users\/1"}],"replies":[{"embeddable":true,"href":"https:\/\/emquies-holstein.com\/en\/wp-json\/wp\/v2\/comments?post=9688"}],"version-history":[{"count":2,"href":"https:\/\/emquies-holstein.com\/en\/wp-json\/wp\/v2\/pages\/9688\/revisions"}],"predecessor-version":[{"id":9805,"href":"https:\/\/emquies-holstein.com\/en\/wp-json\/wp\/v2\/pages\/9688\/revisions\/9805"}],"wp:attachment":[{"href":"https:\/\/emquies-holstein.com\/en\/wp-json\/wp\/v2\/media?parent=9688"}],"curies":[{"name":"wp","href":"https:\/\/api.w.org\/{rel}","templated":true}]}}