
























































{"id":6399,"date":"2013-10-07T22:45:56","date_gmt":"2013-10-07T22:45:56","guid":{"rendered":"https:\/\/emquies-holstein.com\/product\/chocolate-pendant-sterling-silver\/"},"modified":"2023-03-31T00:02:19","modified_gmt":"2023-03-31T00:02:19","slug":"chocolate-pendant-sterling-silver","status":"publish","type":"product","link":"https:\/\/emquies-holstein.com\/en\/product\/chocolate-pendant-sterling-silver\/","title":{"rendered":"Chocolate pendant \u2013 sterling silver"},"content":{"rendered":"<p><strong>Chocolate\u00a0<\/strong><\/p>\n<p>As indicated by the name the Chocolate Collection is characterized by a mode of expression loaded with taste and sensuality to surprise and fascinate you all at once. The collection offers rings, earrings and necklaces inspired by the paper enwrapping the chocolate and the pleasure and warmth of chocolate enjoyment. A sensuous and exquisite collection with a highly sophisticated touch.<\/p>\n","protected":false},"excerpt":{"rendered":"<p>Pendant in sterling silver\u00a0with a silver chain<\/p>\n<p>Measurements: Approx. 7 mm in diameter<\/p>\n<p>Choose length of chain: 40, 42 or 45 cm<\/p>\n<p>Delivery: 2-5 working days<\/p>\n","protected":false},"featured_media":1161,"comment_status":"open","ping_status":"closed","template":"","meta":{"_acf_changed":false},"product_brand":[],"product_cat":[204,191,209,623],"product_tag":[],"class_list":{"0":"post-6399","1":"product","2":"type-product","3":"status-publish","4":"has-post-thumbnail","6":"product_cat-chain","7":"product_cat-chocolate","8":"product_cat-pendant","9":"product_cat-silver","10":"pa_kollektion-chocolate","11":"pa_material-silver","12":"pa_produkt-chain","13":"pa_produkt-pendant","14":"pa_silver-chain-40cm-en-2","15":"pa_silver-chain-42cm-en-2","16":"pa_silver-chain-45cm-en-2","18":"first","19":"instock","20":"featured","21":"shipping-taxable","22":"purchasable","23":"product-type-variable"},"acf":[],"yoast_head":"<!-- This site is optimized with the Yoast SEO plugin v27.4 - https:\/\/yoast.com\/product\/yoast-seo-wordpress\/ -->\n<title>Chocolate pendant \u2013 sterling silver - emquies-holstein<\/title>\n<meta name=\"robots\" content=\"index, follow, max-snippet:-1, max-image-preview:large, max-video-preview:-1\" \/>\n<link rel=\"canonical\" href=\"https:\/\/emquies-holstein.com\/product\/chocolate-pendant-sterling-silver\/?lang=en\" \/>\n<meta property=\"og:locale\" content=\"en_US\" \/>\n<meta property=\"og:type\" content=\"article\" \/>\n<meta property=\"og:title\" content=\"Chocolate pendant \u2013 sterling silver - emquies-holstein\" \/>\n<meta property=\"og:description\" content=\"Pendant in sterling silver\u00a0with a silver chain  Measurements: Approx. 7 mm in diameter  Choose length of chain: 40, 42 or 45 cm  Delivery: 2-5 working days\" \/>\n<meta property=\"og:url\" content=\"https:\/\/emquies-holstein.com\/product\/chocolate-pendant-sterling-silver\/?lang=en\" \/>\n<meta property=\"og:site_name\" content=\"emquies-holstein\" \/>\n<meta property=\"article:publisher\" content=\"https:\/\/da-dk.facebook.com\/emquiesholstein\/\" \/>\n<meta property=\"article:modified_time\" content=\"2023-03-31T00:02:19+00:00\" \/>\n<meta property=\"og:image\" content=\"https:\/\/emquies-holstein.com\/wp-content\/uploads\/2016\/07\/chokoladek\u00e6de-besk\u00e5ret-s\u00f8lv-Custom-2.jpg\" \/>\n\t<meta property=\"og:image:width\" content=\"822\" \/>\n\t<meta property=\"og:image:height\" content=\"822\" \/>\n\t<meta property=\"og:image:type\" content=\"image\/jpeg\" \/>\n<meta name=\"twitter:card\" content=\"summary_large_image\" \/>\n<script type=\"application\/ld+json\" class=\"yoast-schema-graph\">{\"@context\":\"https:\\\/\\\/schema.org\",\"@graph\":[{\"@type\":\"WebPage\",\"@id\":\"https:\\\/\\\/emquies-holstein.com\\\/product\\\/chocolate-pendant-sterling-silver\\\/?lang=en\",\"url\":\"https:\\\/\\\/emquies-holstein.com\\\/product\\\/chocolate-pendant-sterling-silver\\\/?lang=en\",\"name\":\"Chocolate pendant \u2013 sterling silver - emquies-holstein\",\"isPartOf\":{\"@id\":\"https:\\\/\\\/emquies-holstein.com\\\/#website\"},\"primaryImageOfPage\":{\"@id\":\"https:\\\/\\\/emquies-holstein.com\\\/product\\\/chocolate-pendant-sterling-silver\\\/?lang=en#primaryimage\"},\"image\":{\"@id\":\"https:\\\/\\\/emquies-holstein.com\\\/product\\\/chocolate-pendant-sterling-silver\\\/?lang=en#primaryimage\"},\"thumbnailUrl\":\"https:\\\/\\\/emquies-holstein.com\\\/wp-content\\\/uploads\\\/2016\\\/07\\\/chokoladek\u00e6de-besk\u00e5ret-s\u00f8lv-Custom-2.jpg\",\"datePublished\":\"2013-10-07T22:45:56+00:00\",\"dateModified\":\"2023-03-31T00:02:19+00:00\",\"breadcrumb\":{\"@id\":\"https:\\\/\\\/emquies-holstein.com\\\/product\\\/chocolate-pendant-sterling-silver\\\/?lang=en#breadcrumb\"},\"inLanguage\":\"en-US\",\"potentialAction\":[{\"@type\":\"ReadAction\",\"target\":[\"https:\\\/\\\/emquies-holstein.com\\\/product\\\/chocolate-pendant-sterling-silver\\\/?lang=en\"]}]},{\"@type\":\"ImageObject\",\"inLanguage\":\"en-US\",\"@id\":\"https:\\\/\\\/emquies-holstein.com\\\/product\\\/chocolate-pendant-sterling-silver\\\/?lang=en#primaryimage\",\"url\":\"https:\\\/\\\/emquies-holstein.com\\\/wp-content\\\/uploads\\\/2016\\\/07\\\/chokoladek\u00e6de-besk\u00e5ret-s\u00f8lv-Custom-2.jpg\",\"contentUrl\":\"https:\\\/\\\/emquies-holstein.com\\\/wp-content\\\/uploads\\\/2016\\\/07\\\/chokoladek\u00e6de-besk\u00e5ret-s\u00f8lv-Custom-2.jpg\",\"width\":822,\"height\":822},{\"@type\":\"BreadcrumbList\",\"@id\":\"https:\\\/\\\/emquies-holstein.com\\\/product\\\/chocolate-pendant-sterling-silver\\\/?lang=en#breadcrumb\",\"itemListElement\":[{\"@type\":\"ListItem\",\"position\":1,\"name\":\"Hjem\",\"item\":\"https:\\\/\\\/emquies-holstein.com\\\/en\\\/\"},{\"@type\":\"ListItem\",\"position\":2,\"name\":\"Shop\",\"item\":\"https:\\\/\\\/emquies-holstein.com\\\/shop\\\/?lang=en\"},{\"@type\":\"ListItem\",\"position\":3,\"name\":\"Chocolate pendant \u2013 sterling silver\"}]},{\"@type\":\"WebSite\",\"@id\":\"https:\\\/\\\/emquies-holstein.com\\\/#website\",\"url\":\"https:\\\/\\\/emquies-holstein.com\\\/\",\"name\":\"emquies-holstein\",\"description\":\"Just another WordPress site\",\"publisher\":{\"@id\":\"https:\\\/\\\/emquies-holstein.com\\\/#organization\"},\"potentialAction\":[{\"@type\":\"SearchAction\",\"target\":{\"@type\":\"EntryPoint\",\"urlTemplate\":\"https:\\\/\\\/emquies-holstein.com\\\/?s={search_term_string}\"},\"query-input\":{\"@type\":\"PropertyValueSpecification\",\"valueRequired\":true,\"valueName\":\"search_term_string\"}}],\"inLanguage\":\"en-US\"},{\"@type\":\"Organization\",\"@id\":\"https:\\\/\\\/emquies-holstein.com\\\/#organization\",\"name\":\"Emquies-Holstein\",\"url\":\"https:\\\/\\\/emquies-holstein.com\\\/\",\"logo\":{\"@type\":\"ImageObject\",\"inLanguage\":\"en-US\",\"@id\":\"https:\\\/\\\/emquies-holstein.com\\\/#\\\/schema\\\/logo\\\/image\\\/\",\"url\":\"https:\\\/\\\/emquies-holstein.com\\\/wp-content\\\/uploads\\\/2016\\\/07\\\/logo-1.png\",\"contentUrl\":\"https:\\\/\\\/emquies-holstein.com\\\/wp-content\\\/uploads\\\/2016\\\/07\\\/logo-1.png\",\"width\":300,\"height\":53,\"caption\":\"Emquies-Holstein\"},\"image\":{\"@id\":\"https:\\\/\\\/emquies-holstein.com\\\/#\\\/schema\\\/logo\\\/image\\\/\"},\"sameAs\":[\"https:\\\/\\\/da-dk.facebook.com\\\/emquiesholstein\\\/\",\"https:\\\/\\\/www.instagram.com\\\/emquiesholstein\\\/\",\"https:\\\/\\\/www.pinterest.dk\\\/emquiesholstein\\\/\"]}]}<\/script>\n<!-- \/ Yoast SEO plugin. -->","yoast_head_json":{"title":"Chocolate pendant \u2013 sterling silver - emquies-holstein","robots":{"index":"index","follow":"follow","max-snippet":"max-snippet:-1","max-image-preview":"max-image-preview:large","max-video-preview":"max-video-preview:-1"},"canonical":"https:\/\/emquies-holstein.com\/product\/chocolate-pendant-sterling-silver\/?lang=en","og_locale":"en_US","og_type":"article","og_title":"Chocolate pendant \u2013 sterling silver - emquies-holstein","og_description":"Pendant in sterling silver\u00a0with a silver chain  Measurements: Approx. 7 mm in diameter  Choose length of chain: 40, 42 or 45 cm  Delivery: 2-5 working days","og_url":"https:\/\/emquies-holstein.com\/product\/chocolate-pendant-sterling-silver\/?lang=en","og_site_name":"emquies-holstein","article_publisher":"https:\/\/da-dk.facebook.com\/emquiesholstein\/","article_modified_time":"2023-03-31T00:02:19+00:00","og_image":[{"width":822,"height":822,"url":"https:\/\/emquies-holstein.com\/wp-content\/uploads\/2016\/07\/chokoladek\u00e6de-besk\u00e5ret-s\u00f8lv-Custom-2.jpg","type":"image\/jpeg"}],"twitter_card":"summary_large_image","schema":{"@context":"https:\/\/schema.org","@graph":[{"@type":"WebPage","@id":"https:\/\/emquies-holstein.com\/product\/chocolate-pendant-sterling-silver\/?lang=en","url":"https:\/\/emquies-holstein.com\/product\/chocolate-pendant-sterling-silver\/?lang=en","name":"Chocolate pendant \u2013 sterling silver - emquies-holstein","isPartOf":{"@id":"https:\/\/emquies-holstein.com\/#website"},"primaryImageOfPage":{"@id":"https:\/\/emquies-holstein.com\/product\/chocolate-pendant-sterling-silver\/?lang=en#primaryimage"},"image":{"@id":"https:\/\/emquies-holstein.com\/product\/chocolate-pendant-sterling-silver\/?lang=en#primaryimage"},"thumbnailUrl":"https:\/\/emquies-holstein.com\/wp-content\/uploads\/2016\/07\/chokoladek\u00e6de-besk\u00e5ret-s\u00f8lv-Custom-2.jpg","datePublished":"2013-10-07T22:45:56+00:00","dateModified":"2023-03-31T00:02:19+00:00","breadcrumb":{"@id":"https:\/\/emquies-holstein.com\/product\/chocolate-pendant-sterling-silver\/?lang=en#breadcrumb"},"inLanguage":"en-US","potentialAction":[{"@type":"ReadAction","target":["https:\/\/emquies-holstein.com\/product\/chocolate-pendant-sterling-silver\/?lang=en"]}]},{"@type":"ImageObject","inLanguage":"en-US","@id":"https:\/\/emquies-holstein.com\/product\/chocolate-pendant-sterling-silver\/?lang=en#primaryimage","url":"https:\/\/emquies-holstein.com\/wp-content\/uploads\/2016\/07\/chokoladek\u00e6de-besk\u00e5ret-s\u00f8lv-Custom-2.jpg","contentUrl":"https:\/\/emquies-holstein.com\/wp-content\/uploads\/2016\/07\/chokoladek\u00e6de-besk\u00e5ret-s\u00f8lv-Custom-2.jpg","width":822,"height":822},{"@type":"BreadcrumbList","@id":"https:\/\/emquies-holstein.com\/product\/chocolate-pendant-sterling-silver\/?lang=en#breadcrumb","itemListElement":[{"@type":"ListItem","position":1,"name":"Hjem","item":"https:\/\/emquies-holstein.com\/en\/"},{"@type":"ListItem","position":2,"name":"Shop","item":"https:\/\/emquies-holstein.com\/shop\/?lang=en"},{"@type":"ListItem","position":3,"name":"Chocolate pendant \u2013 sterling silver"}]},{"@type":"WebSite","@id":"https:\/\/emquies-holstein.com\/#website","url":"https:\/\/emquies-holstein.com\/","name":"emquies-holstein","description":"Just another WordPress site","publisher":{"@id":"https:\/\/emquies-holstein.com\/#organization"},"potentialAction":[{"@type":"SearchAction","target":{"@type":"EntryPoint","urlTemplate":"https:\/\/emquies-holstein.com\/?s={search_term_string}"},"query-input":{"@type":"PropertyValueSpecification","valueRequired":true,"valueName":"search_term_string"}}],"inLanguage":"en-US"},{"@type":"Organization","@id":"https:\/\/emquies-holstein.com\/#organization","name":"Emquies-Holstein","url":"https:\/\/emquies-holstein.com\/","logo":{"@type":"ImageObject","inLanguage":"en-US","@id":"https:\/\/emquies-holstein.com\/#\/schema\/logo\/image\/","url":"https:\/\/emquies-holstein.com\/wp-content\/uploads\/2016\/07\/logo-1.png","contentUrl":"https:\/\/emquies-holstein.com\/wp-content\/uploads\/2016\/07\/logo-1.png","width":300,"height":53,"caption":"Emquies-Holstein"},"image":{"@id":"https:\/\/emquies-holstein.com\/#\/schema\/logo\/image\/"},"sameAs":["https:\/\/da-dk.facebook.com\/emquiesholstein\/","https:\/\/www.instagram.com\/emquiesholstein\/","https:\/\/www.pinterest.dk\/emquiesholstein\/"]}]}},"_links":{"self":[{"href":"https:\/\/emquies-holstein.com\/en\/wp-json\/wp\/v2\/product\/6399","targetHints":{"allow":["GET"]}}],"collection":[{"href":"https:\/\/emquies-holstein.com\/en\/wp-json\/wp\/v2\/product"}],"about":[{"href":"https:\/\/emquies-holstein.com\/en\/wp-json\/wp\/v2\/types\/product"}],"replies":[{"embeddable":true,"href":"https:\/\/emquies-holstein.com\/en\/wp-json\/wp\/v2\/comments?post=6399"}],"wp:featuredmedia":[{"embeddable":true,"href":"https:\/\/emquies-holstein.com\/en\/wp-json\/wp\/v2\/media\/1161"}],"wp:attachment":[{"href":"https:\/\/emquies-holstein.com\/en\/wp-json\/wp\/v2\/media?parent=6399"}],"wp:term":[{"taxonomy":"product_brand","embeddable":true,"href":"https:\/\/emquies-holstein.com\/en\/wp-json\/wp\/v2\/product_brand?post=6399"},{"taxonomy":"product_cat","embeddable":true,"href":"https:\/\/emquies-holstein.com\/en\/wp-json\/wp\/v2\/product_cat?post=6399"},{"taxonomy":"product_tag","embeddable":true,"href":"https:\/\/emquies-holstein.com\/en\/wp-json\/wp\/v2\/product_tag?post=6399"}],"curies":[{"name":"wp","href":"https:\/\/api.w.org\/{rel}","templated":true}]}}