
























































{"id":7877,"date":"2014-04-01T16:58:47","date_gmt":"2014-04-01T16:58:47","guid":{"rendered":"https:\/\/emquies-holstein.com\/product\/3-in-one-matt-sterling-silver-model-1\/"},"modified":"2023-03-31T00:01:00","modified_gmt":"2023-03-31T00:01:00","slug":"3-in-one-matt-sterling-silver-model-1","status":"publish","type":"product","link":"https:\/\/emquies-holstein.com\/en\/product\/3-in-one-matt-sterling-silver-model-1\/","title":{"rendered":"3-in-one \u2013 matt sterling silver, model 1"},"content":{"rendered":"<p><strong>3- in-one\u00a0<\/strong><\/p>\n<p>Being a site engineer Hanan Emquies is fascinated by space and what to do with it \u2013 in particular in this collection where each piece of jewellery is designed to communicate the feeling of different compartments. The design is simple and sculptural and comes in 3 different pieces with every ring holding 3 ring sizes depending on which finger to wear it and the angle to put it on. In that way the organic ring design fits several fingers from numerous angles \u2013 highly personal, yet extremely versatile.<\/p>\n","protected":false},"excerpt":{"rendered":"<p>https:\/\/vimeo.com\/408949811<\/p>\n<p>Ring (model 1) in matt sterling silver<\/p>\n<p>Measurements: Approx. 32 x 46 mm<\/p>\n<p>Weight: approx. 35 g<\/p>\n<p>Choose size from: 53 (\u00d8 17mm), 56 (\u00d8 18mm) and 64 (\u00d8 20,5mm)<\/p>\n<p>Choose surface below: matt, blank polished, black oxidized or as shown in the picture gold plated with 24 carat gold<\/p>\n<p>Delivery: 15 working days<\/p>\n<p><em>NB! All surface treatments are worn by use<\/em><\/p>\n","protected":false},"featured_media":956,"comment_status":"open","ping_status":"closed","template":"","meta":{"_acf_changed":false},"product_brand":[],"product_cat":[197,206,623],"product_tag":[],"class_list":{"0":"post-7877","1":"product","2":"type-product","3":"status-publish","4":"has-post-thumbnail","6":"product_cat-3-in-one","7":"product_cat-ring-en","8":"product_cat-silver","9":"pa_kollektion-3-in-one","10":"pa_material-silver","11":"pa_produkt-ring-en","13":"first","14":"instock","15":"featured","16":"shipping-taxable","17":"purchasable","18":"product-type-simple"},"acf":[],"yoast_head":"<!-- This site is optimized with the Yoast SEO plugin v27.5 - https:\/\/yoast.com\/product\/yoast-seo-wordpress\/ -->\n<title>3-in-one \u2013 matt sterling silver, model 1 - emquies-holstein<\/title>\n<meta name=\"robots\" content=\"index, follow, max-snippet:-1, max-image-preview:large, max-video-preview:-1\" \/>\n<link rel=\"canonical\" href=\"https:\/\/emquies-holstein.com\/en\/product\/3-in-one-matt-sterling-silver-model-1\/\" \/>\n<meta property=\"og:locale\" content=\"en_US\" \/>\n<meta property=\"og:type\" content=\"article\" \/>\n<meta property=\"og:title\" content=\"3-in-one \u2013 matt sterling silver, model 1 - emquies-holstein\" \/>\n<meta property=\"og:description\" content=\"https:\/\/vimeo.com\/408949811  Ring (model 1) in matt sterling silver  Measurements: Approx. 32 x 46 mm  Weight: approx. 35 g  Choose size from: 53 (\u00d8 17mm), 56 (\u00d8 18mm) and 64 (\u00d8 20,5mm)  Choose surface below: matt, blank polished, black oxidized or as shown in the picture gold plated with 24 carat gold  Delivery: 15 working days  NB! All surface treatments are worn by use\" \/>\n<meta property=\"og:url\" content=\"https:\/\/emquies-holstein.com\/en\/product\/3-in-one-matt-sterling-silver-model-1\/\" \/>\n<meta property=\"og:site_name\" content=\"emquies-holstein\" \/>\n<meta property=\"article:publisher\" content=\"https:\/\/da-dk.facebook.com\/emquiesholstein\/\" \/>\n<meta property=\"article:modified_time\" content=\"2023-03-31T00:01:00+00:00\" \/>\n<meta property=\"og:image\" content=\"https:\/\/emquies-holstein.com\/wp-content\/uploads\/2016\/07\/Mats\u00f8lv01-copy-Custom-11.jpg\" \/>\n\t<meta property=\"og:image:width\" content=\"822\" \/>\n\t<meta property=\"og:image:height\" content=\"822\" \/>\n\t<meta property=\"og:image:type\" content=\"image\/jpeg\" \/>\n<meta name=\"twitter:card\" content=\"summary_large_image\" \/>\n<script type=\"application\/ld+json\" class=\"yoast-schema-graph\">{\"@context\":\"https:\\\/\\\/schema.org\",\"@graph\":[{\"@type\":\"WebPage\",\"@id\":\"https:\\\/\\\/emquies-holstein.com\\\/en\\\/product\\\/3-in-one-matt-sterling-silver-model-1\\\/\",\"url\":\"https:\\\/\\\/emquies-holstein.com\\\/en\\\/product\\\/3-in-one-matt-sterling-silver-model-1\\\/\",\"name\":\"3-in-one \u2013 matt sterling silver, model 1 - emquies-holstein\",\"isPartOf\":{\"@id\":\"https:\\\/\\\/emquies-holstein.com\\\/#website\"},\"primaryImageOfPage\":{\"@id\":\"https:\\\/\\\/emquies-holstein.com\\\/en\\\/product\\\/3-in-one-matt-sterling-silver-model-1\\\/#primaryimage\"},\"image\":{\"@id\":\"https:\\\/\\\/emquies-holstein.com\\\/en\\\/product\\\/3-in-one-matt-sterling-silver-model-1\\\/#primaryimage\"},\"thumbnailUrl\":\"https:\\\/\\\/emquies-holstein.com\\\/wp-content\\\/uploads\\\/2016\\\/07\\\/Mats\u00f8lv01-copy-Custom-11.jpg\",\"datePublished\":\"2014-04-01T16:58:47+00:00\",\"dateModified\":\"2023-03-31T00:01:00+00:00\",\"breadcrumb\":{\"@id\":\"https:\\\/\\\/emquies-holstein.com\\\/en\\\/product\\\/3-in-one-matt-sterling-silver-model-1\\\/#breadcrumb\"},\"inLanguage\":\"en-US\",\"potentialAction\":[{\"@type\":\"ReadAction\",\"target\":[\"https:\\\/\\\/emquies-holstein.com\\\/en\\\/product\\\/3-in-one-matt-sterling-silver-model-1\\\/\"]}]},{\"@type\":\"ImageObject\",\"inLanguage\":\"en-US\",\"@id\":\"https:\\\/\\\/emquies-holstein.com\\\/en\\\/product\\\/3-in-one-matt-sterling-silver-model-1\\\/#primaryimage\",\"url\":\"https:\\\/\\\/emquies-holstein.com\\\/wp-content\\\/uploads\\\/2016\\\/07\\\/Mats\u00f8lv01-copy-Custom-11.jpg\",\"contentUrl\":\"https:\\\/\\\/emquies-holstein.com\\\/wp-content\\\/uploads\\\/2016\\\/07\\\/Mats\u00f8lv01-copy-Custom-11.jpg\",\"width\":822,\"height\":822},{\"@type\":\"BreadcrumbList\",\"@id\":\"https:\\\/\\\/emquies-holstein.com\\\/en\\\/product\\\/3-in-one-matt-sterling-silver-model-1\\\/#breadcrumb\",\"itemListElement\":[{\"@type\":\"ListItem\",\"position\":1,\"name\":\"Hjem\",\"item\":\"https:\\\/\\\/emquies-holstein.com\\\/en\\\/\"},{\"@type\":\"ListItem\",\"position\":2,\"name\":\"Shop\",\"item\":\"https:\\\/\\\/emquies-holstein.com\\\/shop\\\/?lang=en\"},{\"@type\":\"ListItem\",\"position\":3,\"name\":\"3-in-one \u2013 matt sterling silver, model 1\"}]},{\"@type\":\"WebSite\",\"@id\":\"https:\\\/\\\/emquies-holstein.com\\\/#website\",\"url\":\"https:\\\/\\\/emquies-holstein.com\\\/\",\"name\":\"emquies-holstein\",\"description\":\"Just another WordPress site\",\"publisher\":{\"@id\":\"https:\\\/\\\/emquies-holstein.com\\\/#organization\"},\"potentialAction\":[{\"@type\":\"SearchAction\",\"target\":{\"@type\":\"EntryPoint\",\"urlTemplate\":\"https:\\\/\\\/emquies-holstein.com\\\/?s={search_term_string}\"},\"query-input\":{\"@type\":\"PropertyValueSpecification\",\"valueRequired\":true,\"valueName\":\"search_term_string\"}}],\"inLanguage\":\"en-US\"},{\"@type\":\"Organization\",\"@id\":\"https:\\\/\\\/emquies-holstein.com\\\/#organization\",\"name\":\"Emquies-Holstein\",\"url\":\"https:\\\/\\\/emquies-holstein.com\\\/\",\"logo\":{\"@type\":\"ImageObject\",\"inLanguage\":\"en-US\",\"@id\":\"https:\\\/\\\/emquies-holstein.com\\\/#\\\/schema\\\/logo\\\/image\\\/\",\"url\":\"https:\\\/\\\/emquies-holstein.com\\\/wp-content\\\/uploads\\\/2016\\\/07\\\/logo-1.png\",\"contentUrl\":\"https:\\\/\\\/emquies-holstein.com\\\/wp-content\\\/uploads\\\/2016\\\/07\\\/logo-1.png\",\"width\":300,\"height\":53,\"caption\":\"Emquies-Holstein\"},\"image\":{\"@id\":\"https:\\\/\\\/emquies-holstein.com\\\/#\\\/schema\\\/logo\\\/image\\\/\"},\"sameAs\":[\"https:\\\/\\\/da-dk.facebook.com\\\/emquiesholstein\\\/\",\"https:\\\/\\\/www.instagram.com\\\/emquiesholstein\\\/\",\"https:\\\/\\\/www.pinterest.dk\\\/emquiesholstein\\\/\"]}]}<\/script>\n<!-- \/ Yoast SEO plugin. -->","yoast_head_json":{"title":"3-in-one \u2013 matt sterling silver, model 1 - emquies-holstein","robots":{"index":"index","follow":"follow","max-snippet":"max-snippet:-1","max-image-preview":"max-image-preview:large","max-video-preview":"max-video-preview:-1"},"canonical":"https:\/\/emquies-holstein.com\/en\/product\/3-in-one-matt-sterling-silver-model-1\/","og_locale":"en_US","og_type":"article","og_title":"3-in-one \u2013 matt sterling silver, model 1 - emquies-holstein","og_description":"https:\/\/vimeo.com\/408949811  Ring (model 1) in matt sterling silver  Measurements: Approx. 32 x 46 mm  Weight: approx. 35 g  Choose size from: 53 (\u00d8 17mm), 56 (\u00d8 18mm) and 64 (\u00d8 20,5mm)  Choose surface below: matt, blank polished, black oxidized or as shown in the picture gold plated with 24 carat gold  Delivery: 15 working days  NB! All surface treatments are worn by use","og_url":"https:\/\/emquies-holstein.com\/en\/product\/3-in-one-matt-sterling-silver-model-1\/","og_site_name":"emquies-holstein","article_publisher":"https:\/\/da-dk.facebook.com\/emquiesholstein\/","article_modified_time":"2023-03-31T00:01:00+00:00","og_image":[{"width":822,"height":822,"url":"https:\/\/emquies-holstein.com\/wp-content\/uploads\/2016\/07\/Mats\u00f8lv01-copy-Custom-11.jpg","type":"image\/jpeg"}],"twitter_card":"summary_large_image","schema":{"@context":"https:\/\/schema.org","@graph":[{"@type":"WebPage","@id":"https:\/\/emquies-holstein.com\/en\/product\/3-in-one-matt-sterling-silver-model-1\/","url":"https:\/\/emquies-holstein.com\/en\/product\/3-in-one-matt-sterling-silver-model-1\/","name":"3-in-one \u2013 matt sterling silver, model 1 - emquies-holstein","isPartOf":{"@id":"https:\/\/emquies-holstein.com\/#website"},"primaryImageOfPage":{"@id":"https:\/\/emquies-holstein.com\/en\/product\/3-in-one-matt-sterling-silver-model-1\/#primaryimage"},"image":{"@id":"https:\/\/emquies-holstein.com\/en\/product\/3-in-one-matt-sterling-silver-model-1\/#primaryimage"},"thumbnailUrl":"https:\/\/emquies-holstein.com\/wp-content\/uploads\/2016\/07\/Mats\u00f8lv01-copy-Custom-11.jpg","datePublished":"2014-04-01T16:58:47+00:00","dateModified":"2023-03-31T00:01:00+00:00","breadcrumb":{"@id":"https:\/\/emquies-holstein.com\/en\/product\/3-in-one-matt-sterling-silver-model-1\/#breadcrumb"},"inLanguage":"en-US","potentialAction":[{"@type":"ReadAction","target":["https:\/\/emquies-holstein.com\/en\/product\/3-in-one-matt-sterling-silver-model-1\/"]}]},{"@type":"ImageObject","inLanguage":"en-US","@id":"https:\/\/emquies-holstein.com\/en\/product\/3-in-one-matt-sterling-silver-model-1\/#primaryimage","url":"https:\/\/emquies-holstein.com\/wp-content\/uploads\/2016\/07\/Mats\u00f8lv01-copy-Custom-11.jpg","contentUrl":"https:\/\/emquies-holstein.com\/wp-content\/uploads\/2016\/07\/Mats\u00f8lv01-copy-Custom-11.jpg","width":822,"height":822},{"@type":"BreadcrumbList","@id":"https:\/\/emquies-holstein.com\/en\/product\/3-in-one-matt-sterling-silver-model-1\/#breadcrumb","itemListElement":[{"@type":"ListItem","position":1,"name":"Hjem","item":"https:\/\/emquies-holstein.com\/en\/"},{"@type":"ListItem","position":2,"name":"Shop","item":"https:\/\/emquies-holstein.com\/shop\/?lang=en"},{"@type":"ListItem","position":3,"name":"3-in-one \u2013 matt sterling silver, model 1"}]},{"@type":"WebSite","@id":"https:\/\/emquies-holstein.com\/#website","url":"https:\/\/emquies-holstein.com\/","name":"emquies-holstein","description":"Just another WordPress site","publisher":{"@id":"https:\/\/emquies-holstein.com\/#organization"},"potentialAction":[{"@type":"SearchAction","target":{"@type":"EntryPoint","urlTemplate":"https:\/\/emquies-holstein.com\/?s={search_term_string}"},"query-input":{"@type":"PropertyValueSpecification","valueRequired":true,"valueName":"search_term_string"}}],"inLanguage":"en-US"},{"@type":"Organization","@id":"https:\/\/emquies-holstein.com\/#organization","name":"Emquies-Holstein","url":"https:\/\/emquies-holstein.com\/","logo":{"@type":"ImageObject","inLanguage":"en-US","@id":"https:\/\/emquies-holstein.com\/#\/schema\/logo\/image\/","url":"https:\/\/emquies-holstein.com\/wp-content\/uploads\/2016\/07\/logo-1.png","contentUrl":"https:\/\/emquies-holstein.com\/wp-content\/uploads\/2016\/07\/logo-1.png","width":300,"height":53,"caption":"Emquies-Holstein"},"image":{"@id":"https:\/\/emquies-holstein.com\/#\/schema\/logo\/image\/"},"sameAs":["https:\/\/da-dk.facebook.com\/emquiesholstein\/","https:\/\/www.instagram.com\/emquiesholstein\/","https:\/\/www.pinterest.dk\/emquiesholstein\/"]}]}},"_links":{"self":[{"href":"https:\/\/emquies-holstein.com\/en\/wp-json\/wp\/v2\/product\/7877","targetHints":{"allow":["GET"]}}],"collection":[{"href":"https:\/\/emquies-holstein.com\/en\/wp-json\/wp\/v2\/product"}],"about":[{"href":"https:\/\/emquies-holstein.com\/en\/wp-json\/wp\/v2\/types\/product"}],"replies":[{"embeddable":true,"href":"https:\/\/emquies-holstein.com\/en\/wp-json\/wp\/v2\/comments?post=7877"}],"wp:featuredmedia":[{"embeddable":true,"href":"https:\/\/emquies-holstein.com\/en\/wp-json\/wp\/v2\/media\/956"}],"wp:attachment":[{"href":"https:\/\/emquies-holstein.com\/en\/wp-json\/wp\/v2\/media?parent=7877"}],"wp:term":[{"taxonomy":"product_brand","embeddable":true,"href":"https:\/\/emquies-holstein.com\/en\/wp-json\/wp\/v2\/product_brand?post=7877"},{"taxonomy":"product_cat","embeddable":true,"href":"https:\/\/emquies-holstein.com\/en\/wp-json\/wp\/v2\/product_cat?post=7877"},{"taxonomy":"product_tag","embeddable":true,"href":"https:\/\/emquies-holstein.com\/en\/wp-json\/wp\/v2\/product_tag?post=7877"}],"curies":[{"name":"wp","href":"https:\/\/api.w.org\/{rel}","templated":true}]}}